{"id":98,"date":"2025-04-17T17:10:39","date_gmt":"2025-04-17T20:10:39","guid":{"rendered":"https:\/\/turismobariloche.ar\/?post_type=product&#038;p=98"},"modified":"2026-04-09T09:20:10","modified_gmt":"2026-04-09T12:20:10","slug":"puerto-blest-cascada-los-cantaros-lago-frias","status":"publish","type":"product","link":"https:\/\/turismobariloche.ar\/pt\/product\/puerto-blest-cachoeira-los-cantaros-lago-frias\/","title":{"rendered":"Puerto Blest e Lago Frias com traslado de Bariloche"},"content":{"rendered":"<h3 data-start=\"510\" data-end=\"575\">Aproveite o melhor de Nahuel Huapi sem se preocupar com nada<\/h3>\n<p data-start=\"576\" data-end=\"858\">Essa excurs\u00e3o inclui tudo o que voc\u00ea e seu grupo precisam para aproveitar ao m\u00e1ximo a viagem: traslado da sua acomoda\u00e7\u00e3o ou de um ponto pr\u00f3ximo at\u00e9 a sua acomoda\u00e7\u00e3o. <strong data-start=\"718\" data-end=\"736\">Puerto Pa\u00f1uelo<\/strong>, navega\u00e7\u00e3o para <strong data-start=\"751\" data-end=\"767\">Puerto Blest<\/strong>, cruzar para o <strong data-start=\"778\" data-end=\"792\">Lago Frias<\/strong>, Caminhadas guiadas e guia que fala ingl\u00eas durante toda a experi\u00eancia.<\/p>\n<p data-start=\"860\" data-end=\"1250\">A partir do momento em que sair de Bariloche, voc\u00ea viajar\u00e1 por paisagens de tirar o f\u00f4lego: montanhas, florestas exuberantes e lagos cristalinos. A primeira parte da excurs\u00e3o navega ao longo do <strong data-start=\"1034\" data-end=\"1049\">Bra\u00e7o aben\u00e7oado<\/strong> do Lago Nahuel Huapi at\u00e9 chegar a <strong data-start=\"1087\" data-end=\"1103\">Puerto Blest<\/strong>, onde come\u00e7a a segunda navega\u00e7\u00e3o, atravessando o enigm\u00e1tico <strong data-start=\"1166\" data-end=\"1180\">Lago Frias<\/strong>, famosa por sua cor verde profunda e seu ambiente de floresta valdiviana.<\/p>\n<p data-start=\"1252\" data-end=\"1535\">Durante o passeio, voc\u00ea tamb\u00e9m pode fazer a caminhada at\u00e9 o <strong data-start=\"1309\" data-end=\"1333\">Cachoeira Los C\u00e1ntaros<\/strong>, \u00c9 um local ideal para tirar fotos e se conectar com a natureza. \u00c9 uma excurs\u00e3o tranquila e acess\u00edvel, projetada para ser desfrutada com a fam\u00edlia ou em grupo, sem a necessidade de dirigir ou organizar nada por conta pr\u00f3pria.<\/p>\n<h3 data-start=\"1542\" data-end=\"1568\">Perguntas frequentes<\/h3>\n<p data-start=\"1569\" data-end=\"1721\"><strong data-start=\"1569\" data-end=\"1598\">Onde voc\u00ea vai me buscar?<\/strong><br data-start=\"1598\" data-end=\"1601\" \/>A partir de acomoda\u00e7\u00f5es centrais ou pontos de encontro localizados entre o centro de Bariloche e o km 8 de Bustillo\/Pioneros.<\/p>\n<p data-start=\"1723\" data-end=\"1867\"><strong data-start=\"1723\" data-end=\"1752\">O que exatamente ele inclui?<\/strong><br data-start=\"1752\" data-end=\"1755\" \/>Traslado de ida e volta, navega\u00e7\u00e3o at\u00e9 Puerto Blest e Lago Frias, caminhada opcional at\u00e9 a cachoeira e guia em espanhol.<\/p>\n<p data-start=\"1869\" data-end=\"1996\"><strong data-start=\"1869\" data-end=\"1901\">O que tenho que pagar separadamente?<\/strong><br data-start=\"1901\" data-end=\"1904\" \/>As taxas do Parque Nacional e as taxas de embarque n\u00e3o est\u00e3o inclu\u00eddas. As refei\u00e7\u00f5es n\u00e3o est\u00e3o inclu\u00eddas.<\/p>\n<p data-start=\"1998\" data-end=\"2106\"><strong data-start=\"1998\" data-end=\"2025\">\u00c9 adequado para fam\u00edlias?<\/strong><br data-start=\"2025\" data-end=\"2028\" \/>Sim, \u00e9 uma excurs\u00e3o altamente recomendada para adultos, crian\u00e7as e idosos.<\/p>","protected":false},"excerpt":{"rendered":"<p>Excurs\u00e3o com traslado inclu\u00eddo de Bariloche. Navega\u00e7\u00e3o at\u00e9 Puerto Blest e Lago Frias, caminhada opcional at\u00e9 a cachoeira Los Cantaros e guia em espanhol. Passeio completo e confort\u00e1vel para toda a fam\u00edlia.<\/p>","protected":false},"featured_media":1690,"comment_status":"open","ping_status":"closed","template":"","meta":[],"product_brand":[],"product_cat":[72,79,73,120,75,76,51],"product_tag":[],"class_list":{"0":"post-98","1":"product","2":"type-product","3":"status-publish","4":"has-post-thumbnail","6":"product_cat-adultos","7":"product_cat-con-traslado","8":"product_cat-familia","9":"product_cat-lacustre","10":"product_cat-ninos","11":"product_cat-sin-comida","12":"product_cat-todo-el-ano","14":"first","15":"instock","16":"virtual","17":"sold-individually","18":"purchasable","19":"product-type-booking"},"booking_location":"","booking_location_type":"","booking_duration":60,"booking_duration_unit":"minute","booking_buffer":0,"booking_cost":0,"booking_resources":[],"exclude_global_add_ons":false,"addons":[{"name":"ADU: Adulto","type":"input_multiplier","position":0,"required":true,"title_format":"label","default":"","description_enable":false,"description":"","placeholder_enable":false,"placeholder":"","display":"select","restrictions_type":"any_text","adjust_price":true,"price":"212000","price_type":"quantity_based","restrictions":false,"min":"0","max":"0","options":[],"id":1773233993},{"name":"MEN512 | 5 a 12","type":"input_multiplier","position":1,"required":false,"title_format":"label","default":"","description_enable":false,"description":"","placeholder_enable":false,"placeholder":"","display":"select","restrictions_type":"any_text","adjust_price":true,"price":"119000","price_type":"quantity_based","restrictions":false,"min":"0","max":"0","options":[],"id":1773233994},{"name":"ADUJ : Aposentado","type":"input_multiplier","position":2,"required":false,"title_format":"label","default":"","description_enable":false,"description":"","placeholder_enable":false,"placeholder":"","display":"select","restrictions_type":"any_text","adjust_price":true,"price":"119000","price_type":"quantity_based","restrictions":false,"min":"0","max":"0","options":[],"id":1773233995}],"yoast_head":"<!-- This site is optimized with the Yoast SEO Premium plugin v26.4 (Yoast SEO v26.4) - https:\/\/yoast.com\/wordpress\/plugins\/seo\/ -->\n<title>Puerto Blest y Lago Fr\u00edas | Excursi\u00f3n desde Bariloche - Turismo Bariloche<\/title>\n<meta name=\"description\" content=\"Naveg\u00e1 a Puerto Blest y Lago Fr\u00edas desde Bariloche. Excursi\u00f3n con traslado, gu\u00eda y caminata a la cascada. Naturaleza \u00fanica de la Patagonia.\" \/>\n<meta name=\"robots\" content=\"index, follow, max-snippet:-1, max-image-preview:large, max-video-preview:-1\" \/>\n<link rel=\"canonical\" href=\"https:\/\/turismobariloche.ar\/pt\/product\/puerto-blest-cachoeira-los-cantaros-lago-frias\/\" \/>\n<meta property=\"og:locale\" content=\"pt_BR\" \/>\n<meta property=\"og:type\" content=\"article\" \/>\n<meta property=\"og:title\" content=\"Puerto Blest y Lago Fr\u00edas con traslado desde Bariloche\" \/>\n<meta property=\"og:description\" content=\"Naveg\u00e1 a Puerto Blest y Lago Fr\u00edas desde Bariloche. Excursi\u00f3n con traslado, gu\u00eda y caminata a la cascada. Naturaleza \u00fanica de la Patagonia.\" \/>\n<meta property=\"og:url\" content=\"https:\/\/turismobariloche.ar\/pt\/product\/puerto-blest-cachoeira-los-cantaros-lago-frias\/\" \/>\n<meta property=\"og:site_name\" content=\"Turismo Bariloche\" \/>\n<meta property=\"article:modified_time\" content=\"2026-04-09T12:20:10+00:00\" \/>\n<meta property=\"og:image\" content=\"https:\/\/turismobariloche.ar\/wp-content\/uploads\/2025\/04\/1-A-WhatsApp-Image-2023-02-21-at-10.55.35-2-1-scaled.jpg\" \/>\n\t<meta property=\"og:image:width\" content=\"1920\" \/>\n\t<meta property=\"og:image:height\" content=\"2560\" \/>\n\t<meta property=\"og:image:type\" content=\"image\/jpeg\" \/>\n<meta name=\"twitter:card\" content=\"summary_large_image\" \/>\n<meta name=\"twitter:label1\" content=\"Est. tempo de leitura\" \/>\n\t<meta name=\"twitter:data1\" content=\"2 minutos\" \/>\n<script type=\"application\/ld+json\" class=\"yoast-schema-graph\">{\"@context\":\"https:\/\/schema.org\",\"@graph\":[{\"@type\":\"WebPage\",\"@id\":\"https:\/\/turismobariloche.ar\/product\/puerto-blest-cascada-los-cantaros-lago-frias\/\",\"url\":\"https:\/\/turismobariloche.ar\/product\/puerto-blest-cascada-los-cantaros-lago-frias\/\",\"name\":\"Puerto Blest y Lago Fr\u00edas | Excursi\u00f3n desde Bariloche - Turismo Bariloche\",\"isPartOf\":{\"@id\":\"https:\/\/turismobariloche.ar\/#website\"},\"primaryImageOfPage\":{\"@id\":\"https:\/\/turismobariloche.ar\/product\/puerto-blest-cascada-los-cantaros-lago-frias\/#primaryimage\"},\"image\":{\"@id\":\"https:\/\/turismobariloche.ar\/product\/puerto-blest-cascada-los-cantaros-lago-frias\/#primaryimage\"},\"thumbnailUrl\":\"https:\/\/turismobariloche.ar\/wp-content\/uploads\/2025\/04\/1-A-WhatsApp-Image-2023-02-21-at-10.55.35-2-1-scaled.jpg\",\"datePublished\":\"2025-04-17T20:10:39+00:00\",\"dateModified\":\"2026-04-09T12:20:10+00:00\",\"description\":\"Naveg\u00e1 a Puerto Blest y Lago Fr\u00edas desde Bariloche. Excursi\u00f3n con traslado, gu\u00eda y caminata a la cascada. Naturaleza \u00fanica de la Patagonia.\",\"breadcrumb\":{\"@id\":\"https:\/\/turismobariloche.ar\/product\/puerto-blest-cascada-los-cantaros-lago-frias\/#breadcrumb\"},\"inLanguage\":\"pt-BR\",\"potentialAction\":[{\"@type\":\"ReadAction\",\"target\":[\"https:\/\/turismobariloche.ar\/product\/puerto-blest-cascada-los-cantaros-lago-frias\/\"]}]},{\"@type\":\"ImageObject\",\"inLanguage\":\"pt-BR\",\"@id\":\"https:\/\/turismobariloche.ar\/product\/puerto-blest-cascada-los-cantaros-lago-frias\/#primaryimage\",\"url\":\"https:\/\/turismobariloche.ar\/wp-content\/uploads\/2025\/04\/1-A-WhatsApp-Image-2023-02-21-at-10.55.35-2-1-scaled.jpg\",\"contentUrl\":\"https:\/\/turismobariloche.ar\/wp-content\/uploads\/2025\/04\/1-A-WhatsApp-Image-2023-02-21-at-10.55.35-2-1-scaled.jpg\",\"width\":1920,\"height\":2560},{\"@type\":\"BreadcrumbList\",\"@id\":\"https:\/\/turismobariloche.ar\/product\/puerto-blest-cascada-los-cantaros-lago-frias\/#breadcrumb\",\"itemListElement\":[{\"@type\":\"ListItem\",\"position\":1,\"name\":\"Home\",\"item\":\"https:\/\/turismobariloche.ar\/\"},{\"@type\":\"ListItem\",\"position\":2,\"name\":\"Lista de excursiones\",\"item\":\"https:\/\/turismobariloche.ar\/shop\/\"},{\"@type\":\"ListItem\",\"position\":3,\"name\":\"Puerto Blest y Lago Fr\u00edas con traslado desde Bariloche\"}]},{\"@type\":\"WebSite\",\"@id\":\"https:\/\/turismobariloche.ar\/#website\",\"url\":\"https:\/\/turismobariloche.ar\/\",\"name\":\"Turismo Bariloche\",\"description\":\"Actividades recreativas en San Carlos de Bariloche\",\"publisher\":{\"@id\":\"https:\/\/turismobariloche.ar\/#organization\"},\"potentialAction\":[{\"@type\":\"SearchAction\",\"target\":{\"@type\":\"EntryPoint\",\"urlTemplate\":\"https:\/\/turismobariloche.ar\/?s={search_term_string}\"},\"query-input\":{\"@type\":\"PropertyValueSpecification\",\"valueRequired\":true,\"valueName\":\"search_term_string\"}}],\"inLanguage\":\"pt-BR\"},{\"@type\":\"Organization\",\"@id\":\"https:\/\/turismobariloche.ar\/#organization\",\"name\":\"Turismo Bariloche\",\"url\":\"https:\/\/turismobariloche.ar\/\",\"logo\":{\"@type\":\"ImageObject\",\"inLanguage\":\"pt-BR\",\"@id\":\"https:\/\/turismobariloche.ar\/#\/schema\/logo\/image\/\",\"url\":\"https:\/\/turismobariloche.ar\/wp-content\/uploads\/2025\/10\/LOGO-TURISMO-BARILOCHE-bco-SF-03-1-1.png\",\"contentUrl\":\"https:\/\/turismobariloche.ar\/wp-content\/uploads\/2025\/10\/LOGO-TURISMO-BARILOCHE-bco-SF-03-1-1.png\",\"width\":1735,\"height\":774,\"caption\":\"Turismo Bariloche\"},\"image\":{\"@id\":\"https:\/\/turismobariloche.ar\/#\/schema\/logo\/image\/\"}}]}<\/script>\n<!-- \/ Yoast SEO Premium plugin. -->","yoast_head_json":{"title":"Puerto Blest e Lago Frias - Excurs\u00e3o desde Bariloche - Turismo Bariloche","description":"Navega\u00e7\u00e3o para Puerto Blest e Lago Frias a partir de Bariloche. Excurs\u00e3o com traslado, guia e caminhada at\u00e9 a cachoeira. Natureza \u00fanica da Patag\u00f4nia.","robots":{"index":"index","follow":"follow","max-snippet":"max-snippet:-1","max-image-preview":"max-image-preview:large","max-video-preview":"max-video-preview:-1"},"canonical":"https:\/\/turismobariloche.ar\/pt\/product\/puerto-blest-cachoeira-los-cantaros-lago-frias\/","og_locale":"pt_BR","og_type":"article","og_title":"Puerto Blest y Lago Fr\u00edas con traslado desde Bariloche","og_description":"Naveg\u00e1 a Puerto Blest y Lago Fr\u00edas desde Bariloche. Excursi\u00f3n con traslado, gu\u00eda y caminata a la cascada. Naturaleza \u00fanica de la Patagonia.","og_url":"https:\/\/turismobariloche.ar\/pt\/product\/puerto-blest-cachoeira-los-cantaros-lago-frias\/","og_site_name":"Turismo Bariloche","article_modified_time":"2026-04-09T12:20:10+00:00","og_image":[{"width":1920,"height":2560,"url":"https:\/\/turismobariloche.ar\/wp-content\/uploads\/2025\/04\/1-A-WhatsApp-Image-2023-02-21-at-10.55.35-2-1-scaled.jpg","type":"image\/jpeg"}],"twitter_card":"summary_large_image","twitter_misc":{"Est. tempo de leitura":"2 minutos"},"schema":{"@context":"https:\/\/schema.org","@graph":[{"@type":"WebPage","@id":"https:\/\/turismobariloche.ar\/product\/puerto-blest-cascada-los-cantaros-lago-frias\/","url":"https:\/\/turismobariloche.ar\/product\/puerto-blest-cascada-los-cantaros-lago-frias\/","name":"Puerto Blest e Lago Frias - Excurs\u00e3o desde Bariloche - Turismo Bariloche","isPartOf":{"@id":"https:\/\/turismobariloche.ar\/#website"},"primaryImageOfPage":{"@id":"https:\/\/turismobariloche.ar\/product\/puerto-blest-cascada-los-cantaros-lago-frias\/#primaryimage"},"image":{"@id":"https:\/\/turismobariloche.ar\/product\/puerto-blest-cascada-los-cantaros-lago-frias\/#primaryimage"},"thumbnailUrl":"https:\/\/turismobariloche.ar\/wp-content\/uploads\/2025\/04\/1-A-WhatsApp-Image-2023-02-21-at-10.55.35-2-1-scaled.jpg","datePublished":"2025-04-17T20:10:39+00:00","dateModified":"2026-04-09T12:20:10+00:00","description":"Navega\u00e7\u00e3o para Puerto Blest e Lago Frias a partir de Bariloche. Excurs\u00e3o com traslado, guia e caminhada at\u00e9 a cachoeira. Natureza \u00fanica da Patag\u00f4nia.","breadcrumb":{"@id":"https:\/\/turismobariloche.ar\/product\/puerto-blest-cascada-los-cantaros-lago-frias\/#breadcrumb"},"inLanguage":"pt-BR","potentialAction":[{"@type":"ReadAction","target":["https:\/\/turismobariloche.ar\/product\/puerto-blest-cascada-los-cantaros-lago-frias\/"]}]},{"@type":"ImageObject","inLanguage":"pt-BR","@id":"https:\/\/turismobariloche.ar\/product\/puerto-blest-cascada-los-cantaros-lago-frias\/#primaryimage","url":"https:\/\/turismobariloche.ar\/wp-content\/uploads\/2025\/04\/1-A-WhatsApp-Image-2023-02-21-at-10.55.35-2-1-scaled.jpg","contentUrl":"https:\/\/turismobariloche.ar\/wp-content\/uploads\/2025\/04\/1-A-WhatsApp-Image-2023-02-21-at-10.55.35-2-1-scaled.jpg","width":1920,"height":2560},{"@type":"BreadcrumbList","@id":"https:\/\/turismobariloche.ar\/product\/puerto-blest-cascada-los-cantaros-lago-frias\/#breadcrumb","itemListElement":[{"@type":"ListItem","position":1,"name":"Home","item":"https:\/\/turismobariloche.ar\/"},{"@type":"ListItem","position":2,"name":"Lista de excursiones","item":"https:\/\/turismobariloche.ar\/shop\/"},{"@type":"ListItem","position":3,"name":"Puerto Blest y Lago Fr\u00edas con traslado desde Bariloche"}]},{"@type":"WebSite","@id":"https:\/\/turismobariloche.ar\/#website","url":"https:\/\/turismobariloche.ar\/","name":"Turismo em Bariloche","description":"Atividades recreativas em San Carlos de Bariloche","publisher":{"@id":"https:\/\/turismobariloche.ar\/#organization"},"potentialAction":[{"@type":"SearchAction","target":{"@type":"EntryPoint","urlTemplate":"https:\/\/turismobariloche.ar\/?s={search_term_string}"},"query-input":{"@type":"PropertyValueSpecification","valueRequired":true,"valueName":"search_term_string"}}],"inLanguage":"pt-BR"},{"@type":"Organization","@id":"https:\/\/turismobariloche.ar\/#organization","name":"Turismo em Bariloche","url":"https:\/\/turismobariloche.ar\/","logo":{"@type":"ImageObject","inLanguage":"pt-BR","@id":"https:\/\/turismobariloche.ar\/#\/schema\/logo\/image\/","url":"https:\/\/turismobariloche.ar\/wp-content\/uploads\/2025\/10\/LOGO-TURISMO-BARILOCHE-bco-SF-03-1-1.png","contentUrl":"https:\/\/turismobariloche.ar\/wp-content\/uploads\/2025\/10\/LOGO-TURISMO-BARILOCHE-bco-SF-03-1-1.png","width":1735,"height":774,"caption":"Turismo Bariloche"},"image":{"@id":"https:\/\/turismobariloche.ar\/#\/schema\/logo\/image\/"}}]}},"_links":{"self":[{"href":"https:\/\/turismobariloche.ar\/pt\/wp-json\/wp\/v2\/product\/98","targetHints":{"allow":["GET"]}}],"collection":[{"href":"https:\/\/turismobariloche.ar\/pt\/wp-json\/wp\/v2\/product"}],"about":[{"href":"https:\/\/turismobariloche.ar\/pt\/wp-json\/wp\/v2\/types\/product"}],"replies":[{"embeddable":true,"href":"https:\/\/turismobariloche.ar\/pt\/wp-json\/wp\/v2\/comments?post=98"}],"wp:featuredmedia":[{"embeddable":true,"href":"https:\/\/turismobariloche.ar\/pt\/wp-json\/wp\/v2\/media\/1690"}],"wp:attachment":[{"href":"https:\/\/turismobariloche.ar\/pt\/wp-json\/wp\/v2\/media?parent=98"}],"wp:term":[{"taxonomy":"product_brand","embeddable":true,"href":"https:\/\/turismobariloche.ar\/pt\/wp-json\/wp\/v2\/product_brand?post=98"},{"taxonomy":"product_cat","embeddable":true,"href":"https:\/\/turismobariloche.ar\/pt\/wp-json\/wp\/v2\/product_cat?post=98"},{"taxonomy":"product_tag","embeddable":true,"href":"https:\/\/turismobariloche.ar\/pt\/wp-json\/wp\/v2\/product_tag?post=98"}],"curies":[{"name":"wp","href":"https:\/\/api.w.org\/{rel}","templated":true}]}}