{"id":97,"date":"2025-04-17T17:10:21","date_gmt":"2025-04-17T20:10:21","guid":{"rendered":"https:\/\/turismobariloche.ar\/?post_type=product&#038;p=97"},"modified":"2026-04-28T15:04:12","modified_gmt":"2026-04-28T18:04:12","slug":"puerto-blest-cascada-los-cantaros-traslado","status":"publish","type":"product","link":"https:\/\/turismobariloche.ar\/pt\/product\/puerto-blest-waterfall-los-cantaros-transfer\/","title":{"rendered":"Desfrute de Puerto Blest e da Cachoeira Los C\u00e1ntaros com traslado inclu\u00eddo."},"content":{"rendered":"<h2 data-start=\"439\" data-end=\"514\"><strong data-start=\"439\" data-end=\"514\">Um passeio pelo lago para toda a fam\u00edlia, entre florestas, lagos e cachoeiras<\/strong><\/h2>\n<p data-start=\"853\" data-end=\"1099\">Essa excurs\u00e3o come\u00e7a com um confort\u00e1vel traslado do seu ponto de encontro em Bariloche at\u00e9 Puerto Pa\u00f1uelo. L\u00e1, embarcamos em um catamar\u00e3 que navega pelas \u00e1guas calmas do Brazo Blest, cercado por montanhas cobertas de vegeta\u00e7\u00e3o.<\/p>\n<p data-start=\"1101\" data-end=\"1402\">Ao chegar a Puerto Blest, voc\u00ea encontrar\u00e1 uma paisagem verde, \u00fanica na regi\u00e3o. A excurs\u00e3o continua com uma caminhada por passarelas entre \u00e1rvores centen\u00e1rias e sons de p\u00e1ssaros, at\u00e9 chegar \u00e0 Cachoeira Los C\u00e1ntaros, uma imponente queda d'\u00e1gua que pode ser observada de diferentes pontos de vista.<\/p>\n<p data-start=\"1404\" data-end=\"1689\">Para aqueles que quiserem fazer mais, h\u00e1 a op\u00e7\u00e3o de continuar navegando no Lago Frias, famoso por sua cor esmeralda e sua conex\u00e3o natural com a fronteira chilena. Ap\u00f3s essa experi\u00eancia completa, navegaremos de volta e retornaremos a Bariloche com o mesmo traslado organizado.<\/p>\n<p data-start=\"1691\" data-end=\"1804\">\u00c9 uma caminhada ideal para aqueles que querem conhecer a Patag\u00f4nia sem pressa, com tempo para olhar, caminhar e compartilhar.<\/p>\n<h3 data-start=\"521\" data-end=\"549\">Destaques do passeio<\/h3>\n<ul data-start=\"550\" data-end=\"779\">\n<li data-start=\"550\" data-end=\"631\">\n<p data-start=\"552\" data-end=\"631\">Passeio de catamar\u00e3 no Lago Nahuel Huapi, ideal para todos.<\/p>\n<\/li>\n<li data-start=\"632\" data-end=\"697\">\n<p data-start=\"634\" data-end=\"697\">Caminhadas tranquilas em trilhas seguras no meio da floresta.<\/p>\n<\/li>\n<li data-start=\"698\" data-end=\"779\">\n<p data-start=\"700\" data-end=\"779\">Tempo para aproveitar com a fam\u00edlia, sem preocupa\u00e7\u00f5es com transporte ou log\u00edstica.<br \/>\nInforma\u00e7\u00f5es pr\u00e1ticas<\/p>\n<p data-start=\"283\" data-end=\"541\"><strong data-start=\"283\" data-end=\"311\">Hor\u00e1rio da excurs\u00e3o:<\/strong> das 08:30 \u00e0s 18:00 horas, aproximadamente.<br data-start=\"351\" data-end=\"354\" \/><strong data-start=\"354\" data-end=\"377\">Ponto de encontro:<\/strong> no centro de Bariloche, com a possibilidade de sa\u00edda de acomoda\u00e7\u00f5es ou paradas localizadas entre o centro e o quil\u00f4metro 8 da Avenida Bustillo ou Avenida Pioneros.<\/p>\n<p data-start=\"543\" data-end=\"569\"><strong data-start=\"543\" data-end=\"567\">O servi\u00e7o inclui:<\/strong><\/p>\n<ul data-start=\"570\" data-end=\"762\">\n<li data-start=\"570\" data-end=\"627\">\n<p data-start=\"572\" data-end=\"627\">Traslado de ida e volta de Bariloche para o porto.<\/p>\n<\/li>\n<li data-start=\"628\" data-end=\"698\">\n<p data-start=\"630\" data-end=\"698\">Passeio de catamar\u00e3 no Lago Nahuel Huapi, com guia a bordo.<\/p>\n<\/li>\n<li data-start=\"699\" data-end=\"762\">\n<p data-start=\"701\" data-end=\"762\">Caminhada guiada pelas passarelas at\u00e9 a cachoeira Los C\u00e1ntaros.<\/p>\n<\/li>\n<\/ul>\n<p data-start=\"764\" data-end=\"781\"><strong data-start=\"764\" data-end=\"779\">N\u00e3o inclu\u00eddo:<\/strong><\/p>\n<ul data-start=\"782\" data-end=\"1010\">\n<li data-start=\"782\" data-end=\"834\">\n<p data-start=\"784\" data-end=\"834\">Taxas de entrada no Parque Nacional Nahuel Huapi.<\/p>\n<\/li>\n<li data-start=\"835\" data-end=\"873\">\n<p data-start=\"837\" data-end=\"873\">Taxa de embarque em Puerto Pa\u00f1uelo.<\/p>\n<\/li>\n<li data-start=\"874\" data-end=\"946\">\n<p data-start=\"876\" data-end=\"946\">Almo\u00e7o ou lanches (h\u00e1 uma parada gastron\u00f4mica em Puerto Blest).<\/p>\n<\/li>\n<li data-start=\"947\" data-end=\"1010\">\n<p data-start=\"949\" data-end=\"1010\">Navega\u00e7\u00e3o opcional para o Lago Frias (pode ser contratada separadamente).<\/p>\n<\/li>\n<\/ul>\n<h3 data-start=\"2271\" data-end=\"2297\">Perguntas frequentes<\/h3>\n<p data-start=\"2298\" data-end=\"2431\"><strong data-start=\"2298\" data-end=\"2356\">Essa excurs\u00e3o \u00e9 adequada para adultos ou crian\u00e7as?<\/strong><br data-start=\"2356\" data-end=\"2359\" \/>Sim, n\u00e3o \u00e9 dif\u00edcil. As passarelas e os caminhos s\u00e3o confort\u00e1veis e seguros.<\/p>\n<p data-start=\"2433\" data-end=\"2543\"><strong data-start=\"2433\" data-end=\"2464\">H\u00e1 lugares para almo\u00e7ar?<\/strong><br data-start=\"2464\" data-end=\"2467\" \/>Sim, h\u00e1 um restaurante em Puerto Blest, mas voc\u00ea tamb\u00e9m pode levar sua pr\u00f3pria comida.<\/p>\n<p data-start=\"2545\" data-end=\"2665\"><strong data-start=\"2545\" data-end=\"2569\">O que acontece se chover?<\/strong><br data-start=\"2569\" data-end=\"2572\" \/>A navega\u00e7\u00e3o \u00e9 a mesma. Recomendamos apenas o uso de um casaco imperme\u00e1vel e cal\u00e7ados confort\u00e1veis.<\/p>\n<p data-start=\"2667\" data-end=\"2788\"><strong data-start=\"2667\" data-end=\"2713\">O Lago Frias pode ser adicionado \u00e0 rota?<\/strong><br data-start=\"2713\" data-end=\"2716\" \/>Sim, pode ser reservado no momento da reserva ou diretamente no destino.<\/p>\n<p data-start=\"700\" data-end=\"779\">\n<\/li>\n<\/ul>","protected":false},"excerpt":{"rendered":"<p>Viva a experi\u00eancia de explorar Puerto Blest e a imponente cachoeira \"Los C\u00e1ntaros\" com traslado inclu\u00eddo. Desfrute de uma confort\u00e1vel viagem de catamar\u00e3, maravilhe-se com as paisagens andinas e conecte-se com a natureza em cada canto desse passeio exclusivo pela Patag\u00f4nia.<\/p>","protected":false},"featured_media":3931,"comment_status":"open","ping_status":"closed","template":"","meta":[],"product_brand":[],"product_cat":[72,79,73,120,75,76,51],"product_tag":[],"class_list":{"0":"post-97","1":"product","2":"type-product","3":"status-publish","4":"has-post-thumbnail","6":"product_cat-adultos","7":"product_cat-con-traslado","8":"product_cat-familia","9":"product_cat-lacustre","10":"product_cat-ninos","11":"product_cat-sin-comida","12":"product_cat-todo-el-ano","14":"first","15":"instock","16":"virtual","17":"sold-individually","18":"purchasable","19":"product-type-booking"},"booking_location":"","booking_location_type":"","booking_duration":60,"booking_duration_unit":"minute","booking_buffer":0,"booking_cost":0,"booking_resources":[],"exclude_global_add_ons":false,"addons":[{"name":"ADU: Adulto","type":"input_multiplier","position":0,"required":false,"title_format":"label","default":"","description_enable":false,"description":"","placeholder_enable":false,"placeholder":"","display":"select","restrictions_type":"any_text","adjust_price":true,"price":"158000","price_type":"quantity_based","restrictions":false,"min":"0","max":"0","options":[],"id":1773234438},{"name":"MEN512 | 5 a 12","type":"input_multiplier","position":1,"required":false,"title_format":"label","default":"","description_enable":false,"description":"","placeholder_enable":false,"placeholder":"","display":"select","restrictions_type":"any_text","adjust_price":true,"price":"92000","price_type":"quantity_based","restrictions":false,"min":"0","max":"0","options":[],"id":1773234439},{"name":"ADUJ : Aposentado","type":"input_multiplier","position":2,"required":false,"title_format":"label","default":"","description_enable":false,"description":"","placeholder_enable":false,"placeholder":"","display":"select","restrictions_type":"any_text","adjust_price":true,"price":"92000","price_type":"quantity_based","restrictions":false,"min":"0","max":"0","options":[],"id":1773234440}],"_links":{"self":[{"href":"https:\/\/turismobariloche.ar\/pt\/wp-json\/wp\/v2\/product\/97","targetHints":{"allow":["GET"]}}],"collection":[{"href":"https:\/\/turismobariloche.ar\/pt\/wp-json\/wp\/v2\/product"}],"about":[{"href":"https:\/\/turismobariloche.ar\/pt\/wp-json\/wp\/v2\/types\/product"}],"replies":[{"embeddable":true,"href":"https:\/\/turismobariloche.ar\/pt\/wp-json\/wp\/v2\/comments?post=97"}],"wp:featuredmedia":[{"embeddable":true,"href":"https:\/\/turismobariloche.ar\/pt\/wp-json\/wp\/v2\/media\/3931"}],"wp:attachment":[{"href":"https:\/\/turismobariloche.ar\/pt\/wp-json\/wp\/v2\/media?parent=97"}],"wp:term":[{"taxonomy":"product_brand","embeddable":true,"href":"https:\/\/turismobariloche.ar\/pt\/wp-json\/wp\/v2\/product_brand?post=97"},{"taxonomy":"product_cat","embeddable":true,"href":"https:\/\/turismobariloche.ar\/pt\/wp-json\/wp\/v2\/product_cat?post=97"},{"taxonomy":"product_tag","embeddable":true,"href":"https:\/\/turismobariloche.ar\/pt\/wp-json\/wp\/v2\/product_tag?post=97"}],"curies":[{"name":"wp","href":"https:\/\/api.w.org\/{rel}","templated":true}]}}