{"id":94,"date":"2025-04-17T17:09:34","date_gmt":"2025-04-17T20:09:34","guid":{"rendered":"https:\/\/turismobariloche.ar\/?post_type=product&#038;p=94"},"modified":"2026-04-09T09:20:42","modified_gmt":"2026-04-09T12:20:42","slug":"cabalgata-cerro-lopez-bariloche","status":"publish","type":"product","link":"https:\/\/turismobariloche.ar\/pt\/product\/passeios-a-cavalo-na-floresta-de-cohiues\/","title":{"rendered":"Passeio a cavalo com vista para o Cerro Lopez - Aventure-se entre as florestas e os mirantes do Circuito Chico."},"content":{"rendered":"<h2>Viva uma experi\u00eancia projetada para ser desfrutada com a fam\u00edlia ou amigos, cercada pela natureza, ar puro e hospitalidade patag\u00f4nica.<\/h2>\n<p data-start=\"4359\" data-end=\"4615\">Durante o passeio, o grupo percorre trilhas de montanha que levam a <strong data-start=\"4433\" data-end=\"4482\">mirantes naturais com vista para o Cerro Lopez<\/strong> e o<strong> Lago Moreno<\/strong>. Cada se\u00e7\u00e3o oferece a oportunidade de contemplar a beleza da paisagem e aproveitar o contato com os cavalos.<\/p>\n<p data-start=\"4617\" data-end=\"4916\">Os guias locais o acompanham durante todo o passeio, oferecendo aten\u00e7\u00e3o personalizada para garantir que todos desfrutem de um dia confort\u00e1vel e agrad\u00e1vel.<br data-start=\"4775\" data-end=\"4778\" \/>No final do dia, o Parador Rural o aguarda com seu cl\u00e1ssico aroma de lenha e bolos fritos caseiros, o final perfeito para um dia nas montanhas.<\/p>\n<p data-start=\"4918\" data-end=\"5012\">Uma atividade ideal para todas as idades, onde a calma e a natureza s\u00e3o os protagonistas.<\/p>\n<p data-start=\"5014\" data-end=\"5172\"><strong data-start=\"5014\" data-end=\"5026\">Ele inclui:<\/strong> Passeios a cavalo guiados, equipamentos e traslados do centro de Bariloche.<br data-start=\"5099\" data-end=\"5102\" \/><strong data-start=\"5102\" data-end=\"5117\">N\u00e3o inclu\u00eddo:<\/strong> Refei\u00e7\u00f5es e bebidas (opcional no Parador Rural).<\/p>\n<p data-start=\"5174\" data-end=\"5305\"><strong data-start=\"5174\" data-end=\"5198\">Perguntas frequentes<\/strong><br data-start=\"5198\" data-end=\"5201\" \/><strong>Preciso de experi\u00eancia anterior?<\/strong><br data-start=\"5230\" data-end=\"5233\" \/>N\u00e3o, os cavalos s\u00e3o mansos e o curso \u00e9 adequado para iniciantes.<\/p>\n<p data-start=\"5307\" data-end=\"5408\"><strong>O que devo levar?<\/strong><br data-start=\"5324\" data-end=\"5327\" \/>Roupas confort\u00e1veis, cal\u00e7as compridas, sapatos fechados, casaco leve e protetor solar.<\/p>\n<p data-start=\"5410\" data-end=\"5480\"><strong>As crian\u00e7as podem ir?<\/strong><br data-start=\"5427\" data-end=\"5430\" \/>Sim, a partir de 5 anos de idade, acompanhado por um adulto.<\/p>","protected":false},"excerpt":{"rendered":"<p>Um passeio ideal para fam\u00edlias, com vistas do Cerro L\u00f3pez e paisagens que convidam voc\u00ea a curtir a natureza.<\/p>","protected":false},"featured_media":2508,"comment_status":"open","ping_status":"closed","template":"","meta":[],"product_brand":[],"product_cat":[72,118,79,73,75,76,51],"product_tag":[],"class_list":{"0":"post-94","1":"product","2":"type-product","3":"status-publish","4":"has-post-thumbnail","6":"product_cat-adultos","7":"product_cat-aventura-tipo-2","8":"product_cat-con-traslado","9":"product_cat-familia","10":"product_cat-ninos","11":"product_cat-sin-comida","12":"product_cat-todo-el-ano","14":"first","15":"instock","16":"virtual","17":"sold-individually","18":"purchasable","19":"product-type-booking"},"booking_location":"","booking_location_type":"","booking_duration":1,"booking_duration_unit":"hour","booking_buffer":0,"booking_cost":0,"booking_resources":[],"exclude_global_add_ons":false,"addons":[{"name":"STD: Passageiros","type":"input_multiplier","position":0,"required":false,"title_format":"label","default":"","description_enable":false,"description":"","placeholder_enable":false,"placeholder":"","display":"select","restrictions_type":"any_text","adjust_price":true,"price":"119400","price_type":"quantity_based","restrictions":false,"min":"0","max":"0","options":[],"id":1773235029},{"name":"EXTRA: acompanhante","type":"input_multiplier","position":1,"required":false,"title_format":"label","default":"","description_enable":false,"description":"","placeholder_enable":false,"placeholder":"","display":"select","restrictions_type":"any_text","adjust_price":true,"price":"65700","price_type":"quantity_based","restrictions":false,"min":"0","max":"0","options":[],"id":1773235030}],"yoast_head":"<!-- This site is optimized with the Yoast SEO Premium plugin v26.4 (Yoast SEO v26.4) - https:\/\/yoast.com\/wordpress\/plugins\/seo\/ -->\n<title>Cabalgata al Cerro L\u00f3pez en Bariloche | Circuito Chico - Turismo Bariloche<\/title>\n<meta name=\"description\" content=\"Viv\u00ed cabalgata al Cerro L\u00f3pez en Bariloche: senderos de bosque, miradores y paisajes del Circuito Chico. Actividad segura para todos; ideal para familia.\" \/>\n<meta name=\"robots\" content=\"index, follow, max-snippet:-1, max-image-preview:large, max-video-preview:-1\" \/>\n<link rel=\"canonical\" href=\"https:\/\/turismobariloche.ar\/pt\/product\/passeios-a-cavalo-na-floresta-de-cohiues\/\" \/>\n<meta property=\"og:locale\" content=\"pt_BR\" \/>\n<meta property=\"og:type\" content=\"article\" \/>\n<meta property=\"og:title\" content=\"Cabalgata con vista al Cerro L\u00f3pez-Aventura entre bosques y miradores del Circuito Chico\" \/>\n<meta property=\"og:description\" content=\"Viv\u00ed cabalgata al Cerro L\u00f3pez en Bariloche: senderos de bosque, miradores y paisajes del Circuito Chico. Actividad segura para todos; ideal para familia.\" \/>\n<meta property=\"og:url\" content=\"https:\/\/turismobariloche.ar\/pt\/product\/passeios-a-cavalo-na-floresta-de-cohiues\/\" \/>\n<meta property=\"og:site_name\" content=\"Turismo Bariloche\" \/>\n<meta property=\"article:modified_time\" content=\"2026-04-09T12:20:42+00:00\" \/>\n<meta property=\"og:image\" content=\"https:\/\/turismobariloche.ar\/wp-content\/uploads\/2025\/04\/Foto-Cabalgata-TB-1-1.png\" \/>\n\t<meta property=\"og:image:width\" content=\"850\" \/>\n\t<meta property=\"og:image:height\" content=\"1133\" \/>\n\t<meta property=\"og:image:type\" content=\"image\/png\" \/>\n<meta name=\"twitter:card\" content=\"summary_large_image\" \/>\n<meta name=\"twitter:label1\" content=\"Est. tempo de leitura\" \/>\n\t<meta name=\"twitter:data1\" content=\"2 minutos\" \/>\n<script type=\"application\/ld+json\" class=\"yoast-schema-graph\">{\"@context\":\"https:\/\/schema.org\",\"@graph\":[{\"@type\":\"WebPage\",\"@id\":\"https:\/\/turismobariloche.ar\/product\/cabalgata-cerro-lopez-bariloche\/\",\"url\":\"https:\/\/turismobariloche.ar\/product\/cabalgata-cerro-lopez-bariloche\/\",\"name\":\"Cabalgata al Cerro L\u00f3pez en Bariloche | Circuito Chico - Turismo Bariloche\",\"isPartOf\":{\"@id\":\"https:\/\/turismobariloche.ar\/#website\"},\"primaryImageOfPage\":{\"@id\":\"https:\/\/turismobariloche.ar\/product\/cabalgata-cerro-lopez-bariloche\/#primaryimage\"},\"image\":{\"@id\":\"https:\/\/turismobariloche.ar\/product\/cabalgata-cerro-lopez-bariloche\/#primaryimage\"},\"thumbnailUrl\":\"https:\/\/turismobariloche.ar\/wp-content\/uploads\/2025\/04\/Foto-Cabalgata-TB-1-1.png\",\"datePublished\":\"2025-04-17T20:09:34+00:00\",\"dateModified\":\"2026-04-09T12:20:42+00:00\",\"description\":\"Viv\u00ed cabalgata al Cerro L\u00f3pez en Bariloche: senderos de bosque, miradores y paisajes del Circuito Chico. Actividad segura para todos; ideal para familia.\",\"breadcrumb\":{\"@id\":\"https:\/\/turismobariloche.ar\/product\/cabalgata-cerro-lopez-bariloche\/#breadcrumb\"},\"inLanguage\":\"pt-BR\",\"potentialAction\":[{\"@type\":\"ReadAction\",\"target\":[\"https:\/\/turismobariloche.ar\/product\/cabalgata-cerro-lopez-bariloche\/\"]}]},{\"@type\":\"ImageObject\",\"inLanguage\":\"pt-BR\",\"@id\":\"https:\/\/turismobariloche.ar\/product\/cabalgata-cerro-lopez-bariloche\/#primaryimage\",\"url\":\"https:\/\/turismobariloche.ar\/wp-content\/uploads\/2025\/04\/Foto-Cabalgata-TB-1-1.png\",\"contentUrl\":\"https:\/\/turismobariloche.ar\/wp-content\/uploads\/2025\/04\/Foto-Cabalgata-TB-1-1.png\",\"width\":850,\"height\":1133},{\"@type\":\"BreadcrumbList\",\"@id\":\"https:\/\/turismobariloche.ar\/product\/cabalgata-cerro-lopez-bariloche\/#breadcrumb\",\"itemListElement\":[{\"@type\":\"ListItem\",\"position\":1,\"name\":\"Home\",\"item\":\"https:\/\/turismobariloche.ar\/\"},{\"@type\":\"ListItem\",\"position\":2,\"name\":\"Lista de excursiones\",\"item\":\"https:\/\/turismobariloche.ar\/shop\/\"},{\"@type\":\"ListItem\",\"position\":3,\"name\":\"Cabalgata con vista al Cerro L\u00f3pez-Aventura entre bosques y miradores del Circuito Chico\"}]},{\"@type\":\"WebSite\",\"@id\":\"https:\/\/turismobariloche.ar\/#website\",\"url\":\"https:\/\/turismobariloche.ar\/\",\"name\":\"Turismo Bariloche\",\"description\":\"Actividades recreativas en San Carlos de Bariloche\",\"publisher\":{\"@id\":\"https:\/\/turismobariloche.ar\/#organization\"},\"potentialAction\":[{\"@type\":\"SearchAction\",\"target\":{\"@type\":\"EntryPoint\",\"urlTemplate\":\"https:\/\/turismobariloche.ar\/?s={search_term_string}\"},\"query-input\":{\"@type\":\"PropertyValueSpecification\",\"valueRequired\":true,\"valueName\":\"search_term_string\"}}],\"inLanguage\":\"pt-BR\"},{\"@type\":\"Organization\",\"@id\":\"https:\/\/turismobariloche.ar\/#organization\",\"name\":\"Turismo Bariloche\",\"url\":\"https:\/\/turismobariloche.ar\/\",\"logo\":{\"@type\":\"ImageObject\",\"inLanguage\":\"pt-BR\",\"@id\":\"https:\/\/turismobariloche.ar\/#\/schema\/logo\/image\/\",\"url\":\"https:\/\/turismobariloche.ar\/wp-content\/uploads\/2025\/10\/LOGO-TURISMO-BARILOCHE-bco-SF-03-1-1.png\",\"contentUrl\":\"https:\/\/turismobariloche.ar\/wp-content\/uploads\/2025\/10\/LOGO-TURISMO-BARILOCHE-bco-SF-03-1-1.png\",\"width\":1735,\"height\":774,\"caption\":\"Turismo Bariloche\"},\"image\":{\"@id\":\"https:\/\/turismobariloche.ar\/#\/schema\/logo\/image\/\"}}]}<\/script>\n<!-- \/ Yoast SEO Premium plugin. -->","yoast_head_json":{"title":"Passeio a cavalo ao Cerro Lopez em Bariloche | Circuito Chico - Turismo Bariloche","description":"Experimente cavalgar at\u00e9 o Cerro Lopez em Bariloche: trilhas na floresta, mirantes e paisagens do Circuito Chico. Uma atividade segura para todos, ideal para fam\u00edlias.","robots":{"index":"index","follow":"follow","max-snippet":"max-snippet:-1","max-image-preview":"max-image-preview:large","max-video-preview":"max-video-preview:-1"},"canonical":"https:\/\/turismobariloche.ar\/pt\/product\/passeios-a-cavalo-na-floresta-de-cohiues\/","og_locale":"pt_BR","og_type":"article","og_title":"Cabalgata con vista al Cerro L\u00f3pez-Aventura entre bosques y miradores del Circuito Chico","og_description":"Viv\u00ed cabalgata al Cerro L\u00f3pez en Bariloche: senderos de bosque, miradores y paisajes del Circuito Chico. Actividad segura para todos; ideal para familia.","og_url":"https:\/\/turismobariloche.ar\/pt\/product\/passeios-a-cavalo-na-floresta-de-cohiues\/","og_site_name":"Turismo Bariloche","article_modified_time":"2026-04-09T12:20:42+00:00","og_image":[{"width":850,"height":1133,"url":"https:\/\/turismobariloche.ar\/wp-content\/uploads\/2025\/04\/Foto-Cabalgata-TB-1-1.png","type":"image\/png"}],"twitter_card":"summary_large_image","twitter_misc":{"Est. tempo de leitura":"2 minutos"},"schema":{"@context":"https:\/\/schema.org","@graph":[{"@type":"WebPage","@id":"https:\/\/turismobariloche.ar\/product\/cabalgata-cerro-lopez-bariloche\/","url":"https:\/\/turismobariloche.ar\/product\/cabalgata-cerro-lopez-bariloche\/","name":"Passeio a cavalo ao Cerro Lopez em Bariloche | Circuito Chico - Turismo Bariloche","isPartOf":{"@id":"https:\/\/turismobariloche.ar\/#website"},"primaryImageOfPage":{"@id":"https:\/\/turismobariloche.ar\/product\/cabalgata-cerro-lopez-bariloche\/#primaryimage"},"image":{"@id":"https:\/\/turismobariloche.ar\/product\/cabalgata-cerro-lopez-bariloche\/#primaryimage"},"thumbnailUrl":"https:\/\/turismobariloche.ar\/wp-content\/uploads\/2025\/04\/Foto-Cabalgata-TB-1-1.png","datePublished":"2025-04-17T20:09:34+00:00","dateModified":"2026-04-09T12:20:42+00:00","description":"Experimente cavalgar at\u00e9 o Cerro Lopez em Bariloche: trilhas na floresta, mirantes e paisagens do Circuito Chico. Uma atividade segura para todos, ideal para fam\u00edlias.","breadcrumb":{"@id":"https:\/\/turismobariloche.ar\/product\/cabalgata-cerro-lopez-bariloche\/#breadcrumb"},"inLanguage":"pt-BR","potentialAction":[{"@type":"ReadAction","target":["https:\/\/turismobariloche.ar\/product\/cabalgata-cerro-lopez-bariloche\/"]}]},{"@type":"ImageObject","inLanguage":"pt-BR","@id":"https:\/\/turismobariloche.ar\/product\/cabalgata-cerro-lopez-bariloche\/#primaryimage","url":"https:\/\/turismobariloche.ar\/wp-content\/uploads\/2025\/04\/Foto-Cabalgata-TB-1-1.png","contentUrl":"https:\/\/turismobariloche.ar\/wp-content\/uploads\/2025\/04\/Foto-Cabalgata-TB-1-1.png","width":850,"height":1133},{"@type":"BreadcrumbList","@id":"https:\/\/turismobariloche.ar\/product\/cabalgata-cerro-lopez-bariloche\/#breadcrumb","itemListElement":[{"@type":"ListItem","position":1,"name":"Home","item":"https:\/\/turismobariloche.ar\/"},{"@type":"ListItem","position":2,"name":"Lista de excursiones","item":"https:\/\/turismobariloche.ar\/shop\/"},{"@type":"ListItem","position":3,"name":"Cabalgata con vista al Cerro L\u00f3pez-Aventura entre bosques y miradores del Circuito Chico"}]},{"@type":"WebSite","@id":"https:\/\/turismobariloche.ar\/#website","url":"https:\/\/turismobariloche.ar\/","name":"Turismo em Bariloche","description":"Atividades recreativas em San Carlos de Bariloche","publisher":{"@id":"https:\/\/turismobariloche.ar\/#organization"},"potentialAction":[{"@type":"SearchAction","target":{"@type":"EntryPoint","urlTemplate":"https:\/\/turismobariloche.ar\/?s={search_term_string}"},"query-input":{"@type":"PropertyValueSpecification","valueRequired":true,"valueName":"search_term_string"}}],"inLanguage":"pt-BR"},{"@type":"Organization","@id":"https:\/\/turismobariloche.ar\/#organization","name":"Turismo em Bariloche","url":"https:\/\/turismobariloche.ar\/","logo":{"@type":"ImageObject","inLanguage":"pt-BR","@id":"https:\/\/turismobariloche.ar\/#\/schema\/logo\/image\/","url":"https:\/\/turismobariloche.ar\/wp-content\/uploads\/2025\/10\/LOGO-TURISMO-BARILOCHE-bco-SF-03-1-1.png","contentUrl":"https:\/\/turismobariloche.ar\/wp-content\/uploads\/2025\/10\/LOGO-TURISMO-BARILOCHE-bco-SF-03-1-1.png","width":1735,"height":774,"caption":"Turismo Bariloche"},"image":{"@id":"https:\/\/turismobariloche.ar\/#\/schema\/logo\/image\/"}}]}},"_links":{"self":[{"href":"https:\/\/turismobariloche.ar\/pt\/wp-json\/wp\/v2\/product\/94","targetHints":{"allow":["GET"]}}],"collection":[{"href":"https:\/\/turismobariloche.ar\/pt\/wp-json\/wp\/v2\/product"}],"about":[{"href":"https:\/\/turismobariloche.ar\/pt\/wp-json\/wp\/v2\/types\/product"}],"replies":[{"embeddable":true,"href":"https:\/\/turismobariloche.ar\/pt\/wp-json\/wp\/v2\/comments?post=94"}],"wp:featuredmedia":[{"embeddable":true,"href":"https:\/\/turismobariloche.ar\/pt\/wp-json\/wp\/v2\/media\/2508"}],"wp:attachment":[{"href":"https:\/\/turismobariloche.ar\/pt\/wp-json\/wp\/v2\/media?parent=94"}],"wp:term":[{"taxonomy":"product_brand","embeddable":true,"href":"https:\/\/turismobariloche.ar\/pt\/wp-json\/wp\/v2\/product_brand?post=94"},{"taxonomy":"product_cat","embeddable":true,"href":"https:\/\/turismobariloche.ar\/pt\/wp-json\/wp\/v2\/product_cat?post=94"},{"taxonomy":"product_tag","embeddable":true,"href":"https:\/\/turismobariloche.ar\/pt\/wp-json\/wp\/v2\/product_tag?post=94"}],"curies":[{"name":"wp","href":"https:\/\/api.w.org\/{rel}","templated":true}]}}