{"id":92,"date":"2025-04-17T17:09:14","date_gmt":"2025-04-17T20:09:14","guid":{"rendered":"https:\/\/turismobariloche.ar\/?post_type=product&#038;p=92"},"modified":"2026-04-09T09:20:21","modified_gmt":"2026-04-09T12:20:21","slug":"excursion-kayak-lago-moreno-bariloche","status":"publish","type":"product","link":"https:\/\/turismobariloche.ar\/pt\/product\/passeio-de-caiaque-no-lago-gutierrez\/","title":{"rendered":"Caiaque no Lago Moreno"},"content":{"rendered":"<h1 data-start=\"449\" data-end=\"518\"><strong data-start=\"449\" data-end=\"516\">Uma experi\u00eancia familiar para descobrir Bariloche a partir da \u00e1gua<\/strong><\/h1>\n<p data-start=\"520\" data-end=\"854\">Viva um dia diferente desfrutando de um tranquilo passeio de caiaque no Lago Moreno, cercado por montanhas, florestas e paisagens \u00fanicas.<br data-start=\"660\" data-end=\"663\" \/>Uma atividade ideal para todas as idades, guiada por instrutores profissionais que o acompanham em todos os momentos, garantindo seguran\u00e7a, divers\u00e3o e conex\u00e3o com a natureza patag\u00f4nica.<\/p>\n<p data-start=\"856\" data-end=\"1072\">Remar nas \u00e1guas cristalinas do Lago Moreno \u00e9 uma das melhores maneiras de conhecer Bariloche de outra perspectiva: perto da natureza e compartilhando uma experi\u00eancia inesquec\u00edvel com a fam\u00edlia ou amigos.<\/p>\n<h3 data-start=\"1079\" data-end=\"1096\"><strong data-start=\"1083\" data-end=\"1096\">Passeio<\/strong><\/h3>\n<p data-start=\"1098\" data-end=\"1412\"><strong data-start=\"1098\" data-end=\"1111\">Hor\u00e1rios:<\/strong> 11:00 \u00e0s 15:00 aprox. \/ 13:00 \u00e0s 17:00 aprox.<br data-start=\"1155\" data-end=\"1158\" \/>Sa\u00edda do centro de Bariloche para a \u00e1rea do Circuito Chico, onde a atividade \u00e9 realizada.<br data-start=\"1258\" data-end=\"1261\" \/>Durante o passeio, navegamos por \u00e1reas tranquilas do Lago Moreno, com tempo livre para descansar, tirar fotos e apreciar o ambiente natural.<\/p>\n<h3 data-start=\"1419\" data-end=\"1445\"><strong data-start=\"1423\" data-end=\"1445\">Local da reuni\u00e3o<\/strong><\/h3>\n<p data-start=\"1447\" data-end=\"1626\">Hot\u00e9is e pontos de encontro localizados desde o centro de Bariloche at\u00e9 o km 18 da Av. Bustillo ou Av. Pioneros.<br data-start=\"1561\" data-end=\"1564\" \/>Outros pontos de partida, favor consultar no momento da reserva.<\/p>\n<h3 data-start=\"1633\" data-end=\"1648\"><strong data-start=\"1637\" data-end=\"1648\">Inclui<\/strong><\/h3>\n<ul data-start=\"1650\" data-end=\"1861\">\n<li data-start=\"1650\" data-end=\"1703\">\n<p data-start=\"1652\" data-end=\"1703\">Caiaque estilo Sit On Top (muito est\u00e1vel e confort\u00e1vel).<\/p>\n<\/li>\n<li data-start=\"1704\" data-end=\"1775\">\n<p data-start=\"1706\" data-end=\"1775\">Equipamento de seguran\u00e7a completo: colete, p\u00e1 e jaqueta imperme\u00e1vel.<\/p>\n<\/li>\n<li data-start=\"1776\" data-end=\"1810\">\n<p data-start=\"1778\" data-end=\"1810\">Guias profissionais bil\u00edngues.<\/p>\n<\/li>\n<li data-start=\"1811\" data-end=\"1861\">\n<p data-start=\"1813\" data-end=\"1861\">Traslados de e para o ponto de encontro.<\/p>\n<\/li>\n<\/ul>\n<h3 data-start=\"1868\" data-end=\"1886\"><strong data-start=\"1872\" data-end=\"1886\">N\u00e3o inclui<\/strong><\/h3>\n<ul data-start=\"1888\" data-end=\"1971\">\n<li data-start=\"1888\" data-end=\"1911\">\n<p data-start=\"1890\" data-end=\"1911\">Sem comida ou bebida.<\/p>\n<\/li>\n<li data-start=\"1912\" data-end=\"1971\">\n<p data-start=\"1914\" data-end=\"1971\">Roupas pessoais (recomenda-se levar um casaco e uma muda de roupa seca).<\/p>\n<\/li>\n<\/ul>\n<h3 data-start=\"2115\" data-end=\"2138\"><strong data-start=\"2119\" data-end=\"2138\">Recomenda\u00e7\u00f5es<\/strong><\/h3>\n<ul data-start=\"2140\" data-end=\"2334\">\n<li data-start=\"2140\" data-end=\"2186\">\n<p data-start=\"2142\" data-end=\"2186\">Roupas confort\u00e1veis e cal\u00e7ados fechados ou ajust\u00e1veis.<\/p>\n<\/li>\n<li data-start=\"2187\" data-end=\"2247\">\n<p data-start=\"2189\" data-end=\"2247\">Troca de roupas secas e agasalhos para depois da atividade.<\/p>\n<\/li>\n<li data-start=\"2248\" data-end=\"2306\">\n<p data-start=\"2250\" data-end=\"2306\">Protetor solar, bon\u00e9 e \u00f3culos de sol com fecho.<\/p>\n<\/li>\n<li data-start=\"2307\" data-end=\"2334\">\n<p data-start=\"2309\" data-end=\"2334\">Carteira de identidade.<\/p>\n<\/li>\n<\/ul>\n<p data-start=\"2336\" data-end=\"2438\">N\u00e3o \u00e9 necess\u00e1rio ter experi\u00eancia anterior. Atividade adequada para crian\u00e7as a partir de 4 anos de idade acompanhadas por um adulto.<\/p>\n<h3 data-start=\"2445\" data-end=\"2473\"><strong data-start=\"2449\" data-end=\"2473\">Perguntas frequentes<\/strong><\/h3>\n<p data-start=\"2475\" data-end=\"2600\"><strong data-start=\"2475\" data-end=\"2517\">Os caiaques s\u00e3o simples ou duplos?<\/strong><br data-start=\"2517\" data-end=\"2520\" \/>Geralmente s\u00e3o duplos, o que proporciona maior estabilidade e facilita a remada.<\/p>\n<p data-start=\"2602\" data-end=\"2724\"><strong data-start=\"2602\" data-end=\"2648\">Posso fazer a excurs\u00e3o sem experi\u00eancia?<\/strong><br data-start=\"2648\" data-end=\"2651\" \/>Sim, os guias oferecem assist\u00eancia e seguran\u00e7a durante toda a atividade.<\/p>\n<p data-start=\"2726\" data-end=\"2847\"><strong data-start=\"2726\" data-end=\"2752\">O evento \u00e9 cancelado se chover?<\/strong><br data-start=\"2752\" data-end=\"2755\" \/>Somente em caso de tempestades ou ventos fortes. Em caso de chuva fraca, ele \u00e9 realizado normalmente.<\/p>\n<p data-start=\"2849\" data-end=\"2930\"><strong data-start=\"2849\" data-end=\"2874\">\u00c9 adequado para crian\u00e7as?<\/strong><br data-start=\"2874\" data-end=\"2877\" \/>Sim, eles podem participar a partir dos 4 anos de idade.<\/p>","protected":false},"excerpt":{"rendered":"<p>Experimente uma excurs\u00e3o de caiaque no Lago Moreno com o Turismo Bariloche.<br data-start=\"3824\" data-end=\"3827\" \/>Ideal para desfrutar com a fam\u00edlia: natureza, \u00e1guas calmas e a melhor vista da Patag\u00f4nia.<\/p>","protected":false},"featured_media":1229,"comment_status":"open","ping_status":"closed","template":"","meta":[],"product_brand":[],"product_cat":[72,118,79,73,120,76],"product_tag":[],"class_list":{"0":"post-92","1":"product","2":"type-product","3":"status-publish","4":"has-post-thumbnail","6":"product_cat-adultos","7":"product_cat-aventura-tipo-2","8":"product_cat-con-traslado","9":"product_cat-familia","10":"product_cat-lacustre","11":"product_cat-sin-comida","13":"first","14":"instock","15":"virtual","16":"sold-individually","17":"purchasable","18":"product-type-booking"},"booking_location":"","booking_location_type":"","booking_duration":1,"booking_duration_unit":"hour","booking_buffer":0,"booking_cost":0,"booking_resources":[],"exclude_global_add_ons":false,"addons":[{"name":"ADU: Adulto","type":"input_multiplier","position":0,"required":false,"title_format":"label","default":"","description_enable":false,"description":"","placeholder_enable":false,"placeholder":"","display":"select","restrictions_type":"any_text","adjust_price":true,"price":"107400","price_type":"quantity_based","restrictions":false,"min":"0","max":"0","options":[],"id":1773074737},{"name":"MEN512 | 5 a 12","type":"input_multiplier","position":1,"required":false,"title_format":"label","default":"","description_enable":false,"description":"","placeholder_enable":false,"placeholder":"","display":"select","restrictions_type":"any_text","adjust_price":true,"price":"107400","price_type":"quantity_based","restrictions":false,"min":"0","max":"0","options":[],"id":1773075048}],"yoast_head":"<!-- This site is optimized with the Yoast SEO Premium plugin v26.4 (Yoast SEO v26.4) - https:\/\/yoast.com\/wordpress\/plugins\/seo\/ -->\n<title>Kayak por el Lago Moreno en Bariloche | Turismo Bariloche<\/title>\n<meta name=\"description\" content=\"Disfrut\u00e1 una excursi\u00f3n familiar en kayak por el Lago Moreno. Aguas tranquilas, paisajes \u00fanicos y una experiencia segura para todas las edades en Bariloche.\" \/>\n<meta name=\"robots\" content=\"index, follow, max-snippet:-1, max-image-preview:large, max-video-preview:-1\" \/>\n<link rel=\"canonical\" href=\"https:\/\/turismobariloche.ar\/pt\/product\/passeio-de-caiaque-no-lago-gutierrez\/\" \/>\n<meta property=\"og:locale\" content=\"pt_BR\" \/>\n<meta property=\"og:type\" content=\"article\" \/>\n<meta property=\"og:title\" content=\"Kayak por el Lago Moreno\" \/>\n<meta property=\"og:description\" content=\"Disfrut\u00e1 una excursi\u00f3n familiar en kayak por el Lago Moreno. Aguas tranquilas, paisajes \u00fanicos y una experiencia segura para todas las edades en Bariloche.\" \/>\n<meta property=\"og:url\" content=\"https:\/\/turismobariloche.ar\/pt\/product\/passeio-de-caiaque-no-lago-gutierrez\/\" \/>\n<meta property=\"og:site_name\" content=\"Turismo Bariloche\" \/>\n<meta property=\"article:modified_time\" content=\"2026-04-09T12:20:21+00:00\" \/>\n<meta property=\"og:image\" content=\"https:\/\/turismobariloche.ar\/wp-content\/uploads\/2025\/04\/2-A-GOPR1133-scaled.jpg\" \/>\n\t<meta property=\"og:image:width\" content=\"1920\" \/>\n\t<meta property=\"og:image:height\" content=\"2560\" \/>\n\t<meta property=\"og:image:type\" content=\"image\/jpeg\" \/>\n<meta name=\"twitter:card\" content=\"summary_large_image\" \/>\n<meta name=\"twitter:label1\" content=\"Est. tempo de leitura\" \/>\n\t<meta name=\"twitter:data1\" content=\"3 minutos\" \/>\n<script type=\"application\/ld+json\" class=\"yoast-schema-graph\">{\"@context\":\"https:\/\/schema.org\",\"@graph\":[{\"@type\":\"WebPage\",\"@id\":\"https:\/\/turismobariloche.ar\/product\/excursion-kayak-lago-moreno-bariloche\/\",\"url\":\"https:\/\/turismobariloche.ar\/product\/excursion-kayak-lago-moreno-bariloche\/\",\"name\":\"Kayak por el Lago Moreno en Bariloche | Turismo Bariloche\",\"isPartOf\":{\"@id\":\"https:\/\/turismobariloche.ar\/#website\"},\"primaryImageOfPage\":{\"@id\":\"https:\/\/turismobariloche.ar\/product\/excursion-kayak-lago-moreno-bariloche\/#primaryimage\"},\"image\":{\"@id\":\"https:\/\/turismobariloche.ar\/product\/excursion-kayak-lago-moreno-bariloche\/#primaryimage\"},\"thumbnailUrl\":\"https:\/\/turismobariloche.ar\/wp-content\/uploads\/2025\/04\/2-A-GOPR1133-scaled.jpg\",\"datePublished\":\"2025-04-17T20:09:14+00:00\",\"dateModified\":\"2026-04-09T12:20:21+00:00\",\"description\":\"Disfrut\u00e1 una excursi\u00f3n familiar en kayak por el Lago Moreno. Aguas tranquilas, paisajes \u00fanicos y una experiencia segura para todas las edades en Bariloche.\",\"breadcrumb\":{\"@id\":\"https:\/\/turismobariloche.ar\/product\/excursion-kayak-lago-moreno-bariloche\/#breadcrumb\"},\"inLanguage\":\"pt-BR\",\"potentialAction\":[{\"@type\":\"ReadAction\",\"target\":[\"https:\/\/turismobariloche.ar\/product\/excursion-kayak-lago-moreno-bariloche\/\"]}]},{\"@type\":\"ImageObject\",\"inLanguage\":\"pt-BR\",\"@id\":\"https:\/\/turismobariloche.ar\/product\/excursion-kayak-lago-moreno-bariloche\/#primaryimage\",\"url\":\"https:\/\/turismobariloche.ar\/wp-content\/uploads\/2025\/04\/2-A-GOPR1133-scaled.jpg\",\"contentUrl\":\"https:\/\/turismobariloche.ar\/wp-content\/uploads\/2025\/04\/2-A-GOPR1133-scaled.jpg\",\"width\":1920,\"height\":2560,\"caption\":\"DCIM100GOPROGOPR1133.JPG\"},{\"@type\":\"BreadcrumbList\",\"@id\":\"https:\/\/turismobariloche.ar\/product\/excursion-kayak-lago-moreno-bariloche\/#breadcrumb\",\"itemListElement\":[{\"@type\":\"ListItem\",\"position\":1,\"name\":\"Home\",\"item\":\"https:\/\/turismobariloche.ar\/\"},{\"@type\":\"ListItem\",\"position\":2,\"name\":\"Lista de excursiones\",\"item\":\"https:\/\/turismobariloche.ar\/shop\/\"},{\"@type\":\"ListItem\",\"position\":3,\"name\":\"Kayak por el Lago Moreno\"}]},{\"@type\":\"WebSite\",\"@id\":\"https:\/\/turismobariloche.ar\/#website\",\"url\":\"https:\/\/turismobariloche.ar\/\",\"name\":\"Turismo Bariloche\",\"description\":\"Actividades recreativas en San Carlos de Bariloche\",\"publisher\":{\"@id\":\"https:\/\/turismobariloche.ar\/#organization\"},\"potentialAction\":[{\"@type\":\"SearchAction\",\"target\":{\"@type\":\"EntryPoint\",\"urlTemplate\":\"https:\/\/turismobariloche.ar\/?s={search_term_string}\"},\"query-input\":{\"@type\":\"PropertyValueSpecification\",\"valueRequired\":true,\"valueName\":\"search_term_string\"}}],\"inLanguage\":\"pt-BR\"},{\"@type\":\"Organization\",\"@id\":\"https:\/\/turismobariloche.ar\/#organization\",\"name\":\"Turismo Bariloche\",\"url\":\"https:\/\/turismobariloche.ar\/\",\"logo\":{\"@type\":\"ImageObject\",\"inLanguage\":\"pt-BR\",\"@id\":\"https:\/\/turismobariloche.ar\/#\/schema\/logo\/image\/\",\"url\":\"https:\/\/turismobariloche.ar\/wp-content\/uploads\/2025\/10\/LOGO-TURISMO-BARILOCHE-bco-SF-03-1-1.png\",\"contentUrl\":\"https:\/\/turismobariloche.ar\/wp-content\/uploads\/2025\/10\/LOGO-TURISMO-BARILOCHE-bco-SF-03-1-1.png\",\"width\":1735,\"height\":774,\"caption\":\"Turismo Bariloche\"},\"image\":{\"@id\":\"https:\/\/turismobariloche.ar\/#\/schema\/logo\/image\/\"}}]}<\/script>\n<!-- \/ Yoast SEO Premium plugin. -->","yoast_head_json":{"title":"Caiaque no Lago Moreno em Bariloche | Turismo Bariloche","description":"Desfrute de uma excurs\u00e3o de caiaque em fam\u00edlia no Lago Moreno. \u00c1guas calmas, paisagens \u00fanicas e uma experi\u00eancia segura para todas as idades em Bariloche.","robots":{"index":"index","follow":"follow","max-snippet":"max-snippet:-1","max-image-preview":"max-image-preview:large","max-video-preview":"max-video-preview:-1"},"canonical":"https:\/\/turismobariloche.ar\/pt\/product\/passeio-de-caiaque-no-lago-gutierrez\/","og_locale":"pt_BR","og_type":"article","og_title":"Kayak por el Lago Moreno","og_description":"Disfrut\u00e1 una excursi\u00f3n familiar en kayak por el Lago Moreno. Aguas tranquilas, paisajes \u00fanicos y una experiencia segura para todas las edades en Bariloche.","og_url":"https:\/\/turismobariloche.ar\/pt\/product\/passeio-de-caiaque-no-lago-gutierrez\/","og_site_name":"Turismo Bariloche","article_modified_time":"2026-04-09T12:20:21+00:00","og_image":[{"width":1920,"height":2560,"url":"https:\/\/turismobariloche.ar\/wp-content\/uploads\/2025\/04\/2-A-GOPR1133-scaled.jpg","type":"image\/jpeg"}],"twitter_card":"summary_large_image","twitter_misc":{"Est. tempo de leitura":"3 minutos"},"schema":{"@context":"https:\/\/schema.org","@graph":[{"@type":"WebPage","@id":"https:\/\/turismobariloche.ar\/product\/excursion-kayak-lago-moreno-bariloche\/","url":"https:\/\/turismobariloche.ar\/product\/excursion-kayak-lago-moreno-bariloche\/","name":"Caiaque no Lago Moreno em Bariloche | Turismo Bariloche","isPartOf":{"@id":"https:\/\/turismobariloche.ar\/#website"},"primaryImageOfPage":{"@id":"https:\/\/turismobariloche.ar\/product\/excursion-kayak-lago-moreno-bariloche\/#primaryimage"},"image":{"@id":"https:\/\/turismobariloche.ar\/product\/excursion-kayak-lago-moreno-bariloche\/#primaryimage"},"thumbnailUrl":"https:\/\/turismobariloche.ar\/wp-content\/uploads\/2025\/04\/2-A-GOPR1133-scaled.jpg","datePublished":"2025-04-17T20:09:14+00:00","dateModified":"2026-04-09T12:20:21+00:00","description":"Desfrute de uma excurs\u00e3o de caiaque em fam\u00edlia no Lago Moreno. \u00c1guas calmas, paisagens \u00fanicas e uma experi\u00eancia segura para todas as idades em Bariloche.","breadcrumb":{"@id":"https:\/\/turismobariloche.ar\/product\/excursion-kayak-lago-moreno-bariloche\/#breadcrumb"},"inLanguage":"pt-BR","potentialAction":[{"@type":"ReadAction","target":["https:\/\/turismobariloche.ar\/product\/excursion-kayak-lago-moreno-bariloche\/"]}]},{"@type":"ImageObject","inLanguage":"pt-BR","@id":"https:\/\/turismobariloche.ar\/product\/excursion-kayak-lago-moreno-bariloche\/#primaryimage","url":"https:\/\/turismobariloche.ar\/wp-content\/uploads\/2025\/04\/2-A-GOPR1133-scaled.jpg","contentUrl":"https:\/\/turismobariloche.ar\/wp-content\/uploads\/2025\/04\/2-A-GOPR1133-scaled.jpg","width":1920,"height":2560,"caption":"DCIM100GOPROGOPR1133.JPG"},{"@type":"BreadcrumbList","@id":"https:\/\/turismobariloche.ar\/product\/excursion-kayak-lago-moreno-bariloche\/#breadcrumb","itemListElement":[{"@type":"ListItem","position":1,"name":"Home","item":"https:\/\/turismobariloche.ar\/"},{"@type":"ListItem","position":2,"name":"Lista de excursiones","item":"https:\/\/turismobariloche.ar\/shop\/"},{"@type":"ListItem","position":3,"name":"Kayak por el Lago Moreno"}]},{"@type":"WebSite","@id":"https:\/\/turismobariloche.ar\/#website","url":"https:\/\/turismobariloche.ar\/","name":"Turismo em Bariloche","description":"Atividades recreativas em San Carlos de Bariloche","publisher":{"@id":"https:\/\/turismobariloche.ar\/#organization"},"potentialAction":[{"@type":"SearchAction","target":{"@type":"EntryPoint","urlTemplate":"https:\/\/turismobariloche.ar\/?s={search_term_string}"},"query-input":{"@type":"PropertyValueSpecification","valueRequired":true,"valueName":"search_term_string"}}],"inLanguage":"pt-BR"},{"@type":"Organization","@id":"https:\/\/turismobariloche.ar\/#organization","name":"Turismo em Bariloche","url":"https:\/\/turismobariloche.ar\/","logo":{"@type":"ImageObject","inLanguage":"pt-BR","@id":"https:\/\/turismobariloche.ar\/#\/schema\/logo\/image\/","url":"https:\/\/turismobariloche.ar\/wp-content\/uploads\/2025\/10\/LOGO-TURISMO-BARILOCHE-bco-SF-03-1-1.png","contentUrl":"https:\/\/turismobariloche.ar\/wp-content\/uploads\/2025\/10\/LOGO-TURISMO-BARILOCHE-bco-SF-03-1-1.png","width":1735,"height":774,"caption":"Turismo Bariloche"},"image":{"@id":"https:\/\/turismobariloche.ar\/#\/schema\/logo\/image\/"}}]}},"_links":{"self":[{"href":"https:\/\/turismobariloche.ar\/pt\/wp-json\/wp\/v2\/product\/92","targetHints":{"allow":["GET"]}}],"collection":[{"href":"https:\/\/turismobariloche.ar\/pt\/wp-json\/wp\/v2\/product"}],"about":[{"href":"https:\/\/turismobariloche.ar\/pt\/wp-json\/wp\/v2\/types\/product"}],"replies":[{"embeddable":true,"href":"https:\/\/turismobariloche.ar\/pt\/wp-json\/wp\/v2\/comments?post=92"}],"wp:featuredmedia":[{"embeddable":true,"href":"https:\/\/turismobariloche.ar\/pt\/wp-json\/wp\/v2\/media\/1229"}],"wp:attachment":[{"href":"https:\/\/turismobariloche.ar\/pt\/wp-json\/wp\/v2\/media?parent=92"}],"wp:term":[{"taxonomy":"product_brand","embeddable":true,"href":"https:\/\/turismobariloche.ar\/pt\/wp-json\/wp\/v2\/product_brand?post=92"},{"taxonomy":"product_cat","embeddable":true,"href":"https:\/\/turismobariloche.ar\/pt\/wp-json\/wp\/v2\/product_cat?post=92"},{"taxonomy":"product_tag","embeddable":true,"href":"https:\/\/turismobariloche.ar\/pt\/wp-json\/wp\/v2\/product_tag?post=92"}],"curies":[{"name":"wp","href":"https:\/\/api.w.org\/{rel}","templated":true}]}}