{"id":90,"date":"2025-04-17T17:08:42","date_gmt":"2025-04-17T20:08:42","guid":{"rendered":"https:\/\/turismobariloche.ar\/?post_type=product&#038;p=90"},"modified":"2026-04-10T10:58:46","modified_gmt":"2026-04-10T13:58:46","slug":"de-bariloche-a-la-frontera-con-chile-aventura-al-limite-de-rafting","status":"publish","type":"product","link":"https:\/\/turismobariloche.ar\/pt\/product\/de-bariloche-a-fronteira-chilena-aventura-de-rafting-ate-o-limite\/","title":{"rendered":"De Bariloche at\u00e9 a fronteira com o Chile - Aventura Al L\u00edmite de Rafting"},"content":{"rendered":"<h2>Experimente uma aventura \u00fanica em Rafting at\u00e9 a Fronteira<\/h2>\n<p>Mergulhe na experi\u00eancia vibrante do <strong>rafting<\/strong> nos arredores majestosos do <strong>Rio Manso<\/strong>, onde cada descida \u00e9 um convite para sentir a emo\u00e7\u00e3o e a natureza em seu estado mais puro. Essa atividade, classificada entre os graus 3 e 4 de dificuldade, combina a\u00e7\u00e3o e seguran\u00e7a para lhe proporcionar um dia inesquec\u00edvel em contato direto com paisagens que remetem \u00e0 grandiosidade da fronteira com o Chile.<\/p>\n<h3>Itiner\u00e1rio<\/h3>\n<ul>\n<li><strong>Ponto de encontro:<\/strong> Encontro \u00e0s 8h00 no centro de San Carlos de Bariloche, a poucos passos do centro c\u00edvico.<\/li>\n<li><strong>Equipamento completo:<\/strong> Todo o equipamento necess\u00e1rio \u00e9 fornecido: roupa de mergulho, capacete e colete salva-vidas, garantindo a m\u00e1xima seguran\u00e7a.<\/li>\n<li><strong>Passeio cheio de adrenalina:<\/strong> Navegue por 11 km de corredeiras, onde as se\u00e7\u00f5es de classe III e IV far\u00e3o com que voc\u00ea viva uma experi\u00eancia cheia de adrenalina e beleza c\u00eanica por aproximadamente 2 horas.<\/li>\n<li><strong>Op\u00e7\u00e3o gastron\u00f4mica:<\/strong> Termine o dia com alternativas de almo\u00e7o, seja um churrasco ou saladas frescas (op\u00e7\u00f5es dispon\u00edveis por um custo adicional).<\/li>\n<li><strong>Recomenda\u00e7\u00f5es profissionais:<\/strong> Uma equipe de especialistas em caiaque e rafting o acompanhar\u00e1, supervisionando cada momento da atividade para que voc\u00ea possa se divertir com total seguran\u00e7a.<\/li>\n<\/ul>\n<h3>Recomenda\u00e7\u00f5es pr\u00e1ticas<\/h3>\n<ul>\n<li><strong>O que levar:<\/strong> Lembre-se de levar uma toalha e uma muda de roupa para usar depois do passeio.<\/li>\n<li><strong>Idade m\u00ednima:<\/strong> A experi\u00eancia \u00e9 adequada para pessoas com mais de 14 anos de idade.<\/li>\n<\/ul>\n<h3>Informa\u00e7\u00f5es adicionais<\/h3>\n<p>A atividade vai das 8h \u00e0s 18h, oferecendo um dia inteiro de aventura. Esse passeio \u00e9 ideal para quem deseja mergulhar em uma experi\u00eancia exclusiva e vibrante, onde conforto, natureza e adrenalina se misturam a todo momento.<\/p>\n<h3>Perguntas frequentes (FAQs)<\/h3>\n<ul>\n<li>\n<h4>Como posso chegar l\u00e1 se optar por n\u00e3o usar o transporte inclu\u00eddo?<\/h4>\n<p>\u00c9 poss\u00edvel chegar por conta pr\u00f3pria. Voc\u00ea pode nos encontrar na Base Villegas, localizada na Rota 83, Km 1, em San Carlos de Bariloche, R\u00edo Negro. <a class=\"theme markdown__link\" href=\"https:\/\/maps.app.goo.gl\/NqbsUN6VB5Fnt7hVA\" target=\"_blank\" rel=\"noopener noreferrer\">https:\/\/maps.app.goo.gl\/NqbsUN6VB5Fnt7hVA<\/a> este \u00e9 o link para a localiza\u00e7\u00e3o do parador.<\/li>\n<li>\n<h4>Posso levar um acompanhante que n\u00e3o esteja praticando artesanato?<\/h4>\n<p>Sim, os acompanhantes podem aproveitar a paisagem e a experi\u00eancia do passeio pagando 50% do custo do passeio e acompanhando voc\u00ea no passeio.<\/li>\n<\/ul>\n<p><strong>Aviso importante<\/strong>Esse passeio est\u00e1 dispon\u00edvel no momento e tem sa\u00eddas at\u00e9 30 de abril, de acordo com o calend\u00e1rio operacional.<\/p>","protected":false},"excerpt":{"rendered":"<p>Desfrute de um passeio emocionante por <strong>rafting at\u00e9 o limite<\/strong> no <strong>Rio Manso<\/strong> enquanto voc\u00ea explora paisagens \u00fanicas na fronteira com o Chile. Voc\u00ea receber\u00e1 equipamentos profissionais para uma experi\u00eancia cheia de adrenalina e seguran\u00e7a.<\/p>","protected":false},"featured_media":1319,"comment_status":"open","ping_status":"closed","template":"","meta":[],"product_brand":[],"product_cat":[72,118,79,73,67,68,76,69],"product_tag":[],"class_list":{"0":"post-90","1":"product","2":"type-product","3":"status-publish","4":"has-post-thumbnail","6":"product_cat-adultos","7":"product_cat-aventura-tipo-2","8":"product_cat-con-traslado","9":"product_cat-familia","10":"product_cat-otono","11":"product_cat-primavera","12":"product_cat-sin-comida","13":"product_cat-verano","15":"first","16":"instock","17":"virtual","18":"sold-individually","19":"purchasable","20":"product-type-booking"},"booking_location":"","booking_location_type":"","booking_duration":1,"booking_duration_unit":"hour","booking_buffer":0,"booking_cost":0,"booking_resources":[],"exclude_global_add_ons":false,"addons":[{"name":"ADU: Adulto","type":"input_multiplier","position":0,"required":false,"title_format":"label","default":"","description_enable":false,"description":"","placeholder_enable":false,"placeholder":"","display":"select","restrictions_type":"any_text","adjust_price":true,"price":"155400","price_type":"quantity_based","restrictions":false,"min":"0","max":"0","options":[],"id":1773236614},{"name":"EXTRA: acompanhante","type":"input_multiplier","position":1,"required":false,"title_format":"label","default":"","description_enable":false,"description":"","placeholder_enable":false,"placeholder":"","display":"select","restrictions_type":"any_text","adjust_price":true,"price":"77700","price_type":"quantity_based","restrictions":false,"min":"0","max":"0","options":[],"id":1773236615},{"name":"MEN1418 | de 14 a 18","type":"input_multiplier","position":2,"required":false,"title_format":"label","default":"","description_enable":false,"description":"","placeholder_enable":false,"placeholder":"","display":"select","restrictions_type":"any_text","adjust_price":true,"price":"155400","price_type":"quantity_based","restrictions":false,"min":"0","max":"0","options":[],"id":1773236616}],"_links":{"self":[{"href":"https:\/\/turismobariloche.ar\/pt\/wp-json\/wp\/v2\/product\/90","targetHints":{"allow":["GET"]}}],"collection":[{"href":"https:\/\/turismobariloche.ar\/pt\/wp-json\/wp\/v2\/product"}],"about":[{"href":"https:\/\/turismobariloche.ar\/pt\/wp-json\/wp\/v2\/types\/product"}],"replies":[{"embeddable":true,"href":"https:\/\/turismobariloche.ar\/pt\/wp-json\/wp\/v2\/comments?post=90"}],"wp:featuredmedia":[{"embeddable":true,"href":"https:\/\/turismobariloche.ar\/pt\/wp-json\/wp\/v2\/media\/1319"}],"wp:attachment":[{"href":"https:\/\/turismobariloche.ar\/pt\/wp-json\/wp\/v2\/media?parent=90"}],"wp:term":[{"taxonomy":"product_brand","embeddable":true,"href":"https:\/\/turismobariloche.ar\/pt\/wp-json\/wp\/v2\/product_brand?post=90"},{"taxonomy":"product_cat","embeddable":true,"href":"https:\/\/turismobariloche.ar\/pt\/wp-json\/wp\/v2\/product_cat?post=90"},{"taxonomy":"product_tag","embeddable":true,"href":"https:\/\/turismobariloche.ar\/pt\/wp-json\/wp\/v2\/product_tag?post=90"}],"curies":[{"name":"wp","href":"https:\/\/api.w.org\/{rel}","templated":true}]}}