{"id":89,"date":"2025-04-17T17:08:29","date_gmt":"2025-04-17T20:08:29","guid":{"rendered":"https:\/\/turismobariloche.ar\/?post_type=product&#038;p=89"},"modified":"2026-04-10T10:59:07","modified_gmt":"2026-04-10T13:59:07","slug":"rafting-rio-manso-sin-traslado","status":"publish","type":"product","link":"https:\/\/turismobariloche.ar\/pt\/product\/rafting-light-rio-manso-sem-traslado\/","title":{"rendered":"Rafting tranquilo no rio Manso - sem traslado"},"content":{"rendered":"<p>&nbsp;<\/p>\n<h2>Aventura exclusiva no rio Manso<\/h2>\n<p>Descubra uma experi\u00eancia \u00fanica e empolgante com sua fam\u00edlia ao longo das majestosas paisagens do <strong>Rio Manso<\/strong>. Nosso rafting leve foi cuidadosamente projetado para oferecer uma introdu\u00e7\u00e3o segura e envolvente ao mundo do rafting, com corredeiras de grau 1 e 2 ideais at\u00e9 mesmo para os rafters mais jovens, a partir de 5 anos de idade.<\/p>\n<h3>Destaques da atividade<\/h3>\n<ul>\n<li><strong>Dura\u00e7\u00e3o:<\/strong> Aproximadamente 90 minutos de navega\u00e7\u00e3o combinando aventura e conforto.<\/li>\n<li><strong>Rota:<\/strong> Uma rota de 40 quil\u00f4metros, emoldurada por um cen\u00e1rio natural incompar\u00e1vel e corredeiras suaves que melhoram a experi\u00eancia.<\/li>\n<li><strong>Equipamento completo:<\/strong> Todos os equipamentos de seguran\u00e7a s\u00e3o fornecidos, incluindo roupas de mergulho, capacetes, coletes salva-vidas e outros acess\u00f3rios apropriados.<\/li>\n<\/ul>\n<h3>In\u00edcio e desenvolvimento do dia<\/h3>\n<p>Ao chegar ao ponto de encontro, nossa equipe especializada lhe dar\u00e1 instru\u00e7\u00f5es detalhadas, garantindo que cada passo seja realizado sob os mais altos padr\u00f5es de seguran\u00e7a. N\u00e3o \u00e9 necess\u00e1ria nenhuma experi\u00eancia anterior, pois toda a experi\u00eancia foi projetada para que voc\u00ea se sinta confort\u00e1vel e protegido enquanto aproveita cada momento.<\/p>\n<h3>Recomenda\u00e7\u00f5es para uma experi\u00eancia ideal<\/h3>\n<p>Para aproveitar ao m\u00e1ximo essa aventura, sugerimos que voc\u00ea traga:<\/p>\n<ul>\n<li><strong>Toalha:<\/strong> Essencial para se secar ap\u00f3s a atividade.<\/li>\n<li><strong>Troca de roupa:<\/strong> Para garantir maior conforto ap\u00f3s a travessia.<\/li>\n<li><strong>Cal\u00e7ados apropriados:<\/strong> De prefer\u00eancia, deve ser capaz de se molhar sem inconvenientes.<\/li>\n<\/ul>\n<h3>Modo independente<\/h3>\n<p>A experi\u00eancia \u00e9 oferecida em modo independente. O ponto de encontro \u00e9 em nosso parador localizado na <strong>Base Villegas<\/strong>no <strong>Rota 83, Km 1<\/strong>, em San Carlos de Bariloche, R\u00edo Negro. <a class=\"theme markdown__link\" href=\"https:\/\/maps.app.goo.gl\/NqbsUN6VB5Fnt7hVA\" target=\"_blank\" rel=\"noopener noreferrer\">https:\/\/maps.app.goo.gl\/NqbsUN6VB5Fnt7hVA<\/a> este \u00e9 o link para a localiza\u00e7\u00e3o do parador.<\/p>\n<h3>Detalhes sobre inclus\u00f5es e n\u00e3o inclus\u00f5es<\/h3>\n<ul>\n<li><strong>Ele inclui:<\/strong> Atividade completa de rafting com todo o equipamento necess\u00e1rio, como roupa de mergulho, colete salva-vidas, jaqueta protetora, botas de neoprene, remos e capacetes.<\/li>\n<li><strong>N\u00e3o inclui:<\/strong> Servi\u00e7os de traslado, refei\u00e7\u00f5es ou lanches.<\/li>\n<\/ul>\n<p>&nbsp;<\/p>\n<h2>Perguntas frequentes (FAQ)<\/h2>\n<h3>\u00c9 poss\u00edvel realizar a atividade de forma independente?<\/h3>\n<p>Sim, oferecemos a op\u00e7\u00e3o de participar por conta pr\u00f3pria. Voc\u00ea se encontrar\u00e1 em nosso parador, no <strong>Base Villegas<\/strong> no <strong>Rota 83, Km 1<\/strong> de San Carlos de Bariloche, R\u00edo Negro. Voc\u00ea pode verificar a localiza\u00e7\u00e3o exata no Google Maps para obter mais orienta\u00e7\u00f5es.<\/p>\n<h3>Que op\u00e7\u00f5es eu tenho se quiser acompanhar algu\u00e9m que n\u00e3o esteja participando do rafting?<\/h3>\n<p>\u00c9 permitida a presen\u00e7a de acompanhantes de fora da atividade, que dever\u00e3o pagar a taxa de <strong>50%<\/strong> da tarifa padr\u00e3o. Isso garante flexibilidade e adaptabilidade \u00e0s suas necessidades.<\/p>\n<p><strong>Aviso importante<\/strong>Esse passeio est\u00e1 dispon\u00edvel no momento e tem sa\u00eddas at\u00e9 30 de abril, de acordo com o calend\u00e1rio operacional.<\/p>","protected":false},"excerpt":{"rendered":"<p>Viva um dia inesquec\u00edvel com nosso rafting leve no Rio Manso, projetado para fam\u00edlias e seguro para crian\u00e7as a partir de 5 anos de idade. A aventura o aguarda em um percurso de 40 km repleto de paisagens majestosas, com todo o equipamento necess\u00e1rio inclu\u00eddo. Desfrute de uma experi\u00eancia exclusiva e segura, perfeita para quem busca conforto e emo\u00e7\u00e3o na natureza.<\/p>","protected":false},"featured_media":1323,"comment_status":"open","ping_status":"closed","template":"","meta":[],"product_brand":[],"product_cat":[72,118,73,75,67,68,76,121,69],"product_tag":[],"class_list":{"0":"post-89","1":"product","2":"type-product","3":"status-publish","4":"has-post-thumbnail","6":"product_cat-adultos","7":"product_cat-aventura-tipo-2","8":"product_cat-familia","9":"product_cat-ninos","10":"product_cat-otono","11":"product_cat-primavera","12":"product_cat-sin-comida","13":"product_cat-sin-traslado","14":"product_cat-verano","16":"first","17":"instock","18":"virtual","19":"sold-individually","20":"purchasable","21":"product-type-booking"},"booking_location":"","booking_location_type":"","booking_duration":1,"booking_duration_unit":"hour","booking_buffer":0,"booking_cost":0,"booking_resources":[],"exclude_global_add_ons":false,"addons":[{"name":"ADU: Adulto","type":"input_multiplier","position":0,"required":false,"title_format":"label","default":"","description_enable":false,"description":"","placeholder_enable":false,"placeholder":"","display":"select","restrictions_type":"any_text","adjust_price":true,"price":"75000","price_type":"quantity_based","restrictions":false,"min":"0","max":"0","options":[],"id":1773079069},{"name":"EXTRA: acompanhante","type":"input_multiplier","position":1,"required":false,"title_format":"label","default":"","description_enable":false,"description":"","placeholder_enable":false,"placeholder":"","display":"select","restrictions_type":"any_text","adjust_price":true,"price":"37500","price_type":"quantity_based","restrictions":false,"min":"0","max":"0","options":[],"id":1773079070},{"name":"MEN512 | 5 a 12","type":"input_multiplier","position":2,"required":false,"title_format":"label","default":"","description_enable":false,"description":"","placeholder_enable":false,"placeholder":"","display":"select","restrictions_type":"any_text","adjust_price":true,"price":"75000","price_type":"quantity_based","restrictions":false,"min":"0","max":"0","options":[],"id":1773079071}],"yoast_head":"<!-- This site is optimized with the Yoast SEO Premium plugin v26.4 (Yoast SEO v26.4) - https:\/\/yoast.com\/wordpress\/plugins\/seo\/ -->\n<title>Rafting Tranquilo en el R\u00edo Manso - sin Traslado - Turismo Bariloche<\/title>\n<meta name=\"description\" content=\"Viv\u00ed la experiencia de rafting en el R\u00edo Manso sin traslado desde Bariloche. Una aventura tranquila entre paisajes naturales \u00fanicos, ideal para familias.\" \/>\n<meta name=\"robots\" content=\"index, follow, max-snippet:-1, max-image-preview:large, max-video-preview:-1\" \/>\n<link rel=\"canonical\" href=\"https:\/\/turismobariloche.ar\/pt\/product\/rafting-light-rio-manso-sem-traslado\/\" \/>\n<meta property=\"og:locale\" content=\"pt_BR\" \/>\n<meta property=\"og:type\" content=\"article\" \/>\n<meta property=\"og:title\" content=\"Rafting Tranquilo en el R\u00edo Manso - sin Traslado\" \/>\n<meta property=\"og:description\" content=\"Viv\u00ed la experiencia de rafting en el R\u00edo Manso sin traslado desde Bariloche. Una aventura tranquila entre paisajes naturales \u00fanicos, ideal para familias.\" \/>\n<meta property=\"og:url\" content=\"https:\/\/turismobariloche.ar\/pt\/product\/rafting-light-rio-manso-sem-traslado\/\" \/>\n<meta property=\"og:site_name\" content=\"Turismo Bariloche\" \/>\n<meta property=\"article:modified_time\" content=\"2026-04-10T13:59:07+00:00\" \/>\n<meta property=\"og:image\" content=\"https:\/\/turismobariloche.ar\/wp-content\/uploads\/2025\/04\/2-A-rafting-light-1-scaled.jpg\" \/>\n\t<meta property=\"og:image:width\" content=\"1920\" \/>\n\t<meta property=\"og:image:height\" content=\"2560\" \/>\n\t<meta property=\"og:image:type\" content=\"image\/jpeg\" \/>\n<meta name=\"twitter:card\" content=\"summary_large_image\" \/>\n<meta name=\"twitter:label1\" content=\"Est. tempo de leitura\" \/>\n\t<meta name=\"twitter:data1\" content=\"3 minutos\" \/>\n<script type=\"application\/ld+json\" class=\"yoast-schema-graph\">{\"@context\":\"https:\/\/schema.org\",\"@graph\":[{\"@type\":\"WebPage\",\"@id\":\"https:\/\/turismobariloche.ar\/product\/rafting-rio-manso-sin-traslado\/\",\"url\":\"https:\/\/turismobariloche.ar\/product\/rafting-rio-manso-sin-traslado\/\",\"name\":\"Rafting Tranquilo en el R\u00edo Manso - sin Traslado - Turismo Bariloche\",\"isPartOf\":{\"@id\":\"https:\/\/turismobariloche.ar\/#website\"},\"primaryImageOfPage\":{\"@id\":\"https:\/\/turismobariloche.ar\/product\/rafting-rio-manso-sin-traslado\/#primaryimage\"},\"image\":{\"@id\":\"https:\/\/turismobariloche.ar\/product\/rafting-rio-manso-sin-traslado\/#primaryimage\"},\"thumbnailUrl\":\"https:\/\/turismobariloche.ar\/wp-content\/uploads\/2025\/04\/2-A-rafting-light-1-scaled.jpg\",\"datePublished\":\"2025-04-17T20:08:29+00:00\",\"dateModified\":\"2026-04-10T13:59:07+00:00\",\"description\":\"Viv\u00ed la experiencia de rafting en el R\u00edo Manso sin traslado desde Bariloche. Una aventura tranquila entre paisajes naturales \u00fanicos, ideal para familias.\",\"breadcrumb\":{\"@id\":\"https:\/\/turismobariloche.ar\/product\/rafting-rio-manso-sin-traslado\/#breadcrumb\"},\"inLanguage\":\"pt-BR\",\"potentialAction\":[{\"@type\":\"ReadAction\",\"target\":[\"https:\/\/turismobariloche.ar\/product\/rafting-rio-manso-sin-traslado\/\"]}]},{\"@type\":\"ImageObject\",\"inLanguage\":\"pt-BR\",\"@id\":\"https:\/\/turismobariloche.ar\/product\/rafting-rio-manso-sin-traslado\/#primaryimage\",\"url\":\"https:\/\/turismobariloche.ar\/wp-content\/uploads\/2025\/04\/2-A-rafting-light-1-scaled.jpg\",\"contentUrl\":\"https:\/\/turismobariloche.ar\/wp-content\/uploads\/2025\/04\/2-A-rafting-light-1-scaled.jpg\",\"width\":1920,\"height\":2560},{\"@type\":\"BreadcrumbList\",\"@id\":\"https:\/\/turismobariloche.ar\/product\/rafting-rio-manso-sin-traslado\/#breadcrumb\",\"itemListElement\":[{\"@type\":\"ListItem\",\"position\":1,\"name\":\"Home\",\"item\":\"https:\/\/turismobariloche.ar\/\"},{\"@type\":\"ListItem\",\"position\":2,\"name\":\"Lista de excursiones\",\"item\":\"https:\/\/turismobariloche.ar\/shop\/\"},{\"@type\":\"ListItem\",\"position\":3,\"name\":\"Rafting Tranquilo en el R\u00edo Manso &#8211; sin Traslado\"}]},{\"@type\":\"WebSite\",\"@id\":\"https:\/\/turismobariloche.ar\/#website\",\"url\":\"https:\/\/turismobariloche.ar\/\",\"name\":\"Turismo Bariloche\",\"description\":\"Actividades recreativas en San Carlos de Bariloche\",\"publisher\":{\"@id\":\"https:\/\/turismobariloche.ar\/#organization\"},\"potentialAction\":[{\"@type\":\"SearchAction\",\"target\":{\"@type\":\"EntryPoint\",\"urlTemplate\":\"https:\/\/turismobariloche.ar\/?s={search_term_string}\"},\"query-input\":{\"@type\":\"PropertyValueSpecification\",\"valueRequired\":true,\"valueName\":\"search_term_string\"}}],\"inLanguage\":\"pt-BR\"},{\"@type\":\"Organization\",\"@id\":\"https:\/\/turismobariloche.ar\/#organization\",\"name\":\"Turismo Bariloche\",\"url\":\"https:\/\/turismobariloche.ar\/\",\"logo\":{\"@type\":\"ImageObject\",\"inLanguage\":\"pt-BR\",\"@id\":\"https:\/\/turismobariloche.ar\/#\/schema\/logo\/image\/\",\"url\":\"https:\/\/turismobariloche.ar\/wp-content\/uploads\/2025\/10\/LOGO-TURISMO-BARILOCHE-bco-SF-03-1-1.png\",\"contentUrl\":\"https:\/\/turismobariloche.ar\/wp-content\/uploads\/2025\/10\/LOGO-TURISMO-BARILOCHE-bco-SF-03-1-1.png\",\"width\":1735,\"height\":774,\"caption\":\"Turismo Bariloche\"},\"image\":{\"@id\":\"https:\/\/turismobariloche.ar\/#\/schema\/logo\/image\/\"}}]}<\/script>\n<!-- \/ Yoast SEO Premium plugin. -->","yoast_head_json":{"title":"Rafting tranquilo no rio Manso - sem traslado - Turismo em Bariloche","description":"Experimente o rafting no Rio Manso sem traslado de Bariloche. Uma aventura tranquila em meio a paisagens naturais \u00fanicas, ideal para fam\u00edlias.","robots":{"index":"index","follow":"follow","max-snippet":"max-snippet:-1","max-image-preview":"max-image-preview:large","max-video-preview":"max-video-preview:-1"},"canonical":"https:\/\/turismobariloche.ar\/pt\/product\/rafting-light-rio-manso-sem-traslado\/","og_locale":"pt_BR","og_type":"article","og_title":"Rafting Tranquilo en el R\u00edo Manso - sin Traslado","og_description":"Viv\u00ed la experiencia de rafting en el R\u00edo Manso sin traslado desde Bariloche. Una aventura tranquila entre paisajes naturales \u00fanicos, ideal para familias.","og_url":"https:\/\/turismobariloche.ar\/pt\/product\/rafting-light-rio-manso-sem-traslado\/","og_site_name":"Turismo Bariloche","article_modified_time":"2026-04-10T13:59:07+00:00","og_image":[{"width":1920,"height":2560,"url":"https:\/\/turismobariloche.ar\/wp-content\/uploads\/2025\/04\/2-A-rafting-light-1-scaled.jpg","type":"image\/jpeg"}],"twitter_card":"summary_large_image","twitter_misc":{"Est. tempo de leitura":"3 minutos"},"schema":{"@context":"https:\/\/schema.org","@graph":[{"@type":"WebPage","@id":"https:\/\/turismobariloche.ar\/product\/rafting-rio-manso-sin-traslado\/","url":"https:\/\/turismobariloche.ar\/product\/rafting-rio-manso-sin-traslado\/","name":"Rafting tranquilo no rio Manso - sem traslado - Turismo em Bariloche","isPartOf":{"@id":"https:\/\/turismobariloche.ar\/#website"},"primaryImageOfPage":{"@id":"https:\/\/turismobariloche.ar\/product\/rafting-rio-manso-sin-traslado\/#primaryimage"},"image":{"@id":"https:\/\/turismobariloche.ar\/product\/rafting-rio-manso-sin-traslado\/#primaryimage"},"thumbnailUrl":"https:\/\/turismobariloche.ar\/wp-content\/uploads\/2025\/04\/2-A-rafting-light-1-scaled.jpg","datePublished":"2025-04-17T20:08:29+00:00","dateModified":"2026-04-10T13:59:07+00:00","description":"Experimente o rafting no Rio Manso sem traslado de Bariloche. Uma aventura tranquila em meio a paisagens naturais \u00fanicas, ideal para fam\u00edlias.","breadcrumb":{"@id":"https:\/\/turismobariloche.ar\/product\/rafting-rio-manso-sin-traslado\/#breadcrumb"},"inLanguage":"pt-BR","potentialAction":[{"@type":"ReadAction","target":["https:\/\/turismobariloche.ar\/product\/rafting-rio-manso-sin-traslado\/"]}]},{"@type":"ImageObject","inLanguage":"pt-BR","@id":"https:\/\/turismobariloche.ar\/product\/rafting-rio-manso-sin-traslado\/#primaryimage","url":"https:\/\/turismobariloche.ar\/wp-content\/uploads\/2025\/04\/2-A-rafting-light-1-scaled.jpg","contentUrl":"https:\/\/turismobariloche.ar\/wp-content\/uploads\/2025\/04\/2-A-rafting-light-1-scaled.jpg","width":1920,"height":2560},{"@type":"BreadcrumbList","@id":"https:\/\/turismobariloche.ar\/product\/rafting-rio-manso-sin-traslado\/#breadcrumb","itemListElement":[{"@type":"ListItem","position":1,"name":"Home","item":"https:\/\/turismobariloche.ar\/"},{"@type":"ListItem","position":2,"name":"Lista de excursiones","item":"https:\/\/turismobariloche.ar\/shop\/"},{"@type":"ListItem","position":3,"name":"Rafting Tranquilo en el R\u00edo Manso &#8211; sin Traslado"}]},{"@type":"WebSite","@id":"https:\/\/turismobariloche.ar\/#website","url":"https:\/\/turismobariloche.ar\/","name":"Turismo em Bariloche","description":"Atividades recreativas em San Carlos de Bariloche","publisher":{"@id":"https:\/\/turismobariloche.ar\/#organization"},"potentialAction":[{"@type":"SearchAction","target":{"@type":"EntryPoint","urlTemplate":"https:\/\/turismobariloche.ar\/?s={search_term_string}"},"query-input":{"@type":"PropertyValueSpecification","valueRequired":true,"valueName":"search_term_string"}}],"inLanguage":"pt-BR"},{"@type":"Organization","@id":"https:\/\/turismobariloche.ar\/#organization","name":"Turismo em Bariloche","url":"https:\/\/turismobariloche.ar\/","logo":{"@type":"ImageObject","inLanguage":"pt-BR","@id":"https:\/\/turismobariloche.ar\/#\/schema\/logo\/image\/","url":"https:\/\/turismobariloche.ar\/wp-content\/uploads\/2025\/10\/LOGO-TURISMO-BARILOCHE-bco-SF-03-1-1.png","contentUrl":"https:\/\/turismobariloche.ar\/wp-content\/uploads\/2025\/10\/LOGO-TURISMO-BARILOCHE-bco-SF-03-1-1.png","width":1735,"height":774,"caption":"Turismo Bariloche"},"image":{"@id":"https:\/\/turismobariloche.ar\/#\/schema\/logo\/image\/"}}]}},"_links":{"self":[{"href":"https:\/\/turismobariloche.ar\/pt\/wp-json\/wp\/v2\/product\/89","targetHints":{"allow":["GET"]}}],"collection":[{"href":"https:\/\/turismobariloche.ar\/pt\/wp-json\/wp\/v2\/product"}],"about":[{"href":"https:\/\/turismobariloche.ar\/pt\/wp-json\/wp\/v2\/types\/product"}],"replies":[{"embeddable":true,"href":"https:\/\/turismobariloche.ar\/pt\/wp-json\/wp\/v2\/comments?post=89"}],"wp:featuredmedia":[{"embeddable":true,"href":"https:\/\/turismobariloche.ar\/pt\/wp-json\/wp\/v2\/media\/1323"}],"wp:attachment":[{"href":"https:\/\/turismobariloche.ar\/pt\/wp-json\/wp\/v2\/media?parent=89"}],"wp:term":[{"taxonomy":"product_brand","embeddable":true,"href":"https:\/\/turismobariloche.ar\/pt\/wp-json\/wp\/v2\/product_brand?post=89"},{"taxonomy":"product_cat","embeddable":true,"href":"https:\/\/turismobariloche.ar\/pt\/wp-json\/wp\/v2\/product_cat?post=89"},{"taxonomy":"product_tag","embeddable":true,"href":"https:\/\/turismobariloche.ar\/pt\/wp-json\/wp\/v2\/product_tag?post=89"}],"curies":[{"name":"wp","href":"https:\/\/api.w.org\/{rel}","templated":true}]}}