{"id":85,"date":"2025-04-17T17:07:38","date_gmt":"2025-04-17T20:07:38","guid":{"rendered":"https:\/\/turismobariloche.ar\/?post_type=product&#038;p=85"},"modified":"2026-04-09T09:20:10","modified_gmt":"2026-04-09T12:20:10","slug":"cerro-tronador-ventisquero-negro","status":"publish","type":"product","link":"https:\/\/turismobariloche.ar\/pt\/product\/cerro-tronador-black-snowdrift\/","title":{"rendered":"Excurs\u00e3o ao Cerro Tronador: natureza de tirar o f\u00f4lego e um dia cheio de paisagens"},"content":{"rendered":"<h3 data-start=\"452\" data-end=\"554\"><strong data-start=\"456\" data-end=\"554\">Um passeio completo para conhecer um dos \u00edcones naturais mais impressionantes da Patag\u00f4nia.<\/strong><\/h3>\n<p data-start=\"556\" data-end=\"878\">Se estiver procurando uma viagem de um dia inteiro em que possa apreciar as montanhas, os lagos e as paisagens inesquec\u00edveis, essa excurs\u00e3o \u00e9 ideal. Os <strong data-start=\"692\" data-end=\"710\">Serra do Tronador<\/strong> \u00e9 a mais alta do Parque Nacional Nahuel Huapi e est\u00e1 cercada por incr\u00edveis cart\u00f5es postais: florestas, geleiras, cachoeiras e mirantes que o surpreender\u00e3o a cada parada.<\/p>\n<p data-start=\"880\" data-end=\"1268\">A viagem come\u00e7a em pontos de encontro pr\u00f3ximos \u00e0 sua acomoda\u00e7\u00e3o (entre o centro de Bariloche e o km 8 da Av. Bustillo ou Av. Pioneros). Ao longo do caminho, fazemos fronteira com a <strong data-start=\"1059\" data-end=\"1089\">lagos Guti\u00e9rrez e Mascardi<\/strong>, Paramos para descansar, tirar fotos e apreciar os arredores. Visitamos lugares como <strong data-start=\"1188\" data-end=\"1203\">Praia Negra<\/strong>, o <strong data-start=\"1208\" data-end=\"1231\">Camping Los R\u00e1pidos<\/strong> e o <strong data-start=\"1237\" data-end=\"1267\">Mirante da Ilha do Cora\u00e7\u00e3o<\/strong>.<\/p>\n<p data-start=\"1270\" data-end=\"1546\">O momento mais esperado chega em <strong data-start=\"1303\" data-end=\"1324\">Neve Negra<\/strong>, Uma geleira \u00fanica que desce do cume do Tronador com uma cor escura que a torna diferente de tudo o que voc\u00ea j\u00e1 viu. L\u00e1 voc\u00ea ter\u00e1 tempo para caminhar, tirar fotos e apreciar a imensid\u00e3o da montanha.<\/p>\n<p data-start=\"1548\" data-end=\"1685\">Mais tarde, fazemos uma pausa em <strong data-start=\"1580\" data-end=\"1595\">Pampa Linda<\/strong>, Voc\u00ea pode almo\u00e7ar em um dos paradores locais e relaxar antes de voltar.<\/p>\n<p data-start=\"1687\" data-end=\"1849\">O passeio vai das 9:00 \u00e0s 18:30 e inclui transporte e guia que fala ingl\u00eas. N\u00e3o inclui refei\u00e7\u00f5es nem a taxa de entrada no Parque Nacional, que \u00e9 paga separadamente.<\/p>\n<h3 data-start=\"1856\" data-end=\"1884\"><strong data-start=\"1860\" data-end=\"1884\">Perguntas frequentes<\/strong><\/h3>\n<p data-start=\"1886\" data-end=\"2028\"><strong data-start=\"1886\" data-end=\"1915\">A excurs\u00e3o \u00e9 dif\u00edcil?<\/strong><br data-start=\"1915\" data-end=\"1918\" \/>N\u00e3o. \u00c9 um passeio de ve\u00edculo, com caminhadas curtas e acess\u00edveis. Adequado para adultos, crian\u00e7as e idosos.<\/p>\n<p data-start=\"2030\" data-end=\"2152\"><strong data-start=\"2030\" data-end=\"2059\">Onde voc\u00ea pode almo\u00e7ar?<\/strong><br data-start=\"2059\" data-end=\"2062\" \/>Em Pampa Linda, h\u00e1 pousadas onde voc\u00ea pode escolher entre diferentes op\u00e7\u00f5es de card\u00e1pio regional.<\/p>\n<p data-start=\"2154\" data-end=\"2279\"><strong data-start=\"2154\" data-end=\"2179\">O que eu preciso levar?<\/strong><br data-start=\"2179\" data-end=\"2182\" \/>Roupas confort\u00e1veis, roupas quentes, cal\u00e7ados adequados para caminhada, garrafa de \u00e1gua e dinheiro.<\/p>\n<p data-start=\"2281\" data-end=\"2396\"><strong data-start=\"2281\" data-end=\"2321\">A taxa de entrada no parque est\u00e1 inclu\u00edda?<\/strong><br data-start=\"2321\" data-end=\"2324\" \/>N\u00e3o. Voc\u00ea paga diretamente na entrada do Parque Nacional Nahuel Huapi.<\/p>","protected":false},"excerpt":{"rendered":"<p>Experimente a fus\u00e3o perfeita entre natureza e aventura na Patag\u00f4nia. Descubra paisagens \u00fanicas com o majestoso Cerro Tronador e o enigm\u00e1tico Ventisquero Negro, em uma excurs\u00e3o projetada para oferecer exclusividade e conforto.<\/p>","protected":false},"featured_media":1248,"comment_status":"open","ping_status":"closed","template":"","meta":[],"product_brand":[],"product_cat":[72,79,73,119,75,76,32,51],"product_tag":[],"class_list":{"0":"post-85","1":"product","2":"type-product","3":"status-publish","4":"has-post-thumbnail","6":"product_cat-adultos","7":"product_cat-con-traslado","8":"product_cat-familia","9":"product_cat-jubilados","10":"product_cat-ninos","11":"product_cat-sin-comida","12":"product_cat-terrestre","13":"product_cat-todo-el-ano","15":"first","16":"instock","17":"virtual","18":"sold-individually","19":"purchasable","20":"product-type-booking"},"booking_location":"","booking_location_type":"","booking_duration":1,"booking_duration_unit":"hour","booking_buffer":0,"booking_cost":0,"booking_resources":[],"exclude_global_add_ons":false,"addons":[{"name":"STD: Passageiros","type":"input_multiplier","position":0,"required":false,"title_format":"label","default":"","description_enable":false,"description":"","placeholder_enable":false,"placeholder":"","display":"select","restrictions_type":"any_text","adjust_price":true,"price":"59400","price_type":"quantity_based","restrictions":false,"min":"0","max":"0","options":[],"id":1773237140}],"yoast_head":"<!-- This site is optimized with the Yoast SEO Premium plugin v26.4 (Yoast SEO v26.4) - https:\/\/yoast.com\/wordpress\/plugins\/seo\/ -->\n<title>Cerro Tronador y Ventisquero Negro | Excursi\u00f3n en Bariloche - Turismo Bariloche<\/title>\n<meta name=\"description\" content=\"Excursi\u00f3n al Cerro Tronador y Ventisquero Negro en Bariloche. Naturaleza, glaciares y paisajes \u00fanicos en una salida guiada de d\u00eda completo.\" \/>\n<meta name=\"robots\" content=\"index, follow, max-snippet:-1, max-image-preview:large, max-video-preview:-1\" \/>\n<link rel=\"canonical\" href=\"https:\/\/turismobariloche.ar\/pt\/product\/cerro-tronador-black-snowdrift\/\" \/>\n<meta property=\"og:locale\" content=\"pt_BR\" \/>\n<meta property=\"og:type\" content=\"article\" \/>\n<meta property=\"og:title\" content=\"Excursi\u00f3n al Cerro Tronador: naturaleza imponente y un d\u00eda lleno de paisajes\" \/>\n<meta property=\"og:description\" content=\"Excursi\u00f3n al Cerro Tronador y Ventisquero Negro en Bariloche. Naturaleza, glaciares y paisajes \u00fanicos en una salida guiada de d\u00eda completo.\" \/>\n<meta property=\"og:url\" content=\"https:\/\/turismobariloche.ar\/pt\/product\/cerro-tronador-black-snowdrift\/\" \/>\n<meta property=\"og:site_name\" content=\"Turismo Bariloche\" \/>\n<meta property=\"article:modified_time\" content=\"2026-04-09T12:20:10+00:00\" \/>\n<meta property=\"og:image\" content=\"https:\/\/turismobariloche.ar\/wp-content\/uploads\/2025\/04\/2-D-20211028_144033-scaled.jpg\" \/>\n\t<meta property=\"og:image:width\" content=\"1920\" \/>\n\t<meta property=\"og:image:height\" content=\"2560\" \/>\n\t<meta property=\"og:image:type\" content=\"image\/jpeg\" \/>\n<meta name=\"twitter:card\" content=\"summary_large_image\" \/>\n<meta name=\"twitter:label1\" content=\"Est. tempo de leitura\" \/>\n\t<meta name=\"twitter:data1\" content=\"2 minutos\" \/>\n<script type=\"application\/ld+json\" class=\"yoast-schema-graph\">{\"@context\":\"https:\/\/schema.org\",\"@graph\":[{\"@type\":\"WebPage\",\"@id\":\"https:\/\/turismobariloche.ar\/product\/cerro-tronador-ventisquero-negro\/\",\"url\":\"https:\/\/turismobariloche.ar\/product\/cerro-tronador-ventisquero-negro\/\",\"name\":\"Cerro Tronador y Ventisquero Negro | Excursi\u00f3n en Bariloche - Turismo Bariloche\",\"isPartOf\":{\"@id\":\"https:\/\/turismobariloche.ar\/#website\"},\"primaryImageOfPage\":{\"@id\":\"https:\/\/turismobariloche.ar\/product\/cerro-tronador-ventisquero-negro\/#primaryimage\"},\"image\":{\"@id\":\"https:\/\/turismobariloche.ar\/product\/cerro-tronador-ventisquero-negro\/#primaryimage\"},\"thumbnailUrl\":\"https:\/\/turismobariloche.ar\/wp-content\/uploads\/2025\/04\/2-D-20211028_144033-scaled.jpg\",\"datePublished\":\"2025-04-17T20:07:38+00:00\",\"dateModified\":\"2026-04-09T12:20:10+00:00\",\"description\":\"Excursi\u00f3n al Cerro Tronador y Ventisquero Negro en Bariloche. Naturaleza, glaciares y paisajes \u00fanicos en una salida guiada de d\u00eda completo.\",\"breadcrumb\":{\"@id\":\"https:\/\/turismobariloche.ar\/product\/cerro-tronador-ventisquero-negro\/#breadcrumb\"},\"inLanguage\":\"pt-BR\",\"potentialAction\":[{\"@type\":\"ReadAction\",\"target\":[\"https:\/\/turismobariloche.ar\/product\/cerro-tronador-ventisquero-negro\/\"]}]},{\"@type\":\"ImageObject\",\"inLanguage\":\"pt-BR\",\"@id\":\"https:\/\/turismobariloche.ar\/product\/cerro-tronador-ventisquero-negro\/#primaryimage\",\"url\":\"https:\/\/turismobariloche.ar\/wp-content\/uploads\/2025\/04\/2-D-20211028_144033-scaled.jpg\",\"contentUrl\":\"https:\/\/turismobariloche.ar\/wp-content\/uploads\/2025\/04\/2-D-20211028_144033-scaled.jpg\",\"width\":1920,\"height\":2560},{\"@type\":\"BreadcrumbList\",\"@id\":\"https:\/\/turismobariloche.ar\/product\/cerro-tronador-ventisquero-negro\/#breadcrumb\",\"itemListElement\":[{\"@type\":\"ListItem\",\"position\":1,\"name\":\"Home\",\"item\":\"https:\/\/turismobariloche.ar\/\"},{\"@type\":\"ListItem\",\"position\":2,\"name\":\"Lista de excursiones\",\"item\":\"https:\/\/turismobariloche.ar\/shop\/\"},{\"@type\":\"ListItem\",\"position\":3,\"name\":\"Excursi\u00f3n al Cerro Tronador: naturaleza imponente y un d\u00eda lleno de paisajes\"}]},{\"@type\":\"WebSite\",\"@id\":\"https:\/\/turismobariloche.ar\/#website\",\"url\":\"https:\/\/turismobariloche.ar\/\",\"name\":\"Turismo Bariloche\",\"description\":\"Actividades recreativas en San Carlos de Bariloche\",\"publisher\":{\"@id\":\"https:\/\/turismobariloche.ar\/#organization\"},\"potentialAction\":[{\"@type\":\"SearchAction\",\"target\":{\"@type\":\"EntryPoint\",\"urlTemplate\":\"https:\/\/turismobariloche.ar\/?s={search_term_string}\"},\"query-input\":{\"@type\":\"PropertyValueSpecification\",\"valueRequired\":true,\"valueName\":\"search_term_string\"}}],\"inLanguage\":\"pt-BR\"},{\"@type\":\"Organization\",\"@id\":\"https:\/\/turismobariloche.ar\/#organization\",\"name\":\"Turismo Bariloche\",\"url\":\"https:\/\/turismobariloche.ar\/\",\"logo\":{\"@type\":\"ImageObject\",\"inLanguage\":\"pt-BR\",\"@id\":\"https:\/\/turismobariloche.ar\/#\/schema\/logo\/image\/\",\"url\":\"https:\/\/turismobariloche.ar\/wp-content\/uploads\/2025\/10\/LOGO-TURISMO-BARILOCHE-bco-SF-03-1-1.png\",\"contentUrl\":\"https:\/\/turismobariloche.ar\/wp-content\/uploads\/2025\/10\/LOGO-TURISMO-BARILOCHE-bco-SF-03-1-1.png\",\"width\":1735,\"height\":774,\"caption\":\"Turismo Bariloche\"},\"image\":{\"@id\":\"https:\/\/turismobariloche.ar\/#\/schema\/logo\/image\/\"}}]}<\/script>\n<!-- \/ Yoast SEO Premium plugin. -->","yoast_head_json":{"title":"Cerro Tronador e Ventisquero Negro - Excurs\u00e3o em Bariloche - Turismo Bariloche","description":"Excurs\u00e3o ao Cerro Tronador e Ventisquero Negro em Bariloche. Natureza, geleiras e paisagens \u00fanicas em uma excurs\u00e3o guiada de dia inteiro.","robots":{"index":"index","follow":"follow","max-snippet":"max-snippet:-1","max-image-preview":"max-image-preview:large","max-video-preview":"max-video-preview:-1"},"canonical":"https:\/\/turismobariloche.ar\/pt\/product\/cerro-tronador-black-snowdrift\/","og_locale":"pt_BR","og_type":"article","og_title":"Excursi\u00f3n al Cerro Tronador: naturaleza imponente y un d\u00eda lleno de paisajes","og_description":"Excursi\u00f3n al Cerro Tronador y Ventisquero Negro en Bariloche. Naturaleza, glaciares y paisajes \u00fanicos en una salida guiada de d\u00eda completo.","og_url":"https:\/\/turismobariloche.ar\/pt\/product\/cerro-tronador-black-snowdrift\/","og_site_name":"Turismo Bariloche","article_modified_time":"2026-04-09T12:20:10+00:00","og_image":[{"width":1920,"height":2560,"url":"https:\/\/turismobariloche.ar\/wp-content\/uploads\/2025\/04\/2-D-20211028_144033-scaled.jpg","type":"image\/jpeg"}],"twitter_card":"summary_large_image","twitter_misc":{"Est. tempo de leitura":"2 minutos"},"schema":{"@context":"https:\/\/schema.org","@graph":[{"@type":"WebPage","@id":"https:\/\/turismobariloche.ar\/product\/cerro-tronador-ventisquero-negro\/","url":"https:\/\/turismobariloche.ar\/product\/cerro-tronador-ventisquero-negro\/","name":"Cerro Tronador e Ventisquero Negro - Excurs\u00e3o em Bariloche - Turismo Bariloche","isPartOf":{"@id":"https:\/\/turismobariloche.ar\/#website"},"primaryImageOfPage":{"@id":"https:\/\/turismobariloche.ar\/product\/cerro-tronador-ventisquero-negro\/#primaryimage"},"image":{"@id":"https:\/\/turismobariloche.ar\/product\/cerro-tronador-ventisquero-negro\/#primaryimage"},"thumbnailUrl":"https:\/\/turismobariloche.ar\/wp-content\/uploads\/2025\/04\/2-D-20211028_144033-scaled.jpg","datePublished":"2025-04-17T20:07:38+00:00","dateModified":"2026-04-09T12:20:10+00:00","description":"Excurs\u00e3o ao Cerro Tronador e Ventisquero Negro em Bariloche. Natureza, geleiras e paisagens \u00fanicas em uma excurs\u00e3o guiada de dia inteiro.","breadcrumb":{"@id":"https:\/\/turismobariloche.ar\/product\/cerro-tronador-ventisquero-negro\/#breadcrumb"},"inLanguage":"pt-BR","potentialAction":[{"@type":"ReadAction","target":["https:\/\/turismobariloche.ar\/product\/cerro-tronador-ventisquero-negro\/"]}]},{"@type":"ImageObject","inLanguage":"pt-BR","@id":"https:\/\/turismobariloche.ar\/product\/cerro-tronador-ventisquero-negro\/#primaryimage","url":"https:\/\/turismobariloche.ar\/wp-content\/uploads\/2025\/04\/2-D-20211028_144033-scaled.jpg","contentUrl":"https:\/\/turismobariloche.ar\/wp-content\/uploads\/2025\/04\/2-D-20211028_144033-scaled.jpg","width":1920,"height":2560},{"@type":"BreadcrumbList","@id":"https:\/\/turismobariloche.ar\/product\/cerro-tronador-ventisquero-negro\/#breadcrumb","itemListElement":[{"@type":"ListItem","position":1,"name":"Home","item":"https:\/\/turismobariloche.ar\/"},{"@type":"ListItem","position":2,"name":"Lista de excursiones","item":"https:\/\/turismobariloche.ar\/shop\/"},{"@type":"ListItem","position":3,"name":"Excursi\u00f3n al Cerro Tronador: naturaleza imponente y un d\u00eda lleno de paisajes"}]},{"@type":"WebSite","@id":"https:\/\/turismobariloche.ar\/#website","url":"https:\/\/turismobariloche.ar\/","name":"Turismo em Bariloche","description":"Atividades recreativas em San Carlos de Bariloche","publisher":{"@id":"https:\/\/turismobariloche.ar\/#organization"},"potentialAction":[{"@type":"SearchAction","target":{"@type":"EntryPoint","urlTemplate":"https:\/\/turismobariloche.ar\/?s={search_term_string}"},"query-input":{"@type":"PropertyValueSpecification","valueRequired":true,"valueName":"search_term_string"}}],"inLanguage":"pt-BR"},{"@type":"Organization","@id":"https:\/\/turismobariloche.ar\/#organization","name":"Turismo em Bariloche","url":"https:\/\/turismobariloche.ar\/","logo":{"@type":"ImageObject","inLanguage":"pt-BR","@id":"https:\/\/turismobariloche.ar\/#\/schema\/logo\/image\/","url":"https:\/\/turismobariloche.ar\/wp-content\/uploads\/2025\/10\/LOGO-TURISMO-BARILOCHE-bco-SF-03-1-1.png","contentUrl":"https:\/\/turismobariloche.ar\/wp-content\/uploads\/2025\/10\/LOGO-TURISMO-BARILOCHE-bco-SF-03-1-1.png","width":1735,"height":774,"caption":"Turismo Bariloche"},"image":{"@id":"https:\/\/turismobariloche.ar\/#\/schema\/logo\/image\/"}}]}},"_links":{"self":[{"href":"https:\/\/turismobariloche.ar\/pt\/wp-json\/wp\/v2\/product\/85","targetHints":{"allow":["GET"]}}],"collection":[{"href":"https:\/\/turismobariloche.ar\/pt\/wp-json\/wp\/v2\/product"}],"about":[{"href":"https:\/\/turismobariloche.ar\/pt\/wp-json\/wp\/v2\/types\/product"}],"replies":[{"embeddable":true,"href":"https:\/\/turismobariloche.ar\/pt\/wp-json\/wp\/v2\/comments?post=85"}],"wp:featuredmedia":[{"embeddable":true,"href":"https:\/\/turismobariloche.ar\/pt\/wp-json\/wp\/v2\/media\/1248"}],"wp:attachment":[{"href":"https:\/\/turismobariloche.ar\/pt\/wp-json\/wp\/v2\/media?parent=85"}],"wp:term":[{"taxonomy":"product_brand","embeddable":true,"href":"https:\/\/turismobariloche.ar\/pt\/wp-json\/wp\/v2\/product_brand?post=85"},{"taxonomy":"product_cat","embeddable":true,"href":"https:\/\/turismobariloche.ar\/pt\/wp-json\/wp\/v2\/product_cat?post=85"},{"taxonomy":"product_tag","embeddable":true,"href":"https:\/\/turismobariloche.ar\/pt\/wp-json\/wp\/v2\/product_tag?post=85"}],"curies":[{"name":"wp","href":"https:\/\/api.w.org\/{rel}","templated":true}]}}