{"id":84,"date":"2025-04-17T17:07:25","date_gmt":"2025-04-17T20:07:25","guid":{"rendered":"https:\/\/turismobariloche.ar\/?post_type=product&#038;p=84"},"modified":"2026-05-05T09:58:31","modified_gmt":"2026-05-05T12:58:31","slug":"bolson-y-lago-puelo","status":"publish","type":"product","link":"https:\/\/turismobariloche.ar\/pt\/product\/bolson-e-lago-puelo\/","title":{"rendered":"Excurs\u00e3o a El Bols\u00f3n e Lago Puelo: tradi\u00e7\u00e3o, natureza e cultura patag\u00f4nica para toda a fam\u00edlia"},"content":{"rendered":"<h3 data-start=\"476\" data-end=\"577\"><strong data-start=\"480\" data-end=\"577\">Uma escapada completa pelas paisagens andinas, vilarejos hist\u00f3ricos e lagos cristalinos.<\/strong><\/h3>\n<p data-start=\"579\" data-end=\"880\">\u00c0s ter\u00e7as, quintas ou s\u00e1bados, n\u00f3s o convidamos a viver uma experi\u00eancia diferente saindo de Bariloche pela emblem\u00e1tica Rota Nacional 40. Essa excurs\u00e3o combina o melhor do turismo c\u00eanico com a cultura regional, ideal para fam\u00edlias, casais ou grupos que desejam explorar em um ritmo tranquilo.<\/p>\n<p data-start=\"882\" data-end=\"1281\">O passeio come\u00e7a de manh\u00e3 cedo, atravessando algumas das paisagens mais caracter\u00edsticas do Parque Nacional Nahuel Huapi, com vistas do Lago Guti\u00e9rrez, Mascardi e Guillelmo. A primeira parada \u00e9 em <strong data-start=\"1094\" data-end=\"1107\">El Bols\u00f3n<\/strong>, A pitoresca vila \u00e9 conhecida por sua famosa feira de artesanato, produtos regionais, como frutas e doces finos, e uma atmosfera descontra\u00edda que o convida a caminhar e descobrir.<\/p>\n<p data-start=\"1283\" data-end=\"1554\">Mais adiante, a jornada continua em dire\u00e7\u00e3o \u00e0 <strong data-start=\"1324\" data-end=\"1354\">Parque Nacional Lago Puelo<\/strong>, Na prov\u00edncia de Chubut, onde o protagonista \u00e9 um lago cor de esmeralda cercado por colinas. \u00c9 o lugar ideal para descansar, tirar fotos, aproveitar o ar fresco e se conectar com a natureza.<\/p>\n<p data-start=\"1556\" data-end=\"1870\">O passeio inclui transporte terrestre e guia que fala ingl\u00eas durante todo o passeio. Voc\u00ea tamb\u00e9m pode solicitar um guia bil\u00edngue por um custo adicional. N\u00e3o inclui refei\u00e7\u00f5es nem a taxa de entrada no parque, que deve ser paga na chegada. A atividade \u00e9 realizada em todas as condi\u00e7\u00f5es clim\u00e1ticas, portanto, recomendamos que voc\u00ea traga um casaco quente e cal\u00e7ados confort\u00e1veis.<\/p>\n<h3 data-start=\"1877\" data-end=\"1905\"><strong data-start=\"1881\" data-end=\"1905\">Perguntas frequentes<\/strong><\/h3>\n<p data-start=\"1907\" data-end=\"2048\"><strong data-start=\"1907\" data-end=\"1930\">O que est\u00e1 inclu\u00eddo?<\/strong><br data-start=\"1930\" data-end=\"1933\" \/>Inclui transporte de ida e volta de Bariloche e guia tur\u00edstico que fala espanhol. Solicite a op\u00e7\u00e3o com guia bil\u00edngue.<\/p>\n<p data-start=\"2050\" data-end=\"2221\"><strong data-start=\"2050\" data-end=\"2084\">Isso acontece quando chove ou neva?<\/strong><br data-start=\"2084\" data-end=\"2087\" \/>Sim, a viagem n\u00e3o foi cancelada. O clima na Patag\u00f4nia pode mudar, por isso \u00e9 importante estar preparado com abrigo adequado.<\/p>\n<p data-start=\"2223\" data-end=\"2348\"><strong data-start=\"2223\" data-end=\"2253\">Qual \u00e9 a dura\u00e7\u00e3o do passeio?<\/strong><br data-start=\"2253\" data-end=\"2256\" \/>\u00c9 um dia inteiro, com sa\u00edda por volta das 8h30min e retorno \u00e0s 18h30min.<\/p>\n<p data-start=\"2350\" data-end=\"2492\"><strong data-start=\"2350\" data-end=\"2399\">A taxa de entrada no Parque Nacional est\u00e1 inclu\u00edda?<\/strong><br data-start=\"2399\" data-end=\"2402\" \/>N\u00e3o. O ingresso \u00e9 pago no local, diretamente por cada passageiro.<\/p>","protected":false},"excerpt":{"rendered":"<p>Descubra os encantos de Bols\u00f3n e do Lago Puelo em uma excurs\u00e3o \u00fanica que combina paisagens espetaculares, cultura local e a magia da Patag\u00f4nia. Uma oportunidade imperd\u00edvel para quem busca aventura, exclusividade e conforto.<\/p>","protected":false},"featured_media":3978,"comment_status":"open","ping_status":"closed","template":"","meta":[],"product_brand":[],"product_cat":[72,79,73,75,76,32,51],"product_tag":[],"class_list":{"0":"post-84","1":"product","2":"type-product","3":"status-publish","4":"has-post-thumbnail","6":"product_cat-adultos","7":"product_cat-con-traslado","8":"product_cat-familia","9":"product_cat-ninos","10":"product_cat-sin-comida","11":"product_cat-terrestre","12":"product_cat-todo-el-ano","14":"first","15":"instock","16":"virtual","17":"sold-individually","18":"purchasable","19":"product-type-booking"},"booking_location":"","booking_location_type":"","booking_duration":1,"booking_duration_unit":"hour","booking_buffer":0,"booking_cost":0,"booking_resources":[],"exclude_global_add_ons":false,"addons":[{"name":"STD: Passageiros","type":"input_multiplier","position":0,"required":false,"title_format":"label","default":"","description_enable":false,"description":"","placeholder_enable":false,"placeholder":"","display":"select","restrictions_type":"any_text","adjust_price":true,"price":"59400","price_type":"flat_fee","restrictions":false,"min":"0","max":"0","options":[],"id":1773237174}],"_links":{"self":[{"href":"https:\/\/turismobariloche.ar\/pt\/wp-json\/wp\/v2\/product\/84","targetHints":{"allow":["GET"]}}],"collection":[{"href":"https:\/\/turismobariloche.ar\/pt\/wp-json\/wp\/v2\/product"}],"about":[{"href":"https:\/\/turismobariloche.ar\/pt\/wp-json\/wp\/v2\/types\/product"}],"replies":[{"embeddable":true,"href":"https:\/\/turismobariloche.ar\/pt\/wp-json\/wp\/v2\/comments?post=84"}],"wp:featuredmedia":[{"embeddable":true,"href":"https:\/\/turismobariloche.ar\/pt\/wp-json\/wp\/v2\/media\/3978"}],"wp:attachment":[{"href":"https:\/\/turismobariloche.ar\/pt\/wp-json\/wp\/v2\/media?parent=84"}],"wp:term":[{"taxonomy":"product_brand","embeddable":true,"href":"https:\/\/turismobariloche.ar\/pt\/wp-json\/wp\/v2\/product_brand?post=84"},{"taxonomy":"product_cat","embeddable":true,"href":"https:\/\/turismobariloche.ar\/pt\/wp-json\/wp\/v2\/product_cat?post=84"},{"taxonomy":"product_tag","embeddable":true,"href":"https:\/\/turismobariloche.ar\/pt\/wp-json\/wp\/v2\/product_tag?post=84"}],"curies":[{"name":"wp","href":"https:\/\/api.w.org\/{rel}","templated":true}]}}