{"id":82,"date":"2025-04-17T17:06:57","date_gmt":"2025-04-17T20:06:57","guid":{"rendered":"https:\/\/turismobariloche.ar\/?post_type=product&#038;p=82"},"modified":"2026-04-10T11:18:05","modified_gmt":"2026-04-10T14:18:05","slug":"la-cueva-travesia-moto-nieve-cuatriciclos-sin-traslado","status":"publish","type":"product","link":"https:\/\/turismobariloche.ar\/pt\/product\/la-cueva-passeio-de-snowmobile-quadriciclo-sem-traslado\/","title":{"rendered":"Aventura diurna em La Cueva: passeios de snowmobile e quadriciclo para as fam\u00edlias se divertirem - Sem traslados"},"content":{"rendered":"<h3 data-start=\"319\" data-end=\"367\">Natureza, aventura e divers\u00e3o na neve<\/h3>\n<p data-start=\"369\" data-end=\"665\">Uma experi\u00eancia diferente para viver o inverno em Bariloche. Esse passeio guiado pela neve permite que fam\u00edlias e grupos percorram os bosques nevados do Cerro Catedral em quadriciclos e motos de neve, desfrutando de paisagens \u00fanicas em um circuito especialmente projetado para todos os n\u00edveis.<\/p>\n<p data-start=\"667\" data-end=\"762\">Ideal para quem est\u00e1 procurando uma atividade organizada, segura e diferente para compartilhar com um grupo.<\/p>\n<h3 data-start=\"769\" data-end=\"799\">O que est\u00e1 inclu\u00eddo nesta atividade<\/h3>\n<ul data-start=\"801\" data-end=\"1168\">\n<li data-start=\"801\" data-end=\"917\">\n<p data-start=\"803\" data-end=\"917\">Uma rota de 7 quil\u00f4metros por florestas, riachos e mirantes naturais com vistas incr\u00edveis da Patag\u00f4nia nevada.<\/p>\n<\/li>\n<li data-start=\"918\" data-end=\"1011\">\n<p data-start=\"920\" data-end=\"1011\">Ve\u00edculos adequados para duas pessoas (snowmobiles e quadriciclos), adaptados a todos os p\u00fablicos.<\/p>\n<\/li>\n<li data-start=\"1012\" data-end=\"1084\">\n<p data-start=\"1014\" data-end=\"1084\">Guias especializados que acompanham e ajudam voc\u00ea durante toda a viagem.<\/p>\n<\/li>\n<li data-start=\"1085\" data-end=\"1168\">\n<p data-start=\"1087\" data-end=\"1168\">Um passeio de 50 minutos, com paradas estrat\u00e9gicas para apreciar a paisagem.<\/p>\n<\/li>\n<\/ul>\n<p data-start=\"1170\" data-end=\"1271\"><strong data-start=\"1170\" data-end=\"1185\">Importante:<\/strong> Essa op\u00e7\u00e3o n\u00e3o inclui traslado. O ponto de partida \u00e9 a base do Cerro Catedral.<\/p>\n<h3 data-start=\"1278\" data-end=\"1302\">Informa\u00e7\u00f5es pr\u00e1ticas<\/h3>\n<p data-start=\"1304\" data-end=\"1705\"><strong data-start=\"1304\" data-end=\"1329\">Hor\u00e1rios dispon\u00edveis:<\/strong> 9:45, 11:00, 12:15 y 13:30<br data-start=\"1356\" data-end=\"1359\" \/><strong data-start=\"1359\" data-end=\"1388\">Dura\u00e7\u00e3o da atividade:<\/strong> Aproximadamente 50 minutos<br data-start=\"1415\" data-end=\"1418\" \/><strong data-start=\"1418\" data-end=\"1441\">Ponto de encontro:<\/strong> Base do Cerro Catedral (os passageiros chegam por conta pr\u00f3pria)<br data-start=\"1506\" data-end=\"1509\" \/><strong data-start=\"1509\" data-end=\"1521\">Ele inclui:<\/strong> Guias profissionais, ve\u00edculos e visitas guiadas.<br data-start=\"1572\" data-end=\"1575\" \/><strong data-start=\"1575\" data-end=\"1590\">N\u00e3o inclu\u00eddo:<\/strong> Transporte, refei\u00e7\u00f5es e roupas para neve.<br data-start=\"1626\" data-end=\"1629\" \/><strong data-start=\"1629\" data-end=\"1643\">Temporada:<\/strong> Dispon\u00edvel a partir de 15 de junho, durante o per\u00edodo de neve.<\/p>\n<h3 data-start=\"1712\" data-end=\"1736\">Perguntas frequentes<\/h3>\n<p data-start=\"1738\" data-end=\"1889\"><strong data-start=\"1738\" data-end=\"1781\">\u00c9 uma atividade segura para as fam\u00edlias?<\/strong><br data-start=\"1781\" data-end=\"1784\" \/>Sim, o passeio \u00e9 adequado para fam\u00edlias e grupos de todas as idades, com guias presentes o tempo todo.<\/p>\n<p data-start=\"1891\" data-end=\"2006\"><strong data-start=\"1891\" data-end=\"1927\">\u00c9 necess\u00e1rio ter experi\u00eancia anterior?<\/strong><br data-start=\"1927\" data-end=\"1930\" \/>N\u00e3o. Os guias fornecem instru\u00e7\u00f5es pr\u00e9vias sobre como operar os ve\u00edculos.<\/p>\n<p data-start=\"2008\" data-end=\"2116\"><strong data-start=\"2008\" data-end=\"2041\">Onde a atividade come\u00e7a?<\/strong><br data-start=\"2041\" data-end=\"2044\" \/>Na base do Cerro Catedral, onde est\u00e1 localizado o ponto de encontro.<\/p>\n<p data-start=\"2118\" data-end=\"2228\"><strong data-start=\"2118\" data-end=\"2167\">\u00c9 poss\u00edvel alugar roupas para neve no local?<\/strong><br data-start=\"2167\" data-end=\"2170\" \/>N\u00e3o. Recomendamos chegar com roupas t\u00e9rmicas adequadas.<\/p>\n<p data-start=\"2118\" data-end=\"2228\"><strong>Aviso importante<\/strong>Este passeio j\u00e1 est\u00e1 dispon\u00edvel para pr\u00e9-reserva. As sa\u00eddas operam de 15 de junho a 20 de agosto, sujeitas ao calend\u00e1rio sazonal.<\/p>","protected":false},"excerpt":{"rendered":"<p data-start=\"2442\" data-end=\"2650\">Passeio em fam\u00edlia em motos de neve e quadriciclos em La Cueva. Sem traslado, sa\u00edda do Cerro Catedral. Aventura segura para aproveitar a neve em Bariloche.<\/p>","protected":false},"featured_media":1261,"comment_status":"open","ping_status":"closed","template":"","meta":[],"product_brand":[],"product_cat":[72,73,23,75,76,32],"product_tag":[],"class_list":{"0":"post-82","1":"product","2":"type-product","3":"status-publish","4":"has-post-thumbnail","6":"product_cat-adultos","7":"product_cat-familia","8":"product_cat-invierno","9":"product_cat-ninos","10":"product_cat-sin-comida","11":"product_cat-terrestre","13":"first","14":"instock","15":"virtual","16":"sold-individually","17":"purchasable","18":"product-type-booking"},"booking_location":"","booking_location_type":"","booking_duration":1,"booking_duration_unit":"hour","booking_buffer":0,"booking_cost":0,"booking_resources":[],"exclude_global_add_ons":false,"addons":[{"name":"ADU: Adulto","type":"input_multiplier","position":0,"required":false,"title_format":"label","default":"","description_enable":false,"description":"","placeholder_enable":false,"placeholder":"","display":"select","restrictions_type":"any_text","adjust_price":true,"price":"180000","price_type":"quantity_based","restrictions":false,"min":"0","max":"0","options":[],"id":1775735542}],"yoast_head":"<!-- This site is optimized with the Yoast SEO Premium plugin v26.4 (Yoast SEO v26.4) - https:\/\/yoast.com\/wordpress\/plugins\/seo\/ -->\n<title>Aventura Diurna en La Cueva: Traves\u00eda en Motos de Nieve y Cuatriciclos para disfrutar en familias-Sin traslado - Turismo Bariloche<\/title>\n<meta name=\"description\" content=\"Actividad familiar en La Cueva Bariloche. Traves\u00eda diurna en motos de nieve y cuatriciclos, sin traslado. Ideal para familias que buscan aventura segura en la nieve.\" \/>\n<meta name=\"robots\" content=\"index, follow, max-snippet:-1, max-image-preview:large, max-video-preview:-1\" \/>\n<link rel=\"canonical\" href=\"https:\/\/turismobariloche.ar\/pt\/product\/la-cueva-passeio-de-snowmobile-quadriciclo-sem-traslado\/\" \/>\n<meta property=\"og:locale\" content=\"pt_BR\" \/>\n<meta property=\"og:type\" content=\"article\" \/>\n<meta property=\"og:title\" content=\"Aventura Diurna en La Cueva: Traves\u00eda en Motos de Nieve y Cuatriciclos para disfrutar en familias-Sin traslado\" \/>\n<meta property=\"og:description\" content=\"Actividad familiar en La Cueva Bariloche. Traves\u00eda diurna en motos de nieve y cuatriciclos, sin traslado. Ideal para familias que buscan aventura segura en la nieve.\" \/>\n<meta property=\"og:url\" content=\"https:\/\/turismobariloche.ar\/pt\/product\/la-cueva-passeio-de-snowmobile-quadriciclo-sem-traslado\/\" \/>\n<meta property=\"og:site_name\" content=\"Turismo Bariloche\" \/>\n<meta property=\"article:modified_time\" content=\"2026-04-10T14:18:05+00:00\" \/>\n<meta property=\"og:image\" content=\"https:\/\/turismobariloche.ar\/wp-content\/uploads\/2025\/04\/2-A-IMG_5805-scaled.jpg\" \/>\n\t<meta property=\"og:image:width\" content=\"1920\" \/>\n\t<meta property=\"og:image:height\" content=\"2560\" \/>\n\t<meta property=\"og:image:type\" content=\"image\/jpeg\" \/>\n<meta name=\"twitter:card\" content=\"summary_large_image\" \/>\n<meta name=\"twitter:label1\" content=\"Est. tempo de leitura\" \/>\n\t<meta name=\"twitter:data1\" content=\"2 minutos\" \/>\n<script type=\"application\/ld+json\" class=\"yoast-schema-graph\">{\"@context\":\"https:\/\/schema.org\",\"@graph\":[{\"@type\":\"WebPage\",\"@id\":\"https:\/\/turismobariloche.ar\/product\/la-cueva-travesia-moto-nieve-cuatriciclos-sin-traslado\/\",\"url\":\"https:\/\/turismobariloche.ar\/product\/la-cueva-travesia-moto-nieve-cuatriciclos-sin-traslado\/\",\"name\":\"Aventura Diurna en La Cueva: Traves\u00eda en Motos de Nieve y Cuatriciclos para disfrutar en familias-Sin traslado - Turismo Bariloche\",\"isPartOf\":{\"@id\":\"https:\/\/turismobariloche.ar\/#website\"},\"primaryImageOfPage\":{\"@id\":\"https:\/\/turismobariloche.ar\/product\/la-cueva-travesia-moto-nieve-cuatriciclos-sin-traslado\/#primaryimage\"},\"image\":{\"@id\":\"https:\/\/turismobariloche.ar\/product\/la-cueva-travesia-moto-nieve-cuatriciclos-sin-traslado\/#primaryimage\"},\"thumbnailUrl\":\"https:\/\/turismobariloche.ar\/wp-content\/uploads\/2025\/04\/2-A-IMG_5805-scaled.jpg\",\"datePublished\":\"2025-04-17T20:06:57+00:00\",\"dateModified\":\"2026-04-10T14:18:05+00:00\",\"description\":\"Actividad familiar en La Cueva Bariloche. Traves\u00eda diurna en motos de nieve y cuatriciclos, sin traslado. Ideal para familias que buscan aventura segura en la nieve.\",\"breadcrumb\":{\"@id\":\"https:\/\/turismobariloche.ar\/product\/la-cueva-travesia-moto-nieve-cuatriciclos-sin-traslado\/#breadcrumb\"},\"inLanguage\":\"pt-BR\",\"potentialAction\":[{\"@type\":\"ReadAction\",\"target\":[\"https:\/\/turismobariloche.ar\/product\/la-cueva-travesia-moto-nieve-cuatriciclos-sin-traslado\/\"]}]},{\"@type\":\"ImageObject\",\"inLanguage\":\"pt-BR\",\"@id\":\"https:\/\/turismobariloche.ar\/product\/la-cueva-travesia-moto-nieve-cuatriciclos-sin-traslado\/#primaryimage\",\"url\":\"https:\/\/turismobariloche.ar\/wp-content\/uploads\/2025\/04\/2-A-IMG_5805-scaled.jpg\",\"contentUrl\":\"https:\/\/turismobariloche.ar\/wp-content\/uploads\/2025\/04\/2-A-IMG_5805-scaled.jpg\",\"width\":1920,\"height\":2560},{\"@type\":\"BreadcrumbList\",\"@id\":\"https:\/\/turismobariloche.ar\/product\/la-cueva-travesia-moto-nieve-cuatriciclos-sin-traslado\/#breadcrumb\",\"itemListElement\":[{\"@type\":\"ListItem\",\"position\":1,\"name\":\"Home\",\"item\":\"https:\/\/turismobariloche.ar\/\"},{\"@type\":\"ListItem\",\"position\":2,\"name\":\"Lista de excursiones\",\"item\":\"https:\/\/turismobariloche.ar\/shop\/\"},{\"@type\":\"ListItem\",\"position\":3,\"name\":\"Aventura Diurna en La Cueva: Traves\u00eda en Motos de Nieve y Cuatriciclos para disfrutar en familias-Sin traslado\"}]},{\"@type\":\"WebSite\",\"@id\":\"https:\/\/turismobariloche.ar\/#website\",\"url\":\"https:\/\/turismobariloche.ar\/\",\"name\":\"Turismo Bariloche\",\"description\":\"Actividades recreativas en San Carlos de Bariloche\",\"publisher\":{\"@id\":\"https:\/\/turismobariloche.ar\/#organization\"},\"potentialAction\":[{\"@type\":\"SearchAction\",\"target\":{\"@type\":\"EntryPoint\",\"urlTemplate\":\"https:\/\/turismobariloche.ar\/?s={search_term_string}\"},\"query-input\":{\"@type\":\"PropertyValueSpecification\",\"valueRequired\":true,\"valueName\":\"search_term_string\"}}],\"inLanguage\":\"pt-BR\"},{\"@type\":\"Organization\",\"@id\":\"https:\/\/turismobariloche.ar\/#organization\",\"name\":\"Turismo Bariloche\",\"url\":\"https:\/\/turismobariloche.ar\/\",\"logo\":{\"@type\":\"ImageObject\",\"inLanguage\":\"pt-BR\",\"@id\":\"https:\/\/turismobariloche.ar\/#\/schema\/logo\/image\/\",\"url\":\"https:\/\/turismobariloche.ar\/wp-content\/uploads\/2025\/10\/LOGO-TURISMO-BARILOCHE-bco-SF-03-1-1.png\",\"contentUrl\":\"https:\/\/turismobariloche.ar\/wp-content\/uploads\/2025\/10\/LOGO-TURISMO-BARILOCHE-bco-SF-03-1-1.png\",\"width\":1735,\"height\":774,\"caption\":\"Turismo Bariloche\"},\"image\":{\"@id\":\"https:\/\/turismobariloche.ar\/#\/schema\/logo\/image\/\"}}]}<\/script>\n<!-- \/ Yoast SEO Premium plugin. -->","yoast_head_json":{"title":"Aventura diurna em La Cueva: Passeios de snowmobile e quadriciclo para as fam\u00edlias se divertirem - Sem traslado - Turismo Bariloche","description":"Atividade familiar em La Cueva Bariloche. Passeio de um dia em motos de neve e quadriciclos, sem traslado. Ideal para fam\u00edlias que buscam uma aventura segura na neve.","robots":{"index":"index","follow":"follow","max-snippet":"max-snippet:-1","max-image-preview":"max-image-preview:large","max-video-preview":"max-video-preview:-1"},"canonical":"https:\/\/turismobariloche.ar\/pt\/product\/la-cueva-passeio-de-snowmobile-quadriciclo-sem-traslado\/","og_locale":"pt_BR","og_type":"article","og_title":"Aventura Diurna en La Cueva: Traves\u00eda en Motos de Nieve y Cuatriciclos para disfrutar en familias-Sin traslado","og_description":"Actividad familiar en La Cueva Bariloche. Traves\u00eda diurna en motos de nieve y cuatriciclos, sin traslado. Ideal para familias que buscan aventura segura en la nieve.","og_url":"https:\/\/turismobariloche.ar\/pt\/product\/la-cueva-passeio-de-snowmobile-quadriciclo-sem-traslado\/","og_site_name":"Turismo Bariloche","article_modified_time":"2026-04-10T14:18:05+00:00","og_image":[{"width":1920,"height":2560,"url":"https:\/\/turismobariloche.ar\/wp-content\/uploads\/2025\/04\/2-A-IMG_5805-scaled.jpg","type":"image\/jpeg"}],"twitter_card":"summary_large_image","twitter_misc":{"Est. tempo de leitura":"2 minutos"},"schema":{"@context":"https:\/\/schema.org","@graph":[{"@type":"WebPage","@id":"https:\/\/turismobariloche.ar\/product\/la-cueva-travesia-moto-nieve-cuatriciclos-sin-traslado\/","url":"https:\/\/turismobariloche.ar\/product\/la-cueva-travesia-moto-nieve-cuatriciclos-sin-traslado\/","name":"Aventura diurna em La Cueva: Passeios de snowmobile e quadriciclo para as fam\u00edlias se divertirem - Sem traslado - Turismo Bariloche","isPartOf":{"@id":"https:\/\/turismobariloche.ar\/#website"},"primaryImageOfPage":{"@id":"https:\/\/turismobariloche.ar\/product\/la-cueva-travesia-moto-nieve-cuatriciclos-sin-traslado\/#primaryimage"},"image":{"@id":"https:\/\/turismobariloche.ar\/product\/la-cueva-travesia-moto-nieve-cuatriciclos-sin-traslado\/#primaryimage"},"thumbnailUrl":"https:\/\/turismobariloche.ar\/wp-content\/uploads\/2025\/04\/2-A-IMG_5805-scaled.jpg","datePublished":"2025-04-17T20:06:57+00:00","dateModified":"2026-04-10T14:18:05+00:00","description":"Atividade familiar em La Cueva Bariloche. Passeio de um dia em motos de neve e quadriciclos, sem traslado. Ideal para fam\u00edlias que buscam uma aventura segura na neve.","breadcrumb":{"@id":"https:\/\/turismobariloche.ar\/product\/la-cueva-travesia-moto-nieve-cuatriciclos-sin-traslado\/#breadcrumb"},"inLanguage":"pt-BR","potentialAction":[{"@type":"ReadAction","target":["https:\/\/turismobariloche.ar\/product\/la-cueva-travesia-moto-nieve-cuatriciclos-sin-traslado\/"]}]},{"@type":"ImageObject","inLanguage":"pt-BR","@id":"https:\/\/turismobariloche.ar\/product\/la-cueva-travesia-moto-nieve-cuatriciclos-sin-traslado\/#primaryimage","url":"https:\/\/turismobariloche.ar\/wp-content\/uploads\/2025\/04\/2-A-IMG_5805-scaled.jpg","contentUrl":"https:\/\/turismobariloche.ar\/wp-content\/uploads\/2025\/04\/2-A-IMG_5805-scaled.jpg","width":1920,"height":2560},{"@type":"BreadcrumbList","@id":"https:\/\/turismobariloche.ar\/product\/la-cueva-travesia-moto-nieve-cuatriciclos-sin-traslado\/#breadcrumb","itemListElement":[{"@type":"ListItem","position":1,"name":"Home","item":"https:\/\/turismobariloche.ar\/"},{"@type":"ListItem","position":2,"name":"Lista de excursiones","item":"https:\/\/turismobariloche.ar\/shop\/"},{"@type":"ListItem","position":3,"name":"Aventura Diurna en La Cueva: Traves\u00eda en Motos de Nieve y Cuatriciclos para disfrutar en familias-Sin traslado"}]},{"@type":"WebSite","@id":"https:\/\/turismobariloche.ar\/#website","url":"https:\/\/turismobariloche.ar\/","name":"Turismo em Bariloche","description":"Atividades recreativas em San Carlos de Bariloche","publisher":{"@id":"https:\/\/turismobariloche.ar\/#organization"},"potentialAction":[{"@type":"SearchAction","target":{"@type":"EntryPoint","urlTemplate":"https:\/\/turismobariloche.ar\/?s={search_term_string}"},"query-input":{"@type":"PropertyValueSpecification","valueRequired":true,"valueName":"search_term_string"}}],"inLanguage":"pt-BR"},{"@type":"Organization","@id":"https:\/\/turismobariloche.ar\/#organization","name":"Turismo em Bariloche","url":"https:\/\/turismobariloche.ar\/","logo":{"@type":"ImageObject","inLanguage":"pt-BR","@id":"https:\/\/turismobariloche.ar\/#\/schema\/logo\/image\/","url":"https:\/\/turismobariloche.ar\/wp-content\/uploads\/2025\/10\/LOGO-TURISMO-BARILOCHE-bco-SF-03-1-1.png","contentUrl":"https:\/\/turismobariloche.ar\/wp-content\/uploads\/2025\/10\/LOGO-TURISMO-BARILOCHE-bco-SF-03-1-1.png","width":1735,"height":774,"caption":"Turismo Bariloche"},"image":{"@id":"https:\/\/turismobariloche.ar\/#\/schema\/logo\/image\/"}}]}},"_links":{"self":[{"href":"https:\/\/turismobariloche.ar\/pt\/wp-json\/wp\/v2\/product\/82","targetHints":{"allow":["GET"]}}],"collection":[{"href":"https:\/\/turismobariloche.ar\/pt\/wp-json\/wp\/v2\/product"}],"about":[{"href":"https:\/\/turismobariloche.ar\/pt\/wp-json\/wp\/v2\/types\/product"}],"replies":[{"embeddable":true,"href":"https:\/\/turismobariloche.ar\/pt\/wp-json\/wp\/v2\/comments?post=82"}],"wp:featuredmedia":[{"embeddable":true,"href":"https:\/\/turismobariloche.ar\/pt\/wp-json\/wp\/v2\/media\/1261"}],"wp:attachment":[{"href":"https:\/\/turismobariloche.ar\/pt\/wp-json\/wp\/v2\/media?parent=82"}],"wp:term":[{"taxonomy":"product_brand","embeddable":true,"href":"https:\/\/turismobariloche.ar\/pt\/wp-json\/wp\/v2\/product_brand?post=82"},{"taxonomy":"product_cat","embeddable":true,"href":"https:\/\/turismobariloche.ar\/pt\/wp-json\/wp\/v2\/product_cat?post=82"},{"taxonomy":"product_tag","embeddable":true,"href":"https:\/\/turismobariloche.ar\/pt\/wp-json\/wp\/v2\/product_tag?post=82"}],"curies":[{"name":"wp","href":"https:\/\/api.w.org\/{rel}","templated":true}]}}