{"id":80,"date":"2025-04-17T17:06:29","date_gmt":"2025-04-17T20:06:29","guid":{"rendered":"https:\/\/turismobariloche.ar\/?post_type=product&#038;p=80"},"modified":"2026-04-10T11:18:38","modified_gmt":"2026-04-10T14:18:38","slug":"la-cueva-after-ski","status":"publish","type":"product","link":"https:\/\/turismobariloche.ar\/pt\/product\/a-caverna-depois-do-esqui\/","title":{"rendered":"Depois de esquiar em La Cueva com traslado inclu\u00eddo"},"content":{"rendered":"<h3 data-start=\"431\" data-end=\"479\">Aproveite a neve sem se preocupar com nada<\/h3>\n<p data-start=\"480\" data-end=\"752\">A experi\u00eancia come\u00e7a em <strong data-start=\"510\" data-end=\"522\">14:30 hs<\/strong>, com traslado inclu\u00eddo de <strong data-start=\"552\" data-end=\"653\">Pontos de encontro coordenados entre o centro de Bariloche e o km 8 da Av. Bustillo ou Pioneros.<\/strong>. De l\u00e1, seguimos em dire\u00e7\u00e3o ao <strong data-start=\"690\" data-end=\"708\">Cerro Catedral<\/strong>, onde a travessia come\u00e7a na neve.<\/p>\n<p data-start=\"754\" data-end=\"1117\">Durante o passeio, visitaremos <strong data-start=\"789\" data-end=\"830\">7 km em snowmobiles ou quadriciclos<\/strong>, O passeio \u00e9 sempre acompanhado por guias especializados que tornam a atividade segura e divertida para todos. N\u00e3o \u00e9 necess\u00e1rio ter experi\u00eancia pr\u00e9via: o passeio \u00e9 preparado para voc\u00ea aproveitar, quer voc\u00ea dirija ou prefira que o guia dirija.<\/p>\n<p data-start=\"1119\" data-end=\"1502\">Ao chegar em <strong data-start=\"1131\" data-end=\"1143\">A Caverna<\/strong>, Na exclusiva cabana na montanha, uma atmosfera calorosa nos espera para compartilhar uma degusta\u00e7\u00e3o completa: <strong data-start=\"1249\" data-end=\"1345\">fondue de queijo, p\u00e3es caseiros, sobremesas, doces, chocolates, cervejas artesanais, caf\u00e9 e ch\u00e1<\/strong>. Tudo acompanhado pelo p\u00f4r do sol patag\u00f4nico sobre as montanhas, criando um final perfeito para a aventura. O retorno est\u00e1 programado para <strong data-start=\"1489\" data-end=\"1501\">18:30 hs<\/strong>.<\/p>\n<h3 data-start=\"1509\" data-end=\"1534\">O que est\u00e1 inclu\u00eddo?<\/h3>\n<ul data-start=\"1535\" data-end=\"1753\">\n<li data-start=\"1535\" data-end=\"1591\">\n<p data-start=\"1537\" data-end=\"1591\">Traslado de ida e volta para os pontos de encontro.<\/p>\n<\/li>\n<li data-start=\"1592\" data-end=\"1644\">\n<p data-start=\"1594\" data-end=\"1644\">Passeio de 7 km em snowmobile ou ATV.<\/p>\n<\/li>\n<li data-start=\"1645\" data-end=\"1706\">\n<p data-start=\"1647\" data-end=\"1706\">Todos os equipamentos: ve\u00edculo, capacete e guia profissional.<\/p>\n<\/li>\n<li data-start=\"1707\" data-end=\"1753\">\n<p data-start=\"1709\" data-end=\"1753\">Degusta\u00e7\u00e3o completa no ref\u00fagio La Cueva.<\/p>\n<\/li>\n<\/ul>\n<h3 data-start=\"1760\" data-end=\"1788\">Informa\u00e7\u00f5es importantes<\/h3>\n<ul data-start=\"1789\" data-end=\"2043\">\n<li data-start=\"1789\" data-end=\"1824\">\n<p data-start=\"1791\" data-end=\"1824\"><strong data-start=\"1791\" data-end=\"1804\">Dura\u00e7\u00e3o:<\/strong> 14:30 \u00e0s 18:30 hs.<\/p>\n<\/li>\n<li data-start=\"1825\" data-end=\"1894\">\n<p data-start=\"1827\" data-end=\"1894\"><strong data-start=\"1827\" data-end=\"1843\">Idade m\u00ednima:<\/strong> 6 anos. Somente pessoas com mais de 18 anos de idade podem dirigir.<\/p>\n<\/li>\n<li data-start=\"1895\" data-end=\"1943\">\n<p data-start=\"1897\" data-end=\"1943\"><strong data-start=\"1897\" data-end=\"1915\">Restri\u00e7\u00f5es:<\/strong> n\u00e3o \u00e9 adequado para mulheres gr\u00e1vidas.<\/p>\n<\/li>\n<li data-start=\"1944\" data-end=\"2043\">\n<p data-start=\"1946\" data-end=\"2043\"><strong data-start=\"1946\" data-end=\"1964\">Recomenda\u00e7\u00e3o:<\/strong> Use roupas \u00e0 prova d'\u00e1gua, um casaco quente, chap\u00e9u, luvas e cal\u00e7ados adequados para neve.<\/p>\n<\/li>\n<\/ul>\n<h3 data-start=\"2050\" data-end=\"2076\">Perguntas frequentes<\/h3>\n<p data-start=\"2078\" data-end=\"2189\"><strong data-start=\"2078\" data-end=\"2105\">\u00c9 preciso saber dirigir?<\/strong><br data-start=\"2105\" data-end=\"2108\" \/>N\u00e3o. Os ve\u00edculos s\u00e3o f\u00e1ceis de dirigir e o passeio \u00e9 totalmente guiado.<\/p>\n<p data-start=\"2191\" data-end=\"2274\"><strong data-start=\"2191\" data-end=\"2210\">Posso ir sozinho?<\/strong><br data-start=\"2210\" data-end=\"2213\" \/>Sim, se voc\u00ea n\u00e3o quiser dirigir, o guia pode dirigir o ve\u00edculo.<\/p>\n<p data-start=\"2276\" data-end=\"2382\"><strong data-start=\"2276\" data-end=\"2305\">A alimenta\u00e7\u00e3o est\u00e1 inclu\u00edda?<\/strong><br data-start=\"2305\" data-end=\"2308\" \/>Sim, inclui uma degusta\u00e7\u00e3o completa de produtos regionais no ref\u00fagio.<\/p>\n<p data-start=\"2384\" data-end=\"2495\"><strong data-start=\"2384\" data-end=\"2416\">De onde \u00e9 a transfer\u00eancia?<\/strong><br data-start=\"2416\" data-end=\"2419\" \/>A partir de pontos de encontro previamente combinados. N\u00e3o h\u00e1 coleta em hot\u00e9is.<\/p>\n<p data-start=\"2384\" data-end=\"2495\"><strong>Aviso importante<\/strong>Este passeio j\u00e1 est\u00e1 dispon\u00edvel para pr\u00e9-reserva. As sa\u00eddas operam de 15 de junho a 20 de agosto, sujeitas ao calend\u00e1rio sazonal.<\/p>","protected":false},"excerpt":{"rendered":"<p data-start=\"2732\" data-end=\"2897\">Partida \u00e0s 14h30 do ponto de encontro. Inclui traslado, passeio na neve, guia, equipamento completo e fondue em La Cueva. Retorno \u00e0s 18:30 hs. Perfeito para fam\u00edlias.<\/p>","protected":false},"featured_media":1267,"comment_status":"open","ping_status":"closed","template":"","meta":[],"product_brand":[],"product_cat":[72,92,79,73,74,23,75,32],"product_tag":[],"class_list":{"0":"post-80","1":"product","2":"type-product","3":"status-publish","4":"has-post-thumbnail","6":"product_cat-adultos","7":"product_cat-con-comida","8":"product_cat-con-traslado","9":"product_cat-familia","10":"product_cat-incluido","11":"product_cat-invierno","12":"product_cat-ninos","13":"product_cat-terrestre","15":"first","16":"instock","17":"virtual","18":"sold-individually","19":"purchasable","20":"product-type-booking"},"booking_location":"","booking_location_type":"","booking_duration":1,"booking_duration_unit":"hour","booking_buffer":0,"booking_cost":0,"booking_resources":[],"exclude_global_add_ons":false,"addons":[{"name":"ADU: Adulto","type":"input_multiplier","position":0,"required":false,"title_format":"label","default":"","description_enable":false,"description":"","placeholder_enable":false,"placeholder":"","display":"select","restrictions_type":"any_text","adjust_price":true,"price":"414000","price_type":"quantity_based","restrictions":false,"min":"0","max":"0","options":[],"id":1775736434},{"name":"MEN612 | De 6 a 12","type":"input_multiplier","position":1,"required":false,"title_format":"label","default":"","description_enable":false,"description":"","placeholder_enable":false,"placeholder":"","display":"select","restrictions_type":"any_text","adjust_price":true,"price":"330000","price_type":"quantity_based","restrictions":false,"min":"0","max":"0","options":[],"id":1775736435},{"name":"MEN35 | 3 a 5","type":"input_multiplier","position":2,"required":false,"title_format":"label","default":"","description_enable":false,"description":"","placeholder_enable":false,"placeholder":"","display":"select","restrictions_type":"any_text","adjust_price":true,"price":"168000","price_type":"quantity_based","restrictions":false,"min":"0","max":"0","options":[],"id":1775736436}],"yoast_head":"<!-- This site is optimized with the Yoast SEO Premium plugin v26.4 (Yoast SEO v26.4) - https:\/\/yoast.com\/wordpress\/plugins\/seo\/ -->\n<title>After Ski en La Cueva con traslado incluido - Turismo Bariloche<\/title>\n<meta name=\"description\" content=\"Excursi\u00f3n After Ski en La Cueva con traslado desde Bariloche. Traves\u00eda en motos de nieve y cena fondue al atardecer. Ideal para familias y grupos nacionales.\" \/>\n<meta name=\"robots\" content=\"index, follow, max-snippet:-1, max-image-preview:large, max-video-preview:-1\" \/>\n<link rel=\"canonical\" href=\"https:\/\/turismobariloche.ar\/pt\/product\/a-caverna-depois-do-esqui\/\" \/>\n<meta property=\"og:locale\" content=\"pt_BR\" \/>\n<meta property=\"og:type\" content=\"article\" \/>\n<meta property=\"og:title\" content=\"After Ski en La Cueva con traslado incluido\" \/>\n<meta property=\"og:description\" content=\"Excursi\u00f3n After Ski en La Cueva con traslado desde Bariloche. Traves\u00eda en motos de nieve y cena fondue al atardecer. Ideal para familias y grupos nacionales.\" \/>\n<meta property=\"og:url\" content=\"https:\/\/turismobariloche.ar\/pt\/product\/a-caverna-depois-do-esqui\/\" \/>\n<meta property=\"og:site_name\" content=\"Turismo Bariloche\" \/>\n<meta property=\"article:modified_time\" content=\"2026-04-10T14:18:38+00:00\" \/>\n<meta property=\"og:image\" content=\"https:\/\/turismobariloche.ar\/wp-content\/uploads\/2025\/04\/2-A-1715773952foto_04-scaled.jpg\" \/>\n\t<meta property=\"og:image:width\" content=\"1920\" \/>\n\t<meta property=\"og:image:height\" content=\"2560\" \/>\n\t<meta property=\"og:image:type\" content=\"image\/jpeg\" \/>\n<meta name=\"twitter:card\" content=\"summary_large_image\" \/>\n<meta name=\"twitter:label1\" content=\"Est. tempo de leitura\" \/>\n\t<meta name=\"twitter:data1\" content=\"2 minutos\" \/>\n<script type=\"application\/ld+json\" class=\"yoast-schema-graph\">{\"@context\":\"https:\/\/schema.org\",\"@graph\":[{\"@type\":\"WebPage\",\"@id\":\"https:\/\/turismobariloche.ar\/product\/la-cueva-after-ski\/\",\"url\":\"https:\/\/turismobariloche.ar\/product\/la-cueva-after-ski\/\",\"name\":\"After Ski en La Cueva con traslado incluido - Turismo Bariloche\",\"isPartOf\":{\"@id\":\"https:\/\/turismobariloche.ar\/#website\"},\"primaryImageOfPage\":{\"@id\":\"https:\/\/turismobariloche.ar\/product\/la-cueva-after-ski\/#primaryimage\"},\"image\":{\"@id\":\"https:\/\/turismobariloche.ar\/product\/la-cueva-after-ski\/#primaryimage\"},\"thumbnailUrl\":\"https:\/\/turismobariloche.ar\/wp-content\/uploads\/2025\/04\/2-A-1715773952foto_04-scaled.jpg\",\"datePublished\":\"2025-04-17T20:06:29+00:00\",\"dateModified\":\"2026-04-10T14:18:38+00:00\",\"description\":\"Excursi\u00f3n After Ski en La Cueva con traslado desde Bariloche. Traves\u00eda en motos de nieve y cena fondue al atardecer. Ideal para familias y grupos nacionales.\",\"breadcrumb\":{\"@id\":\"https:\/\/turismobariloche.ar\/product\/la-cueva-after-ski\/#breadcrumb\"},\"inLanguage\":\"pt-BR\",\"potentialAction\":[{\"@type\":\"ReadAction\",\"target\":[\"https:\/\/turismobariloche.ar\/product\/la-cueva-after-ski\/\"]}]},{\"@type\":\"ImageObject\",\"inLanguage\":\"pt-BR\",\"@id\":\"https:\/\/turismobariloche.ar\/product\/la-cueva-after-ski\/#primaryimage\",\"url\":\"https:\/\/turismobariloche.ar\/wp-content\/uploads\/2025\/04\/2-A-1715773952foto_04-scaled.jpg\",\"contentUrl\":\"https:\/\/turismobariloche.ar\/wp-content\/uploads\/2025\/04\/2-A-1715773952foto_04-scaled.jpg\",\"width\":1920,\"height\":2560},{\"@type\":\"BreadcrumbList\",\"@id\":\"https:\/\/turismobariloche.ar\/product\/la-cueva-after-ski\/#breadcrumb\",\"itemListElement\":[{\"@type\":\"ListItem\",\"position\":1,\"name\":\"Home\",\"item\":\"https:\/\/turismobariloche.ar\/\"},{\"@type\":\"ListItem\",\"position\":2,\"name\":\"Lista de excursiones\",\"item\":\"https:\/\/turismobariloche.ar\/shop\/\"},{\"@type\":\"ListItem\",\"position\":3,\"name\":\"After Ski en La Cueva con traslado incluido\"}]},{\"@type\":\"WebSite\",\"@id\":\"https:\/\/turismobariloche.ar\/#website\",\"url\":\"https:\/\/turismobariloche.ar\/\",\"name\":\"Turismo Bariloche\",\"description\":\"Actividades recreativas en San Carlos de Bariloche\",\"publisher\":{\"@id\":\"https:\/\/turismobariloche.ar\/#organization\"},\"potentialAction\":[{\"@type\":\"SearchAction\",\"target\":{\"@type\":\"EntryPoint\",\"urlTemplate\":\"https:\/\/turismobariloche.ar\/?s={search_term_string}\"},\"query-input\":{\"@type\":\"PropertyValueSpecification\",\"valueRequired\":true,\"valueName\":\"search_term_string\"}}],\"inLanguage\":\"pt-BR\"},{\"@type\":\"Organization\",\"@id\":\"https:\/\/turismobariloche.ar\/#organization\",\"name\":\"Turismo Bariloche\",\"url\":\"https:\/\/turismobariloche.ar\/\",\"logo\":{\"@type\":\"ImageObject\",\"inLanguage\":\"pt-BR\",\"@id\":\"https:\/\/turismobariloche.ar\/#\/schema\/logo\/image\/\",\"url\":\"https:\/\/turismobariloche.ar\/wp-content\/uploads\/2025\/10\/LOGO-TURISMO-BARILOCHE-bco-SF-03-1-1.png\",\"contentUrl\":\"https:\/\/turismobariloche.ar\/wp-content\/uploads\/2025\/10\/LOGO-TURISMO-BARILOCHE-bco-SF-03-1-1.png\",\"width\":1735,\"height\":774,\"caption\":\"Turismo Bariloche\"},\"image\":{\"@id\":\"https:\/\/turismobariloche.ar\/#\/schema\/logo\/image\/\"}}]}<\/script>\n<!-- \/ Yoast SEO Premium plugin. -->","yoast_head_json":{"title":"After Ski em La Cueva com traslado inclu\u00eddo - Turismo Bariloche","description":"Excurs\u00e3o p\u00f3s-esqui em La Cueva com traslado de Bariloche. Passeio de snowmobile e jantar de fondue ao p\u00f4r do sol. Ideal para fam\u00edlias e grupos nacionais.","robots":{"index":"index","follow":"follow","max-snippet":"max-snippet:-1","max-image-preview":"max-image-preview:large","max-video-preview":"max-video-preview:-1"},"canonical":"https:\/\/turismobariloche.ar\/pt\/product\/a-caverna-depois-do-esqui\/","og_locale":"pt_BR","og_type":"article","og_title":"After Ski en La Cueva con traslado incluido","og_description":"Excursi\u00f3n After Ski en La Cueva con traslado desde Bariloche. Traves\u00eda en motos de nieve y cena fondue al atardecer. Ideal para familias y grupos nacionales.","og_url":"https:\/\/turismobariloche.ar\/pt\/product\/a-caverna-depois-do-esqui\/","og_site_name":"Turismo Bariloche","article_modified_time":"2026-04-10T14:18:38+00:00","og_image":[{"width":1920,"height":2560,"url":"https:\/\/turismobariloche.ar\/wp-content\/uploads\/2025\/04\/2-A-1715773952foto_04-scaled.jpg","type":"image\/jpeg"}],"twitter_card":"summary_large_image","twitter_misc":{"Est. tempo de leitura":"2 minutos"},"schema":{"@context":"https:\/\/schema.org","@graph":[{"@type":"WebPage","@id":"https:\/\/turismobariloche.ar\/product\/la-cueva-after-ski\/","url":"https:\/\/turismobariloche.ar\/product\/la-cueva-after-ski\/","name":"After Ski em La Cueva com traslado inclu\u00eddo - Turismo Bariloche","isPartOf":{"@id":"https:\/\/turismobariloche.ar\/#website"},"primaryImageOfPage":{"@id":"https:\/\/turismobariloche.ar\/product\/la-cueva-after-ski\/#primaryimage"},"image":{"@id":"https:\/\/turismobariloche.ar\/product\/la-cueva-after-ski\/#primaryimage"},"thumbnailUrl":"https:\/\/turismobariloche.ar\/wp-content\/uploads\/2025\/04\/2-A-1715773952foto_04-scaled.jpg","datePublished":"2025-04-17T20:06:29+00:00","dateModified":"2026-04-10T14:18:38+00:00","description":"Excurs\u00e3o p\u00f3s-esqui em La Cueva com traslado de Bariloche. Passeio de snowmobile e jantar de fondue ao p\u00f4r do sol. Ideal para fam\u00edlias e grupos nacionais.","breadcrumb":{"@id":"https:\/\/turismobariloche.ar\/product\/la-cueva-after-ski\/#breadcrumb"},"inLanguage":"pt-BR","potentialAction":[{"@type":"ReadAction","target":["https:\/\/turismobariloche.ar\/product\/la-cueva-after-ski\/"]}]},{"@type":"ImageObject","inLanguage":"pt-BR","@id":"https:\/\/turismobariloche.ar\/product\/la-cueva-after-ski\/#primaryimage","url":"https:\/\/turismobariloche.ar\/wp-content\/uploads\/2025\/04\/2-A-1715773952foto_04-scaled.jpg","contentUrl":"https:\/\/turismobariloche.ar\/wp-content\/uploads\/2025\/04\/2-A-1715773952foto_04-scaled.jpg","width":1920,"height":2560},{"@type":"BreadcrumbList","@id":"https:\/\/turismobariloche.ar\/product\/la-cueva-after-ski\/#breadcrumb","itemListElement":[{"@type":"ListItem","position":1,"name":"Home","item":"https:\/\/turismobariloche.ar\/"},{"@type":"ListItem","position":2,"name":"Lista de excursiones","item":"https:\/\/turismobariloche.ar\/shop\/"},{"@type":"ListItem","position":3,"name":"After Ski en La Cueva con traslado incluido"}]},{"@type":"WebSite","@id":"https:\/\/turismobariloche.ar\/#website","url":"https:\/\/turismobariloche.ar\/","name":"Turismo em Bariloche","description":"Atividades recreativas em San Carlos de Bariloche","publisher":{"@id":"https:\/\/turismobariloche.ar\/#organization"},"potentialAction":[{"@type":"SearchAction","target":{"@type":"EntryPoint","urlTemplate":"https:\/\/turismobariloche.ar\/?s={search_term_string}"},"query-input":{"@type":"PropertyValueSpecification","valueRequired":true,"valueName":"search_term_string"}}],"inLanguage":"pt-BR"},{"@type":"Organization","@id":"https:\/\/turismobariloche.ar\/#organization","name":"Turismo em Bariloche","url":"https:\/\/turismobariloche.ar\/","logo":{"@type":"ImageObject","inLanguage":"pt-BR","@id":"https:\/\/turismobariloche.ar\/#\/schema\/logo\/image\/","url":"https:\/\/turismobariloche.ar\/wp-content\/uploads\/2025\/10\/LOGO-TURISMO-BARILOCHE-bco-SF-03-1-1.png","contentUrl":"https:\/\/turismobariloche.ar\/wp-content\/uploads\/2025\/10\/LOGO-TURISMO-BARILOCHE-bco-SF-03-1-1.png","width":1735,"height":774,"caption":"Turismo Bariloche"},"image":{"@id":"https:\/\/turismobariloche.ar\/#\/schema\/logo\/image\/"}}]}},"_links":{"self":[{"href":"https:\/\/turismobariloche.ar\/pt\/wp-json\/wp\/v2\/product\/80","targetHints":{"allow":["GET"]}}],"collection":[{"href":"https:\/\/turismobariloche.ar\/pt\/wp-json\/wp\/v2\/product"}],"about":[{"href":"https:\/\/turismobariloche.ar\/pt\/wp-json\/wp\/v2\/types\/product"}],"replies":[{"embeddable":true,"href":"https:\/\/turismobariloche.ar\/pt\/wp-json\/wp\/v2\/comments?post=80"}],"wp:featuredmedia":[{"embeddable":true,"href":"https:\/\/turismobariloche.ar\/pt\/wp-json\/wp\/v2\/media\/1267"}],"wp:attachment":[{"href":"https:\/\/turismobariloche.ar\/pt\/wp-json\/wp\/v2\/media?parent=80"}],"wp:term":[{"taxonomy":"product_brand","embeddable":true,"href":"https:\/\/turismobariloche.ar\/pt\/wp-json\/wp\/v2\/product_brand?post=80"},{"taxonomy":"product_cat","embeddable":true,"href":"https:\/\/turismobariloche.ar\/pt\/wp-json\/wp\/v2\/product_cat?post=80"},{"taxonomy":"product_tag","embeddable":true,"href":"https:\/\/turismobariloche.ar\/pt\/wp-json\/wp\/v2\/product_tag?post=80"}],"curies":[{"name":"wp","href":"https:\/\/api.w.org\/{rel}","templated":true}]}}