{"id":657,"date":"2025-06-01T15:55:03","date_gmt":"2025-06-01T18:55:03","guid":{"rendered":"https:\/\/turismobariloche.ar\/?post_type=product&#038;p=657"},"modified":"2026-04-10T11:02:13","modified_gmt":"2026-04-10T14:02:13","slug":"vivencias-caminata-con-raquetas-y-sabores-regionales-refugio-neumeyer","status":"publish","type":"product","link":"https:\/\/turismobariloche.ar\/pt\/product\/experiencias-com-raquetes-de-neve-e-sabores-regionais-refugio-neumeyer\/","title":{"rendered":"Experimente a neve em fam\u00edlia: raquetes de neve, sabores regionais e uma experi\u00eancia para todos no Ref\u00fagio Neumeyer"},"content":{"rendered":"<h3 data-start=\"741\" data-end=\"771\">Ideal para compartilhar com a fam\u00edlia ou grupo<\/h3>\n<p data-start=\"773\" data-end=\"1275\">Uma excurs\u00e3o projetada para aproveitar a neve sem experi\u00eancia pr\u00e9via. Uma caminhada suave com raquetes de neve por um bosque patag\u00f4nico, gastronomia t\u00edpica de montanha e uma atividade simples e segura para crian\u00e7as e adultos: as culipatinas. Ideal para fam\u00edlias e grupos que buscam um dia completo, organizado e sem complica\u00e7\u00f5es.<\/p>\n<h3 data-start=\"749\" data-end=\"832\"><strong data-start=\"753\" data-end=\"832\">Natureza, conforto e divers\u00e3o em um ambiente \u00fanico<\/strong><\/h3>\n<p data-start=\"834\" data-end=\"1178\">A experi\u00eancia come\u00e7a com um traslado do ponto de encontro pr\u00f3ximo \u00e0 sua acomoda\u00e7\u00e3o, localizado na Avenida Bustillo ou Pioneros, at\u00e9 o km 8, em dire\u00e7\u00e3o ao Ref\u00fagio Neumeyer, no cora\u00e7\u00e3o do Vale Challhuaco. Na chegada, guias especializados acompanham o grupo em uma caminhada com raquetes de neve por trilhas em meio a florestas de lengas.<\/p>\n<p data-start=\"1180\" data-end=\"1526\">O percurso, de baixa dificuldade, inclui paradas para contemplar a natureza e tirar fotos, at\u00e9 chegar ao Mirador del Valle, um mirante panor\u00e2mico com ampla vista para a Cordilheira dos Andes e a estepe patag\u00f4nica. Na volta, um almo\u00e7o regional o aguarda no ref\u00fagio, com entrada, prato principal, sobremesa e bebidas inclu\u00eddas.<\/p>\n<p data-start=\"1528\" data-end=\"1669\">O dia se encerra com um momento l\u00fadico: downhill em culipatinas em declives suaves, uma proposta divertida e segura para todas as idades.<\/p>\n<p data-start=\"1671\" data-end=\"1999\">Essa atividade inclui traslado dos pontos de encontro, guia profissional durante todo o passeio, uso do ref\u00fagio, caminhada com raquetes de neve, almo\u00e7o completo e uso das culipatinas. \u00c9 uma proposta ideal para quem quer conhecer a neve de forma descontra\u00edda, sem exig\u00eancias f\u00edsicas e em um ambiente natural e organizado.<\/p>\n<h3 data-start=\"2006\" data-end=\"2040\"><strong data-start=\"2010\" data-end=\"2040\">Perguntas frequentes (FAQ)<\/strong><\/h3>\n<p data-start=\"2042\" data-end=\"2331\"><strong data-start=\"2042\" data-end=\"2074\">O que esse passeio inclui?<\/strong><br data-start=\"2074\" data-end=\"2077\" \/>O pre\u00e7o inclui traslados de pontos de encontro pr\u00f3ximos \u00e0 acomoda\u00e7\u00e3o (Av. Bustillo ou Pioneros at\u00e9 o km 8), caminhada guiada com raquetes de neve, uso do ref\u00fagio, almo\u00e7o regional completo com bebidas, uso de culipatinas e acompanhamento profissional.<\/p>\n<p data-start=\"2333\" data-end=\"2513\"><strong data-start=\"2333\" data-end=\"2382\">\u00c9 adequado para fam\u00edlias e adultos mais velhos?<\/strong><br data-start=\"2382\" data-end=\"2385\" \/>Sim, \u00e9 um passeio especialmente projetado para ser desfrutado em grupo, sem exig\u00eancias f\u00edsicas e com atividades adequadas para todos.<\/p>\n<p data-start=\"2515\" data-end=\"2666\"><strong data-start=\"2515\" data-end=\"2548\">\u00c9 necess\u00e1rio ter experi\u00eancia anterior?<\/strong><br data-start=\"2548\" data-end=\"2551\" \/>N\u00e3o. Todo o percurso \u00e9 acess\u00edvel e o equipamento est\u00e1 inclu\u00eddo. Voc\u00ea s\u00f3 precisa se vestir adequadamente para a neve.<\/p>\n<p data-start=\"2668\" data-end=\"2789\"><strong data-start=\"2668\" data-end=\"2694\">O que eu preciso levar?<\/strong><br data-start=\"2694\" data-end=\"2697\" \/>Agasalhos ou roupas para neve, cal\u00e7ados imperme\u00e1veis, chap\u00e9u, luvas e o desejo de se divertir.<\/p>\n<p data-start=\"2668\" data-end=\"2789\"><strong>Aviso importante<\/strong>Este passeio j\u00e1 est\u00e1 dispon\u00edvel para pr\u00e9-reserva. As sa\u00eddas operam de 15 de junho a 20 de agosto, sujeitas ao calend\u00e1rio sazonal.<\/p>","protected":false},"excerpt":{"rendered":"<p>Descubra a magia do Vale de Challhuaco com uma experi\u00eancia criada para quem procura natureza, aventura suave e momentos inesquec\u00edveis. Caminhe por florestas nevadas com raquetes de neve, experimente sabores regionais em um abrigo aconchegante e deslize pela neve em skates. Ideal para fam\u00edlias, casais e grupos que querem aproveitar o inverno sem exig\u00eancias f\u00edsicas.<\/p>","protected":false},"featured_media":1147,"comment_status":"closed","ping_status":"closed","template":"","meta":[],"product_brand":[],"product_cat":[118,92,79,73,23,75],"product_tag":[],"class_list":{"0":"post-657","1":"product","2":"type-product","3":"status-publish","4":"has-post-thumbnail","6":"product_cat-aventura-tipo-2","7":"product_cat-con-comida","8":"product_cat-con-traslado","9":"product_cat-familia","10":"product_cat-invierno","11":"product_cat-ninos","13":"first","14":"instock","15":"virtual","16":"sold-individually","17":"purchasable","18":"product-type-booking"},"booking_location":"","booking_location_type":"","booking_duration":1,"booking_duration_unit":"hour","booking_buffer":0,"booking_cost":0,"booking_resources":[],"exclude_global_add_ons":false,"addons":[{"name":"ADU: Adulto","type":"input_multiplier","position":0,"required":false,"title_format":"label","default":"","description_enable":false,"description":"","placeholder_enable":false,"placeholder":"","display":"select","restrictions_type":"any_text","adjust_price":true,"price":"264000","price_type":"quantity_based","restrictions":false,"min":"0","max":"0","options":[],"id":1775728291},{"name":"MEN412 | De 4 a 12","type":"input_multiplier","position":1,"required":false,"title_format":"label","default":"","description_enable":false,"description":"","placeholder_enable":false,"placeholder":"","display":"select","restrictions_type":"any_text","adjust_price":true,"price":"222000","price_type":"quantity_based","restrictions":false,"min":"0","max":"0","options":[],"id":1775728292}],"yoast_head":"<!-- This site is optimized with the Yoast SEO Premium plugin v26.4 (Yoast SEO v26.4) - https:\/\/yoast.com\/wordpress\/plugins\/seo\/ -->\n<title>Viv\u00ed la nieve en familia: caminata con raquetas, sabores regionales y una experiencia para todos en el Refugio Neumeyer - Turismo Bariloche<\/title>\n<meta name=\"description\" content=\"Caminata con raquetas, almuerzo regional y diversi\u00f3n en la nieve para todas las edades. Viv\u00ed una experiencia completa y accesible en el Refugio Neumeyer con salida desde Bariloche.\" \/>\n<meta name=\"robots\" content=\"index, follow, max-snippet:-1, max-image-preview:large, max-video-preview:-1\" \/>\n<link rel=\"canonical\" href=\"https:\/\/turismobariloche.ar\/pt\/product\/experiencias-com-raquetes-de-neve-e-sabores-regionais-refugio-neumeyer\/\" \/>\n<meta property=\"og:locale\" content=\"pt_BR\" \/>\n<meta property=\"og:type\" content=\"article\" \/>\n<meta property=\"og:title\" content=\"Viv\u00ed la nieve en familia: caminata con raquetas, sabores regionales y una experiencia para todos en el Refugio Neumeyer\" \/>\n<meta property=\"og:description\" content=\"Caminata con raquetas, almuerzo regional y diversi\u00f3n en la nieve para todas las edades. Viv\u00ed una experiencia completa y accesible en el Refugio Neumeyer con salida desde Bariloche.\" \/>\n<meta property=\"og:url\" content=\"https:\/\/turismobariloche.ar\/pt\/product\/experiencias-com-raquetes-de-neve-e-sabores-regionais-refugio-neumeyer\/\" \/>\n<meta property=\"og:site_name\" content=\"Turismo Bariloche\" \/>\n<meta property=\"article:modified_time\" content=\"2026-04-10T14:02:13+00:00\" \/>\n<meta property=\"og:image\" content=\"https:\/\/turismobariloche.ar\/wp-content\/uploads\/2025\/06\/2-D-photo3jpg-scaled.jpg\" \/>\n\t<meta property=\"og:image:width\" content=\"1920\" \/>\n\t<meta property=\"og:image:height\" content=\"2560\" \/>\n\t<meta property=\"og:image:type\" content=\"image\/jpeg\" \/>\n<meta name=\"twitter:card\" content=\"summary_large_image\" \/>\n<meta name=\"twitter:label1\" content=\"Est. tempo de leitura\" \/>\n\t<meta name=\"twitter:data1\" content=\"2 minutos\" \/>\n<script type=\"application\/ld+json\" class=\"yoast-schema-graph\">{\"@context\":\"https:\/\/schema.org\",\"@graph\":[{\"@type\":\"WebPage\",\"@id\":\"https:\/\/turismobariloche.ar\/product\/vivencias-caminata-con-raquetas-y-sabores-regionales-refugio-neumeyer\/\",\"url\":\"https:\/\/turismobariloche.ar\/product\/vivencias-caminata-con-raquetas-y-sabores-regionales-refugio-neumeyer\/\",\"name\":\"Viv\u00ed la nieve en familia: caminata con raquetas, sabores regionales y una experiencia para todos en el Refugio Neumeyer - Turismo Bariloche\",\"isPartOf\":{\"@id\":\"https:\/\/turismobariloche.ar\/#website\"},\"primaryImageOfPage\":{\"@id\":\"https:\/\/turismobariloche.ar\/product\/vivencias-caminata-con-raquetas-y-sabores-regionales-refugio-neumeyer\/#primaryimage\"},\"image\":{\"@id\":\"https:\/\/turismobariloche.ar\/product\/vivencias-caminata-con-raquetas-y-sabores-regionales-refugio-neumeyer\/#primaryimage\"},\"thumbnailUrl\":\"https:\/\/turismobariloche.ar\/wp-content\/uploads\/2025\/06\/2-D-photo3jpg-scaled.jpg\",\"datePublished\":\"2025-06-01T18:55:03+00:00\",\"dateModified\":\"2026-04-10T14:02:13+00:00\",\"description\":\"Caminata con raquetas, almuerzo regional y diversi\u00f3n en la nieve para todas las edades. Viv\u00ed una experiencia completa y accesible en el Refugio Neumeyer con salida desde Bariloche.\",\"breadcrumb\":{\"@id\":\"https:\/\/turismobariloche.ar\/product\/vivencias-caminata-con-raquetas-y-sabores-regionales-refugio-neumeyer\/#breadcrumb\"},\"inLanguage\":\"pt-BR\",\"potentialAction\":[{\"@type\":\"ReadAction\",\"target\":[\"https:\/\/turismobariloche.ar\/product\/vivencias-caminata-con-raquetas-y-sabores-regionales-refugio-neumeyer\/\"]}]},{\"@type\":\"ImageObject\",\"inLanguage\":\"pt-BR\",\"@id\":\"https:\/\/turismobariloche.ar\/product\/vivencias-caminata-con-raquetas-y-sabores-regionales-refugio-neumeyer\/#primaryimage\",\"url\":\"https:\/\/turismobariloche.ar\/wp-content\/uploads\/2025\/06\/2-D-photo3jpg-scaled.jpg\",\"contentUrl\":\"https:\/\/turismobariloche.ar\/wp-content\/uploads\/2025\/06\/2-D-photo3jpg-scaled.jpg\",\"width\":1920,\"height\":2560},{\"@type\":\"BreadcrumbList\",\"@id\":\"https:\/\/turismobariloche.ar\/product\/vivencias-caminata-con-raquetas-y-sabores-regionales-refugio-neumeyer\/#breadcrumb\",\"itemListElement\":[{\"@type\":\"ListItem\",\"position\":1,\"name\":\"Home\",\"item\":\"https:\/\/turismobariloche.ar\/\"},{\"@type\":\"ListItem\",\"position\":2,\"name\":\"Lista de excursiones\",\"item\":\"https:\/\/turismobariloche.ar\/shop\/\"},{\"@type\":\"ListItem\",\"position\":3,\"name\":\"Viv\u00ed la nieve en familia: caminata con raquetas, sabores regionales y una experiencia para todos en el Refugio Neumeyer\"}]},{\"@type\":\"WebSite\",\"@id\":\"https:\/\/turismobariloche.ar\/#website\",\"url\":\"https:\/\/turismobariloche.ar\/\",\"name\":\"Turismo Bariloche\",\"description\":\"Actividades recreativas en San Carlos de Bariloche\",\"publisher\":{\"@id\":\"https:\/\/turismobariloche.ar\/#organization\"},\"potentialAction\":[{\"@type\":\"SearchAction\",\"target\":{\"@type\":\"EntryPoint\",\"urlTemplate\":\"https:\/\/turismobariloche.ar\/?s={search_term_string}\"},\"query-input\":{\"@type\":\"PropertyValueSpecification\",\"valueRequired\":true,\"valueName\":\"search_term_string\"}}],\"inLanguage\":\"pt-BR\"},{\"@type\":\"Organization\",\"@id\":\"https:\/\/turismobariloche.ar\/#organization\",\"name\":\"Turismo Bariloche\",\"url\":\"https:\/\/turismobariloche.ar\/\",\"logo\":{\"@type\":\"ImageObject\",\"inLanguage\":\"pt-BR\",\"@id\":\"https:\/\/turismobariloche.ar\/#\/schema\/logo\/image\/\",\"url\":\"https:\/\/turismobariloche.ar\/wp-content\/uploads\/2025\/10\/LOGO-TURISMO-BARILOCHE-bco-SF-03-1-1.png\",\"contentUrl\":\"https:\/\/turismobariloche.ar\/wp-content\/uploads\/2025\/10\/LOGO-TURISMO-BARILOCHE-bco-SF-03-1-1.png\",\"width\":1735,\"height\":774,\"caption\":\"Turismo Bariloche\"},\"image\":{\"@id\":\"https:\/\/turismobariloche.ar\/#\/schema\/logo\/image\/\"}}]}<\/script>\n<!-- \/ Yoast SEO Premium plugin. -->","yoast_head_json":{"title":"Aproveite a neve com a fam\u00edlia: raquetes de neve, sabores regionais e uma experi\u00eancia para todos no Ref\u00fagio Neumeyer - Turismo Bariloche","description":"Caminhada com raquetes de neve, almo\u00e7o regional e divers\u00e3o na neve para todas as idades. Desfrute de uma experi\u00eancia completa e acess\u00edvel no Ref\u00fagio Neumeyer, partindo de Bariloche.","robots":{"index":"index","follow":"follow","max-snippet":"max-snippet:-1","max-image-preview":"max-image-preview:large","max-video-preview":"max-video-preview:-1"},"canonical":"https:\/\/turismobariloche.ar\/pt\/product\/experiencias-com-raquetes-de-neve-e-sabores-regionais-refugio-neumeyer\/","og_locale":"pt_BR","og_type":"article","og_title":"Viv\u00ed la nieve en familia: caminata con raquetas, sabores regionales y una experiencia para todos en el Refugio Neumeyer","og_description":"Caminata con raquetas, almuerzo regional y diversi\u00f3n en la nieve para todas las edades. Viv\u00ed una experiencia completa y accesible en el Refugio Neumeyer con salida desde Bariloche.","og_url":"https:\/\/turismobariloche.ar\/pt\/product\/experiencias-com-raquetes-de-neve-e-sabores-regionais-refugio-neumeyer\/","og_site_name":"Turismo Bariloche","article_modified_time":"2026-04-10T14:02:13+00:00","og_image":[{"width":1920,"height":2560,"url":"https:\/\/turismobariloche.ar\/wp-content\/uploads\/2025\/06\/2-D-photo3jpg-scaled.jpg","type":"image\/jpeg"}],"twitter_card":"summary_large_image","twitter_misc":{"Est. tempo de leitura":"2 minutos"},"schema":{"@context":"https:\/\/schema.org","@graph":[{"@type":"WebPage","@id":"https:\/\/turismobariloche.ar\/product\/vivencias-caminata-con-raquetas-y-sabores-regionales-refugio-neumeyer\/","url":"https:\/\/turismobariloche.ar\/product\/vivencias-caminata-con-raquetas-y-sabores-regionales-refugio-neumeyer\/","name":"Aproveite a neve com a fam\u00edlia: raquetes de neve, sabores regionais e uma experi\u00eancia para todos no Ref\u00fagio Neumeyer - Turismo Bariloche","isPartOf":{"@id":"https:\/\/turismobariloche.ar\/#website"},"primaryImageOfPage":{"@id":"https:\/\/turismobariloche.ar\/product\/vivencias-caminata-con-raquetas-y-sabores-regionales-refugio-neumeyer\/#primaryimage"},"image":{"@id":"https:\/\/turismobariloche.ar\/product\/vivencias-caminata-con-raquetas-y-sabores-regionales-refugio-neumeyer\/#primaryimage"},"thumbnailUrl":"https:\/\/turismobariloche.ar\/wp-content\/uploads\/2025\/06\/2-D-photo3jpg-scaled.jpg","datePublished":"2025-06-01T18:55:03+00:00","dateModified":"2026-04-10T14:02:13+00:00","description":"Caminhada com raquetes de neve, almo\u00e7o regional e divers\u00e3o na neve para todas as idades. Desfrute de uma experi\u00eancia completa e acess\u00edvel no Ref\u00fagio Neumeyer, partindo de Bariloche.","breadcrumb":{"@id":"https:\/\/turismobariloche.ar\/product\/vivencias-caminata-con-raquetas-y-sabores-regionales-refugio-neumeyer\/#breadcrumb"},"inLanguage":"pt-BR","potentialAction":[{"@type":"ReadAction","target":["https:\/\/turismobariloche.ar\/product\/vivencias-caminata-con-raquetas-y-sabores-regionales-refugio-neumeyer\/"]}]},{"@type":"ImageObject","inLanguage":"pt-BR","@id":"https:\/\/turismobariloche.ar\/product\/vivencias-caminata-con-raquetas-y-sabores-regionales-refugio-neumeyer\/#primaryimage","url":"https:\/\/turismobariloche.ar\/wp-content\/uploads\/2025\/06\/2-D-photo3jpg-scaled.jpg","contentUrl":"https:\/\/turismobariloche.ar\/wp-content\/uploads\/2025\/06\/2-D-photo3jpg-scaled.jpg","width":1920,"height":2560},{"@type":"BreadcrumbList","@id":"https:\/\/turismobariloche.ar\/product\/vivencias-caminata-con-raquetas-y-sabores-regionales-refugio-neumeyer\/#breadcrumb","itemListElement":[{"@type":"ListItem","position":1,"name":"Home","item":"https:\/\/turismobariloche.ar\/"},{"@type":"ListItem","position":2,"name":"Lista de excursiones","item":"https:\/\/turismobariloche.ar\/shop\/"},{"@type":"ListItem","position":3,"name":"Viv\u00ed la nieve en familia: caminata con raquetas, sabores regionales y una experiencia para todos en el Refugio Neumeyer"}]},{"@type":"WebSite","@id":"https:\/\/turismobariloche.ar\/#website","url":"https:\/\/turismobariloche.ar\/","name":"Turismo em Bariloche","description":"Atividades recreativas em San Carlos de Bariloche","publisher":{"@id":"https:\/\/turismobariloche.ar\/#organization"},"potentialAction":[{"@type":"SearchAction","target":{"@type":"EntryPoint","urlTemplate":"https:\/\/turismobariloche.ar\/?s={search_term_string}"},"query-input":{"@type":"PropertyValueSpecification","valueRequired":true,"valueName":"search_term_string"}}],"inLanguage":"pt-BR"},{"@type":"Organization","@id":"https:\/\/turismobariloche.ar\/#organization","name":"Turismo em Bariloche","url":"https:\/\/turismobariloche.ar\/","logo":{"@type":"ImageObject","inLanguage":"pt-BR","@id":"https:\/\/turismobariloche.ar\/#\/schema\/logo\/image\/","url":"https:\/\/turismobariloche.ar\/wp-content\/uploads\/2025\/10\/LOGO-TURISMO-BARILOCHE-bco-SF-03-1-1.png","contentUrl":"https:\/\/turismobariloche.ar\/wp-content\/uploads\/2025\/10\/LOGO-TURISMO-BARILOCHE-bco-SF-03-1-1.png","width":1735,"height":774,"caption":"Turismo Bariloche"},"image":{"@id":"https:\/\/turismobariloche.ar\/#\/schema\/logo\/image\/"}}]}},"_links":{"self":[{"href":"https:\/\/turismobariloche.ar\/pt\/wp-json\/wp\/v2\/product\/657","targetHints":{"allow":["GET"]}}],"collection":[{"href":"https:\/\/turismobariloche.ar\/pt\/wp-json\/wp\/v2\/product"}],"about":[{"href":"https:\/\/turismobariloche.ar\/pt\/wp-json\/wp\/v2\/types\/product"}],"replies":[{"embeddable":true,"href":"https:\/\/turismobariloche.ar\/pt\/wp-json\/wp\/v2\/comments?post=657"}],"wp:featuredmedia":[{"embeddable":true,"href":"https:\/\/turismobariloche.ar\/pt\/wp-json\/wp\/v2\/media\/1147"}],"wp:attachment":[{"href":"https:\/\/turismobariloche.ar\/pt\/wp-json\/wp\/v2\/media?parent=657"}],"wp:term":[{"taxonomy":"product_brand","embeddable":true,"href":"https:\/\/turismobariloche.ar\/pt\/wp-json\/wp\/v2\/product_brand?post=657"},{"taxonomy":"product_cat","embeddable":true,"href":"https:\/\/turismobariloche.ar\/pt\/wp-json\/wp\/v2\/product_cat?post=657"},{"taxonomy":"product_tag","embeddable":true,"href":"https:\/\/turismobariloche.ar\/pt\/wp-json\/wp\/v2\/product_tag?post=657"}],"curies":[{"name":"wp","href":"https:\/\/api.w.org\/{rel}","templated":true}]}}