{"id":656,"date":"2025-06-01T15:55:03","date_gmt":"2025-06-01T18:55:03","guid":{"rendered":"https:\/\/turismobariloche.ar\/?post_type=product&#038;p=656"},"modified":"2026-04-11T20:05:49","modified_gmt":"2026-04-11T23:05:49","slug":"escuelita-de-ski-snowboard-dia-completo-para-ninos","status":"publish","type":"product","link":"https:\/\/turismobariloche.ar\/pt\/product\/escola-de-snowboard-para-criancas\/","title":{"rendered":"Um dia inteiro na neve: aulas de esqui ou snowboard com tudo inclu\u00eddo para crian\u00e7as"},"content":{"rendered":"<h3 data-start=\"441\" data-end=\"491\"><strong data-start=\"445\" data-end=\"491\">Ideal para compartilhar com a fam\u00edlia ou grupo<\/strong><\/h3>\n<p data-start=\"493\" data-end=\"786\">Uma proposta especialmente desenvolvida para que as crian\u00e7as vivenciem um dia ativo na neve, aprendendo a esquiar ou praticar snowboard, com instrutores profissionais e em um ambiente adaptado \u00e0s suas necessidades. Uma experi\u00eancia completa com traslado, aulas e equipamentos.<\/p>\n<h3 data-start=\"793\" data-end=\"890\"><strong data-start=\"797\" data-end=\"890\">Uma experi\u00eancia de inverno segura e divertida para as crian\u00e7as<\/strong><\/h3>\n<p data-start=\"892\" data-end=\"1259\">Durante a temporada de neve, as montanhas se tornam o cen\u00e1rio ideal para as crian\u00e7as se iniciarem no mundo branco. A Escola de Esqui\/Snowboard do Turismo Bariloche \u00e9 voltada para crian\u00e7as de 4 a 11 anos e oferece um dia inteiro de aprendizado, divers\u00e3o e contato com a montanha, sob a supervis\u00e3o constante de instrutores especializados.<\/p>\n<p data-start=\"1261\" data-end=\"1586\">A atividade come\u00e7a com o traslado dos pontos de encontro pr\u00f3ximos aos alojamentos (na Av. Bustillo ou Av. Pioneros at\u00e9 o km 8). Uma vez na base de opera\u00e7\u00f5es, as crian\u00e7as recebem seu equipamento t\u00e9cnico e s\u00e3o agrupadas em n\u00edveis de acordo com a experi\u00eancia. As aulas s\u00e3o ministradas em pequenos grupos, com aten\u00e7\u00e3o personalizada.<\/p>\n<p data-start=\"1588\" data-end=\"1876\">Ap\u00f3s o almo\u00e7o - inclu\u00eddo na experi\u00eancia - as crian\u00e7as participam de atividades recreativas acompanhadas at\u00e9 a hora do retorno. Tudo foi planejado para que as fam\u00edlias possam contar com um servi\u00e7o profissional e seguro, criado especialmente para a idade e o ritmo das crian\u00e7as.<\/p>\n<p data-start=\"1878\" data-end=\"2023\">Inclui traslado de pontos pr\u00f3ximos, equipamento completo, aulas em grupo, recrea\u00e7\u00e3o e almo\u00e7o. N\u00e3o inclui roupas de neve e ingresso para o telef\u00e9rico.<\/p>\n<h3 data-start=\"2030\" data-end=\"2060\"><strong data-start=\"2034\" data-end=\"2060\">O que voc\u00ea precisa saber<\/strong><\/h3>\n<p data-start=\"2062\" data-end=\"2256\"><strong data-start=\"2062\" data-end=\"2091\">O que o servi\u00e7o inclui?<\/strong><br data-start=\"2091\" data-end=\"2094\" \/>Traslado dos pontos de encontro, equipamento t\u00e9cnico completo de esqui ou snowboard, duas horas de aulas em grupo, recrea\u00e7\u00e3o posterior e almo\u00e7o para os participantes.<\/p>\n<p data-start=\"2258\" data-end=\"2350\"><strong data-start=\"2258\" data-end=\"2289\">Quem pode participar?<\/strong><br data-start=\"2289\" data-end=\"2292\" \/>Crian\u00e7as de 4 a 11 anos de idade, sem necessidade de experi\u00eancia anterior.<\/p>\n<p data-start=\"2352\" data-end=\"2530\"><strong data-start=\"2352\" data-end=\"2381\">\u00c9 uma atividade segura?<\/strong><br data-start=\"2381\" data-end=\"2384\" \/>Sim, todo o programa \u00e9 projetado e supervisionado por instrutores profissionais, com grupos pequenos e protocolos de seguran\u00e7a adequados para crian\u00e7as.<\/p>\n<p data-start=\"2532\" data-end=\"2676\"><strong data-start=\"2532\" data-end=\"2554\">O que eles devem carregar?<\/strong><br data-start=\"2554\" data-end=\"2557\" \/>Roupas para neve ou casaco imperme\u00e1vel, luvas, chap\u00e9u e cal\u00e7ados adequados. Roupas para neve e ingressos para o telef\u00e9rico n\u00e3o est\u00e3o inclu\u00eddos.<br \/>\n<strong>Aviso importante:<\/strong> Este passeio j\u00e1 est\u00e1 dispon\u00edvel para pr\u00e9-reserva. As sa\u00eddas operam de 15 de junho a 20 de agosto, sujeitas ao calend\u00e1rio sazonal.<\/p>","protected":false},"excerpt":{"rendered":"<p>Experimente um dia de inverno exclusivo para crian\u00e7as, projetado para apresent\u00e1-las ao esqui e ao snowboard em um ambiente seguro e empolgante. Com traslado, equipamento t\u00e9cnico, aulas especializadas e almo\u00e7o, essa excurs\u00e3o \u00e9 a op\u00e7\u00e3o ideal para os pequenos aproveitarem a neve e a montanha.<\/p>","protected":false},"featured_media":1153,"comment_status":"open","ping_status":"closed","template":"","meta":[],"product_brand":[],"product_cat":[118,92,79,23,75],"product_tag":[],"class_list":{"0":"post-656","1":"product","2":"type-product","3":"status-publish","4":"has-post-thumbnail","6":"product_cat-aventura-tipo-2","7":"product_cat-con-comida","8":"product_cat-con-traslado","9":"product_cat-invierno","10":"product_cat-ninos","12":"first","13":"instock","14":"virtual","15":"sold-individually","16":"purchasable","17":"product-type-booking"},"booking_location":"","booking_location_type":"","booking_duration":1,"booking_duration_unit":"hour","booking_buffer":0,"booking_cost":0,"booking_resources":[],"exclude_global_add_ons":false,"addons":[{"name":"MEN411 | De 4 a 11","type":"input_multiplier","position":0,"required":false,"title_format":"label","default":"","description_enable":false,"description":"","placeholder_enable":false,"placeholder":"","display":"select","restrictions_type":"any_text","adjust_price":true,"price":"345600","price_type":"quantity_based","restrictions":false,"min":"0","max":"0","options":[],"id":1775728118}],"yoast_head":"<!-- This site is optimized with the Yoast SEO Premium plugin v26.4 (Yoast SEO v26.4) - https:\/\/yoast.com\/wordpress\/plugins\/seo\/ -->\n<title>Un d\u00eda completo en la nieve: clases de ski o snowboard para chicos con todo incluido - Turismo Bariloche<\/title>\n<meta name=\"description\" content=\"Escuelita de ski o snowboard para ni\u00f1os en Bariloche. Incluye clases, equipo, almuerzo y traslado desde puntos cercanos. Seguro, confiable y pensado para disfrutar en familia.\" \/>\n<meta name=\"robots\" content=\"index, follow, max-snippet:-1, max-image-preview:large, max-video-preview:-1\" \/>\n<link rel=\"canonical\" href=\"https:\/\/turismobariloche.ar\/pt\/product\/escola-de-snowboard-para-criancas\/\" \/>\n<meta property=\"og:locale\" content=\"pt_BR\" \/>\n<meta property=\"og:type\" content=\"article\" \/>\n<meta property=\"og:title\" content=\"Un d\u00eda completo en la nieve: clases de ski o snowboard para chicos con todo incluido\" \/>\n<meta property=\"og:description\" content=\"Escuelita de ski o snowboard para ni\u00f1os en Bariloche. Incluye clases, equipo, almuerzo y traslado desde puntos cercanos. Seguro, confiable y pensado para disfrutar en familia.\" \/>\n<meta property=\"og:url\" content=\"https:\/\/turismobariloche.ar\/pt\/product\/escola-de-snowboard-para-criancas\/\" \/>\n<meta property=\"og:site_name\" content=\"Turismo Bariloche\" \/>\n<meta property=\"article:modified_time\" content=\"2026-04-11T23:05:49+00:00\" \/>\n<meta property=\"og:image\" content=\"https:\/\/turismobariloche.ar\/wp-content\/uploads\/2025\/06\/2-A-1024-snow1-ccc6c977bcd24391e716476129451845-640-0-1-scaled.jpg\" \/>\n\t<meta property=\"og:image:width\" content=\"1920\" \/>\n\t<meta property=\"og:image:height\" content=\"2560\" \/>\n\t<meta property=\"og:image:type\" content=\"image\/jpeg\" \/>\n<meta name=\"twitter:card\" content=\"summary_large_image\" \/>\n<meta name=\"twitter:label1\" content=\"Est. tempo de leitura\" \/>\n\t<meta name=\"twitter:data1\" content=\"2 minutos\" \/>\n<script type=\"application\/ld+json\" class=\"yoast-schema-graph\">{\"@context\":\"https:\/\/schema.org\",\"@graph\":[{\"@type\":\"WebPage\",\"@id\":\"https:\/\/turismobariloche.ar\/product\/escuelita-de-ski-snowboard-dia-completo-para-ninos\/\",\"url\":\"https:\/\/turismobariloche.ar\/product\/escuelita-de-ski-snowboard-dia-completo-para-ninos\/\",\"name\":\"Un d\u00eda completo en la nieve: clases de ski o snowboard para chicos con todo incluido - Turismo Bariloche\",\"isPartOf\":{\"@id\":\"https:\/\/turismobariloche.ar\/#website\"},\"primaryImageOfPage\":{\"@id\":\"https:\/\/turismobariloche.ar\/product\/escuelita-de-ski-snowboard-dia-completo-para-ninos\/#primaryimage\"},\"image\":{\"@id\":\"https:\/\/turismobariloche.ar\/product\/escuelita-de-ski-snowboard-dia-completo-para-ninos\/#primaryimage\"},\"thumbnailUrl\":\"https:\/\/turismobariloche.ar\/wp-content\/uploads\/2025\/06\/2-A-1024-snow1-ccc6c977bcd24391e716476129451845-640-0-1-scaled.jpg\",\"datePublished\":\"2025-06-01T18:55:03+00:00\",\"dateModified\":\"2026-04-11T23:05:49+00:00\",\"description\":\"Escuelita de ski o snowboard para ni\u00f1os en Bariloche. Incluye clases, equipo, almuerzo y traslado desde puntos cercanos. Seguro, confiable y pensado para disfrutar en familia.\",\"breadcrumb\":{\"@id\":\"https:\/\/turismobariloche.ar\/product\/escuelita-de-ski-snowboard-dia-completo-para-ninos\/#breadcrumb\"},\"inLanguage\":\"pt-BR\",\"potentialAction\":[{\"@type\":\"ReadAction\",\"target\":[\"https:\/\/turismobariloche.ar\/product\/escuelita-de-ski-snowboard-dia-completo-para-ninos\/\"]}]},{\"@type\":\"ImageObject\",\"inLanguage\":\"pt-BR\",\"@id\":\"https:\/\/turismobariloche.ar\/product\/escuelita-de-ski-snowboard-dia-completo-para-ninos\/#primaryimage\",\"url\":\"https:\/\/turismobariloche.ar\/wp-content\/uploads\/2025\/06\/2-A-1024-snow1-ccc6c977bcd24391e716476129451845-640-0-1-scaled.jpg\",\"contentUrl\":\"https:\/\/turismobariloche.ar\/wp-content\/uploads\/2025\/06\/2-A-1024-snow1-ccc6c977bcd24391e716476129451845-640-0-1-scaled.jpg\",\"width\":1920,\"height\":2560},{\"@type\":\"BreadcrumbList\",\"@id\":\"https:\/\/turismobariloche.ar\/product\/escuelita-de-ski-snowboard-dia-completo-para-ninos\/#breadcrumb\",\"itemListElement\":[{\"@type\":\"ListItem\",\"position\":1,\"name\":\"Home\",\"item\":\"https:\/\/turismobariloche.ar\/\"},{\"@type\":\"ListItem\",\"position\":2,\"name\":\"Lista de excursiones\",\"item\":\"https:\/\/turismobariloche.ar\/shop\/\"},{\"@type\":\"ListItem\",\"position\":3,\"name\":\"Un d\u00eda completo en la nieve: clases de ski o snowboard para chicos con todo incluido\"}]},{\"@type\":\"WebSite\",\"@id\":\"https:\/\/turismobariloche.ar\/#website\",\"url\":\"https:\/\/turismobariloche.ar\/\",\"name\":\"Turismo Bariloche\",\"description\":\"Actividades recreativas en San Carlos de Bariloche\",\"publisher\":{\"@id\":\"https:\/\/turismobariloche.ar\/#organization\"},\"potentialAction\":[{\"@type\":\"SearchAction\",\"target\":{\"@type\":\"EntryPoint\",\"urlTemplate\":\"https:\/\/turismobariloche.ar\/?s={search_term_string}\"},\"query-input\":{\"@type\":\"PropertyValueSpecification\",\"valueRequired\":true,\"valueName\":\"search_term_string\"}}],\"inLanguage\":\"pt-BR\"},{\"@type\":\"Organization\",\"@id\":\"https:\/\/turismobariloche.ar\/#organization\",\"name\":\"Turismo Bariloche\",\"url\":\"https:\/\/turismobariloche.ar\/\",\"logo\":{\"@type\":\"ImageObject\",\"inLanguage\":\"pt-BR\",\"@id\":\"https:\/\/turismobariloche.ar\/#\/schema\/logo\/image\/\",\"url\":\"https:\/\/turismobariloche.ar\/wp-content\/uploads\/2025\/10\/LOGO-TURISMO-BARILOCHE-bco-SF-03-1-1.png\",\"contentUrl\":\"https:\/\/turismobariloche.ar\/wp-content\/uploads\/2025\/10\/LOGO-TURISMO-BARILOCHE-bco-SF-03-1-1.png\",\"width\":1735,\"height\":774,\"caption\":\"Turismo Bariloche\"},\"image\":{\"@id\":\"https:\/\/turismobariloche.ar\/#\/schema\/logo\/image\/\"}}]}<\/script>\n<!-- \/ Yoast SEO Premium plugin. -->","yoast_head_json":{"title":"Um dia inteiro na neve: aulas de esqui ou snowboard com tudo inclu\u00eddo para crian\u00e7as - Turismo Bariloche","description":"Escola de esqui ou snowboard para crian\u00e7as em Bariloche. Inclui aulas, equipamentos, almo\u00e7o e traslado de pontos pr\u00f3ximos. Seguro, confi\u00e1vel e projetado para ser desfrutado por toda a fam\u00edlia.","robots":{"index":"index","follow":"follow","max-snippet":"max-snippet:-1","max-image-preview":"max-image-preview:large","max-video-preview":"max-video-preview:-1"},"canonical":"https:\/\/turismobariloche.ar\/pt\/product\/escola-de-snowboard-para-criancas\/","og_locale":"pt_BR","og_type":"article","og_title":"Un d\u00eda completo en la nieve: clases de ski o snowboard para chicos con todo incluido","og_description":"Escuelita de ski o snowboard para ni\u00f1os en Bariloche. Incluye clases, equipo, almuerzo y traslado desde puntos cercanos. Seguro, confiable y pensado para disfrutar en familia.","og_url":"https:\/\/turismobariloche.ar\/pt\/product\/escola-de-snowboard-para-criancas\/","og_site_name":"Turismo Bariloche","article_modified_time":"2026-04-11T23:05:49+00:00","og_image":[{"width":1920,"height":2560,"url":"https:\/\/turismobariloche.ar\/wp-content\/uploads\/2025\/06\/2-A-1024-snow1-ccc6c977bcd24391e716476129451845-640-0-1-scaled.jpg","type":"image\/jpeg"}],"twitter_card":"summary_large_image","twitter_misc":{"Est. tempo de leitura":"2 minutos"},"schema":{"@context":"https:\/\/schema.org","@graph":[{"@type":"WebPage","@id":"https:\/\/turismobariloche.ar\/product\/escuelita-de-ski-snowboard-dia-completo-para-ninos\/","url":"https:\/\/turismobariloche.ar\/product\/escuelita-de-ski-snowboard-dia-completo-para-ninos\/","name":"Um dia inteiro na neve: aulas de esqui ou snowboard com tudo inclu\u00eddo para crian\u00e7as - Turismo Bariloche","isPartOf":{"@id":"https:\/\/turismobariloche.ar\/#website"},"primaryImageOfPage":{"@id":"https:\/\/turismobariloche.ar\/product\/escuelita-de-ski-snowboard-dia-completo-para-ninos\/#primaryimage"},"image":{"@id":"https:\/\/turismobariloche.ar\/product\/escuelita-de-ski-snowboard-dia-completo-para-ninos\/#primaryimage"},"thumbnailUrl":"https:\/\/turismobariloche.ar\/wp-content\/uploads\/2025\/06\/2-A-1024-snow1-ccc6c977bcd24391e716476129451845-640-0-1-scaled.jpg","datePublished":"2025-06-01T18:55:03+00:00","dateModified":"2026-04-11T23:05:49+00:00","description":"Escola de esqui ou snowboard para crian\u00e7as em Bariloche. Inclui aulas, equipamentos, almo\u00e7o e traslado de pontos pr\u00f3ximos. Seguro, confi\u00e1vel e projetado para ser desfrutado por toda a fam\u00edlia.","breadcrumb":{"@id":"https:\/\/turismobariloche.ar\/product\/escuelita-de-ski-snowboard-dia-completo-para-ninos\/#breadcrumb"},"inLanguage":"pt-BR","potentialAction":[{"@type":"ReadAction","target":["https:\/\/turismobariloche.ar\/product\/escuelita-de-ski-snowboard-dia-completo-para-ninos\/"]}]},{"@type":"ImageObject","inLanguage":"pt-BR","@id":"https:\/\/turismobariloche.ar\/product\/escuelita-de-ski-snowboard-dia-completo-para-ninos\/#primaryimage","url":"https:\/\/turismobariloche.ar\/wp-content\/uploads\/2025\/06\/2-A-1024-snow1-ccc6c977bcd24391e716476129451845-640-0-1-scaled.jpg","contentUrl":"https:\/\/turismobariloche.ar\/wp-content\/uploads\/2025\/06\/2-A-1024-snow1-ccc6c977bcd24391e716476129451845-640-0-1-scaled.jpg","width":1920,"height":2560},{"@type":"BreadcrumbList","@id":"https:\/\/turismobariloche.ar\/product\/escuelita-de-ski-snowboard-dia-completo-para-ninos\/#breadcrumb","itemListElement":[{"@type":"ListItem","position":1,"name":"Home","item":"https:\/\/turismobariloche.ar\/"},{"@type":"ListItem","position":2,"name":"Lista de excursiones","item":"https:\/\/turismobariloche.ar\/shop\/"},{"@type":"ListItem","position":3,"name":"Un d\u00eda completo en la nieve: clases de ski o snowboard para chicos con todo incluido"}]},{"@type":"WebSite","@id":"https:\/\/turismobariloche.ar\/#website","url":"https:\/\/turismobariloche.ar\/","name":"Turismo em Bariloche","description":"Atividades recreativas em San Carlos de Bariloche","publisher":{"@id":"https:\/\/turismobariloche.ar\/#organization"},"potentialAction":[{"@type":"SearchAction","target":{"@type":"EntryPoint","urlTemplate":"https:\/\/turismobariloche.ar\/?s={search_term_string}"},"query-input":{"@type":"PropertyValueSpecification","valueRequired":true,"valueName":"search_term_string"}}],"inLanguage":"pt-BR"},{"@type":"Organization","@id":"https:\/\/turismobariloche.ar\/#organization","name":"Turismo em Bariloche","url":"https:\/\/turismobariloche.ar\/","logo":{"@type":"ImageObject","inLanguage":"pt-BR","@id":"https:\/\/turismobariloche.ar\/#\/schema\/logo\/image\/","url":"https:\/\/turismobariloche.ar\/wp-content\/uploads\/2025\/10\/LOGO-TURISMO-BARILOCHE-bco-SF-03-1-1.png","contentUrl":"https:\/\/turismobariloche.ar\/wp-content\/uploads\/2025\/10\/LOGO-TURISMO-BARILOCHE-bco-SF-03-1-1.png","width":1735,"height":774,"caption":"Turismo Bariloche"},"image":{"@id":"https:\/\/turismobariloche.ar\/#\/schema\/logo\/image\/"}}]}},"_links":{"self":[{"href":"https:\/\/turismobariloche.ar\/pt\/wp-json\/wp\/v2\/product\/656","targetHints":{"allow":["GET"]}}],"collection":[{"href":"https:\/\/turismobariloche.ar\/pt\/wp-json\/wp\/v2\/product"}],"about":[{"href":"https:\/\/turismobariloche.ar\/pt\/wp-json\/wp\/v2\/types\/product"}],"replies":[{"embeddable":true,"href":"https:\/\/turismobariloche.ar\/pt\/wp-json\/wp\/v2\/comments?post=656"}],"wp:featuredmedia":[{"embeddable":true,"href":"https:\/\/turismobariloche.ar\/pt\/wp-json\/wp\/v2\/media\/1153"}],"wp:attachment":[{"href":"https:\/\/turismobariloche.ar\/pt\/wp-json\/wp\/v2\/media?parent=656"}],"wp:term":[{"taxonomy":"product_brand","embeddable":true,"href":"https:\/\/turismobariloche.ar\/pt\/wp-json\/wp\/v2\/product_brand?post=656"},{"taxonomy":"product_cat","embeddable":true,"href":"https:\/\/turismobariloche.ar\/pt\/wp-json\/wp\/v2\/product_cat?post=656"},{"taxonomy":"product_tag","embeddable":true,"href":"https:\/\/turismobariloche.ar\/pt\/wp-json\/wp\/v2\/product_tag?post=656"}],"curies":[{"name":"wp","href":"https:\/\/api.w.org\/{rel}","templated":true}]}}