{"id":655,"date":"2025-06-01T15:55:03","date_gmt":"2025-06-01T18:55:03","guid":{"rendered":"https:\/\/turismobariloche.ar\/?post_type=product&#038;p=655"},"modified":"2026-04-09T09:44:48","modified_gmt":"2026-04-09T12:44:48","slug":"villa-la-angostura-y-cerro-bayo","status":"publish","type":"product","link":"https:\/\/turismobariloche.ar\/pt\/product\/villa-la-angostura-e-cerro-bayo\/","title":{"rendered":"Villa La Angostura e Cerro Bayo: Tour com traslado inclu\u00eddo"},"content":{"rendered":"<h2 data-start=\"339\" data-end=\"421\"><strong data-start=\"339\" data-end=\"421\">Um passeio ideal para toda a fam\u00edlia aproveitar a neve e as paisagens da Patag\u00f4nia.<\/strong><\/h2>\n<h3 data-start=\"428\" data-end=\"491\">Aproveite a neve em uma excurs\u00e3o tranquila e bem organizada<\/h3>\n<p data-start=\"492\" data-end=\"792\">A partida \u00e9 \u00e0s <strong data-start=\"511\" data-end=\"523\">08:00 hs<\/strong>, de <strong data-start=\"531\" data-end=\"636\">pontos de encontro j\u00e1 estabelecidos entre o centro de Bariloche e o km 8 da Av. Bustillo ou Pioneros.<\/strong>. O retorno est\u00e1 programado para <strong data-start=\"672\" data-end=\"684\">18:00 hs<\/strong>, Temos tudo coordenado para que voc\u00ea possa aproveitar o dia sem se preocupar com traslados e organiza\u00e7\u00e3o.<\/p>\n<p data-start=\"794\" data-end=\"1139\">O passeio inclui uma visita guiada a <strong data-start=\"835\" data-end=\"857\">Villa La Angostura<\/strong>, Continuamos at\u00e9 o vilarejo de montanha com paisagens nevadas, florestas e ba\u00edas pitorescas. Depois, seguiremos para o centro de atividades na neve. <strong data-start=\"994\" data-end=\"1008\">Cerro Bayo<\/strong>, Voc\u00ea ter\u00e1 tempo livre para caminhar, tirar fotos ou, opcionalmente, contratar uma subida para apreciar a neve em altitude.<\/p>\n<p data-start=\"1141\" data-end=\"1281\">Durante todo o dia, o grupo \u00e9 assistido por um guia em espanhol, que acompanha o passeio e fornece informa\u00e7\u00f5es de interesse.<\/p>\n<h3 data-start=\"1288\" data-end=\"1316\">O que a excurs\u00e3o inclui?<\/h3>\n<ul data-start=\"1317\" data-end=\"1478\">\n<li data-start=\"1317\" data-end=\"1373\">\n<p data-start=\"1319\" data-end=\"1373\">Traslado de ida e volta para os pontos de encontro.<\/p>\n<\/li>\n<li data-start=\"1374\" data-end=\"1433\">\n<p data-start=\"1376\" data-end=\"1433\">Passeio completo por Villa La Angostura e Cerro Bayo.<\/p>\n<\/li>\n<li data-start=\"1434\" data-end=\"1478\">\n<p data-start=\"1436\" data-end=\"1478\">Guia que fala ingl\u00eas durante todo o passeio.<\/p>\n<\/li>\n<\/ul>\n<h3 data-start=\"1485\" data-end=\"1501\">N\u00e3o inclui<\/h3>\n<ul data-start=\"1502\" data-end=\"1621\">\n<li data-start=\"1502\" data-end=\"1514\">\n<p data-start=\"1504\" data-end=\"1514\">Refei\u00e7\u00f5es.<\/p>\n<\/li>\n<li data-start=\"1515\" data-end=\"1555\">\n<p data-start=\"1517\" data-end=\"1555\">Taxas de entrada no Parque Nacional.<\/p>\n<\/li>\n<li data-start=\"1556\" data-end=\"1592\">\n<p data-start=\"1558\" data-end=\"1592\">Bilhete de subida ao Cerro Bayo.<\/p>\n<\/li>\n<li data-start=\"1593\" data-end=\"1621\">\n<p data-start=\"1595\" data-end=\"1621\">Aluguel de roupas para neve.<\/p>\n<\/li>\n<\/ul>\n<h3 data-start=\"1628\" data-end=\"1650\">Informa\u00e7\u00f5es \u00fateis<\/h3>\n<ul data-start=\"1651\" data-end=\"1892\">\n<li data-start=\"1651\" data-end=\"1700\">\n<p data-start=\"1653\" data-end=\"1700\"><strong data-start=\"1653\" data-end=\"1667\">Temporada:<\/strong> inverno (junho a setembro).<\/p>\n<\/li>\n<li data-start=\"1701\" data-end=\"1767\">\n<p data-start=\"1703\" data-end=\"1767\"><strong data-start=\"1703\" data-end=\"1727\">Partidas programadas:<\/strong> Segundas, quartas, sextas e domingos.<\/p>\n<\/li>\n<li data-start=\"1768\" data-end=\"1809\">\n<p data-start=\"1770\" data-end=\"1809\"><strong data-start=\"1770\" data-end=\"1789\">Dura\u00e7\u00e3o total:<\/strong> 08:30 \u00e0s 18:00 hs.<\/p>\n<\/li>\n<li data-start=\"1810\" data-end=\"1892\">\n<p data-start=\"1812\" data-end=\"1892\"><strong data-start=\"1812\" data-end=\"1830\">Recomenda\u00e7\u00e3o:<\/strong> Traga roupas quentes ou alugue equipamentos de neve com anteced\u00eancia.<\/p>\n<\/li>\n<\/ul>\n<h3 data-start=\"1899\" data-end=\"1925\">Perguntas frequentes<\/h3>\n<p data-start=\"1927\" data-end=\"2046\"><strong data-start=\"1927\" data-end=\"1976\">\u00c9 necess\u00e1rio ter experi\u00eancia pr\u00e9via com neve?<\/strong><br data-start=\"1976\" data-end=\"1979\" \/>N\u00e3o, \u00e9 um passeio terrestre. As atividades na neve s\u00e3o opcionais.<\/p>\n<p data-start=\"2048\" data-end=\"2132\"><strong data-start=\"2048\" data-end=\"2075\">De onde eles est\u00e3o me procurando?<\/strong><br data-start=\"2075\" data-end=\"2078\" \/>Dos pontos de encontro. N\u00e3o passamos pelos hot\u00e9is.<\/p>\n<p data-start=\"2134\" data-end=\"2220\"><strong data-start=\"2134\" data-end=\"2178\">A subida ao Cerro Bayo est\u00e1 inclu\u00edda?<\/strong><br data-start=\"2178\" data-end=\"2181\" \/>N\u00e3o, mas voc\u00ea pode contrat\u00e1-lo no local.<\/p>\n<p data-start=\"2222\" data-end=\"2309\"><strong data-start=\"2222\" data-end=\"2249\">\u00c9 adequado para fam\u00edlias?<\/strong><br data-start=\"2249\" data-end=\"2252\" \/>Sim, \u00e9 um passeio ideal para fazer com a fam\u00edlia ou amigos.<\/p>","protected":false},"excerpt":{"rendered":"<p>Partida \u00e0s 08:30 hs do ponto de encontro. Inclui traslado e guia. Visita a Villa La Angostura e Cerro Bayo, com tempo livre para neve. Retorno \u00e0s 18:00 hs. Ideal para fam\u00edlias.<\/p>","protected":false},"featured_media":1158,"comment_status":"open","ping_status":"closed","template":"","meta":[],"product_brand":[],"product_cat":[79,73,75,76,51],"product_tag":[],"class_list":{"0":"post-655","1":"product","2":"type-product","3":"status-publish","4":"has-post-thumbnail","6":"product_cat-con-traslado","7":"product_cat-familia","8":"product_cat-ninos","9":"product_cat-sin-comida","10":"product_cat-todo-el-ano","12":"first","13":"instock","14":"virtual","15":"sold-individually","16":"purchasable","17":"product-type-booking"},"booking_location":"","booking_location_type":"","booking_duration":1,"booking_duration_unit":"hour","booking_buffer":0,"booking_cost":0,"booking_resources":[],"exclude_global_add_ons":false,"addons":[{"name":"ADU: Adulto","type":"input_multiplier","position":0,"required":false,"title_format":"label","default":"","description_enable":false,"description":"","placeholder_enable":false,"placeholder":"","display":"select","restrictions_type":"any_text","adjust_price":true,"price":"59400","price_type":"quantity_based","restrictions":false,"min":"0","max":"0","options":[],"id":1775727799}],"yoast_head":"<!-- This site is optimized with the Yoast SEO Premium plugin v26.4 (Yoast SEO v26.4) - https:\/\/yoast.com\/wordpress\/plugins\/seo\/ -->\n<title>Villa La Angostura y Cerro Bayo: Paseo con traslado incluido - Turismo Bariloche<\/title>\n<meta name=\"description\" content=\"Excursi\u00f3n a Villa La Angostura y Cerro Bayo en invierno con traslado desde Bariloche. Paseo guiado, c\u00f3modo y familiar para disfrutar la nieve.\" \/>\n<meta name=\"robots\" content=\"index, follow, max-snippet:-1, max-image-preview:large, max-video-preview:-1\" \/>\n<link rel=\"canonical\" href=\"https:\/\/turismobariloche.ar\/pt\/product\/villa-la-angostura-e-cerro-bayo\/\" \/>\n<meta property=\"og:locale\" content=\"pt_BR\" \/>\n<meta property=\"og:type\" content=\"article\" \/>\n<meta property=\"og:title\" content=\"Villa La Angostura y Cerro Bayo: Paseo con traslado incluido\" \/>\n<meta property=\"og:description\" content=\"Excursi\u00f3n a Villa La Angostura y Cerro Bayo en invierno con traslado desde Bariloche. Paseo guiado, c\u00f3modo y familiar para disfrutar la nieve.\" \/>\n<meta property=\"og:url\" content=\"https:\/\/turismobariloche.ar\/pt\/product\/villa-la-angostura-e-cerro-bayo\/\" \/>\n<meta property=\"og:site_name\" content=\"Turismo Bariloche\" \/>\n<meta property=\"article:modified_time\" content=\"2026-04-09T12:44:48+00:00\" \/>\n<meta property=\"og:image\" content=\"https:\/\/turismobariloche.ar\/wp-content\/uploads\/2025\/06\/2-C-a-imponente-cordillera-scaled.jpg\" \/>\n\t<meta property=\"og:image:width\" content=\"1920\" \/>\n\t<meta property=\"og:image:height\" content=\"2560\" \/>\n\t<meta property=\"og:image:type\" content=\"image\/jpeg\" \/>\n<meta name=\"twitter:card\" content=\"summary_large_image\" \/>\n<meta name=\"twitter:label1\" content=\"Est. tempo de leitura\" \/>\n\t<meta name=\"twitter:data1\" content=\"2 minutos\" \/>\n<script type=\"application\/ld+json\" class=\"yoast-schema-graph\">{\"@context\":\"https:\/\/schema.org\",\"@graph\":[{\"@type\":\"WebPage\",\"@id\":\"https:\/\/turismobariloche.ar\/product\/villa-la-angostura-y-cerro-bayo\/\",\"url\":\"https:\/\/turismobariloche.ar\/product\/villa-la-angostura-y-cerro-bayo\/\",\"name\":\"Villa La Angostura y Cerro Bayo: Paseo con traslado incluido - Turismo Bariloche\",\"isPartOf\":{\"@id\":\"https:\/\/turismobariloche.ar\/#website\"},\"primaryImageOfPage\":{\"@id\":\"https:\/\/turismobariloche.ar\/product\/villa-la-angostura-y-cerro-bayo\/#primaryimage\"},\"image\":{\"@id\":\"https:\/\/turismobariloche.ar\/product\/villa-la-angostura-y-cerro-bayo\/#primaryimage\"},\"thumbnailUrl\":\"https:\/\/turismobariloche.ar\/wp-content\/uploads\/2025\/06\/2-C-a-imponente-cordillera-scaled.jpg\",\"datePublished\":\"2025-06-01T18:55:03+00:00\",\"dateModified\":\"2026-04-09T12:44:48+00:00\",\"description\":\"Excursi\u00f3n a Villa La Angostura y Cerro Bayo en invierno con traslado desde Bariloche. Paseo guiado, c\u00f3modo y familiar para disfrutar la nieve.\",\"breadcrumb\":{\"@id\":\"https:\/\/turismobariloche.ar\/product\/villa-la-angostura-y-cerro-bayo\/#breadcrumb\"},\"inLanguage\":\"pt-BR\",\"potentialAction\":[{\"@type\":\"ReadAction\",\"target\":[\"https:\/\/turismobariloche.ar\/product\/villa-la-angostura-y-cerro-bayo\/\"]}]},{\"@type\":\"ImageObject\",\"inLanguage\":\"pt-BR\",\"@id\":\"https:\/\/turismobariloche.ar\/product\/villa-la-angostura-y-cerro-bayo\/#primaryimage\",\"url\":\"https:\/\/turismobariloche.ar\/wp-content\/uploads\/2025\/06\/2-C-a-imponente-cordillera-scaled.jpg\",\"contentUrl\":\"https:\/\/turismobariloche.ar\/wp-content\/uploads\/2025\/06\/2-C-a-imponente-cordillera-scaled.jpg\",\"width\":1920,\"height\":2560},{\"@type\":\"BreadcrumbList\",\"@id\":\"https:\/\/turismobariloche.ar\/product\/villa-la-angostura-y-cerro-bayo\/#breadcrumb\",\"itemListElement\":[{\"@type\":\"ListItem\",\"position\":1,\"name\":\"Home\",\"item\":\"https:\/\/turismobariloche.ar\/\"},{\"@type\":\"ListItem\",\"position\":2,\"name\":\"Lista de excursiones\",\"item\":\"https:\/\/turismobariloche.ar\/shop\/\"},{\"@type\":\"ListItem\",\"position\":3,\"name\":\"Villa La Angostura y Cerro Bayo: Paseo con traslado incluido\"}]},{\"@type\":\"WebSite\",\"@id\":\"https:\/\/turismobariloche.ar\/#website\",\"url\":\"https:\/\/turismobariloche.ar\/\",\"name\":\"Turismo Bariloche\",\"description\":\"Actividades recreativas en San Carlos de Bariloche\",\"publisher\":{\"@id\":\"https:\/\/turismobariloche.ar\/#organization\"},\"potentialAction\":[{\"@type\":\"SearchAction\",\"target\":{\"@type\":\"EntryPoint\",\"urlTemplate\":\"https:\/\/turismobariloche.ar\/?s={search_term_string}\"},\"query-input\":{\"@type\":\"PropertyValueSpecification\",\"valueRequired\":true,\"valueName\":\"search_term_string\"}}],\"inLanguage\":\"pt-BR\"},{\"@type\":\"Organization\",\"@id\":\"https:\/\/turismobariloche.ar\/#organization\",\"name\":\"Turismo Bariloche\",\"url\":\"https:\/\/turismobariloche.ar\/\",\"logo\":{\"@type\":\"ImageObject\",\"inLanguage\":\"pt-BR\",\"@id\":\"https:\/\/turismobariloche.ar\/#\/schema\/logo\/image\/\",\"url\":\"https:\/\/turismobariloche.ar\/wp-content\/uploads\/2025\/10\/LOGO-TURISMO-BARILOCHE-bco-SF-03-1-1.png\",\"contentUrl\":\"https:\/\/turismobariloche.ar\/wp-content\/uploads\/2025\/10\/LOGO-TURISMO-BARILOCHE-bco-SF-03-1-1.png\",\"width\":1735,\"height\":774,\"caption\":\"Turismo Bariloche\"},\"image\":{\"@id\":\"https:\/\/turismobariloche.ar\/#\/schema\/logo\/image\/\"}}]}<\/script>\n<!-- \/ Yoast SEO Premium plugin. -->","yoast_head_json":{"title":"Villa La Angostura e Cerro Bayo: Tour com traslado inclu\u00eddo - Turismo em Bariloche","description":"Excurs\u00e3o a Villa La Angostura e Cerro Bayo no inverno com traslado de Bariloche. Passeio guiado, confort\u00e1vel e familiar para desfrutar da neve.","robots":{"index":"index","follow":"follow","max-snippet":"max-snippet:-1","max-image-preview":"max-image-preview:large","max-video-preview":"max-video-preview:-1"},"canonical":"https:\/\/turismobariloche.ar\/pt\/product\/villa-la-angostura-e-cerro-bayo\/","og_locale":"pt_BR","og_type":"article","og_title":"Villa La Angostura y Cerro Bayo: Paseo con traslado incluido","og_description":"Excursi\u00f3n a Villa La Angostura y Cerro Bayo en invierno con traslado desde Bariloche. Paseo guiado, c\u00f3modo y familiar para disfrutar la nieve.","og_url":"https:\/\/turismobariloche.ar\/pt\/product\/villa-la-angostura-e-cerro-bayo\/","og_site_name":"Turismo Bariloche","article_modified_time":"2026-04-09T12:44:48+00:00","og_image":[{"width":1920,"height":2560,"url":"https:\/\/turismobariloche.ar\/wp-content\/uploads\/2025\/06\/2-C-a-imponente-cordillera-scaled.jpg","type":"image\/jpeg"}],"twitter_card":"summary_large_image","twitter_misc":{"Est. tempo de leitura":"2 minutos"},"schema":{"@context":"https:\/\/schema.org","@graph":[{"@type":"WebPage","@id":"https:\/\/turismobariloche.ar\/product\/villa-la-angostura-y-cerro-bayo\/","url":"https:\/\/turismobariloche.ar\/product\/villa-la-angostura-y-cerro-bayo\/","name":"Villa La Angostura e Cerro Bayo: Tour com traslado inclu\u00eddo - Turismo em Bariloche","isPartOf":{"@id":"https:\/\/turismobariloche.ar\/#website"},"primaryImageOfPage":{"@id":"https:\/\/turismobariloche.ar\/product\/villa-la-angostura-y-cerro-bayo\/#primaryimage"},"image":{"@id":"https:\/\/turismobariloche.ar\/product\/villa-la-angostura-y-cerro-bayo\/#primaryimage"},"thumbnailUrl":"https:\/\/turismobariloche.ar\/wp-content\/uploads\/2025\/06\/2-C-a-imponente-cordillera-scaled.jpg","datePublished":"2025-06-01T18:55:03+00:00","dateModified":"2026-04-09T12:44:48+00:00","description":"Excurs\u00e3o a Villa La Angostura e Cerro Bayo no inverno com traslado de Bariloche. Passeio guiado, confort\u00e1vel e familiar para desfrutar da neve.","breadcrumb":{"@id":"https:\/\/turismobariloche.ar\/product\/villa-la-angostura-y-cerro-bayo\/#breadcrumb"},"inLanguage":"pt-BR","potentialAction":[{"@type":"ReadAction","target":["https:\/\/turismobariloche.ar\/product\/villa-la-angostura-y-cerro-bayo\/"]}]},{"@type":"ImageObject","inLanguage":"pt-BR","@id":"https:\/\/turismobariloche.ar\/product\/villa-la-angostura-y-cerro-bayo\/#primaryimage","url":"https:\/\/turismobariloche.ar\/wp-content\/uploads\/2025\/06\/2-C-a-imponente-cordillera-scaled.jpg","contentUrl":"https:\/\/turismobariloche.ar\/wp-content\/uploads\/2025\/06\/2-C-a-imponente-cordillera-scaled.jpg","width":1920,"height":2560},{"@type":"BreadcrumbList","@id":"https:\/\/turismobariloche.ar\/product\/villa-la-angostura-y-cerro-bayo\/#breadcrumb","itemListElement":[{"@type":"ListItem","position":1,"name":"Home","item":"https:\/\/turismobariloche.ar\/"},{"@type":"ListItem","position":2,"name":"Lista de excursiones","item":"https:\/\/turismobariloche.ar\/shop\/"},{"@type":"ListItem","position":3,"name":"Villa La Angostura y Cerro Bayo: Paseo con traslado incluido"}]},{"@type":"WebSite","@id":"https:\/\/turismobariloche.ar\/#website","url":"https:\/\/turismobariloche.ar\/","name":"Turismo em Bariloche","description":"Atividades recreativas em San Carlos de Bariloche","publisher":{"@id":"https:\/\/turismobariloche.ar\/#organization"},"potentialAction":[{"@type":"SearchAction","target":{"@type":"EntryPoint","urlTemplate":"https:\/\/turismobariloche.ar\/?s={search_term_string}"},"query-input":{"@type":"PropertyValueSpecification","valueRequired":true,"valueName":"search_term_string"}}],"inLanguage":"pt-BR"},{"@type":"Organization","@id":"https:\/\/turismobariloche.ar\/#organization","name":"Turismo em Bariloche","url":"https:\/\/turismobariloche.ar\/","logo":{"@type":"ImageObject","inLanguage":"pt-BR","@id":"https:\/\/turismobariloche.ar\/#\/schema\/logo\/image\/","url":"https:\/\/turismobariloche.ar\/wp-content\/uploads\/2025\/10\/LOGO-TURISMO-BARILOCHE-bco-SF-03-1-1.png","contentUrl":"https:\/\/turismobariloche.ar\/wp-content\/uploads\/2025\/10\/LOGO-TURISMO-BARILOCHE-bco-SF-03-1-1.png","width":1735,"height":774,"caption":"Turismo Bariloche"},"image":{"@id":"https:\/\/turismobariloche.ar\/#\/schema\/logo\/image\/"}}]}},"_links":{"self":[{"href":"https:\/\/turismobariloche.ar\/pt\/wp-json\/wp\/v2\/product\/655","targetHints":{"allow":["GET"]}}],"collection":[{"href":"https:\/\/turismobariloche.ar\/pt\/wp-json\/wp\/v2\/product"}],"about":[{"href":"https:\/\/turismobariloche.ar\/pt\/wp-json\/wp\/v2\/types\/product"}],"replies":[{"embeddable":true,"href":"https:\/\/turismobariloche.ar\/pt\/wp-json\/wp\/v2\/comments?post=655"}],"wp:featuredmedia":[{"embeddable":true,"href":"https:\/\/turismobariloche.ar\/pt\/wp-json\/wp\/v2\/media\/1158"}],"wp:attachment":[{"href":"https:\/\/turismobariloche.ar\/pt\/wp-json\/wp\/v2\/media?parent=655"}],"wp:term":[{"taxonomy":"product_brand","embeddable":true,"href":"https:\/\/turismobariloche.ar\/pt\/wp-json\/wp\/v2\/product_brand?post=655"},{"taxonomy":"product_cat","embeddable":true,"href":"https:\/\/turismobariloche.ar\/pt\/wp-json\/wp\/v2\/product_cat?post=655"},{"taxonomy":"product_tag","embeddable":true,"href":"https:\/\/turismobariloche.ar\/pt\/wp-json\/wp\/v2\/product_tag?post=655"}],"curies":[{"name":"wp","href":"https:\/\/api.w.org\/{rel}","templated":true}]}}