{"id":4004,"date":"2026-05-08T09:49:04","date_gmt":"2026-05-08T12:49:04","guid":{"rendered":"https:\/\/turismobariloche.ar\/?post_type=product&#038;p=4004"},"modified":"2026-05-08T10:03:33","modified_gmt":"2026-05-08T13:03:33","slug":"traslado-villa-la-angostura","status":"publish","type":"product","link":"https:\/\/turismobariloche.ar\/pt\/product\/traslado-villa-la-angostura\/","title":{"rendered":"Traslado Villa la Angostura"},"content":{"rendered":"<h4><span style=\"font-weight: 400;\">Paseo de medio d\u00eda. Visitando el centro de esqu\u00ed m\u00e1s importante de Latinoam\u00e9rica, se puede combinar con el paseo por Circuito Chico.<\/span><\/h4>\n<p><b>LUGAR DE ENCUENTRO<\/b><\/p>\n<p><span style=\"font-weight: 400;\">Puntos de encuentro ubicados desde el centro de Bariloche hacia la Av. Bustillo o Av. Pioneros hasta el cerro Catedral. Otros lugares consultar.<\/span><\/p>\n<p><b>INCLUYE<\/b><\/p>\n<p><span style=\"font-weight: 400;\">Traslado de ida e volta para o aeroporto.<\/span><\/p>\n<p><b>NO INCLUYE <\/b><\/p>\n<p><span style=\"font-weight: 400;\">Almuerzo, Ticket de ascensos en aerosillas.<\/span><\/p>","protected":false},"excerpt":{"rendered":"<h4><span style=\"font-weight: 400;\">Paseo de medio d\u00eda. Visitando el centro de esqu\u00ed m\u00e1s importante de Latinoam\u00e9rica, se puede combinar con el paseo por Circuito Chico.<\/span><\/h4>","protected":false},"featured_media":4012,"comment_status":"open","ping_status":"closed","template":"","meta":[],"product_brand":[],"product_cat":[72,79,73,23,76,32],"product_tag":[],"class_list":{"0":"post-4004","1":"product","2":"type-product","3":"status-publish","4":"has-post-thumbnail","6":"product_cat-adultos","7":"product_cat-con-traslado","8":"product_cat-familia","9":"product_cat-invierno","10":"product_cat-sin-comida","11":"product_cat-terrestre","13":"first","14":"instock","15":"virtual","16":"sold-individually","17":"purchasable","18":"product-type-booking"},"booking_location":"","booking_location_type":"","booking_duration":1,"booking_duration_unit":"hour","booking_buffer":0,"booking_cost":0,"booking_resources":[],"exclude_global_add_ons":false,"addons":[{"name":"ADU: Adulto","type":"input_multiplier","position":0,"required":false,"title_format":"label","default":"","description_enable":false,"description":"","placeholder_enable":false,"placeholder":"","display":"select","restrictions_type":"any_text","adjust_price":true,"price":"59500","price_type":"quantity_based","restrictions":false,"min":"0","max":"0","options":[],"id":1778233745}],"_links":{"self":[{"href":"https:\/\/turismobariloche.ar\/pt\/wp-json\/wp\/v2\/product\/4004","targetHints":{"allow":["GET"]}}],"collection":[{"href":"https:\/\/turismobariloche.ar\/pt\/wp-json\/wp\/v2\/product"}],"about":[{"href":"https:\/\/turismobariloche.ar\/pt\/wp-json\/wp\/v2\/types\/product"}],"replies":[{"embeddable":true,"href":"https:\/\/turismobariloche.ar\/pt\/wp-json\/wp\/v2\/comments?post=4004"}],"wp:featuredmedia":[{"embeddable":true,"href":"https:\/\/turismobariloche.ar\/pt\/wp-json\/wp\/v2\/media\/4012"}],"wp:attachment":[{"href":"https:\/\/turismobariloche.ar\/pt\/wp-json\/wp\/v2\/media?parent=4004"}],"wp:term":[{"taxonomy":"product_brand","embeddable":true,"href":"https:\/\/turismobariloche.ar\/pt\/wp-json\/wp\/v2\/product_brand?post=4004"},{"taxonomy":"product_cat","embeddable":true,"href":"https:\/\/turismobariloche.ar\/pt\/wp-json\/wp\/v2\/product_cat?post=4004"},{"taxonomy":"product_tag","embeddable":true,"href":"https:\/\/turismobariloche.ar\/pt\/wp-json\/wp\/v2\/product_tag?post=4004"}],"curies":[{"name":"wp","href":"https:\/\/api.w.org\/{rel}","templated":true}]}}