{"id":3833,"date":"2026-04-14T10:09:15","date_gmt":"2026-04-14T13:09:15","guid":{"rendered":"https:\/\/turismobariloche.ar\/?post_type=product&#038;p=3833"},"modified":"2026-04-16T12:24:15","modified_gmt":"2026-04-16T15:24:15","slug":"culipatin-y-trineos-en-cerro-lopez","status":"publish","type":"product","link":"https:\/\/turismobariloche.ar\/pt\/product\/culipatina-e-treno-no-cerro-lopez\/","title":{"rendered":"Culipat\u00edn e tren\u00f3 em Cerro L\u00f3pez"},"content":{"rendered":"<h3><b>Divers\u00e3o na neve para toda a fam\u00edlia<\/b><\/h3>\n<p><span style=\"font-weight: 400;\">A experi\u00eancia come\u00e7a com o traslado de Bariloche at\u00e9 a base do Cerro L\u00f3pez, onde se inicia a subida em ve\u00edculos 4\u00d74 at\u00e9 a \u00e1rea de atividade. <\/span><span style=\"font-weight: 400;\">Uma vez na montanha, o foco \u00e9 a divers\u00e3o: tempo livre para andar de tren\u00f3 (culipat\u00edn) por encostas preparadas em um ambiente natural cercado por florestas nevadas. <\/span><span style=\"font-weight: 400;\">\u00c9 uma proposta ideal para desfrutar sem experi\u00eancia pr\u00e9via, combinando adrenalina leve, contato com a neve e momentos de divers\u00e3o para todas as idades. <\/span><span style=\"font-weight: 400;\">O dia se encerra com um momento de descanso no ref\u00fagio, onde s\u00e3o oferecidos chocolate quente e bolos fritos, o que acrescenta calor \u00e0 experi\u00eancia.<\/span><\/p>\n<p><b>Informa\u00e7\u00f5es pr\u00e1ticas<\/b><\/p>\n<p><b>Hor\u00e1rios:<\/b><b><br \/>\n<\/b><span style=\"font-weight: 400;\"> 11:00 \u00e0s 15:00 hs.<\/span><span style=\"font-weight: 400;\"><br \/>\n<\/span><span style=\"font-weight: 400;\"> 13:00 \u00e0s 17:00 hs.<\/span><\/p>\n<p><b>Dura\u00e7\u00e3o:<\/b><b><br \/>\n<\/b><span style=\"font-weight: 400;\"> Meio per\u00edodo.<\/span><\/p>\n<p><b>Ponto de encontro:<\/b><b><br \/>\n<\/b><span style=\"font-weight: 400;\"> Do centro de Bariloche at\u00e9 o km 8 da Av. Bustillo \/ Pioneros.<\/span><span style=\"font-weight: 400;\"><br \/>\n<\/span><span style=\"font-weight: 400;\"> Hospedagem em dire\u00e7\u00e3o a Colonia Suiza.<\/span><span style=\"font-weight: 400;\"><br \/>\n<\/span><span style=\"font-weight: 400;\"> (Outros pontos a serem consultados).<\/span><\/p>\n<p><b>Temporada:<\/b><b><br \/>\n<\/b><span style=\"font-weight: 400;\"> Inverno (maio a outubro).<\/span><\/p>\n<p><b>Ele inclui:<\/b><\/p>\n<ul>\n<li style=\"font-weight: 400;\" aria-level=\"1\"><span style=\"font-weight: 400;\">Traslado de ida e volta para o aeroporto.<\/span><\/li>\n<li style=\"font-weight: 400;\" aria-level=\"1\"><span style=\"font-weight: 400;\">Subida em ve\u00edculos 4\u00d74.<\/span><\/li>\n<li style=\"font-weight: 400;\" aria-level=\"1\"><span style=\"font-weight: 400;\">Uso gratuito de tren\u00f3s (culipat\u00edn).<\/span><\/li>\n<li style=\"font-weight: 400;\" aria-level=\"1\"><span style=\"font-weight: 400;\">Chocolate quente.<\/span><\/li>\n<li style=\"font-weight: 400;\" aria-level=\"1\"><span style=\"font-weight: 400;\">Bolos fritos.<\/span><\/li>\n<\/ul>\n<p><b>N\u00e3o inclu\u00eddo:<\/b><\/p>\n<ul>\n<li style=\"font-weight: 400;\" aria-level=\"1\"><span style=\"font-weight: 400;\">Almo\u00e7o.<\/span><\/li>\n<\/ul>\n<p><b>\u00a0Voc\u00ea quer saber mais?<\/b><\/p>\n<p><b>\u00c9 necess\u00e1rio ter experi\u00eancia?<\/b><b><br \/>\n<\/b><span style=\"font-weight: 400;\"> N\u00e3o, \u00e9 uma atividade simples, adequada para iniciantes.<\/span><\/p>\n<p><b>\u00c9 adequado para crian\u00e7as?<\/b><b><br \/>\n<\/b><span style=\"font-weight: 400;\"> Sim, \u00e9 ideal para fam\u00edlias com crian\u00e7as.<\/span><\/p>\n<p><b>Que roupas s\u00e3o recomendadas?<\/b><b><br \/>\n<\/b><span style=\"font-weight: 400;\"> Roupas para neve ou casaco imperme\u00e1vel, luvas e cal\u00e7ados adequados.<\/span><\/p>\n<p><b>Quanto tempo dura a atividade?<\/b><b><br \/>\n<\/b><span style=\"font-weight: 400;\"> H\u00e1 tempo livre para aproveitar os tren\u00f3s durante a excurs\u00e3o.<\/span><\/p>\n<p><strong>Aviso importante<\/strong>Este passeio j\u00e1 est\u00e1 dispon\u00edvel para pr\u00e9-reserva. As sa\u00eddas operam de 15 de junho a 20 de agosto, sujeitas ao calend\u00e1rio sazonal.<\/p>\n<p><em>As imagens s\u00e3o ilustrativas e representativas da atividade.<\/em><\/p>","protected":false},"excerpt":{"rendered":"<p><span style=\"font-weight: 400;\">Andar de tren\u00f3 no meio da montanha, desfrutando de uma experi\u00eancia simples, segura e divertida na neve da Patag\u00f4nia.<\/span><\/p>","protected":false},"featured_media":3847,"comment_status":"open","ping_status":"closed","template":"","meta":[],"product_brand":[],"product_cat":[72,118,79,73,23,75,76,32],"product_tag":[],"class_list":{"0":"post-3833","1":"product","2":"type-product","3":"status-publish","4":"has-post-thumbnail","6":"product_cat-adultos","7":"product_cat-aventura-tipo-2","8":"product_cat-con-traslado","9":"product_cat-familia","10":"product_cat-invierno","11":"product_cat-ninos","12":"product_cat-sin-comida","13":"product_cat-terrestre","15":"first","16":"instock","17":"virtual","18":"sold-individually","19":"purchasable","20":"product-type-booking"},"booking_location":"","booking_location_type":"","booking_duration":1,"booking_duration_unit":"hour","booking_buffer":0,"booking_cost":0,"booking_resources":[],"exclude_global_add_ons":false,"addons":[{"name":"ADU: Adulto","type":"input_multiplier","position":0,"required":false,"title_format":"label","default":"","description_enable":false,"description":"","placeholder_enable":false,"placeholder":"","display":"select","restrictions_type":"any_text","adjust_price":true,"price":"119500","price_type":"quantity_based","restrictions":false,"min":"0","max":"0","options":[],"id":1776161356},{"name":"MEN412 : de 4 a 12","type":"input_multiplier","position":1,"required":false,"title_format":"label","default":"","description_enable":false,"description":"","placeholder_enable":false,"placeholder":"","display":"select","restrictions_type":"any_text","adjust_price":true,"price":"109500","price_type":"quantity_based","restrictions":false,"min":"0","max":"0","options":[],"id":1776161357},{"name":"INF04","type":"input_multiplier","position":2,"required":false,"title_format":"label","default":"","description_enable":false,"description":"","placeholder_enable":false,"placeholder":"","display":"select","restrictions_type":"any_text","adjust_price":true,"price":"","price_type":"quantity_based","restrictions":false,"min":"0","max":"0","options":[],"id":1776161358}],"yoast_head":"<!-- This site is optimized with the Yoast SEO Premium plugin v26.4 (Yoast SEO v26.4) - https:\/\/yoast.com\/wordpress\/plugins\/seo\/ -->\n<title>Culipat\u00edn y Trineos en Cerro L\u00f3pez - Turismo Bariloche<\/title>\n<meta name=\"robots\" content=\"index, follow, max-snippet:-1, max-image-preview:large, max-video-preview:-1\" \/>\n<link rel=\"canonical\" href=\"https:\/\/turismobariloche.ar\/pt\/product\/culipatina-e-treno-no-cerro-lopez\/\" \/>\n<meta property=\"og:locale\" content=\"pt_BR\" \/>\n<meta property=\"og:type\" content=\"article\" \/>\n<meta property=\"og:title\" content=\"Culipat\u00edn y Trineos en Cerro L\u00f3pez\" \/>\n<meta property=\"og:description\" content=\"Deslizate en trineo en plena monta\u00f1a, disfrutando de una experiencia simple, segura y llena de diversi\u00f3n en la nieve patag\u00f3nica.\" \/>\n<meta property=\"og:url\" content=\"https:\/\/turismobariloche.ar\/pt\/product\/culipatina-e-treno-no-cerro-lopez\/\" \/>\n<meta property=\"og:site_name\" content=\"Turismo Bariloche\" \/>\n<meta property=\"article:modified_time\" content=\"2026-04-16T15:24:15+00:00\" \/>\n<meta property=\"og:image\" content=\"https:\/\/turismobariloche.ar\/wp-content\/uploads\/2026\/04\/Culipatin-Lopez-3-1.jpg\" \/>\n\t<meta property=\"og:image:width\" content=\"1133\" \/>\n\t<meta property=\"og:image:height\" content=\"850\" \/>\n\t<meta property=\"og:image:type\" content=\"image\/jpeg\" \/>\n<meta name=\"twitter:card\" content=\"summary_large_image\" \/>\n<meta name=\"twitter:label1\" content=\"Est. tempo de leitura\" \/>\n\t<meta name=\"twitter:data1\" content=\"2 minutos\" \/>\n<script type=\"application\/ld+json\" class=\"yoast-schema-graph\">{\"@context\":\"https:\/\/schema.org\",\"@graph\":[{\"@type\":\"WebPage\",\"@id\":\"https:\/\/turismobariloche.ar\/product\/culipatin-y-trineos-en-cerro-lopez\/\",\"url\":\"https:\/\/turismobariloche.ar\/product\/culipatin-y-trineos-en-cerro-lopez\/\",\"name\":\"Culipat\u00edn y Trineos en Cerro L\u00f3pez - Turismo Bariloche\",\"isPartOf\":{\"@id\":\"https:\/\/turismobariloche.ar\/#website\"},\"primaryImageOfPage\":{\"@id\":\"https:\/\/turismobariloche.ar\/product\/culipatin-y-trineos-en-cerro-lopez\/#primaryimage\"},\"image\":{\"@id\":\"https:\/\/turismobariloche.ar\/product\/culipatin-y-trineos-en-cerro-lopez\/#primaryimage\"},\"thumbnailUrl\":\"https:\/\/turismobariloche.ar\/wp-content\/uploads\/2026\/04\/Culipatin-Lopez-3-1.jpg\",\"datePublished\":\"2026-04-14T13:09:15+00:00\",\"dateModified\":\"2026-04-16T15:24:15+00:00\",\"breadcrumb\":{\"@id\":\"https:\/\/turismobariloche.ar\/product\/culipatin-y-trineos-en-cerro-lopez\/#breadcrumb\"},\"inLanguage\":\"pt-BR\",\"potentialAction\":[{\"@type\":\"ReadAction\",\"target\":[\"https:\/\/turismobariloche.ar\/product\/culipatin-y-trineos-en-cerro-lopez\/\"]}]},{\"@type\":\"ImageObject\",\"inLanguage\":\"pt-BR\",\"@id\":\"https:\/\/turismobariloche.ar\/product\/culipatin-y-trineos-en-cerro-lopez\/#primaryimage\",\"url\":\"https:\/\/turismobariloche.ar\/wp-content\/uploads\/2026\/04\/Culipatin-Lopez-3-1.jpg\",\"contentUrl\":\"https:\/\/turismobariloche.ar\/wp-content\/uploads\/2026\/04\/Culipatin-Lopez-3-1.jpg\",\"width\":1133,\"height\":850},{\"@type\":\"BreadcrumbList\",\"@id\":\"https:\/\/turismobariloche.ar\/product\/culipatin-y-trineos-en-cerro-lopez\/#breadcrumb\",\"itemListElement\":[{\"@type\":\"ListItem\",\"position\":1,\"name\":\"Home\",\"item\":\"https:\/\/turismobariloche.ar\/\"},{\"@type\":\"ListItem\",\"position\":2,\"name\":\"Lista de excursiones\",\"item\":\"https:\/\/turismobariloche.ar\/shop\/\"},{\"@type\":\"ListItem\",\"position\":3,\"name\":\"Culipat\u00edn y Trineos en Cerro L\u00f3pez\"}]},{\"@type\":\"WebSite\",\"@id\":\"https:\/\/turismobariloche.ar\/#website\",\"url\":\"https:\/\/turismobariloche.ar\/\",\"name\":\"Turismo Bariloche\",\"description\":\"Actividades recreativas en San Carlos de Bariloche\",\"publisher\":{\"@id\":\"https:\/\/turismobariloche.ar\/#organization\"},\"potentialAction\":[{\"@type\":\"SearchAction\",\"target\":{\"@type\":\"EntryPoint\",\"urlTemplate\":\"https:\/\/turismobariloche.ar\/?s={search_term_string}\"},\"query-input\":{\"@type\":\"PropertyValueSpecification\",\"valueRequired\":true,\"valueName\":\"search_term_string\"}}],\"inLanguage\":\"pt-BR\"},{\"@type\":\"Organization\",\"@id\":\"https:\/\/turismobariloche.ar\/#organization\",\"name\":\"Turismo Bariloche\",\"url\":\"https:\/\/turismobariloche.ar\/\",\"logo\":{\"@type\":\"ImageObject\",\"inLanguage\":\"pt-BR\",\"@id\":\"https:\/\/turismobariloche.ar\/#\/schema\/logo\/image\/\",\"url\":\"https:\/\/turismobariloche.ar\/wp-content\/uploads\/2025\/10\/LOGO-TURISMO-BARILOCHE-bco-SF-03-1-1.png\",\"contentUrl\":\"https:\/\/turismobariloche.ar\/wp-content\/uploads\/2025\/10\/LOGO-TURISMO-BARILOCHE-bco-SF-03-1-1.png\",\"width\":1735,\"height\":774,\"caption\":\"Turismo Bariloche\"},\"image\":{\"@id\":\"https:\/\/turismobariloche.ar\/#\/schema\/logo\/image\/\"}}]}<\/script>\n<!-- \/ Yoast SEO Premium plugin. -->","yoast_head_json":{"title":"Culipat\u00edn e tren\u00f3 no Cerro L\u00f3pez - Turismo em Bariloche","robots":{"index":"index","follow":"follow","max-snippet":"max-snippet:-1","max-image-preview":"max-image-preview:large","max-video-preview":"max-video-preview:-1"},"canonical":"https:\/\/turismobariloche.ar\/pt\/product\/culipatina-e-treno-no-cerro-lopez\/","og_locale":"pt_BR","og_type":"article","og_title":"Culipat\u00edn y Trineos en Cerro L\u00f3pez","og_description":"Deslizate en trineo en plena monta\u00f1a, disfrutando de una experiencia simple, segura y llena de diversi\u00f3n en la nieve patag\u00f3nica.","og_url":"https:\/\/turismobariloche.ar\/pt\/product\/culipatina-e-treno-no-cerro-lopez\/","og_site_name":"Turismo Bariloche","article_modified_time":"2026-04-16T15:24:15+00:00","og_image":[{"width":1133,"height":850,"url":"https:\/\/turismobariloche.ar\/wp-content\/uploads\/2026\/04\/Culipatin-Lopez-3-1.jpg","type":"image\/jpeg"}],"twitter_card":"summary_large_image","twitter_misc":{"Est. tempo de leitura":"2 minutos"},"schema":{"@context":"https:\/\/schema.org","@graph":[{"@type":"WebPage","@id":"https:\/\/turismobariloche.ar\/product\/culipatin-y-trineos-en-cerro-lopez\/","url":"https:\/\/turismobariloche.ar\/product\/culipatin-y-trineos-en-cerro-lopez\/","name":"Culipat\u00edn e tren\u00f3 no Cerro L\u00f3pez - Turismo em Bariloche","isPartOf":{"@id":"https:\/\/turismobariloche.ar\/#website"},"primaryImageOfPage":{"@id":"https:\/\/turismobariloche.ar\/product\/culipatin-y-trineos-en-cerro-lopez\/#primaryimage"},"image":{"@id":"https:\/\/turismobariloche.ar\/product\/culipatin-y-trineos-en-cerro-lopez\/#primaryimage"},"thumbnailUrl":"https:\/\/turismobariloche.ar\/wp-content\/uploads\/2026\/04\/Culipatin-Lopez-3-1.jpg","datePublished":"2026-04-14T13:09:15+00:00","dateModified":"2026-04-16T15:24:15+00:00","breadcrumb":{"@id":"https:\/\/turismobariloche.ar\/product\/culipatin-y-trineos-en-cerro-lopez\/#breadcrumb"},"inLanguage":"pt-BR","potentialAction":[{"@type":"ReadAction","target":["https:\/\/turismobariloche.ar\/product\/culipatin-y-trineos-en-cerro-lopez\/"]}]},{"@type":"ImageObject","inLanguage":"pt-BR","@id":"https:\/\/turismobariloche.ar\/product\/culipatin-y-trineos-en-cerro-lopez\/#primaryimage","url":"https:\/\/turismobariloche.ar\/wp-content\/uploads\/2026\/04\/Culipatin-Lopez-3-1.jpg","contentUrl":"https:\/\/turismobariloche.ar\/wp-content\/uploads\/2026\/04\/Culipatin-Lopez-3-1.jpg","width":1133,"height":850},{"@type":"BreadcrumbList","@id":"https:\/\/turismobariloche.ar\/product\/culipatin-y-trineos-en-cerro-lopez\/#breadcrumb","itemListElement":[{"@type":"ListItem","position":1,"name":"Home","item":"https:\/\/turismobariloche.ar\/"},{"@type":"ListItem","position":2,"name":"Lista de excursiones","item":"https:\/\/turismobariloche.ar\/shop\/"},{"@type":"ListItem","position":3,"name":"Culipat\u00edn y Trineos en Cerro L\u00f3pez"}]},{"@type":"WebSite","@id":"https:\/\/turismobariloche.ar\/#website","url":"https:\/\/turismobariloche.ar\/","name":"Turismo em Bariloche","description":"Atividades recreativas em San Carlos de Bariloche","publisher":{"@id":"https:\/\/turismobariloche.ar\/#organization"},"potentialAction":[{"@type":"SearchAction","target":{"@type":"EntryPoint","urlTemplate":"https:\/\/turismobariloche.ar\/?s={search_term_string}"},"query-input":{"@type":"PropertyValueSpecification","valueRequired":true,"valueName":"search_term_string"}}],"inLanguage":"pt-BR"},{"@type":"Organization","@id":"https:\/\/turismobariloche.ar\/#organization","name":"Turismo em Bariloche","url":"https:\/\/turismobariloche.ar\/","logo":{"@type":"ImageObject","inLanguage":"pt-BR","@id":"https:\/\/turismobariloche.ar\/#\/schema\/logo\/image\/","url":"https:\/\/turismobariloche.ar\/wp-content\/uploads\/2025\/10\/LOGO-TURISMO-BARILOCHE-bco-SF-03-1-1.png","contentUrl":"https:\/\/turismobariloche.ar\/wp-content\/uploads\/2025\/10\/LOGO-TURISMO-BARILOCHE-bco-SF-03-1-1.png","width":1735,"height":774,"caption":"Turismo Bariloche"},"image":{"@id":"https:\/\/turismobariloche.ar\/#\/schema\/logo\/image\/"}}]}},"_links":{"self":[{"href":"https:\/\/turismobariloche.ar\/pt\/wp-json\/wp\/v2\/product\/3833","targetHints":{"allow":["GET"]}}],"collection":[{"href":"https:\/\/turismobariloche.ar\/pt\/wp-json\/wp\/v2\/product"}],"about":[{"href":"https:\/\/turismobariloche.ar\/pt\/wp-json\/wp\/v2\/types\/product"}],"replies":[{"embeddable":true,"href":"https:\/\/turismobariloche.ar\/pt\/wp-json\/wp\/v2\/comments?post=3833"}],"wp:featuredmedia":[{"embeddable":true,"href":"https:\/\/turismobariloche.ar\/pt\/wp-json\/wp\/v2\/media\/3847"}],"wp:attachment":[{"href":"https:\/\/turismobariloche.ar\/pt\/wp-json\/wp\/v2\/media?parent=3833"}],"wp:term":[{"taxonomy":"product_brand","embeddable":true,"href":"https:\/\/turismobariloche.ar\/pt\/wp-json\/wp\/v2\/product_brand?post=3833"},{"taxonomy":"product_cat","embeddable":true,"href":"https:\/\/turismobariloche.ar\/pt\/wp-json\/wp\/v2\/product_cat?post=3833"},{"taxonomy":"product_tag","embeddable":true,"href":"https:\/\/turismobariloche.ar\/pt\/wp-json\/wp\/v2\/product_tag?post=3833"}],"curies":[{"name":"wp","href":"https:\/\/api.w.org\/{rel}","templated":true}]}}