{"id":1614,"date":"2025-09-26T10:15:12","date_gmt":"2025-09-26T13:15:12","guid":{"rendered":"https:\/\/turismobariloche.ar\/?post_type=product&#038;p=1614"},"modified":"2026-04-08T16:31:43","modified_gmt":"2026-04-08T19:31:43","slug":"circuito-grande-descubri-la-ruta-de-los-lagos-y-la-magia-cordillerana","status":"publish","type":"product","link":"https:\/\/turismobariloche.ar\/pt\/product\/grande-circuito-descubra-a-rota-dos-lagos-e-a-magia-da-cadeia-de-montanhas\/","title":{"rendered":"Circuito Grande: descubra a Rota dos Lagos e a magia das montanhas"},"content":{"rendered":"<h3>Paisagens infinitas, vilarejos de montanha e a rota mais c\u00eanica da Patag\u00f4nia.<\/h3>\n<p data-start=\"539\" data-end=\"785\">Experimente um passeio de dia inteiro de aproximadamente 240 a 300 km por algumas das paisagens mais ic\u00f4nicas da regi\u00e3o. O <strong data-start=\"672\" data-end=\"691\">Circuito grande<\/strong> \u00e9 ideal para aqueles que desejam combinar natureza, cultura e aventura em uma \u00fanica excurs\u00e3o.<\/p>\n<p data-start=\"787\" data-end=\"1057\">A sa\u00edda \u00e9 dos pontos de encontro entre o centro e o km 8 da Av. Bustillo ou Av. Pioneros. A partir da\u00ed, a viagem come\u00e7a em dire\u00e7\u00e3o ao nordeste, margeando a <strong data-start=\"953\" data-end=\"970\">Fluxo \u00d1ireco<\/strong> e o <strong data-start=\"976\" data-end=\"989\">Rio Limay<\/strong>, que marca a fronteira entre as prov\u00edncias de R\u00edo Negro e Neuqu\u00e9n.<\/p>\n<p data-start=\"1059\" data-end=\"1328\">A rota continua em dire\u00e7\u00e3o a <strong data-start=\"1090\" data-end=\"1109\">Vale Encantado<\/strong> e o <strong data-start=\"1115\" data-end=\"1129\">Anfiteatro<\/strong>, Visitaremos um cen\u00e1rio natural \u00fanico que parece ter sido esculpido pela m\u00e3o do tempo. Em seguida, visitaremos o vilarejo da montanha <strong data-start=\"1244\" data-end=\"1260\">Vila Traful<\/strong>, famoso por seus arredores arborizados e vistas do lago de mesmo nome.<\/p>\n<p data-start=\"1330\" data-end=\"1573\">A viagem culmina na pitoresca <strong data-start=\"1367\" data-end=\"1389\">Villa La Angostura<\/strong>, atrav\u00e9s do emblem\u00e1tico <strong data-start=\"1418\" data-end=\"1441\">Rota dos 7 lagos<\/strong>, A viagem de volta a Bariloche \u00e9 feita pela estrada de Bariloche, um dos trechos panor\u00e2micos mais impressionantes da Patag\u00f4nia. O retorno a Bariloche \u00e9 feito pela <strong data-start=\"1550\" data-end=\"1570\">Rota Nacional 40<\/strong>.<\/p>\n<p data-start=\"1575\" data-end=\"1627\"><strong data-start=\"1578\" data-end=\"1601\">Hor\u00e1rios de partida:<\/strong> 08:30 \u00e0s 18:00 hs aproximadamente.<\/p>\n<p data-start=\"1634\" data-end=\"1655\"><strong data-start=\"1634\" data-end=\"1653\">O que ele inclui:<\/strong><\/p>\n<ul data-start=\"1656\" data-end=\"1734\">\n<li data-start=\"1656\" data-end=\"1682\">\n<p data-start=\"1658\" data-end=\"1682\">Caminhada terrestre guiada<\/p>\n<\/li>\n<li data-start=\"1683\" data-end=\"1734\">\n<p data-start=\"1685\" data-end=\"1734\">Traslado de ida e volta para os pontos de encontro<\/p>\n<\/li>\n<\/ul>\n<p data-start=\"1736\" data-end=\"1760\"><strong data-start=\"1736\" data-end=\"1758\">O que n\u00e3o inclui:<\/strong><\/p>\n<ul data-start=\"1761\" data-end=\"1815\">\n<li data-start=\"1761\" data-end=\"1815\">\n<p data-start=\"1763\" data-end=\"1815\">Refei\u00e7\u00f5es (h\u00e1 pousadas gastron\u00f4micas ao longo do caminho)<\/p>\n<p data-start=\"2100\" data-end=\"2224\">\n<\/li>\n<\/ul>\n<h3 data-start=\"1763\" data-end=\"1815\"><strong data-start=\"1822\" data-end=\"1846\">Perguntas frequentes<\/strong><\/h3>\n<p data-start=\"1850\" data-end=\"1967\"><strong><em data-start=\"1852\" data-end=\"1892\">A rota \u00e9 fisicamente exigente?<\/em><\/strong><br data-start=\"1892\" data-end=\"1895\" \/>N\u00e3o, \u00e9 um passeio de \u00f4nibus\/minivan com paradas para fotos e paradas para descanso.<\/p>\n<p data-start=\"1969\" data-end=\"2098\"><strong><em data-start=\"1971\" data-end=\"1992\">Onde voc\u00ea almo\u00e7a?<\/em><\/strong><br data-start=\"1992\" data-end=\"1995\" \/>Em Villa Traful ou Villa La Angostura, em restaurantes e pousadas regionais (opcional, n\u00e3o inclu\u00eddo).<\/p>\n<p data-start=\"2100\" data-end=\"2224\"><strong><em data-start=\"2102\" data-end=\"2127\">Ele est\u00e1 suspenso devido ao clima?<\/em><\/strong><br data-start=\"2127\" data-end=\"2130\" \/>N\u00e3o, a rota funciona em todas as condi\u00e7\u00f5es, exceto em casos excepcionais de fechamento de estradas.<\/p>","protected":false},"excerpt":{"rendered":"<p>Descubra a Patag\u00f4nia em uma viagem de um dia inteiro pelo Circuito Grande. Valle Encantado, Villa Traful e Villa La Angostura, retornando pela Rota dos 7 Lagos.<\/p>","protected":false},"featured_media":1615,"comment_status":"open","ping_status":"closed","template":"","meta":[],"product_brand":[],"product_cat":[72,79,73,75,76,32,51],"product_tag":[],"class_list":{"0":"post-1614","1":"product","2":"type-product","3":"status-publish","4":"has-post-thumbnail","6":"product_cat-adultos","7":"product_cat-con-traslado","8":"product_cat-familia","9":"product_cat-ninos","10":"product_cat-sin-comida","11":"product_cat-terrestre","12":"product_cat-todo-el-ano","14":"first","15":"instock","16":"virtual","17":"sold-individually","18":"purchasable","19":"product-type-booking"},"booking_location":"","booking_location_type":"","booking_duration":1,"booking_duration_unit":"hour","booking_buffer":0,"booking_cost":0,"booking_resources":[],"exclude_global_add_ons":false,"addons":[{"name":"STD: Passageiros","type":"input_multiplier","position":0,"required":false,"title_format":"label","default":"","description_enable":false,"description":"","placeholder_enable":false,"placeholder":"","display":"select","restrictions_type":"any_text","adjust_price":true,"price":"71400","price_type":"quantity_based","restrictions":false,"min":"0","max":"0","options":[],"id":1773231728}],"yoast_head":"<!-- This site is optimized with the Yoast SEO Premium plugin v26.4 (Yoast SEO v26.4) - https:\/\/yoast.com\/wordpress\/plugins\/seo\/ -->\n<title>Circuito Grande Bariloche | Ruta de los Lagos y Cordillera - Turismo Bariloche<\/title>\n<meta name=\"description\" content=\"Descubr\u00ed el Circuito Grande de Bariloche: la Ruta de los Lagos, miradores panor\u00e1micos y la magia cordillerana en una excursi\u00f3n inolvidable.\" \/>\n<meta name=\"robots\" content=\"index, follow, max-snippet:-1, max-image-preview:large, max-video-preview:-1\" \/>\n<link rel=\"canonical\" href=\"https:\/\/turismobariloche.ar\/pt\/product\/grande-circuito-descubra-a-rota-dos-lagos-e-a-magia-da-cadeia-de-montanhas\/\" \/>\n<meta property=\"og:locale\" content=\"pt_BR\" \/>\n<meta property=\"og:type\" content=\"article\" \/>\n<meta property=\"og:title\" content=\"Circuito Grande: descubr\u00ed la Ruta de los Lagos y la magia cordillerana\" \/>\n<meta property=\"og:description\" content=\"Descubr\u00ed el Circuito Grande de Bariloche: la Ruta de los Lagos, miradores panor\u00e1micos y la magia cordillerana en una excursi\u00f3n inolvidable.\" \/>\n<meta property=\"og:url\" content=\"https:\/\/turismobariloche.ar\/pt\/product\/grande-circuito-descubra-a-rota-dos-lagos-e-a-magia-da-cadeia-de-montanhas\/\" \/>\n<meta property=\"og:site_name\" content=\"Turismo Bariloche\" \/>\n<meta property=\"article:modified_time\" content=\"2026-04-08T19:31:43+00:00\" \/>\n<meta property=\"og:image\" content=\"https:\/\/turismobariloche.ar\/wp-content\/uploads\/2025\/09\/cir4.jpg\" \/>\n\t<meta property=\"og:image:width\" content=\"768\" \/>\n\t<meta property=\"og:image:height\" content=\"1024\" \/>\n\t<meta property=\"og:image:type\" content=\"image\/jpeg\" \/>\n<meta name=\"twitter:card\" content=\"summary_large_image\" \/>\n<meta name=\"twitter:label1\" content=\"Est. tempo de leitura\" \/>\n\t<meta name=\"twitter:data1\" content=\"2 minutos\" \/>\n<script type=\"application\/ld+json\" class=\"yoast-schema-graph\">{\"@context\":\"https:\/\/schema.org\",\"@graph\":[{\"@type\":\"WebPage\",\"@id\":\"https:\/\/turismobariloche.ar\/product\/circuito-grande-descubri-la-ruta-de-los-lagos-y-la-magia-cordillerana\/\",\"url\":\"https:\/\/turismobariloche.ar\/product\/circuito-grande-descubri-la-ruta-de-los-lagos-y-la-magia-cordillerana\/\",\"name\":\"Circuito Grande Bariloche | Ruta de los Lagos y Cordillera - Turismo Bariloche\",\"isPartOf\":{\"@id\":\"https:\/\/turismobariloche.ar\/#website\"},\"primaryImageOfPage\":{\"@id\":\"https:\/\/turismobariloche.ar\/product\/circuito-grande-descubri-la-ruta-de-los-lagos-y-la-magia-cordillerana\/#primaryimage\"},\"image\":{\"@id\":\"https:\/\/turismobariloche.ar\/product\/circuito-grande-descubri-la-ruta-de-los-lagos-y-la-magia-cordillerana\/#primaryimage\"},\"thumbnailUrl\":\"https:\/\/turismobariloche.ar\/wp-content\/uploads\/2025\/09\/cir4.jpg\",\"datePublished\":\"2025-09-26T13:15:12+00:00\",\"dateModified\":\"2026-04-08T19:31:43+00:00\",\"description\":\"Descubr\u00ed el Circuito Grande de Bariloche: la Ruta de los Lagos, miradores panor\u00e1micos y la magia cordillerana en una excursi\u00f3n inolvidable.\",\"breadcrumb\":{\"@id\":\"https:\/\/turismobariloche.ar\/product\/circuito-grande-descubri-la-ruta-de-los-lagos-y-la-magia-cordillerana\/#breadcrumb\"},\"inLanguage\":\"pt-BR\",\"potentialAction\":[{\"@type\":\"ReadAction\",\"target\":[\"https:\/\/turismobariloche.ar\/product\/circuito-grande-descubri-la-ruta-de-los-lagos-y-la-magia-cordillerana\/\"]}]},{\"@type\":\"ImageObject\",\"inLanguage\":\"pt-BR\",\"@id\":\"https:\/\/turismobariloche.ar\/product\/circuito-grande-descubri-la-ruta-de-los-lagos-y-la-magia-cordillerana\/#primaryimage\",\"url\":\"https:\/\/turismobariloche.ar\/wp-content\/uploads\/2025\/09\/cir4.jpg\",\"contentUrl\":\"https:\/\/turismobariloche.ar\/wp-content\/uploads\/2025\/09\/cir4.jpg\",\"width\":768,\"height\":1024},{\"@type\":\"BreadcrumbList\",\"@id\":\"https:\/\/turismobariloche.ar\/product\/circuito-grande-descubri-la-ruta-de-los-lagos-y-la-magia-cordillerana\/#breadcrumb\",\"itemListElement\":[{\"@type\":\"ListItem\",\"position\":1,\"name\":\"Home\",\"item\":\"https:\/\/turismobariloche.ar\/\"},{\"@type\":\"ListItem\",\"position\":2,\"name\":\"Lista de excursiones\",\"item\":\"https:\/\/turismobariloche.ar\/shop\/\"},{\"@type\":\"ListItem\",\"position\":3,\"name\":\"Circuito Grande: descubr\u00ed la Ruta de los Lagos y la magia cordillerana\"}]},{\"@type\":\"WebSite\",\"@id\":\"https:\/\/turismobariloche.ar\/#website\",\"url\":\"https:\/\/turismobariloche.ar\/\",\"name\":\"Turismo Bariloche\",\"description\":\"Actividades recreativas en San Carlos de Bariloche\",\"publisher\":{\"@id\":\"https:\/\/turismobariloche.ar\/#organization\"},\"potentialAction\":[{\"@type\":\"SearchAction\",\"target\":{\"@type\":\"EntryPoint\",\"urlTemplate\":\"https:\/\/turismobariloche.ar\/?s={search_term_string}\"},\"query-input\":{\"@type\":\"PropertyValueSpecification\",\"valueRequired\":true,\"valueName\":\"search_term_string\"}}],\"inLanguage\":\"pt-BR\"},{\"@type\":\"Organization\",\"@id\":\"https:\/\/turismobariloche.ar\/#organization\",\"name\":\"Turismo Bariloche\",\"url\":\"https:\/\/turismobariloche.ar\/\",\"logo\":{\"@type\":\"ImageObject\",\"inLanguage\":\"pt-BR\",\"@id\":\"https:\/\/turismobariloche.ar\/#\/schema\/logo\/image\/\",\"url\":\"https:\/\/turismobariloche.ar\/wp-content\/uploads\/2025\/10\/LOGO-TURISMO-BARILOCHE-bco-SF-03-1-1.png\",\"contentUrl\":\"https:\/\/turismobariloche.ar\/wp-content\/uploads\/2025\/10\/LOGO-TURISMO-BARILOCHE-bco-SF-03-1-1.png\",\"width\":1735,\"height\":774,\"caption\":\"Turismo Bariloche\"},\"image\":{\"@id\":\"https:\/\/turismobariloche.ar\/#\/schema\/logo\/image\/\"}}]}<\/script>\n<!-- \/ Yoast SEO Premium plugin. -->","yoast_head_json":{"title":"Circuito Grande Bariloche | Rota dos Lagos e da Cordilheira - Turismo Bariloche","description":"Descubra o Grande Circuito de Bariloche: a Rota dos Lagos, os mirantes panor\u00e2micos e a magia da cordilheira em uma excurs\u00e3o inesquec\u00edvel.","robots":{"index":"index","follow":"follow","max-snippet":"max-snippet:-1","max-image-preview":"max-image-preview:large","max-video-preview":"max-video-preview:-1"},"canonical":"https:\/\/turismobariloche.ar\/pt\/product\/grande-circuito-descubra-a-rota-dos-lagos-e-a-magia-da-cadeia-de-montanhas\/","og_locale":"pt_BR","og_type":"article","og_title":"Circuito Grande: descubr\u00ed la Ruta de los Lagos y la magia cordillerana","og_description":"Descubr\u00ed el Circuito Grande de Bariloche: la Ruta de los Lagos, miradores panor\u00e1micos y la magia cordillerana en una excursi\u00f3n inolvidable.","og_url":"https:\/\/turismobariloche.ar\/pt\/product\/grande-circuito-descubra-a-rota-dos-lagos-e-a-magia-da-cadeia-de-montanhas\/","og_site_name":"Turismo Bariloche","article_modified_time":"2026-04-08T19:31:43+00:00","og_image":[{"width":768,"height":1024,"url":"https:\/\/turismobariloche.ar\/wp-content\/uploads\/2025\/09\/cir4.jpg","type":"image\/jpeg"}],"twitter_card":"summary_large_image","twitter_misc":{"Est. tempo de leitura":"2 minutos"},"schema":{"@context":"https:\/\/schema.org","@graph":[{"@type":"WebPage","@id":"https:\/\/turismobariloche.ar\/product\/circuito-grande-descubri-la-ruta-de-los-lagos-y-la-magia-cordillerana\/","url":"https:\/\/turismobariloche.ar\/product\/circuito-grande-descubri-la-ruta-de-los-lagos-y-la-magia-cordillerana\/","name":"Circuito Grande Bariloche | Rota dos Lagos e da Cordilheira - Turismo Bariloche","isPartOf":{"@id":"https:\/\/turismobariloche.ar\/#website"},"primaryImageOfPage":{"@id":"https:\/\/turismobariloche.ar\/product\/circuito-grande-descubri-la-ruta-de-los-lagos-y-la-magia-cordillerana\/#primaryimage"},"image":{"@id":"https:\/\/turismobariloche.ar\/product\/circuito-grande-descubri-la-ruta-de-los-lagos-y-la-magia-cordillerana\/#primaryimage"},"thumbnailUrl":"https:\/\/turismobariloche.ar\/wp-content\/uploads\/2025\/09\/cir4.jpg","datePublished":"2025-09-26T13:15:12+00:00","dateModified":"2026-04-08T19:31:43+00:00","description":"Descubra o Grande Circuito de Bariloche: a Rota dos Lagos, os mirantes panor\u00e2micos e a magia da cordilheira em uma excurs\u00e3o inesquec\u00edvel.","breadcrumb":{"@id":"https:\/\/turismobariloche.ar\/product\/circuito-grande-descubri-la-ruta-de-los-lagos-y-la-magia-cordillerana\/#breadcrumb"},"inLanguage":"pt-BR","potentialAction":[{"@type":"ReadAction","target":["https:\/\/turismobariloche.ar\/product\/circuito-grande-descubri-la-ruta-de-los-lagos-y-la-magia-cordillerana\/"]}]},{"@type":"ImageObject","inLanguage":"pt-BR","@id":"https:\/\/turismobariloche.ar\/product\/circuito-grande-descubri-la-ruta-de-los-lagos-y-la-magia-cordillerana\/#primaryimage","url":"https:\/\/turismobariloche.ar\/wp-content\/uploads\/2025\/09\/cir4.jpg","contentUrl":"https:\/\/turismobariloche.ar\/wp-content\/uploads\/2025\/09\/cir4.jpg","width":768,"height":1024},{"@type":"BreadcrumbList","@id":"https:\/\/turismobariloche.ar\/product\/circuito-grande-descubri-la-ruta-de-los-lagos-y-la-magia-cordillerana\/#breadcrumb","itemListElement":[{"@type":"ListItem","position":1,"name":"Home","item":"https:\/\/turismobariloche.ar\/"},{"@type":"ListItem","position":2,"name":"Lista de excursiones","item":"https:\/\/turismobariloche.ar\/shop\/"},{"@type":"ListItem","position":3,"name":"Circuito Grande: descubr\u00ed la Ruta de los Lagos y la magia cordillerana"}]},{"@type":"WebSite","@id":"https:\/\/turismobariloche.ar\/#website","url":"https:\/\/turismobariloche.ar\/","name":"Turismo em Bariloche","description":"Atividades recreativas em San Carlos de Bariloche","publisher":{"@id":"https:\/\/turismobariloche.ar\/#organization"},"potentialAction":[{"@type":"SearchAction","target":{"@type":"EntryPoint","urlTemplate":"https:\/\/turismobariloche.ar\/?s={search_term_string}"},"query-input":{"@type":"PropertyValueSpecification","valueRequired":true,"valueName":"search_term_string"}}],"inLanguage":"pt-BR"},{"@type":"Organization","@id":"https:\/\/turismobariloche.ar\/#organization","name":"Turismo em Bariloche","url":"https:\/\/turismobariloche.ar\/","logo":{"@type":"ImageObject","inLanguage":"pt-BR","@id":"https:\/\/turismobariloche.ar\/#\/schema\/logo\/image\/","url":"https:\/\/turismobariloche.ar\/wp-content\/uploads\/2025\/10\/LOGO-TURISMO-BARILOCHE-bco-SF-03-1-1.png","contentUrl":"https:\/\/turismobariloche.ar\/wp-content\/uploads\/2025\/10\/LOGO-TURISMO-BARILOCHE-bco-SF-03-1-1.png","width":1735,"height":774,"caption":"Turismo Bariloche"},"image":{"@id":"https:\/\/turismobariloche.ar\/#\/schema\/logo\/image\/"}}]}},"_links":{"self":[{"href":"https:\/\/turismobariloche.ar\/pt\/wp-json\/wp\/v2\/product\/1614","targetHints":{"allow":["GET"]}}],"collection":[{"href":"https:\/\/turismobariloche.ar\/pt\/wp-json\/wp\/v2\/product"}],"about":[{"href":"https:\/\/turismobariloche.ar\/pt\/wp-json\/wp\/v2\/types\/product"}],"replies":[{"embeddable":true,"href":"https:\/\/turismobariloche.ar\/pt\/wp-json\/wp\/v2\/comments?post=1614"}],"wp:featuredmedia":[{"embeddable":true,"href":"https:\/\/turismobariloche.ar\/pt\/wp-json\/wp\/v2\/media\/1615"}],"wp:attachment":[{"href":"https:\/\/turismobariloche.ar\/pt\/wp-json\/wp\/v2\/media?parent=1614"}],"wp:term":[{"taxonomy":"product_brand","embeddable":true,"href":"https:\/\/turismobariloche.ar\/pt\/wp-json\/wp\/v2\/product_brand?post=1614"},{"taxonomy":"product_cat","embeddable":true,"href":"https:\/\/turismobariloche.ar\/pt\/wp-json\/wp\/v2\/product_cat?post=1614"},{"taxonomy":"product_tag","embeddable":true,"href":"https:\/\/turismobariloche.ar\/pt\/wp-json\/wp\/v2\/product_tag?post=1614"}],"curies":[{"name":"wp","href":"https:\/\/api.w.org\/{rel}","templated":true}]}}