{"id":1609,"date":"2025-09-26T10:10:21","date_gmt":"2025-09-26T13:10:21","guid":{"rendered":"https:\/\/turismobariloche.ar\/?post_type=product&#038;p=1609"},"modified":"2026-04-09T09:20:10","modified_gmt":"2026-04-09T12:20:10","slug":"traslado-colonia-suiza-bariloche-tradicion-naturaleza-y-sabor","status":"publish","type":"product","link":"https:\/\/turismobariloche.ar\/pt\/product\/transfer-colonia-suiza-bariloche-tradicao-natureza-e-sabor\/","title":{"rendered":"Transfer Colonia Suiza Bariloche: tradi\u00e7\u00e3o, natureza e sabor"},"content":{"rendered":"<h2 data-start=\"953\" data-end=\"1034\">Uma experi\u00eancia entre hist\u00f3ria, feira de artesanato e tradi\u00e7\u00e3o patag\u00f4nica<\/h2>\n<p data-start=\"1817\" data-end=\"2047\">O <strong data-start=\"1820\" data-end=\"1856\">transfer\u00eancia Colonia Suiza Bariloche<\/strong> \u00e9 a maneira mais confort\u00e1vel e segura de visitar uma das cidades mais pitorescas da Patag\u00f4nia. Sem se preocupar com estacionamento ou transporte, voc\u00ea pode aproveitar seu dia com total liberdade.<\/p>\n<p data-start=\"2049\" data-end=\"2300\">N\u00f3s o levaremos diretamente do centro de Bariloche para Colonia Suiza, onde o levaremos para o <strong data-start=\"2139\" data-end=\"2158\">feira de artesanato<\/strong>, cervejas locais, doces regionais e o tradicional <strong data-start=\"2213\" data-end=\"2224\">curanto<\/strong>, um prato cozido no subsolo que reflete a identidade cultural do local.<\/p>\n<p data-start=\"2302\" data-end=\"2553\">Esse passeio foi projetado para que voc\u00ea possa aproveitar ao m\u00e1ximo o seu tempo e explorar a cidade no seu pr\u00f3prio ritmo. \u00c9 ideal para fam\u00edlias, casais ou grupos de amigos que desejam descobrir o lado cultural e gastron\u00f4mico da regi\u00e3o.<\/p>\n<p data-start=\"2555\" data-end=\"2745\">Al\u00e9m disso, voc\u00ea poder\u00e1 se conectar com a hist\u00f3ria dos primeiros colonos su\u00ed\u00e7os e alem\u00e3es que se estabeleceram nessa \u00e1rea de Bariloche, caminhar por trilhas curtas e admirar o ambiente natural.<\/p>\n<h3 data-start=\"2752\" data-end=\"2779\">\u00a0Hor\u00e1rios de partida<\/h3>\n<p><em data-start=\"2843\" data-end=\"2878\">(Dispon\u00edvel \u00e0s quartas-feiras e aos domingos).<\/em><\/p>\n<ul data-start=\"2780\" data-end=\"2880\">\n<li data-start=\"2780\" data-end=\"2800\">\n<p data-start=\"2782\" data-end=\"2800\">11:00 \u00e0s 15:00 hs.<\/p>\n<\/li>\n<li data-start=\"2801\" data-end=\"2821\">\n<p data-start=\"2803\" data-end=\"2821\">13:00 \u00e0s 17:00 hs.<\/p>\n<\/li>\n<li data-start=\"2822\" data-end=\"2880\">\n<p data-start=\"2824\" data-end=\"2880\">16:00 \u00e0s 20:00 hs.<\/p>\n<\/li>\n<\/ul>\n<h3 data-start=\"2887\" data-end=\"2914\">\u00a0Ponto de encontro<\/h3>\n<p data-start=\"379\" data-end=\"603\">Os traslados partem de pontos de encontro coordenados entre os <strong data-start=\"446\" data-end=\"469\">centro de Bariloche<\/strong> e at\u00e9 <strong data-start=\"481\" data-end=\"521\">km 25 da Av. Bustillo ou Av. Pioneros.<\/strong>. No momento da reserva, confirmaremos o local mais pr\u00f3ximo de sua acomoda\u00e7\u00e3o.<\/p>\n<h3 data-start=\"3002\" data-end=\"3017\">\u00a0Inclui<\/h3>\n<ul data-start=\"3018\" data-end=\"3079\">\n<li data-start=\"3018\" data-end=\"3079\">\n<p data-start=\"3020\" data-end=\"3079\">Traslado de ida e volta para Col\u00f4nia, Su\u00ed\u00e7a.<\/p>\n<\/li>\n<\/ul>\n<h3 data-start=\"3086\" data-end=\"3104\">\u00a0N\u00e3o inclui<\/h3>\n<ul data-start=\"3105\" data-end=\"3169\">\n<li data-start=\"3105\" data-end=\"3128\">\n<p data-start=\"3107\" data-end=\"3128\">Sem comida ou bebida.<\/p>\n<\/li>\n<li data-start=\"3129\" data-end=\"3169\">\n<p data-start=\"3131\" data-end=\"3169\">Atividades em Col\u00f4nia, Su\u00ed\u00e7a.<\/p>\n<\/li>\n<\/ul>","protected":false},"excerpt":{"rendered":"<p>Traslado de ida e volta de Bariloche a Colonia Suiza. Aproveite a feira de artesanato, a gastronomia t\u00edpica e o tradicional curanto, com 3 hor\u00e1rios confort\u00e1veis para desfrutar em seu pr\u00f3prio ritmo.<\/p>","protected":false},"featured_media":1611,"comment_status":"open","ping_status":"closed","template":"","meta":[],"product_brand":[],"product_cat":[72,79,73,75,76,32,51],"product_tag":[],"class_list":{"0":"post-1609","1":"product","2":"type-product","3":"status-publish","4":"has-post-thumbnail","6":"product_cat-adultos","7":"product_cat-con-traslado","8":"product_cat-familia","9":"product_cat-ninos","10":"product_cat-sin-comida","11":"product_cat-terrestre","12":"product_cat-todo-el-ano","14":"first","15":"instock","16":"virtual","17":"sold-individually","18":"purchasable","19":"product-type-booking"},"booking_location":"","booking_location_type":"","booking_duration":1,"booking_duration_unit":"hour","booking_buffer":0,"booking_cost":0,"booking_resources":[],"exclude_global_add_ons":false,"addons":[{"name":"STD: Passageiros","type":"input_multiplier","position":0,"required":false,"title_format":"label","default":"","description_enable":false,"description":"","placeholder_enable":false,"placeholder":"","display":"select","restrictions_type":"any_text","adjust_price":true,"price":"31200","price_type":"quantity_based","restrictions":false,"min":"0","max":"0","options":[],"id":1773232004}],"yoast_head":"<!-- This site is optimized with the Yoast SEO Premium plugin v26.4 (Yoast SEO v26.4) - https:\/\/yoast.com\/wordpress\/plugins\/seo\/ -->\n<title>Traslado a Colonia Suiza Bariloche | Tradici\u00f3n, Naturaleza y Sabor - Turismo Bariloche<\/title>\n<meta name=\"description\" content=\"Viv\u00ed la experiencia del traslado a Colonia Suiza en Bariloche. Disfrut\u00e1 de su tradici\u00f3n, naturaleza y gastronom\u00eda t\u00edpica de un clasico de Bariloche.\" \/>\n<meta name=\"robots\" content=\"index, follow, max-snippet:-1, max-image-preview:large, max-video-preview:-1\" \/>\n<link rel=\"canonical\" href=\"https:\/\/turismobariloche.ar\/pt\/product\/transfer-colonia-suiza-bariloche-tradicao-natureza-e-sabor\/\" \/>\n<meta property=\"og:locale\" content=\"pt_BR\" \/>\n<meta property=\"og:type\" content=\"article\" \/>\n<meta property=\"og:title\" content=\"Traslado Colonia Suiza Bariloche: tradici\u00f3n, naturaleza y sabor\" \/>\n<meta property=\"og:description\" content=\"Viv\u00ed la experiencia del traslado a Colonia Suiza en Bariloche. Disfrut\u00e1 de su tradici\u00f3n, naturaleza y gastronom\u00eda t\u00edpica de un clasico de Bariloche.\" \/>\n<meta property=\"og:url\" content=\"https:\/\/turismobariloche.ar\/pt\/product\/transfer-colonia-suiza-bariloche-tradicao-natureza-e-sabor\/\" \/>\n<meta property=\"og:site_name\" content=\"Turismo Bariloche\" \/>\n<meta property=\"article:modified_time\" content=\"2026-04-09T12:20:10+00:00\" \/>\n<meta property=\"og:image\" content=\"https:\/\/turismobariloche.ar\/wp-content\/uploads\/2025\/09\/col4-1.jpg\" \/>\n\t<meta property=\"og:image:width\" content=\"768\" \/>\n\t<meta property=\"og:image:height\" content=\"1024\" \/>\n\t<meta property=\"og:image:type\" content=\"image\/jpeg\" \/>\n<meta name=\"twitter:card\" content=\"summary_large_image\" \/>\n<meta name=\"twitter:label1\" content=\"Est. tempo de leitura\" \/>\n\t<meta name=\"twitter:data1\" content=\"2 minutos\" \/>\n<script type=\"application\/ld+json\" class=\"yoast-schema-graph\">{\"@context\":\"https:\/\/schema.org\",\"@graph\":[{\"@type\":\"WebPage\",\"@id\":\"https:\/\/turismobariloche.ar\/product\/traslado-colonia-suiza-bariloche-tradicion-naturaleza-y-sabor\/\",\"url\":\"https:\/\/turismobariloche.ar\/product\/traslado-colonia-suiza-bariloche-tradicion-naturaleza-y-sabor\/\",\"name\":\"Traslado a Colonia Suiza Bariloche | Tradici\u00f3n, Naturaleza y Sabor - Turismo Bariloche\",\"isPartOf\":{\"@id\":\"https:\/\/turismobariloche.ar\/#website\"},\"primaryImageOfPage\":{\"@id\":\"https:\/\/turismobariloche.ar\/product\/traslado-colonia-suiza-bariloche-tradicion-naturaleza-y-sabor\/#primaryimage\"},\"image\":{\"@id\":\"https:\/\/turismobariloche.ar\/product\/traslado-colonia-suiza-bariloche-tradicion-naturaleza-y-sabor\/#primaryimage\"},\"thumbnailUrl\":\"https:\/\/turismobariloche.ar\/wp-content\/uploads\/2025\/09\/col4-1.jpg\",\"datePublished\":\"2025-09-26T13:10:21+00:00\",\"dateModified\":\"2026-04-09T12:20:10+00:00\",\"description\":\"Viv\u00ed la experiencia del traslado a Colonia Suiza en Bariloche. Disfrut\u00e1 de su tradici\u00f3n, naturaleza y gastronom\u00eda t\u00edpica de un clasico de Bariloche.\",\"breadcrumb\":{\"@id\":\"https:\/\/turismobariloche.ar\/product\/traslado-colonia-suiza-bariloche-tradicion-naturaleza-y-sabor\/#breadcrumb\"},\"inLanguage\":\"pt-BR\",\"potentialAction\":[{\"@type\":\"ReadAction\",\"target\":[\"https:\/\/turismobariloche.ar\/product\/traslado-colonia-suiza-bariloche-tradicion-naturaleza-y-sabor\/\"]}]},{\"@type\":\"ImageObject\",\"inLanguage\":\"pt-BR\",\"@id\":\"https:\/\/turismobariloche.ar\/product\/traslado-colonia-suiza-bariloche-tradicion-naturaleza-y-sabor\/#primaryimage\",\"url\":\"https:\/\/turismobariloche.ar\/wp-content\/uploads\/2025\/09\/col4-1.jpg\",\"contentUrl\":\"https:\/\/turismobariloche.ar\/wp-content\/uploads\/2025\/09\/col4-1.jpg\",\"width\":768,\"height\":1024},{\"@type\":\"BreadcrumbList\",\"@id\":\"https:\/\/turismobariloche.ar\/product\/traslado-colonia-suiza-bariloche-tradicion-naturaleza-y-sabor\/#breadcrumb\",\"itemListElement\":[{\"@type\":\"ListItem\",\"position\":1,\"name\":\"Home\",\"item\":\"https:\/\/turismobariloche.ar\/\"},{\"@type\":\"ListItem\",\"position\":2,\"name\":\"Lista de excursiones\",\"item\":\"https:\/\/turismobariloche.ar\/shop\/\"},{\"@type\":\"ListItem\",\"position\":3,\"name\":\"Traslado Colonia Suiza Bariloche: tradici\u00f3n, naturaleza y sabor\"}]},{\"@type\":\"WebSite\",\"@id\":\"https:\/\/turismobariloche.ar\/#website\",\"url\":\"https:\/\/turismobariloche.ar\/\",\"name\":\"Turismo Bariloche\",\"description\":\"Actividades recreativas en San Carlos de Bariloche\",\"publisher\":{\"@id\":\"https:\/\/turismobariloche.ar\/#organization\"},\"potentialAction\":[{\"@type\":\"SearchAction\",\"target\":{\"@type\":\"EntryPoint\",\"urlTemplate\":\"https:\/\/turismobariloche.ar\/?s={search_term_string}\"},\"query-input\":{\"@type\":\"PropertyValueSpecification\",\"valueRequired\":true,\"valueName\":\"search_term_string\"}}],\"inLanguage\":\"pt-BR\"},{\"@type\":\"Organization\",\"@id\":\"https:\/\/turismobariloche.ar\/#organization\",\"name\":\"Turismo Bariloche\",\"url\":\"https:\/\/turismobariloche.ar\/\",\"logo\":{\"@type\":\"ImageObject\",\"inLanguage\":\"pt-BR\",\"@id\":\"https:\/\/turismobariloche.ar\/#\/schema\/logo\/image\/\",\"url\":\"https:\/\/turismobariloche.ar\/wp-content\/uploads\/2025\/10\/LOGO-TURISMO-BARILOCHE-bco-SF-03-1-1.png\",\"contentUrl\":\"https:\/\/turismobariloche.ar\/wp-content\/uploads\/2025\/10\/LOGO-TURISMO-BARILOCHE-bco-SF-03-1-1.png\",\"width\":1735,\"height\":774,\"caption\":\"Turismo Bariloche\"},\"image\":{\"@id\":\"https:\/\/turismobariloche.ar\/#\/schema\/logo\/image\/\"}}]}<\/script>\n<!-- \/ Yoast SEO Premium plugin. -->","yoast_head_json":{"title":"Traslado para Colonia Suiza Bariloche | Tradi\u00e7\u00e3o, Natureza e Sabor - Turismo em Bariloche","description":"Viva a experi\u00eancia do traslado para Colonia Suiza em Bariloche. Desfrute de sua tradi\u00e7\u00e3o, natureza e gastronomia t\u00edpica de um cl\u00e1ssico de Bariloche.","robots":{"index":"index","follow":"follow","max-snippet":"max-snippet:-1","max-image-preview":"max-image-preview:large","max-video-preview":"max-video-preview:-1"},"canonical":"https:\/\/turismobariloche.ar\/pt\/product\/transfer-colonia-suiza-bariloche-tradicao-natureza-e-sabor\/","og_locale":"pt_BR","og_type":"article","og_title":"Traslado Colonia Suiza Bariloche: tradici\u00f3n, naturaleza y sabor","og_description":"Viv\u00ed la experiencia del traslado a Colonia Suiza en Bariloche. Disfrut\u00e1 de su tradici\u00f3n, naturaleza y gastronom\u00eda t\u00edpica de un clasico de Bariloche.","og_url":"https:\/\/turismobariloche.ar\/pt\/product\/transfer-colonia-suiza-bariloche-tradicao-natureza-e-sabor\/","og_site_name":"Turismo Bariloche","article_modified_time":"2026-04-09T12:20:10+00:00","og_image":[{"width":768,"height":1024,"url":"https:\/\/turismobariloche.ar\/wp-content\/uploads\/2025\/09\/col4-1.jpg","type":"image\/jpeg"}],"twitter_card":"summary_large_image","twitter_misc":{"Est. tempo de leitura":"2 minutos"},"schema":{"@context":"https:\/\/schema.org","@graph":[{"@type":"WebPage","@id":"https:\/\/turismobariloche.ar\/product\/traslado-colonia-suiza-bariloche-tradicion-naturaleza-y-sabor\/","url":"https:\/\/turismobariloche.ar\/product\/traslado-colonia-suiza-bariloche-tradicion-naturaleza-y-sabor\/","name":"Traslado para Colonia Suiza Bariloche | Tradi\u00e7\u00e3o, Natureza e Sabor - Turismo em Bariloche","isPartOf":{"@id":"https:\/\/turismobariloche.ar\/#website"},"primaryImageOfPage":{"@id":"https:\/\/turismobariloche.ar\/product\/traslado-colonia-suiza-bariloche-tradicion-naturaleza-y-sabor\/#primaryimage"},"image":{"@id":"https:\/\/turismobariloche.ar\/product\/traslado-colonia-suiza-bariloche-tradicion-naturaleza-y-sabor\/#primaryimage"},"thumbnailUrl":"https:\/\/turismobariloche.ar\/wp-content\/uploads\/2025\/09\/col4-1.jpg","datePublished":"2025-09-26T13:10:21+00:00","dateModified":"2026-04-09T12:20:10+00:00","description":"Viva a experi\u00eancia do traslado para Colonia Suiza em Bariloche. Desfrute de sua tradi\u00e7\u00e3o, natureza e gastronomia t\u00edpica de um cl\u00e1ssico de Bariloche.","breadcrumb":{"@id":"https:\/\/turismobariloche.ar\/product\/traslado-colonia-suiza-bariloche-tradicion-naturaleza-y-sabor\/#breadcrumb"},"inLanguage":"pt-BR","potentialAction":[{"@type":"ReadAction","target":["https:\/\/turismobariloche.ar\/product\/traslado-colonia-suiza-bariloche-tradicion-naturaleza-y-sabor\/"]}]},{"@type":"ImageObject","inLanguage":"pt-BR","@id":"https:\/\/turismobariloche.ar\/product\/traslado-colonia-suiza-bariloche-tradicion-naturaleza-y-sabor\/#primaryimage","url":"https:\/\/turismobariloche.ar\/wp-content\/uploads\/2025\/09\/col4-1.jpg","contentUrl":"https:\/\/turismobariloche.ar\/wp-content\/uploads\/2025\/09\/col4-1.jpg","width":768,"height":1024},{"@type":"BreadcrumbList","@id":"https:\/\/turismobariloche.ar\/product\/traslado-colonia-suiza-bariloche-tradicion-naturaleza-y-sabor\/#breadcrumb","itemListElement":[{"@type":"ListItem","position":1,"name":"Home","item":"https:\/\/turismobariloche.ar\/"},{"@type":"ListItem","position":2,"name":"Lista de excursiones","item":"https:\/\/turismobariloche.ar\/shop\/"},{"@type":"ListItem","position":3,"name":"Traslado Colonia Suiza Bariloche: tradici\u00f3n, naturaleza y sabor"}]},{"@type":"WebSite","@id":"https:\/\/turismobariloche.ar\/#website","url":"https:\/\/turismobariloche.ar\/","name":"Turismo em Bariloche","description":"Atividades recreativas em San Carlos de Bariloche","publisher":{"@id":"https:\/\/turismobariloche.ar\/#organization"},"potentialAction":[{"@type":"SearchAction","target":{"@type":"EntryPoint","urlTemplate":"https:\/\/turismobariloche.ar\/?s={search_term_string}"},"query-input":{"@type":"PropertyValueSpecification","valueRequired":true,"valueName":"search_term_string"}}],"inLanguage":"pt-BR"},{"@type":"Organization","@id":"https:\/\/turismobariloche.ar\/#organization","name":"Turismo em Bariloche","url":"https:\/\/turismobariloche.ar\/","logo":{"@type":"ImageObject","inLanguage":"pt-BR","@id":"https:\/\/turismobariloche.ar\/#\/schema\/logo\/image\/","url":"https:\/\/turismobariloche.ar\/wp-content\/uploads\/2025\/10\/LOGO-TURISMO-BARILOCHE-bco-SF-03-1-1.png","contentUrl":"https:\/\/turismobariloche.ar\/wp-content\/uploads\/2025\/10\/LOGO-TURISMO-BARILOCHE-bco-SF-03-1-1.png","width":1735,"height":774,"caption":"Turismo Bariloche"},"image":{"@id":"https:\/\/turismobariloche.ar\/#\/schema\/logo\/image\/"}}]}},"_links":{"self":[{"href":"https:\/\/turismobariloche.ar\/pt\/wp-json\/wp\/v2\/product\/1609","targetHints":{"allow":["GET"]}}],"collection":[{"href":"https:\/\/turismobariloche.ar\/pt\/wp-json\/wp\/v2\/product"}],"about":[{"href":"https:\/\/turismobariloche.ar\/pt\/wp-json\/wp\/v2\/types\/product"}],"replies":[{"embeddable":true,"href":"https:\/\/turismobariloche.ar\/pt\/wp-json\/wp\/v2\/comments?post=1609"}],"wp:featuredmedia":[{"embeddable":true,"href":"https:\/\/turismobariloche.ar\/pt\/wp-json\/wp\/v2\/media\/1611"}],"wp:attachment":[{"href":"https:\/\/turismobariloche.ar\/pt\/wp-json\/wp\/v2\/media?parent=1609"}],"wp:term":[{"taxonomy":"product_brand","embeddable":true,"href":"https:\/\/turismobariloche.ar\/pt\/wp-json\/wp\/v2\/product_brand?post=1609"},{"taxonomy":"product_cat","embeddable":true,"href":"https:\/\/turismobariloche.ar\/pt\/wp-json\/wp\/v2\/product_cat?post=1609"},{"taxonomy":"product_tag","embeddable":true,"href":"https:\/\/turismobariloche.ar\/pt\/wp-json\/wp\/v2\/product_tag?post=1609"}],"curies":[{"name":"wp","href":"https:\/\/api.w.org\/{rel}","templated":true}]}}