{"id":1603,"date":"2025-09-26T10:05:18","date_gmt":"2025-09-26T13:05:18","guid":{"rendered":"https:\/\/turismobariloche.ar\/?post_type=product&#038;p=1603"},"modified":"2026-05-05T09:48:35","modified_gmt":"2026-05-05T12:48:35","slug":"traslado-cerveceria-patagonia-cerveza-artesanal-y-vistas-unicas","status":"publish","type":"product","link":"https:\/\/turismobariloche.ar\/pt\/product\/transfer-brewery-patagonia-cerveja-artesanal-e-vistas-unicas\/","title":{"rendered":"Traslado para a Cervejaria Patag\u00f4nia: cerveja artesanal e vistas \u00fanicas"},"content":{"rendered":"<p data-start=\"411\" data-end=\"497\"><strong data-start=\"414\" data-end=\"495\">Transfer Patag\u00f4nia Bariloche Brewery: cerveja, sabores e vistas incr\u00edveis<\/strong><\/p>\n<p data-start=\"499\" data-end=\"729\">Viva uma experi\u00eancia \u00fanica com nossos <strong data-start=\"538\" data-end=\"583\">traslado para a Cervecer\u00eda Patagonia Bariloche<\/strong>, Um servi\u00e7o confort\u00e1vel e seguro de e para o centro da cidade. Aproveite sem se preocupar em dirigir e dedique-se apenas a se divertir.<\/p>\n<p data-start=\"731\" data-end=\"987\">O <strong data-start=\"734\" data-end=\"758\">Cervejaria Patag\u00f4nia<\/strong>, O restaurante de renome nacional e internacional o aguarda com suas cervejas artesanais de diferentes estilos, pratos t\u00edpicos da Patag\u00f4nia e uma das vistas mais espetaculares da regi\u00e3o. <strong data-start=\"936\" data-end=\"951\">Lago Moreno<\/strong> e o <strong data-start=\"957\" data-end=\"984\">Cordilheira dos Andes<\/strong>.<\/p>\n<p data-start=\"989\" data-end=\"1187\">Esse traslado foi projetado para voc\u00ea aproveitar no seu pr\u00f3prio ritmo: passeie pelos jardins, tire fotos da paisagem e relaxe enquanto toma uma cerveja bem tirada em um ambiente natural incompar\u00e1vel.<\/p>\n<p data-start=\"1189\" data-end=\"1347\">Ideal para casais, grupos de amigos e viajantes que buscam um plano diferente em Bariloche, combinando gastronomia, cultura cervejeira e paisagens inesquec\u00edveis.<\/p>\n<h3 data-start=\"1354\" data-end=\"1381\">\u00a0Hor\u00e1rios de partida<\/h3>\n<p><em data-start=\"1445\" data-end=\"1480\">(Dispon\u00edvel \u00e0s quartas-feiras e aos domingos).<\/em><\/p>\n<ul data-start=\"1382\" data-end=\"1482\">\n<li data-start=\"1382\" data-end=\"1402\">\n<p data-start=\"1384\" data-end=\"1402\">11:00 \u00e0s 14:20 hs.<\/p>\n<\/li>\n<li data-start=\"1403\" data-end=\"1423\">\n<p data-start=\"1405\" data-end=\"1423\">13:00 \u00e0s 16:20 hs.<\/p>\n<\/li>\n<\/ul>\n<h3 data-start=\"1489\" data-end=\"1516\">\u00a0Ponto de encontro<\/h3>\n<p data-start=\"1517\" data-end=\"1741\">Os traslados partem de pontos de encontro coordenados entre os <strong data-start=\"1584\" data-end=\"1607\">centro de Bariloche<\/strong> e at\u00e9 <strong data-start=\"1619\" data-end=\"1659\">km 25 da Av. Bustillo ou Av. Pioneros.<\/strong>. No momento da reserva, confirmaremos o local mais pr\u00f3ximo de sua acomoda\u00e7\u00e3o.<\/p>\n<h3 data-start=\"1748\" data-end=\"1763\">\u00a0Inclui<\/h3>\n<ul data-start=\"1764\" data-end=\"1825\">\n<li data-start=\"1764\" data-end=\"1825\">\n<p data-start=\"1766\" data-end=\"1825\">Traslados de ida e volta em ve\u00edculos tur\u00edsticos autorizados.<\/p>\n<\/li>\n<\/ul>\n<h3 data-start=\"1832\" data-end=\"1850\">\u00a0N\u00e3o inclui<\/h3>\n<ul data-start=\"1851\" data-end=\"1937\">\n<li data-start=\"1851\" data-end=\"1884\">\n<p data-start=\"1853\" data-end=\"1884\">Consumo de alimentos ou bebidas.<\/p>\n<\/li>\n<li data-start=\"1885\" data-end=\"1937\">\n<p data-start=\"1887\" data-end=\"1937\">Atividades adicionais na cervejaria.<\/p>\n<\/li>\n<\/ul>","protected":false},"excerpt":{"rendered":"<p>Traslado de ida e volta de Bariloche para a Cervejaria Patag\u00f4nia. Desfrute de cervejas artesanais, pratos t\u00edpicos e uma vista \u00fanica do Lago Moreno e da Cordilheira.<\/p>","protected":false},"featured_media":3969,"comment_status":"open","ping_status":"closed","template":"","meta":[],"product_brand":[],"product_cat":[72,79,73,75,76,32,51],"product_tag":[],"class_list":{"0":"post-1603","1":"product","2":"type-product","3":"status-publish","4":"has-post-thumbnail","6":"product_cat-adultos","7":"product_cat-con-traslado","8":"product_cat-familia","9":"product_cat-ninos","10":"product_cat-sin-comida","11":"product_cat-terrestre","12":"product_cat-todo-el-ano","14":"first","15":"instock","16":"virtual","17":"sold-individually","18":"purchasable","19":"product-type-booking"},"booking_location":"","booking_location_type":"","booking_duration":1,"booking_duration_unit":"hour","booking_buffer":0,"booking_cost":0,"booking_resources":[],"exclude_global_add_ons":false,"addons":[{"name":"STD: Passageiros","type":"input_multiplier","position":0,"required":false,"title_format":"label","default":"","description_enable":false,"description":"","placeholder_enable":false,"placeholder":"","display":"select","restrictions_type":"any_text","adjust_price":true,"price":"31200","price_type":"quantity_based","restrictions":false,"min":"0","max":"0","options":[],"id":1773231934}],"_links":{"self":[{"href":"https:\/\/turismobariloche.ar\/pt\/wp-json\/wp\/v2\/product\/1603","targetHints":{"allow":["GET"]}}],"collection":[{"href":"https:\/\/turismobariloche.ar\/pt\/wp-json\/wp\/v2\/product"}],"about":[{"href":"https:\/\/turismobariloche.ar\/pt\/wp-json\/wp\/v2\/types\/product"}],"replies":[{"embeddable":true,"href":"https:\/\/turismobariloche.ar\/pt\/wp-json\/wp\/v2\/comments?post=1603"}],"wp:featuredmedia":[{"embeddable":true,"href":"https:\/\/turismobariloche.ar\/pt\/wp-json\/wp\/v2\/media\/3969"}],"wp:attachment":[{"href":"https:\/\/turismobariloche.ar\/pt\/wp-json\/wp\/v2\/media?parent=1603"}],"wp:term":[{"taxonomy":"product_brand","embeddable":true,"href":"https:\/\/turismobariloche.ar\/pt\/wp-json\/wp\/v2\/product_brand?post=1603"},{"taxonomy":"product_cat","embeddable":true,"href":"https:\/\/turismobariloche.ar\/pt\/wp-json\/wp\/v2\/product_cat?post=1603"},{"taxonomy":"product_tag","embeddable":true,"href":"https:\/\/turismobariloche.ar\/pt\/wp-json\/wp\/v2\/product_tag?post=1603"}],"curies":[{"name":"wp","href":"https:\/\/api.w.org\/{rel}","templated":true}]}}