{"id":109,"date":"2025-04-17T17:13:39","date_gmt":"2025-04-17T20:13:39","guid":{"rendered":"https:\/\/turismobariloche.ar\/?post_type=product&#038;p=109"},"modified":"2026-04-10T11:05:17","modified_gmt":"2026-04-10T14:05:17","slug":"traslado-al-cerro-catedral","status":"publish","type":"product","link":"https:\/\/turismobariloche.ar\/pt\/product\/traslado-para-a-colina-da-catedral\/","title":{"rendered":"Cerro Catedral Family Shuttle - A maneira mais confort\u00e1vel de chegar \u00e0 neve em Bariloche"},"content":{"rendered":"<h3 data-start=\"217\" data-end=\"287\">Organiza\u00e7\u00e3o e tranquilidade para aproveitar o Cerro com a fam\u00edlia<\/h3>\n<p data-start=\"289\" data-end=\"618\">Esse traslado foi projetado para fam\u00edlias e grupos que desejam conhecer o Cerro Catedral sem se preocupar com a log\u00edstica. N\u00f3s o levaremos do centro de Bariloche at\u00e9 a base da esta\u00e7\u00e3o de esqui, permitindo que voc\u00ea desfrute de um dia inteiro na neve, seja praticando esportes ou apenas fazendo uma caminhada com sua fam\u00edlia.<\/p>\n<p data-start=\"620\" data-end=\"696\">Ideal para quem busca conforto, organiza\u00e7\u00e3o e tempo bem aproveitado.<\/p>\n<h3 data-start=\"703\" data-end=\"730\">O que est\u00e1 inclu\u00eddo nessa op\u00e7\u00e3o<\/h3>\n<ul data-start=\"732\" data-end=\"990\">\n<li data-start=\"732\" data-end=\"792\">\n<p data-start=\"734\" data-end=\"792\">Traslado de ida e volta para Bariloche e Cerro Catedral.<\/p>\n<\/li>\n<li data-start=\"793\" data-end=\"876\">\n<p data-start=\"795\" data-end=\"876\">Pr\u00e9-organiza\u00e7\u00e3o e assist\u00eancia para garantir que todo o grupo viaje com conforto e tranquilidade.<\/p>\n<\/li>\n<li data-start=\"877\" data-end=\"990\">\n<p data-start=\"879\" data-end=\"990\">Tempo livre no Cerro para atividades de sua escolha: esqui, snowboard, passeios de telef\u00e9rico ou caminhadas.<\/p>\n<\/li>\n<\/ul>\n<p data-start=\"992\" data-end=\"1100\"><strong data-start=\"992\" data-end=\"1001\">Observa\u00e7\u00e3o:<\/strong> O traslado n\u00e3o inclui passes e atividades, que s\u00e3o reservados diretamente no resort.<\/p>\n<h3 data-start=\"1107\" data-end=\"1127\">Informa\u00e7\u00f5es \u00fateis<\/h3>\n<p data-start=\"1129\" data-end=\"1144\"><strong data-start=\"1129\" data-end=\"1142\">Hor\u00e1rios:<\/strong><\/p>\n<ul data-start=\"1145\" data-end=\"1199\">\n<li data-start=\"1145\" data-end=\"1173\">\n<p data-start=\"1147\" data-end=\"1173\">Manh\u00e3: 08:00 \u00e0s 16:00 hs.<\/p>\n<\/li>\n<li data-start=\"1174\" data-end=\"1199\">\n<p data-start=\"1176\" data-end=\"1199\">Tarde: 13:00 \u00e0s 18:00 hs.<\/p>\n<\/li>\n<\/ul>\n<p data-start=\"1201\" data-end=\"1224\"><strong data-start=\"1201\" data-end=\"1214\">Dura\u00e7\u00e3o:<\/strong> Meio dia.<\/p>\n<p data-start=\"1226\" data-end=\"1376\"><strong data-start=\"1226\" data-end=\"1249\">Ponto de encontro:<\/strong> Coordenamos o ponto mais pr\u00f3ximo da acomoda\u00e7\u00e3o, dentro do centro de Bariloche at\u00e9 o km 8 da Avenida Bustillo ou Pioneros.<\/p>\n<p data-start=\"1378\" data-end=\"1415\"><strong data-start=\"1378\" data-end=\"1390\">Ele inclui:<\/strong> Transporte de ida e volta para o aeroporto.<\/p>\n<p data-start=\"1417\" data-end=\"1497\"><strong data-start=\"1417\" data-end=\"1432\">N\u00e3o inclu\u00eddo:<\/strong> Almo\u00e7o, ingressos, aluguel de equipamentos ou atividades.<\/p>\n<h3 data-start=\"1504\" data-end=\"1526\">Voc\u00ea quer saber mais?<\/h3>\n<p data-start=\"1528\" data-end=\"1632\"><strong data-start=\"1528\" data-end=\"1566\">\u00c9 adequado para fam\u00edlias com crian\u00e7as?<\/strong><br data-start=\"1566\" data-end=\"1569\" \/>Sim, \u00e9 ideal para fam\u00edlias, grupos de amigos ou idosos.<\/p>\n<p data-start=\"1634\" data-end=\"1748\"><strong data-start=\"1634\" data-end=\"1666\">Isso inclui o acesso ao Cerro?<\/strong><br data-start=\"1666\" data-end=\"1669\" \/>N\u00e3o, o servi\u00e7o \u00e9 exclusivo para traslados. Os passes s\u00e3o pagos no Cerro.<\/p>\n<p data-start=\"1750\" data-end=\"1856\"><strong data-start=\"1750\" data-end=\"1796\">H\u00e1 lugares para almo\u00e7ar no complexo?<\/strong><br data-start=\"1796\" data-end=\"1799\" \/>Sim, o Cerro tem v\u00e1rios restaurantes e caf\u00e9s.<\/p>\n<p data-start=\"1858\" data-end=\"1968\"><strong data-start=\"1858\" data-end=\"1890\">Posso levar meu pr\u00f3prio equipamento?<\/strong><br data-start=\"1890\" data-end=\"1893\" \/>Sim, voc\u00ea pode transportar seu equipamento pessoal de esqui ou snowboard no ve\u00edculo.<\/p>\n<p data-start=\"1858\" data-end=\"1968\"><strong>Aviso importante<\/strong>Este passeio j\u00e1 est\u00e1 dispon\u00edvel para pr\u00e9-reserva. As sa\u00eddas operam de 15 de junho a 20 de agosto, sujeitas ao calend\u00e1rio sazonal.<\/p>","protected":false},"excerpt":{"rendered":"<p data-start=\"2163\" data-end=\"2355\">Traslado de ida e volta ao Cerro Catedral desde Bariloche. Ideal para fam\u00edlias e grupos que querem aproveitar a neve com organiza\u00e7\u00e3o e conforto.<\/p>","protected":false},"featured_media":1177,"comment_status":"open","ping_status":"closed","template":"","meta":[],"product_brand":[],"product_cat":[72,79,73,23,75,76,32],"product_tag":[],"class_list":{"0":"post-109","1":"product","2":"type-product","3":"status-publish","4":"has-post-thumbnail","6":"product_cat-adultos","7":"product_cat-con-traslado","8":"product_cat-familia","9":"product_cat-invierno","10":"product_cat-ninos","11":"product_cat-sin-comida","12":"product_cat-terrestre","14":"first","15":"instock","16":"virtual","17":"sold-individually","18":"purchasable","19":"product-type-booking"},"booking_location":"","booking_location_type":"","booking_duration":1,"booking_duration_unit":"hour","booking_buffer":0,"booking_cost":0,"booking_resources":[],"exclude_global_add_ons":false,"addons":[{"name":"ADU: Adulto","type":"input_multiplier","position":0,"required":false,"title_format":"label","default":"","description_enable":false,"description":"","placeholder_enable":false,"placeholder":"","display":"select","restrictions_type":"any_text","adjust_price":true,"price":"31200","price_type":"quantity_based","restrictions":false,"min":"0","max":"0","options":[],"id":1775729216}],"yoast_head":"<!-- This site is optimized with the Yoast SEO Premium plugin v26.4 (Yoast SEO v26.4) - https:\/\/yoast.com\/wordpress\/plugins\/seo\/ -->\n<title>Traslado Familiar al Cerro Catedral \u2013 La forma m\u00e1s c\u00f3moda de llegar a la nieve en Bariloche - Turismo Bariloche<\/title>\n<meta name=\"description\" content=\"Traslado familiar desde Bariloche al Cerro Catedral. Transporte ida y vuelta para disfrutar la nieve en familia sin preocuparse por el transporte.\" \/>\n<meta name=\"robots\" content=\"index, follow, max-snippet:-1, max-image-preview:large, max-video-preview:-1\" \/>\n<link rel=\"canonical\" href=\"https:\/\/turismobariloche.ar\/pt\/product\/traslado-para-a-colina-da-catedral\/\" \/>\n<meta property=\"og:locale\" content=\"pt_BR\" \/>\n<meta property=\"og:type\" content=\"article\" \/>\n<meta property=\"og:title\" content=\"Traslado Familiar al Cerro Catedral \u2013 La forma m\u00e1s c\u00f3moda de llegar a la nieve en Bariloche\" \/>\n<meta property=\"og:description\" content=\"Traslado familiar desde Bariloche al Cerro Catedral. Transporte ida y vuelta para disfrutar la nieve en familia sin preocuparse por el transporte.\" \/>\n<meta property=\"og:url\" content=\"https:\/\/turismobariloche.ar\/pt\/product\/traslado-para-a-colina-da-catedral\/\" \/>\n<meta property=\"og:site_name\" content=\"Turismo Bariloche\" \/>\n<meta property=\"article:modified_time\" content=\"2026-04-10T14:05:17+00:00\" \/>\n<meta property=\"og:image\" content=\"https:\/\/turismobariloche.ar\/wp-content\/uploads\/2025\/04\/2-A-cjgaption-scaled.jpg\" \/>\n\t<meta property=\"og:image:width\" content=\"1920\" \/>\n\t<meta property=\"og:image:height\" content=\"2560\" \/>\n\t<meta property=\"og:image:type\" content=\"image\/jpeg\" \/>\n<meta name=\"twitter:card\" content=\"summary_large_image\" \/>\n<meta name=\"twitter:label1\" content=\"Est. tempo de leitura\" \/>\n\t<meta name=\"twitter:data1\" content=\"2 minutos\" \/>\n<script type=\"application\/ld+json\" class=\"yoast-schema-graph\">{\"@context\":\"https:\/\/schema.org\",\"@graph\":[{\"@type\":\"WebPage\",\"@id\":\"https:\/\/turismobariloche.ar\/product\/traslado-al-cerro-catedral\/\",\"url\":\"https:\/\/turismobariloche.ar\/product\/traslado-al-cerro-catedral\/\",\"name\":\"Traslado Familiar al Cerro Catedral \u2013 La forma m\u00e1s c\u00f3moda de llegar a la nieve en Bariloche - Turismo Bariloche\",\"isPartOf\":{\"@id\":\"https:\/\/turismobariloche.ar\/#website\"},\"primaryImageOfPage\":{\"@id\":\"https:\/\/turismobariloche.ar\/product\/traslado-al-cerro-catedral\/#primaryimage\"},\"image\":{\"@id\":\"https:\/\/turismobariloche.ar\/product\/traslado-al-cerro-catedral\/#primaryimage\"},\"thumbnailUrl\":\"https:\/\/turismobariloche.ar\/wp-content\/uploads\/2025\/04\/2-A-cjgaption-scaled.jpg\",\"datePublished\":\"2025-04-17T20:13:39+00:00\",\"dateModified\":\"2026-04-10T14:05:17+00:00\",\"description\":\"Traslado familiar desde Bariloche al Cerro Catedral. Transporte ida y vuelta para disfrutar la nieve en familia sin preocuparse por el transporte.\",\"breadcrumb\":{\"@id\":\"https:\/\/turismobariloche.ar\/product\/traslado-al-cerro-catedral\/#breadcrumb\"},\"inLanguage\":\"pt-BR\",\"potentialAction\":[{\"@type\":\"ReadAction\",\"target\":[\"https:\/\/turismobariloche.ar\/product\/traslado-al-cerro-catedral\/\"]}]},{\"@type\":\"ImageObject\",\"inLanguage\":\"pt-BR\",\"@id\":\"https:\/\/turismobariloche.ar\/product\/traslado-al-cerro-catedral\/#primaryimage\",\"url\":\"https:\/\/turismobariloche.ar\/wp-content\/uploads\/2025\/04\/2-A-cjgaption-scaled.jpg\",\"contentUrl\":\"https:\/\/turismobariloche.ar\/wp-content\/uploads\/2025\/04\/2-A-cjgaption-scaled.jpg\",\"width\":1920,\"height\":2560},{\"@type\":\"BreadcrumbList\",\"@id\":\"https:\/\/turismobariloche.ar\/product\/traslado-al-cerro-catedral\/#breadcrumb\",\"itemListElement\":[{\"@type\":\"ListItem\",\"position\":1,\"name\":\"Home\",\"item\":\"https:\/\/turismobariloche.ar\/\"},{\"@type\":\"ListItem\",\"position\":2,\"name\":\"Lista de excursiones\",\"item\":\"https:\/\/turismobariloche.ar\/shop\/\"},{\"@type\":\"ListItem\",\"position\":3,\"name\":\"Traslado Familiar al Cerro Catedral \u2013 La forma m\u00e1s c\u00f3moda de llegar a la nieve en Bariloche\"}]},{\"@type\":\"WebSite\",\"@id\":\"https:\/\/turismobariloche.ar\/#website\",\"url\":\"https:\/\/turismobariloche.ar\/\",\"name\":\"Turismo Bariloche\",\"description\":\"Actividades recreativas en San Carlos de Bariloche\",\"publisher\":{\"@id\":\"https:\/\/turismobariloche.ar\/#organization\"},\"potentialAction\":[{\"@type\":\"SearchAction\",\"target\":{\"@type\":\"EntryPoint\",\"urlTemplate\":\"https:\/\/turismobariloche.ar\/?s={search_term_string}\"},\"query-input\":{\"@type\":\"PropertyValueSpecification\",\"valueRequired\":true,\"valueName\":\"search_term_string\"}}],\"inLanguage\":\"pt-BR\"},{\"@type\":\"Organization\",\"@id\":\"https:\/\/turismobariloche.ar\/#organization\",\"name\":\"Turismo Bariloche\",\"url\":\"https:\/\/turismobariloche.ar\/\",\"logo\":{\"@type\":\"ImageObject\",\"inLanguage\":\"pt-BR\",\"@id\":\"https:\/\/turismobariloche.ar\/#\/schema\/logo\/image\/\",\"url\":\"https:\/\/turismobariloche.ar\/wp-content\/uploads\/2025\/10\/LOGO-TURISMO-BARILOCHE-bco-SF-03-1-1.png\",\"contentUrl\":\"https:\/\/turismobariloche.ar\/wp-content\/uploads\/2025\/10\/LOGO-TURISMO-BARILOCHE-bco-SF-03-1-1.png\",\"width\":1735,\"height\":774,\"caption\":\"Turismo Bariloche\"},\"image\":{\"@id\":\"https:\/\/turismobariloche.ar\/#\/schema\/logo\/image\/\"}}]}<\/script>\n<!-- \/ Yoast SEO Premium plugin. -->","yoast_head_json":{"title":"Traslado familiar ao Cerro Catedral - A maneira mais confort\u00e1vel de chegar \u00e0 neve em Bariloche - Turismo em Bariloche","description":"Traslado familiar de Bariloche a Cerro Catedral. Transporte de ida e volta para aproveitar a neve com a fam\u00edlia sem se preocupar com o transporte.","robots":{"index":"index","follow":"follow","max-snippet":"max-snippet:-1","max-image-preview":"max-image-preview:large","max-video-preview":"max-video-preview:-1"},"canonical":"https:\/\/turismobariloche.ar\/pt\/product\/traslado-para-a-colina-da-catedral\/","og_locale":"pt_BR","og_type":"article","og_title":"Traslado Familiar al Cerro Catedral \u2013 La forma m\u00e1s c\u00f3moda de llegar a la nieve en Bariloche","og_description":"Traslado familiar desde Bariloche al Cerro Catedral. Transporte ida y vuelta para disfrutar la nieve en familia sin preocuparse por el transporte.","og_url":"https:\/\/turismobariloche.ar\/pt\/product\/traslado-para-a-colina-da-catedral\/","og_site_name":"Turismo Bariloche","article_modified_time":"2026-04-10T14:05:17+00:00","og_image":[{"width":1920,"height":2560,"url":"https:\/\/turismobariloche.ar\/wp-content\/uploads\/2025\/04\/2-A-cjgaption-scaled.jpg","type":"image\/jpeg"}],"twitter_card":"summary_large_image","twitter_misc":{"Est. tempo de leitura":"2 minutos"},"schema":{"@context":"https:\/\/schema.org","@graph":[{"@type":"WebPage","@id":"https:\/\/turismobariloche.ar\/product\/traslado-al-cerro-catedral\/","url":"https:\/\/turismobariloche.ar\/product\/traslado-al-cerro-catedral\/","name":"Traslado familiar ao Cerro Catedral - A maneira mais confort\u00e1vel de chegar \u00e0 neve em Bariloche - Turismo em Bariloche","isPartOf":{"@id":"https:\/\/turismobariloche.ar\/#website"},"primaryImageOfPage":{"@id":"https:\/\/turismobariloche.ar\/product\/traslado-al-cerro-catedral\/#primaryimage"},"image":{"@id":"https:\/\/turismobariloche.ar\/product\/traslado-al-cerro-catedral\/#primaryimage"},"thumbnailUrl":"https:\/\/turismobariloche.ar\/wp-content\/uploads\/2025\/04\/2-A-cjgaption-scaled.jpg","datePublished":"2025-04-17T20:13:39+00:00","dateModified":"2026-04-10T14:05:17+00:00","description":"Traslado familiar de Bariloche a Cerro Catedral. Transporte de ida e volta para aproveitar a neve com a fam\u00edlia sem se preocupar com o transporte.","breadcrumb":{"@id":"https:\/\/turismobariloche.ar\/product\/traslado-al-cerro-catedral\/#breadcrumb"},"inLanguage":"pt-BR","potentialAction":[{"@type":"ReadAction","target":["https:\/\/turismobariloche.ar\/product\/traslado-al-cerro-catedral\/"]}]},{"@type":"ImageObject","inLanguage":"pt-BR","@id":"https:\/\/turismobariloche.ar\/product\/traslado-al-cerro-catedral\/#primaryimage","url":"https:\/\/turismobariloche.ar\/wp-content\/uploads\/2025\/04\/2-A-cjgaption-scaled.jpg","contentUrl":"https:\/\/turismobariloche.ar\/wp-content\/uploads\/2025\/04\/2-A-cjgaption-scaled.jpg","width":1920,"height":2560},{"@type":"BreadcrumbList","@id":"https:\/\/turismobariloche.ar\/product\/traslado-al-cerro-catedral\/#breadcrumb","itemListElement":[{"@type":"ListItem","position":1,"name":"Home","item":"https:\/\/turismobariloche.ar\/"},{"@type":"ListItem","position":2,"name":"Lista de excursiones","item":"https:\/\/turismobariloche.ar\/shop\/"},{"@type":"ListItem","position":3,"name":"Traslado Familiar al Cerro Catedral \u2013 La forma m\u00e1s c\u00f3moda de llegar a la nieve en Bariloche"}]},{"@type":"WebSite","@id":"https:\/\/turismobariloche.ar\/#website","url":"https:\/\/turismobariloche.ar\/","name":"Turismo em Bariloche","description":"Atividades recreativas em San Carlos de Bariloche","publisher":{"@id":"https:\/\/turismobariloche.ar\/#organization"},"potentialAction":[{"@type":"SearchAction","target":{"@type":"EntryPoint","urlTemplate":"https:\/\/turismobariloche.ar\/?s={search_term_string}"},"query-input":{"@type":"PropertyValueSpecification","valueRequired":true,"valueName":"search_term_string"}}],"inLanguage":"pt-BR"},{"@type":"Organization","@id":"https:\/\/turismobariloche.ar\/#organization","name":"Turismo em Bariloche","url":"https:\/\/turismobariloche.ar\/","logo":{"@type":"ImageObject","inLanguage":"pt-BR","@id":"https:\/\/turismobariloche.ar\/#\/schema\/logo\/image\/","url":"https:\/\/turismobariloche.ar\/wp-content\/uploads\/2025\/10\/LOGO-TURISMO-BARILOCHE-bco-SF-03-1-1.png","contentUrl":"https:\/\/turismobariloche.ar\/wp-content\/uploads\/2025\/10\/LOGO-TURISMO-BARILOCHE-bco-SF-03-1-1.png","width":1735,"height":774,"caption":"Turismo Bariloche"},"image":{"@id":"https:\/\/turismobariloche.ar\/#\/schema\/logo\/image\/"}}]}},"_links":{"self":[{"href":"https:\/\/turismobariloche.ar\/pt\/wp-json\/wp\/v2\/product\/109","targetHints":{"allow":["GET"]}}],"collection":[{"href":"https:\/\/turismobariloche.ar\/pt\/wp-json\/wp\/v2\/product"}],"about":[{"href":"https:\/\/turismobariloche.ar\/pt\/wp-json\/wp\/v2\/types\/product"}],"replies":[{"embeddable":true,"href":"https:\/\/turismobariloche.ar\/pt\/wp-json\/wp\/v2\/comments?post=109"}],"wp:featuredmedia":[{"embeddable":true,"href":"https:\/\/turismobariloche.ar\/pt\/wp-json\/wp\/v2\/media\/1177"}],"wp:attachment":[{"href":"https:\/\/turismobariloche.ar\/pt\/wp-json\/wp\/v2\/media?parent=109"}],"wp:term":[{"taxonomy":"product_brand","embeddable":true,"href":"https:\/\/turismobariloche.ar\/pt\/wp-json\/wp\/v2\/product_brand?post=109"},{"taxonomy":"product_cat","embeddable":true,"href":"https:\/\/turismobariloche.ar\/pt\/wp-json\/wp\/v2\/product_cat?post=109"},{"taxonomy":"product_tag","embeddable":true,"href":"https:\/\/turismobariloche.ar\/pt\/wp-json\/wp\/v2\/product_tag?post=109"}],"curies":[{"name":"wp","href":"https:\/\/api.w.org\/{rel}","templated":true}]}}