{"id":106,"date":"2025-04-17T17:12:54","date_gmt":"2025-04-17T20:12:54","guid":{"rendered":"https:\/\/turismobariloche.ar\/?post_type=product&#038;p=106"},"modified":"2026-04-10T11:10:21","modified_gmt":"2026-04-10T14:10:21","slug":"extremo-encantado","status":"publish","type":"product","link":"https:\/\/turismobariloche.ar\/pt\/product\/fim-encantado\/","title":{"rendered":"Extremo Encantado: neve, trekking e sabores patag\u00f4nicos para desfrutar de Cerro L\u00f3pez"},"content":{"rendered":"<h3 data-start=\"430\" data-end=\"488\"><strong data-start=\"434\" data-end=\"488\">Uma aventura de inverno para compartilhar e recordar<\/strong><\/h3>\n<p data-start=\"490\" data-end=\"775\">Procurando um tipo diferente de passeio, ideal para fam\u00edlias ou grupos de amigos? <strong data-start=\"559\" data-end=\"580\">Fim Encantado<\/strong> \u00e9 uma proposta completa que combina atividades na neve, paisagens de montanha e gastronomia regional. Um dia projetado para ser desfrutado em companhia, cercado pelo ambiente m\u00e1gico do Cerro L\u00f3pez.<\/p>\n<h3 data-start=\"955\" data-end=\"973\">Este \u00e9 o plano<\/h3>\n<p data-start=\"975\" data-end=\"1151\"><strong data-start=\"975\" data-end=\"1015\">Viagem em um ve\u00edculo 4\u00d74 por estradas de montanha:<\/strong> Come\u00e7amos o dia com uma subida emocionante que nos leva ao Ref\u00fagio Traves\u00eda, um lugar aconchegante e acolhedor no meio da montanha.<\/p>\n<p data-start=\"1153\" data-end=\"1295\"><strong data-start=\"1153\" data-end=\"1189\">A divers\u00e3o \u00e9 garantida com os tren\u00f3s:<\/strong> Downhill em culipatinas em pistas especialmente preparadas, uma atividade apreciada por jovens e idosos.<\/p>\n<p data-start=\"1297\" data-end=\"1458\"><strong data-start=\"1297\" data-end=\"1330\">Caminhada guiada com raquetes de neve:<\/strong> Uma curta caminhada pela floresta nevada, acompanhada por guias especializados, ideal para se conectar com a natureza sem esfor\u00e7o f\u00edsico.<\/p>\n<p data-start=\"1460\" data-end=\"1612\"><strong data-start=\"1460\" data-end=\"1500\">Almo\u00e7o ou lanche com sabor local:<\/strong> Comida regional servida no abrigo, com op\u00e7\u00f5es como empanadas ou fondue, e o calor da m\u00fasica ao vivo.<\/p>\n<h3 data-start=\"1619\" data-end=\"1641\">Turnos dispon\u00edveis<\/h3>\n<ul data-start=\"1643\" data-end=\"1707\">\n<li data-start=\"1643\" data-end=\"1675\">\n<p data-start=\"1645\" data-end=\"1675\"><strong data-start=\"1645\" data-end=\"1656\">Amanh\u00e3:<\/strong> 09:00 \u00e0s 15:00 hs<\/p>\n<\/li>\n<li data-start=\"1676\" data-end=\"1707\">\n<p data-start=\"1678\" data-end=\"1707\"><strong data-start=\"1678\" data-end=\"1688\">Tarde:<\/strong> 13:00 \u00e0s 18:00 hs<\/p>\n<\/li>\n<\/ul>\n<p data-start=\"1709\" data-end=\"1838\">O traslado \u00e9 organizado a partir de pontos de encontro localizados entre o centro de Bariloche e o km 8 da Av. Bustillo ou Av. Pioneros.<\/p>\n<h3 data-start=\"1845\" data-end=\"1862\">O que ele inclui?<\/h3>\n<ul data-start=\"1864\" data-end=\"2113\">\n<li data-start=\"1864\" data-end=\"1931\">\n<p data-start=\"1866\" data-end=\"1931\">Transporte de ida e volta para pontos pr\u00f3ximos \u00e0 sua acomoda\u00e7\u00e3o.<\/p>\n<\/li>\n<li data-start=\"1932\" data-end=\"1967\">\n<p data-start=\"1934\" data-end=\"1967\">Subida em um ve\u00edculo 4\u00d74 at\u00e9 o ref\u00fagio.<\/p>\n<\/li>\n<li data-start=\"1968\" data-end=\"2003\">\n<p data-start=\"1970\" data-end=\"2003\">Raquetes de neve.<\/p>\n<\/li>\n<li data-start=\"2004\" data-end=\"2031\">\n<p data-start=\"2006\" data-end=\"2031\">Descida em culipat\u00edneos.<\/p>\n<\/li>\n<li data-start=\"2032\" data-end=\"2065\">\n<p data-start=\"2034\" data-end=\"2065\">M\u00fasica ao vivo no abrigo.<\/p>\n<\/li>\n<li data-start=\"2066\" data-end=\"2113\">\n<p data-start=\"2068\" data-end=\"2113\">Almo\u00e7o ou lanche regional, dependendo do turno.<\/p>\n<\/li>\n<\/ul>\n<p data-start=\"2115\" data-end=\"2156\"><strong data-start=\"2115\" data-end=\"2130\">N\u00e3o inclu\u00eddo:<\/strong> roupas e bebidas para neve.<\/p>\n<h3 data-start=\"2163\" data-end=\"2187\">Perguntas frequentes<\/h3>\n<p data-start=\"2189\" data-end=\"2299\"><strong data-start=\"2189\" data-end=\"2236\">Crian\u00e7as e idosos podem participar?<\/strong><br data-start=\"2236\" data-end=\"2239\" \/>Sim, \u00e9 uma excurs\u00e3o tranquila e adequada para todas as idades.<\/p>\n<p data-start=\"2301\" data-end=\"2436\"><strong data-start=\"2301\" data-end=\"2326\">O que eu preciso levar?<\/strong><br data-start=\"2326\" data-end=\"2329\" \/>Agasalhos, botas \u00e0 prova d'\u00e1gua, luvas, chap\u00e9u e \u00f3culos de sol. Roupas para neve n\u00e3o est\u00e3o inclu\u00eddas.<\/p>\n<p data-start=\"2438\" data-end=\"2594\"><strong data-start=\"2438\" data-end=\"2470\">Onde come\u00e7a a transfer\u00eancia?<\/strong><br data-start=\"2470\" data-end=\"2473\" \/>Em pontos de encontro previamente informados, no raio entre o centro e o km 8 da Av. Bustillo ou Av. Pioneros.<\/p>\n<p data-start=\"2438\" data-end=\"2594\"><strong>Aviso importante<\/strong>Este passeio j\u00e1 est\u00e1 dispon\u00edvel para pr\u00e9-reserva. As sa\u00eddas operam de 15 de junho a 20 de agosto, sujeitas ao calend\u00e1rio sazonal.<\/p>\n<p data-start=\"2438\" data-end=\"2594\">","protected":false},"excerpt":{"rendered":"<p><strong>Fim Encantado<\/strong> convida voc\u00ea a viver uma experi\u00eancia exclusiva de inverno que combina emocionantes passeios de 4\u00d74, tobog\u00e3 e caminhadas guiadas, culminando com uma proposta gastron\u00f4mica requintada. Conecte-se com a natureza e desperte emo\u00e7\u00f5es em cada momento.<\/p>","protected":false},"featured_media":1185,"comment_status":"open","ping_status":"closed","template":"","meta":[],"product_brand":[],"product_cat":[72,92,79,73,23,75,32],"product_tag":[],"class_list":{"0":"post-106","1":"product","2":"type-product","3":"status-publish","4":"has-post-thumbnail","6":"product_cat-adultos","7":"product_cat-con-comida","8":"product_cat-con-traslado","9":"product_cat-familia","10":"product_cat-invierno","11":"product_cat-ninos","12":"product_cat-terrestre","14":"first","15":"instock","16":"virtual","17":"sold-individually","18":"purchasable","19":"product-type-booking"},"booking_location":"","booking_location_type":"","booking_duration":1,"booking_duration_unit":"hour","booking_buffer":0,"booking_cost":0,"booking_resources":[],"exclude_global_add_ons":false,"addons":[{"name":"ADU: Adulto","type":"input_multiplier","position":0,"required":false,"title_format":"label","default":"","description_enable":false,"description":"","placeholder_enable":false,"placeholder":"","display":"select","restrictions_type":"any_text","adjust_price":true,"price":"239500","price_type":"quantity_based","restrictions":false,"min":"0","max":"0","options":[],"id":1775731044},{"name":"MEN412 | De 4 a 12","type":"input_multiplier","position":1,"required":false,"title_format":"label","default":"","description_enable":false,"description":"","placeholder_enable":false,"placeholder":"","display":"select","restrictions_type":"any_text","adjust_price":true,"price":"179500","price_type":"flat_fee","restrictions":false,"min":"0","max":"0","options":[],"id":1775731045},{"name":"INF04 | De 0 a 4","type":"input_multiplier","position":2,"required":false,"title_format":"label","default":"","description_enable":false,"description":"","placeholder_enable":false,"placeholder":"","display":"select","restrictions_type":"any_text","adjust_price":true,"price":"","price_type":"quantity_based","restrictions":false,"min":"0","max":"0","options":[],"id":1775731046}],"yoast_head":"<!-- This site is optimized with the Yoast SEO Premium plugin v26.4 (Yoast SEO v26.4) - https:\/\/yoast.com\/wordpress\/plugins\/seo\/ -->\n<title>Extremo Encantado: Nieve, Traves\u00eda y Sabores Patag\u00f3nicos para Disfrutar del Cerro L\u00f3pez - Turismo Bariloche<\/title>\n<meta name=\"description\" content=\"Excursi\u00f3n Extremo Encantado: trineos, raquetas, gastronom\u00eda regional y vistas espectaculares en el Cerro L\u00f3pez. Una vivencia de nieve exclusiva en Bariloche.\" \/>\n<meta name=\"robots\" content=\"index, follow, max-snippet:-1, max-image-preview:large, max-video-preview:-1\" \/>\n<link rel=\"canonical\" href=\"https:\/\/turismobariloche.ar\/pt\/product\/fim-encantado\/\" \/>\n<meta property=\"og:locale\" content=\"pt_BR\" \/>\n<meta property=\"og:type\" content=\"article\" \/>\n<meta property=\"og:title\" content=\"Extremo Encantado: Nieve, Traves\u00eda y Sabores Patag\u00f3nicos para Disfrutar del Cerro L\u00f3pez\" \/>\n<meta property=\"og:description\" content=\"Excursi\u00f3n Extremo Encantado: trineos, raquetas, gastronom\u00eda regional y vistas espectaculares en el Cerro L\u00f3pez. Una vivencia de nieve exclusiva en Bariloche.\" \/>\n<meta property=\"og:url\" content=\"https:\/\/turismobariloche.ar\/pt\/product\/fim-encantado\/\" \/>\n<meta property=\"og:site_name\" content=\"Turismo Bariloche\" \/>\n<meta property=\"article:modified_time\" content=\"2026-04-10T14:10:21+00:00\" \/>\n<meta property=\"og:image\" content=\"https:\/\/turismobariloche.ar\/wp-content\/uploads\/2025\/04\/2-D-Externo-scaled.jpg\" \/>\n\t<meta property=\"og:image:width\" content=\"1920\" \/>\n\t<meta property=\"og:image:height\" content=\"2560\" \/>\n\t<meta property=\"og:image:type\" content=\"image\/jpeg\" \/>\n<meta name=\"twitter:card\" content=\"summary_large_image\" \/>\n<meta name=\"twitter:label1\" content=\"Est. tempo de leitura\" \/>\n\t<meta name=\"twitter:data1\" content=\"2 minutos\" \/>\n<script type=\"application\/ld+json\" class=\"yoast-schema-graph\">{\"@context\":\"https:\/\/schema.org\",\"@graph\":[{\"@type\":\"WebPage\",\"@id\":\"https:\/\/turismobariloche.ar\/product\/extremo-encantado\/\",\"url\":\"https:\/\/turismobariloche.ar\/product\/extremo-encantado\/\",\"name\":\"Extremo Encantado: Nieve, Traves\u00eda y Sabores Patag\u00f3nicos para Disfrutar del Cerro L\u00f3pez - Turismo Bariloche\",\"isPartOf\":{\"@id\":\"https:\/\/turismobariloche.ar\/#website\"},\"primaryImageOfPage\":{\"@id\":\"https:\/\/turismobariloche.ar\/product\/extremo-encantado\/#primaryimage\"},\"image\":{\"@id\":\"https:\/\/turismobariloche.ar\/product\/extremo-encantado\/#primaryimage\"},\"thumbnailUrl\":\"https:\/\/turismobariloche.ar\/wp-content\/uploads\/2025\/04\/2-D-Externo-scaled.jpg\",\"datePublished\":\"2025-04-17T20:12:54+00:00\",\"dateModified\":\"2026-04-10T14:10:21+00:00\",\"description\":\"Excursi\u00f3n Extremo Encantado: trineos, raquetas, gastronom\u00eda regional y vistas espectaculares en el Cerro L\u00f3pez. Una vivencia de nieve exclusiva en Bariloche.\",\"breadcrumb\":{\"@id\":\"https:\/\/turismobariloche.ar\/product\/extremo-encantado\/#breadcrumb\"},\"inLanguage\":\"pt-BR\",\"potentialAction\":[{\"@type\":\"ReadAction\",\"target\":[\"https:\/\/turismobariloche.ar\/product\/extremo-encantado\/\"]}]},{\"@type\":\"ImageObject\",\"inLanguage\":\"pt-BR\",\"@id\":\"https:\/\/turismobariloche.ar\/product\/extremo-encantado\/#primaryimage\",\"url\":\"https:\/\/turismobariloche.ar\/wp-content\/uploads\/2025\/04\/2-D-Externo-scaled.jpg\",\"contentUrl\":\"https:\/\/turismobariloche.ar\/wp-content\/uploads\/2025\/04\/2-D-Externo-scaled.jpg\",\"width\":1920,\"height\":2560},{\"@type\":\"BreadcrumbList\",\"@id\":\"https:\/\/turismobariloche.ar\/product\/extremo-encantado\/#breadcrumb\",\"itemListElement\":[{\"@type\":\"ListItem\",\"position\":1,\"name\":\"Home\",\"item\":\"https:\/\/turismobariloche.ar\/\"},{\"@type\":\"ListItem\",\"position\":2,\"name\":\"Lista de excursiones\",\"item\":\"https:\/\/turismobariloche.ar\/shop\/\"},{\"@type\":\"ListItem\",\"position\":3,\"name\":\"Extremo Encantado: Nieve, Traves\u00eda y Sabores Patag\u00f3nicos para Disfrutar del Cerro L\u00f3pez\"}]},{\"@type\":\"WebSite\",\"@id\":\"https:\/\/turismobariloche.ar\/#website\",\"url\":\"https:\/\/turismobariloche.ar\/\",\"name\":\"Turismo Bariloche\",\"description\":\"Actividades recreativas en San Carlos de Bariloche\",\"publisher\":{\"@id\":\"https:\/\/turismobariloche.ar\/#organization\"},\"potentialAction\":[{\"@type\":\"SearchAction\",\"target\":{\"@type\":\"EntryPoint\",\"urlTemplate\":\"https:\/\/turismobariloche.ar\/?s={search_term_string}\"},\"query-input\":{\"@type\":\"PropertyValueSpecification\",\"valueRequired\":true,\"valueName\":\"search_term_string\"}}],\"inLanguage\":\"pt-BR\"},{\"@type\":\"Organization\",\"@id\":\"https:\/\/turismobariloche.ar\/#organization\",\"name\":\"Turismo Bariloche\",\"url\":\"https:\/\/turismobariloche.ar\/\",\"logo\":{\"@type\":\"ImageObject\",\"inLanguage\":\"pt-BR\",\"@id\":\"https:\/\/turismobariloche.ar\/#\/schema\/logo\/image\/\",\"url\":\"https:\/\/turismobariloche.ar\/wp-content\/uploads\/2025\/10\/LOGO-TURISMO-BARILOCHE-bco-SF-03-1-1.png\",\"contentUrl\":\"https:\/\/turismobariloche.ar\/wp-content\/uploads\/2025\/10\/LOGO-TURISMO-BARILOCHE-bco-SF-03-1-1.png\",\"width\":1735,\"height\":774,\"caption\":\"Turismo Bariloche\"},\"image\":{\"@id\":\"https:\/\/turismobariloche.ar\/#\/schema\/logo\/image\/\"}}]}<\/script>\n<!-- \/ Yoast SEO Premium plugin. -->","yoast_head_json":{"title":"Extremo Encantado: neve, viagens e sabores patag\u00f4nicos para desfrutar do Cerro L\u00f3pez - Turismo em Bariloche","description":"Excurs\u00e3o Extremo Encantado: tren\u00f3s, raquetes de neve, gastronomia regional e vistas espetaculares do Cerro L\u00f3pez. Uma experi\u00eancia exclusiva na neve em Bariloche.","robots":{"index":"index","follow":"follow","max-snippet":"max-snippet:-1","max-image-preview":"max-image-preview:large","max-video-preview":"max-video-preview:-1"},"canonical":"https:\/\/turismobariloche.ar\/pt\/product\/fim-encantado\/","og_locale":"pt_BR","og_type":"article","og_title":"Extremo Encantado: Nieve, Traves\u00eda y Sabores Patag\u00f3nicos para Disfrutar del Cerro L\u00f3pez","og_description":"Excursi\u00f3n Extremo Encantado: trineos, raquetas, gastronom\u00eda regional y vistas espectaculares en el Cerro L\u00f3pez. Una vivencia de nieve exclusiva en Bariloche.","og_url":"https:\/\/turismobariloche.ar\/pt\/product\/fim-encantado\/","og_site_name":"Turismo Bariloche","article_modified_time":"2026-04-10T14:10:21+00:00","og_image":[{"width":1920,"height":2560,"url":"https:\/\/turismobariloche.ar\/wp-content\/uploads\/2025\/04\/2-D-Externo-scaled.jpg","type":"image\/jpeg"}],"twitter_card":"summary_large_image","twitter_misc":{"Est. tempo de leitura":"2 minutos"},"schema":{"@context":"https:\/\/schema.org","@graph":[{"@type":"WebPage","@id":"https:\/\/turismobariloche.ar\/product\/extremo-encantado\/","url":"https:\/\/turismobariloche.ar\/product\/extremo-encantado\/","name":"Extremo Encantado: neve, viagens e sabores patag\u00f4nicos para desfrutar do Cerro L\u00f3pez - Turismo em Bariloche","isPartOf":{"@id":"https:\/\/turismobariloche.ar\/#website"},"primaryImageOfPage":{"@id":"https:\/\/turismobariloche.ar\/product\/extremo-encantado\/#primaryimage"},"image":{"@id":"https:\/\/turismobariloche.ar\/product\/extremo-encantado\/#primaryimage"},"thumbnailUrl":"https:\/\/turismobariloche.ar\/wp-content\/uploads\/2025\/04\/2-D-Externo-scaled.jpg","datePublished":"2025-04-17T20:12:54+00:00","dateModified":"2026-04-10T14:10:21+00:00","description":"Excurs\u00e3o Extremo Encantado: tren\u00f3s, raquetes de neve, gastronomia regional e vistas espetaculares do Cerro L\u00f3pez. Uma experi\u00eancia exclusiva na neve em Bariloche.","breadcrumb":{"@id":"https:\/\/turismobariloche.ar\/product\/extremo-encantado\/#breadcrumb"},"inLanguage":"pt-BR","potentialAction":[{"@type":"ReadAction","target":["https:\/\/turismobariloche.ar\/product\/extremo-encantado\/"]}]},{"@type":"ImageObject","inLanguage":"pt-BR","@id":"https:\/\/turismobariloche.ar\/product\/extremo-encantado\/#primaryimage","url":"https:\/\/turismobariloche.ar\/wp-content\/uploads\/2025\/04\/2-D-Externo-scaled.jpg","contentUrl":"https:\/\/turismobariloche.ar\/wp-content\/uploads\/2025\/04\/2-D-Externo-scaled.jpg","width":1920,"height":2560},{"@type":"BreadcrumbList","@id":"https:\/\/turismobariloche.ar\/product\/extremo-encantado\/#breadcrumb","itemListElement":[{"@type":"ListItem","position":1,"name":"Home","item":"https:\/\/turismobariloche.ar\/"},{"@type":"ListItem","position":2,"name":"Lista de excursiones","item":"https:\/\/turismobariloche.ar\/shop\/"},{"@type":"ListItem","position":3,"name":"Extremo Encantado: Nieve, Traves\u00eda y Sabores Patag\u00f3nicos para Disfrutar del Cerro L\u00f3pez"}]},{"@type":"WebSite","@id":"https:\/\/turismobariloche.ar\/#website","url":"https:\/\/turismobariloche.ar\/","name":"Turismo em Bariloche","description":"Atividades recreativas em San Carlos de Bariloche","publisher":{"@id":"https:\/\/turismobariloche.ar\/#organization"},"potentialAction":[{"@type":"SearchAction","target":{"@type":"EntryPoint","urlTemplate":"https:\/\/turismobariloche.ar\/?s={search_term_string}"},"query-input":{"@type":"PropertyValueSpecification","valueRequired":true,"valueName":"search_term_string"}}],"inLanguage":"pt-BR"},{"@type":"Organization","@id":"https:\/\/turismobariloche.ar\/#organization","name":"Turismo em Bariloche","url":"https:\/\/turismobariloche.ar\/","logo":{"@type":"ImageObject","inLanguage":"pt-BR","@id":"https:\/\/turismobariloche.ar\/#\/schema\/logo\/image\/","url":"https:\/\/turismobariloche.ar\/wp-content\/uploads\/2025\/10\/LOGO-TURISMO-BARILOCHE-bco-SF-03-1-1.png","contentUrl":"https:\/\/turismobariloche.ar\/wp-content\/uploads\/2025\/10\/LOGO-TURISMO-BARILOCHE-bco-SF-03-1-1.png","width":1735,"height":774,"caption":"Turismo Bariloche"},"image":{"@id":"https:\/\/turismobariloche.ar\/#\/schema\/logo\/image\/"}}]}},"_links":{"self":[{"href":"https:\/\/turismobariloche.ar\/pt\/wp-json\/wp\/v2\/product\/106","targetHints":{"allow":["GET"]}}],"collection":[{"href":"https:\/\/turismobariloche.ar\/pt\/wp-json\/wp\/v2\/product"}],"about":[{"href":"https:\/\/turismobariloche.ar\/pt\/wp-json\/wp\/v2\/types\/product"}],"replies":[{"embeddable":true,"href":"https:\/\/turismobariloche.ar\/pt\/wp-json\/wp\/v2\/comments?post=106"}],"wp:featuredmedia":[{"embeddable":true,"href":"https:\/\/turismobariloche.ar\/pt\/wp-json\/wp\/v2\/media\/1185"}],"wp:attachment":[{"href":"https:\/\/turismobariloche.ar\/pt\/wp-json\/wp\/v2\/media?parent=106"}],"wp:term":[{"taxonomy":"product_brand","embeddable":true,"href":"https:\/\/turismobariloche.ar\/pt\/wp-json\/wp\/v2\/product_brand?post=106"},{"taxonomy":"product_cat","embeddable":true,"href":"https:\/\/turismobariloche.ar\/pt\/wp-json\/wp\/v2\/product_cat?post=106"},{"taxonomy":"product_tag","embeddable":true,"href":"https:\/\/turismobariloche.ar\/pt\/wp-json\/wp\/v2\/product_tag?post=106"}],"curies":[{"name":"wp","href":"https:\/\/api.w.org\/{rel}","templated":true}]}}