{"id":105,"date":"2025-04-17T17:12:39","date_gmt":"2025-04-17T20:12:39","guid":{"rendered":"https:\/\/turismobariloche.ar\/?post_type=product&#038;p=105"},"modified":"2026-04-10T11:11:10","modified_gmt":"2026-04-10T14:11:10","slug":"piedras-blancas-trineos-culipatin-traslado","status":"publish","type":"product","link":"https:\/\/turismobariloche.ar\/pt\/product\/piedras-blancas-sledges-transferencia-de-culipatina\/","title":{"rendered":"Piedras Blancas: jogos de neve, tren\u00f3 e 4 subidas de telef\u00e9rico com traslado inclu\u00eddo."},"content":{"rendered":"<h2 data-start=\"312\" data-end=\"401\"><strong data-start=\"312\" data-end=\"401\">Uma caminhada de inverno perfeita para jovens e idosos, sem se preocupar com a organiza\u00e7\u00e3o.<\/strong><\/h2>\n<h3 data-start=\"408\" data-end=\"450\">Aproveite a neve sem complica\u00e7\u00f5es<\/h3>\n<p data-start=\"451\" data-end=\"821\">O passeio come\u00e7a em <strong data-start=\"479\" data-end=\"501\">8:30 ou 11:00.<\/strong> (dependendo do turno escolhido), com traslado inclu\u00eddo de <strong data-start=\"553\" data-end=\"658\">pontos de encontro pr\u00e9-estabelecidos entre o centro de Bariloche e o km 8 da Av. Bustillo ou Pioneros.<\/strong>. De l\u00e1, partimos para o <strong data-start=\"701\" data-end=\"720\">Piedras Blancas<\/strong>, localizado no Cerro Otto, um dos locais mais populares para as fam\u00edlias aproveitarem a neve.<\/p>\n<p data-start=\"823\" data-end=\"1084\">Em Piedras Blancas, voc\u00ea poder\u00e1 deslizar no famoso <strong data-start=\"880\" data-end=\"901\">tren\u00f3 de culipatina<\/strong>, para viajar mais de <strong data-start=\"919\" data-end=\"944\">3000 metros de trilhas<\/strong> especialmente projetados para essa atividade, com diferentes n\u00edveis de dificuldade e equipe especializada para garantir a seguran\u00e7a de todos.<\/p>\n<p data-start=\"1086\" data-end=\"1325\">A atividade inclui <strong data-start=\"1107\" data-end=\"1137\">quatro subidas de telef\u00e9rico<\/strong>, A esta\u00e7\u00e3o de esqui \u00e9 ideal para crian\u00e7as e adultos que querem aproveitar ao m\u00e1ximo seu tempo sem nenhum esfor\u00e7o. \u00c9 ideal para crian\u00e7as e adultos que querem viver a experi\u00eancia de deslizar pela neve da Patag\u00f4nia.<\/p>\n<h3 data-start=\"1332\" data-end=\"1351\">O que ele inclui?<\/h3>\n<ul data-start=\"1352\" data-end=\"1554\">\n<li data-start=\"1352\" data-end=\"1408\">\n<p data-start=\"1354\" data-end=\"1408\">Traslado de ida e volta para os pontos de encontro.<\/p>\n<\/li>\n<li data-start=\"1409\" data-end=\"1449\">\n<p data-start=\"1411\" data-end=\"1449\">Entrada para o complexo de Piedras Blancas.<\/p>\n<\/li>\n<li data-start=\"1450\" data-end=\"1481\">\n<p data-start=\"1452\" data-end=\"1481\">Seis subidas de telef\u00e9rico.<\/p>\n<\/li>\n<li data-start=\"1482\" data-end=\"1504\">\n<p data-start=\"1484\" data-end=\"1504\">Culipatin sledges.<\/p>\n<\/li>\n<li data-start=\"1505\" data-end=\"1554\">\n<p data-start=\"1507\" data-end=\"1554\">Equipe de assist\u00eancia e supervis\u00e3o nas pistas.<\/p>\n<\/li>\n<\/ul>\n<h3 data-start=\"1561\" data-end=\"1577\">N\u00e3o inclui<\/h3>\n<ul data-start=\"1578\" data-end=\"1657\">\n<li data-start=\"1578\" data-end=\"1636\">\n<p data-start=\"1580\" data-end=\"1636\">Roupas para neve (podem ser alugadas com anteced\u00eancia).<\/p>\n<\/li>\n<li data-start=\"1637\" data-end=\"1657\">\n<p data-start=\"1639\" data-end=\"1657\">Alimentos e bebidas.<\/p>\n<\/li>\n<\/ul>\n<h3 data-start=\"1664\" data-end=\"1692\">Informa\u00e7\u00f5es importantes<\/h3>\n<ul data-start=\"1693\" data-end=\"1986\">\n<li data-start=\"1693\" data-end=\"1743\">\n<p data-start=\"1695\" data-end=\"1743\"><strong data-start=\"1695\" data-end=\"1709\">Temporada:<\/strong> de 1\u00ba de abril a 15 de agosto.<\/p>\n<\/li>\n<li data-start=\"1744\" data-end=\"1829\">\n<p data-start=\"1746\" data-end=\"1829\"><strong data-start=\"1746\" data-end=\"1757\">Idade:<\/strong> a partir de 1 ano de idade (crian\u00e7as com menos de 11 meses podem entrar, mas n\u00e3o podem deslizar).<\/p>\n<\/li>\n<li data-start=\"1830\" data-end=\"1898\">\n<p data-start=\"1832\" data-end=\"1898\"><strong data-start=\"1832\" data-end=\"1850\">Restri\u00e7\u00f5es:<\/strong> Mulheres gr\u00e1vidas n\u00e3o podem fazer as descidas.<\/p>\n<\/li>\n<li data-start=\"1899\" data-end=\"1986\">\n<p data-start=\"1901\" data-end=\"1986\"><strong data-start=\"1901\" data-end=\"1925\">Traje sugerido:<\/strong> roupas \u00e0 prova d'\u00e1gua, casaco, luvas, chap\u00e9u e cal\u00e7ados adequados.<\/p>\n<\/li>\n<\/ul>\n<h3 data-start=\"1993\" data-end=\"2019\">Perguntas frequentes<\/h3>\n<p data-start=\"2021\" data-end=\"2146\"><strong data-start=\"2021\" data-end=\"2055\">A caminhada \u00e9 adequada para crian\u00e7as?<\/strong><br data-start=\"2055\" data-end=\"2058\" \/>Sim, as pistas s\u00e3o adequadas \u00e0 idade. Crian\u00e7as com menos de 4 anos de idade t\u00eam suas pr\u00f3prias quadras.<\/p>\n<p data-start=\"2148\" data-end=\"2252\"><strong data-start=\"2148\" data-end=\"2180\">De onde \u00e9 a transfer\u00eancia?<\/strong><br data-start=\"2180\" data-end=\"2183\" \/>A partir de pontos de encontro coordenados. N\u00e3o h\u00e1 traslado do hotel.<\/p>\n<p data-start=\"2254\" data-end=\"2325\"><strong data-start=\"2254\" data-end=\"2283\">O equipamento est\u00e1 inclu\u00eddo?<\/strong><br data-start=\"2283\" data-end=\"2286\" \/>Sim, incluindo tren\u00f3s e subidas.<\/p>\n<p data-start=\"2327\" data-end=\"2429\"><strong data-start=\"2327\" data-end=\"2361\">Posso alugar roupas primeiro?<\/strong><br data-start=\"2361\" data-end=\"2364\" \/>Sim, em Bariloche h\u00e1 v\u00e1rios lugares para alugar roupas para neve.<\/p>\n<p data-start=\"2327\" data-end=\"2429\"><strong>Aviso importante<\/strong>Este passeio j\u00e1 est\u00e1 dispon\u00edvel para pr\u00e9-reserva. As sa\u00eddas operam de 15 de junho a 20 de agosto, sujeitas ao calend\u00e1rio sazonal.<\/p>","protected":false},"excerpt":{"rendered":"<p data-start=\"466\" data-end=\"631\"><strong data-start=\"466\" data-end=\"631\">Excurs\u00e3o a Piedras Blancas com traslado, tren\u00f3 e subidas inclu\u00eddas. Um dia inteiro de neve para toda a fam\u00edlia, com divers\u00e3o segura e sem complica\u00e7\u00f5es.<\/strong><\/p>","protected":false},"featured_media":1187,"comment_status":"open","ping_status":"closed","template":"","meta":[],"product_brand":[],"product_cat":[72,79,73,23,75,76,32],"product_tag":[],"class_list":{"0":"post-105","1":"product","2":"type-product","3":"status-publish","4":"has-post-thumbnail","6":"product_cat-adultos","7":"product_cat-con-traslado","8":"product_cat-familia","9":"product_cat-invierno","10":"product_cat-ninos","11":"product_cat-sin-comida","12":"product_cat-terrestre","14":"first","15":"instock","16":"virtual","17":"sold-individually","18":"purchasable","19":"product-type-booking"},"booking_location":"","booking_location_type":"","booking_duration":1,"booking_duration_unit":"hour","booking_buffer":0,"booking_cost":0,"booking_resources":[],"exclude_global_add_ons":false,"addons":[{"name":"ADU: Adulto","type":"input_multiplier","position":0,"required":false,"title_format":"label","default":"","description_enable":false,"description":"","placeholder_enable":false,"placeholder":"","display":"select","restrictions_type":"any_text","adjust_price":true,"price":"174000","price_type":"quantity_based","restrictions":false,"min":"0","max":"0","options":[],"id":1775731609},{"name":"MEN412 | De 4 a 12","type":"input_multiplier","position":1,"required":false,"title_format":"label","default":"","description_enable":false,"description":"","placeholder_enable":false,"placeholder":"","display":"select","restrictions_type":"any_text","adjust_price":true,"price":"174000","price_type":"quantity_based","restrictions":false,"min":"0","max":"0","options":[],"id":1775731610},{"name":"MEN13 | De 1 a 3","type":"input_multiplier","position":2,"required":false,"title_format":"label","default":"","description_enable":false,"description":"","placeholder_enable":false,"placeholder":"","display":"select","restrictions_type":"any_text","adjust_price":true,"price":"90000","price_type":"quantity_based","restrictions":false,"min":"0","max":"0","options":[],"id":1775731611},{"name":"INF01 | 0 a 1","type":"input_multiplier","position":3,"required":false,"title_format":"label","default":"","description_enable":false,"description":"","placeholder_enable":false,"placeholder":"","display":"select","restrictions_type":"any_text","adjust_price":true,"price":"","price_type":"quantity_based","restrictions":false,"min":"0","max":"0","options":[],"id":1775731612}],"yoast_head":"<!-- This site is optimized with the Yoast SEO Premium plugin v26.4 (Yoast SEO v26.4) - https:\/\/yoast.com\/wordpress\/plugins\/seo\/ -->\n<title>Piedras Blancas: juegos en la nieve, trineos y 4 ascensos en aerosilla con traslado incluido - Turismo Bariloche<\/title>\n<meta name=\"description\" content=\"Excursi\u00f3n a Piedras Blancas con traslado desde Bariloche. Trineos, pistas para todas las edades, seis ascensos y asistencia. Ideal para familias con ni\u00f1os.\" \/>\n<meta name=\"robots\" content=\"index, follow, max-snippet:-1, max-image-preview:large, max-video-preview:-1\" \/>\n<link rel=\"canonical\" href=\"https:\/\/turismobariloche.ar\/pt\/product\/piedras-blancas-sledges-transferencia-de-culipatina\/\" \/>\n<meta property=\"og:locale\" content=\"pt_BR\" \/>\n<meta property=\"og:type\" content=\"article\" \/>\n<meta property=\"og:title\" content=\"Piedras Blancas: juegos en la nieve, trineos y 4 ascensos en aerosilla con traslado incluido\" \/>\n<meta property=\"og:description\" content=\"Excursi\u00f3n a Piedras Blancas con traslado desde Bariloche. Trineos, pistas para todas las edades, seis ascensos y asistencia. Ideal para familias con ni\u00f1os.\" \/>\n<meta property=\"og:url\" content=\"https:\/\/turismobariloche.ar\/pt\/product\/piedras-blancas-sledges-transferencia-de-culipatina\/\" \/>\n<meta property=\"og:site_name\" content=\"Turismo Bariloche\" \/>\n<meta property=\"article:modified_time\" content=\"2026-04-10T14:11:10+00:00\" \/>\n<meta property=\"og:image\" content=\"https:\/\/turismobariloche.ar\/wp-content\/uploads\/2025\/04\/2-B-IMG_7037-scaled.jpg\" \/>\n\t<meta property=\"og:image:width\" content=\"1920\" \/>\n\t<meta property=\"og:image:height\" content=\"2560\" \/>\n\t<meta property=\"og:image:type\" content=\"image\/jpeg\" \/>\n<meta name=\"twitter:card\" content=\"summary_large_image\" \/>\n<meta name=\"twitter:label1\" content=\"Est. tempo de leitura\" \/>\n\t<meta name=\"twitter:data1\" content=\"2 minutos\" \/>\n<script type=\"application\/ld+json\" class=\"yoast-schema-graph\">{\"@context\":\"https:\/\/schema.org\",\"@graph\":[{\"@type\":\"WebPage\",\"@id\":\"https:\/\/turismobariloche.ar\/product\/piedras-blancas-trineos-culipatin-traslado\/\",\"url\":\"https:\/\/turismobariloche.ar\/product\/piedras-blancas-trineos-culipatin-traslado\/\",\"name\":\"Piedras Blancas: juegos en la nieve, trineos y 4 ascensos en aerosilla con traslado incluido - Turismo Bariloche\",\"isPartOf\":{\"@id\":\"https:\/\/turismobariloche.ar\/#website\"},\"primaryImageOfPage\":{\"@id\":\"https:\/\/turismobariloche.ar\/product\/piedras-blancas-trineos-culipatin-traslado\/#primaryimage\"},\"image\":{\"@id\":\"https:\/\/turismobariloche.ar\/product\/piedras-blancas-trineos-culipatin-traslado\/#primaryimage\"},\"thumbnailUrl\":\"https:\/\/turismobariloche.ar\/wp-content\/uploads\/2025\/04\/2-B-IMG_7037-scaled.jpg\",\"datePublished\":\"2025-04-17T20:12:39+00:00\",\"dateModified\":\"2026-04-10T14:11:10+00:00\",\"description\":\"Excursi\u00f3n a Piedras Blancas con traslado desde Bariloche. Trineos, pistas para todas las edades, seis ascensos y asistencia. Ideal para familias con ni\u00f1os.\",\"breadcrumb\":{\"@id\":\"https:\/\/turismobariloche.ar\/product\/piedras-blancas-trineos-culipatin-traslado\/#breadcrumb\"},\"inLanguage\":\"pt-BR\",\"potentialAction\":[{\"@type\":\"ReadAction\",\"target\":[\"https:\/\/turismobariloche.ar\/product\/piedras-blancas-trineos-culipatin-traslado\/\"]}]},{\"@type\":\"ImageObject\",\"inLanguage\":\"pt-BR\",\"@id\":\"https:\/\/turismobariloche.ar\/product\/piedras-blancas-trineos-culipatin-traslado\/#primaryimage\",\"url\":\"https:\/\/turismobariloche.ar\/wp-content\/uploads\/2025\/04\/2-B-IMG_7037-scaled.jpg\",\"contentUrl\":\"https:\/\/turismobariloche.ar\/wp-content\/uploads\/2025\/04\/2-B-IMG_7037-scaled.jpg\",\"width\":1920,\"height\":2560},{\"@type\":\"BreadcrumbList\",\"@id\":\"https:\/\/turismobariloche.ar\/product\/piedras-blancas-trineos-culipatin-traslado\/#breadcrumb\",\"itemListElement\":[{\"@type\":\"ListItem\",\"position\":1,\"name\":\"Home\",\"item\":\"https:\/\/turismobariloche.ar\/\"},{\"@type\":\"ListItem\",\"position\":2,\"name\":\"Lista de excursiones\",\"item\":\"https:\/\/turismobariloche.ar\/shop\/\"},{\"@type\":\"ListItem\",\"position\":3,\"name\":\"Piedras Blancas: juegos en la nieve, trineos y 4 ascensos en aerosilla con traslado incluido\"}]},{\"@type\":\"WebSite\",\"@id\":\"https:\/\/turismobariloche.ar\/#website\",\"url\":\"https:\/\/turismobariloche.ar\/\",\"name\":\"Turismo Bariloche\",\"description\":\"Actividades recreativas en San Carlos de Bariloche\",\"publisher\":{\"@id\":\"https:\/\/turismobariloche.ar\/#organization\"},\"potentialAction\":[{\"@type\":\"SearchAction\",\"target\":{\"@type\":\"EntryPoint\",\"urlTemplate\":\"https:\/\/turismobariloche.ar\/?s={search_term_string}\"},\"query-input\":{\"@type\":\"PropertyValueSpecification\",\"valueRequired\":true,\"valueName\":\"search_term_string\"}}],\"inLanguage\":\"pt-BR\"},{\"@type\":\"Organization\",\"@id\":\"https:\/\/turismobariloche.ar\/#organization\",\"name\":\"Turismo Bariloche\",\"url\":\"https:\/\/turismobariloche.ar\/\",\"logo\":{\"@type\":\"ImageObject\",\"inLanguage\":\"pt-BR\",\"@id\":\"https:\/\/turismobariloche.ar\/#\/schema\/logo\/image\/\",\"url\":\"https:\/\/turismobariloche.ar\/wp-content\/uploads\/2025\/10\/LOGO-TURISMO-BARILOCHE-bco-SF-03-1-1.png\",\"contentUrl\":\"https:\/\/turismobariloche.ar\/wp-content\/uploads\/2025\/10\/LOGO-TURISMO-BARILOCHE-bco-SF-03-1-1.png\",\"width\":1735,\"height\":774,\"caption\":\"Turismo Bariloche\"},\"image\":{\"@id\":\"https:\/\/turismobariloche.ar\/#\/schema\/logo\/image\/\"}}]}<\/script>\n<!-- \/ Yoast SEO Premium plugin. -->","yoast_head_json":{"title":"Piedras Blancas: jogos na neve, tren\u00f3 e 4 subidas de telef\u00e9rico com traslado inclu\u00eddo - Turismo em Bariloche","description":"Excurs\u00e3o a Piedras Blancas com traslado de Bariloche. Tren\u00f3s, pistas para todas as idades, seis subidas e assist\u00eancia. Ideal para fam\u00edlias com crian\u00e7as.","robots":{"index":"index","follow":"follow","max-snippet":"max-snippet:-1","max-image-preview":"max-image-preview:large","max-video-preview":"max-video-preview:-1"},"canonical":"https:\/\/turismobariloche.ar\/pt\/product\/piedras-blancas-sledges-transferencia-de-culipatina\/","og_locale":"pt_BR","og_type":"article","og_title":"Piedras Blancas: juegos en la nieve, trineos y 4 ascensos en aerosilla con traslado incluido","og_description":"Excursi\u00f3n a Piedras Blancas con traslado desde Bariloche. Trineos, pistas para todas las edades, seis ascensos y asistencia. Ideal para familias con ni\u00f1os.","og_url":"https:\/\/turismobariloche.ar\/pt\/product\/piedras-blancas-sledges-transferencia-de-culipatina\/","og_site_name":"Turismo Bariloche","article_modified_time":"2026-04-10T14:11:10+00:00","og_image":[{"width":1920,"height":2560,"url":"https:\/\/turismobariloche.ar\/wp-content\/uploads\/2025\/04\/2-B-IMG_7037-scaled.jpg","type":"image\/jpeg"}],"twitter_card":"summary_large_image","twitter_misc":{"Est. tempo de leitura":"2 minutos"},"schema":{"@context":"https:\/\/schema.org","@graph":[{"@type":"WebPage","@id":"https:\/\/turismobariloche.ar\/product\/piedras-blancas-trineos-culipatin-traslado\/","url":"https:\/\/turismobariloche.ar\/product\/piedras-blancas-trineos-culipatin-traslado\/","name":"Piedras Blancas: jogos na neve, tren\u00f3 e 4 subidas de telef\u00e9rico com traslado inclu\u00eddo - Turismo em Bariloche","isPartOf":{"@id":"https:\/\/turismobariloche.ar\/#website"},"primaryImageOfPage":{"@id":"https:\/\/turismobariloche.ar\/product\/piedras-blancas-trineos-culipatin-traslado\/#primaryimage"},"image":{"@id":"https:\/\/turismobariloche.ar\/product\/piedras-blancas-trineos-culipatin-traslado\/#primaryimage"},"thumbnailUrl":"https:\/\/turismobariloche.ar\/wp-content\/uploads\/2025\/04\/2-B-IMG_7037-scaled.jpg","datePublished":"2025-04-17T20:12:39+00:00","dateModified":"2026-04-10T14:11:10+00:00","description":"Excurs\u00e3o a Piedras Blancas com traslado de Bariloche. Tren\u00f3s, pistas para todas as idades, seis subidas e assist\u00eancia. Ideal para fam\u00edlias com crian\u00e7as.","breadcrumb":{"@id":"https:\/\/turismobariloche.ar\/product\/piedras-blancas-trineos-culipatin-traslado\/#breadcrumb"},"inLanguage":"pt-BR","potentialAction":[{"@type":"ReadAction","target":["https:\/\/turismobariloche.ar\/product\/piedras-blancas-trineos-culipatin-traslado\/"]}]},{"@type":"ImageObject","inLanguage":"pt-BR","@id":"https:\/\/turismobariloche.ar\/product\/piedras-blancas-trineos-culipatin-traslado\/#primaryimage","url":"https:\/\/turismobariloche.ar\/wp-content\/uploads\/2025\/04\/2-B-IMG_7037-scaled.jpg","contentUrl":"https:\/\/turismobariloche.ar\/wp-content\/uploads\/2025\/04\/2-B-IMG_7037-scaled.jpg","width":1920,"height":2560},{"@type":"BreadcrumbList","@id":"https:\/\/turismobariloche.ar\/product\/piedras-blancas-trineos-culipatin-traslado\/#breadcrumb","itemListElement":[{"@type":"ListItem","position":1,"name":"Home","item":"https:\/\/turismobariloche.ar\/"},{"@type":"ListItem","position":2,"name":"Lista de excursiones","item":"https:\/\/turismobariloche.ar\/shop\/"},{"@type":"ListItem","position":3,"name":"Piedras Blancas: juegos en la nieve, trineos y 4 ascensos en aerosilla con traslado incluido"}]},{"@type":"WebSite","@id":"https:\/\/turismobariloche.ar\/#website","url":"https:\/\/turismobariloche.ar\/","name":"Turismo em Bariloche","description":"Atividades recreativas em San Carlos de Bariloche","publisher":{"@id":"https:\/\/turismobariloche.ar\/#organization"},"potentialAction":[{"@type":"SearchAction","target":{"@type":"EntryPoint","urlTemplate":"https:\/\/turismobariloche.ar\/?s={search_term_string}"},"query-input":{"@type":"PropertyValueSpecification","valueRequired":true,"valueName":"search_term_string"}}],"inLanguage":"pt-BR"},{"@type":"Organization","@id":"https:\/\/turismobariloche.ar\/#organization","name":"Turismo em Bariloche","url":"https:\/\/turismobariloche.ar\/","logo":{"@type":"ImageObject","inLanguage":"pt-BR","@id":"https:\/\/turismobariloche.ar\/#\/schema\/logo\/image\/","url":"https:\/\/turismobariloche.ar\/wp-content\/uploads\/2025\/10\/LOGO-TURISMO-BARILOCHE-bco-SF-03-1-1.png","contentUrl":"https:\/\/turismobariloche.ar\/wp-content\/uploads\/2025\/10\/LOGO-TURISMO-BARILOCHE-bco-SF-03-1-1.png","width":1735,"height":774,"caption":"Turismo Bariloche"},"image":{"@id":"https:\/\/turismobariloche.ar\/#\/schema\/logo\/image\/"}}]}},"_links":{"self":[{"href":"https:\/\/turismobariloche.ar\/pt\/wp-json\/wp\/v2\/product\/105","targetHints":{"allow":["GET"]}}],"collection":[{"href":"https:\/\/turismobariloche.ar\/pt\/wp-json\/wp\/v2\/product"}],"about":[{"href":"https:\/\/turismobariloche.ar\/pt\/wp-json\/wp\/v2\/types\/product"}],"replies":[{"embeddable":true,"href":"https:\/\/turismobariloche.ar\/pt\/wp-json\/wp\/v2\/comments?post=105"}],"wp:featuredmedia":[{"embeddable":true,"href":"https:\/\/turismobariloche.ar\/pt\/wp-json\/wp\/v2\/media\/1187"}],"wp:attachment":[{"href":"https:\/\/turismobariloche.ar\/pt\/wp-json\/wp\/v2\/media?parent=105"}],"wp:term":[{"taxonomy":"product_brand","embeddable":true,"href":"https:\/\/turismobariloche.ar\/pt\/wp-json\/wp\/v2\/product_brand?post=105"},{"taxonomy":"product_cat","embeddable":true,"href":"https:\/\/turismobariloche.ar\/pt\/wp-json\/wp\/v2\/product_cat?post=105"},{"taxonomy":"product_tag","embeddable":true,"href":"https:\/\/turismobariloche.ar\/pt\/wp-json\/wp\/v2\/product_tag?post=105"}],"curies":[{"name":"wp","href":"https:\/\/api.w.org\/{rel}","templated":true}]}}