{"id":103,"date":"2025-04-17T17:12:09","date_gmt":"2025-04-17T20:12:09","guid":{"rendered":"https:\/\/turismobariloche.ar\/?post_type=product&#038;p=103"},"modified":"2026-04-28T14:56:49","modified_gmt":"2026-04-28T17:56:49","slug":"caminata-laguna-congelada-neumeyer","status":"publish","type":"product","link":"https:\/\/turismobariloche.ar\/pt\/product\/caminhada-na-lagoa-congelada-de-neumeyer\/","title":{"rendered":"Caminhada at\u00e9 a Frozen Lagoon: uma aventura de inverno acess\u00edvel para ser desfrutada em grupos"},"content":{"rendered":"<h3 data-start=\"454\" data-end=\"561\"><strong data-start=\"458\" data-end=\"561\">Um tipo diferente de passeio no cora\u00e7\u00e3o da floresta nevada, com raquetes de neve, almo\u00e7o e divers\u00e3o para todos.<\/strong><\/h3>\n<p data-start=\"563\" data-end=\"855\">Na temporada de inverno, essa proposta \u00e9 ideal para quem quer viver uma experi\u00eancia na neve sem a necessidade de saber esquiar. O <strong data-start=\"703\" data-end=\"758\">caminhada at\u00e9 a lagoa congelada do Ref\u00fagio Neumeyer<\/strong> combina aventura suave, contato com a natureza e momentos para compartilhar com um grupo ou fam\u00edlia.<\/p>\n<p data-start=\"857\" data-end=\"1202\">A sa\u00edda \u00e9 feita dos pontos de encontro em Bariloche (entre o centro e o km 8 da Av. Bustillo ou Av. Pioneros), em dois hor\u00e1rios poss\u00edveis: das 9:00 \u00e0s 16:00 ou das 11:00 \u00e0s 18:00 horas. Ao chegar ao ref\u00fagio, os guias lhe dar\u00e3o as instru\u00e7\u00f5es para iniciar a caminhada com raquetes de neve, percorrendo trilhas brancas cercadas por lengas centen\u00e1rias.<\/p>\n<p data-start=\"1204\" data-end=\"1541\">O ponto mais especial da caminhada \u00e9 o <strong data-start=\"1242\" data-end=\"1262\">lagoa congelada<\/strong>, H\u00e1 uma pausa para saborear um ch\u00e1 quente com um doce regional, tirar fotos e contemplar a paisagem. Em seguida, no abrigo aquecido, \u00e9 oferecido um almo\u00e7o completo e, para encerrar a tarde com alegria, h\u00e1 tempo livre para brincar com culipatinhas na neve.<\/p>\n<p data-start=\"1543\" data-end=\"1730\">A excurs\u00e3o inclui guia especializado, equipamento de raquetes de neve, traslado dos pontos de encontro, almo\u00e7o completo e bebidas. Roupas para neve e bebidas durante o almo\u00e7o n\u00e3o est\u00e3o inclu\u00eddas.<\/p>\n<h3 data-start=\"1737\" data-end=\"1765\"><strong data-start=\"1741\" data-end=\"1765\">Perguntas frequentes<\/strong><\/h3>\n<p data-start=\"1767\" data-end=\"1941\"><strong data-start=\"1767\" data-end=\"1810\">\u00c9 uma atividade para toda a fam\u00edlia?<\/strong><br data-start=\"1810\" data-end=\"1813\" \/>Sim, \u00e9 ideal para adultos e crian\u00e7as a partir da idade escolar. N\u00e3o \u00e9 necess\u00e1ria nenhuma experi\u00eancia ou condi\u00e7\u00e3o f\u00edsica especial.<\/p>\n<p data-start=\"1943\" data-end=\"2074\"><strong data-start=\"1943\" data-end=\"1972\">Existem op\u00e7\u00f5es de hor\u00e1rios?<\/strong><br data-start=\"1972\" data-end=\"1975\" \/>Voc\u00ea pode escolher entre manh\u00e3 (09:00 \u00e0s 16:00) ou tarde (11:00 \u00e0s 18:00), dependendo da disponibilidade no momento da reserva.<\/p>\n<p data-start=\"2076\" data-end=\"2187\"><strong data-start=\"2076\" data-end=\"2107\">O almo\u00e7o est\u00e1 inclu\u00eddo?<\/strong><br data-start=\"2107\" data-end=\"2110\" \/>Sim, inclui um almo\u00e7o completo no ref\u00fagio. As bebidas s\u00e3o pagas separadamente.<\/p>\n<p data-start=\"2189\" data-end=\"2359\"><strong data-start=\"2189\" data-end=\"2215\">E se o dia for ruim?<\/strong><br data-start=\"2215\" data-end=\"2218\" \/>A partida \u00e9 realizada em qualquer condi\u00e7\u00e3o clim\u00e1tica, desde que seja segura. Em caso de condi\u00e7\u00f5es extremas, ela ser\u00e1 reagendada ou ser\u00e1 oferecida uma alternativa.<\/p>\n<p data-start=\"2189\" data-end=\"2359\"><strong>Aviso importante<\/strong>Este passeio j\u00e1 est\u00e1 dispon\u00edvel para pr\u00e9-reserva. As sa\u00eddas operam de 15 de junho a 20 de agosto, sujeitas ao calend\u00e1rio sazonal.<\/p>","protected":false},"excerpt":{"rendered":"<p>Desfrute de uma caminhada exclusiva na Patag\u00f4nia, partindo de Bariloche at\u00e9 a m\u00edstica lagoa congelada Neumeyer. Participe de uma aventura guiada em trilhas nevadas e termine o dia com um delicioso almo\u00e7o em um abrigo aconchegante.<\/p>","protected":false},"featured_media":3927,"comment_status":"open","ping_status":"closed","template":"","meta":[],"product_brand":[],"product_cat":[72,92,79,73,23,75,32],"product_tag":[],"class_list":{"0":"post-103","1":"product","2":"type-product","3":"status-publish","4":"has-post-thumbnail","6":"product_cat-adultos","7":"product_cat-con-comida","8":"product_cat-con-traslado","9":"product_cat-familia","10":"product_cat-invierno","11":"product_cat-ninos","12":"product_cat-terrestre","14":"first","15":"instock","16":"virtual","17":"sold-individually","18":"purchasable","19":"product-type-booking"},"booking_location":"","booking_location_type":"","booking_duration":1,"booking_duration_unit":"hour","booking_buffer":0,"booking_cost":0,"booking_resources":[],"exclude_global_add_ons":false,"addons":[{"name":"ADU: Adulto","type":"input_multiplier","position":0,"required":false,"title_format":"label","default":"","description_enable":false,"description":"","placeholder_enable":false,"placeholder":"","display":"select","restrictions_type":"any_text","adjust_price":true,"price":"264000","price_type":"quantity_based","restrictions":false,"min":"0","max":"0","options":[],"id":1775733012},{"name":"MEN412 | De 4 a 12","type":"input_multiplier","position":1,"required":false,"title_format":"label","default":"","description_enable":false,"description":"","placeholder_enable":false,"placeholder":"","display":"select","restrictions_type":"any_text","adjust_price":true,"price":"222000","price_type":"quantity_based","restrictions":false,"min":"0","max":"0","options":[],"id":1775733013},{"name":"INF04 | De 0 a 4","type":"input_multiplier","position":2,"required":false,"title_format":"label","default":"","description_enable":false,"description":"","placeholder_enable":false,"placeholder":"","display":"select","restrictions_type":"any_text","adjust_price":true,"price":"","price_type":"quantity_based","restrictions":false,"min":"0","max":"0","options":[],"id":1775733014}],"yoast_head":"<!-- This site is optimized with the Yoast SEO Premium plugin v26.4 (Yoast SEO v26.4) - https:\/\/yoast.com\/wordpress\/plugins\/seo\/ -->\n<title>Caminata a la Laguna Congelada: una aventura invernal accesible y para disfrutar en grupo - Turismo Bariloche<\/title>\n<meta name=\"description\" content=\"Excursi\u00f3n a la Laguna Congelada desde Bariloche. Caminata f\u00e1cil con raquetas, almuerzo en refugio y culipatines. Ideal para familias y grupos en temporada de invierno.\" \/>\n<meta name=\"robots\" content=\"index, follow, max-snippet:-1, max-image-preview:large, max-video-preview:-1\" \/>\n<link rel=\"canonical\" href=\"https:\/\/turismobariloche.ar\/pt\/product\/caminhada-na-lagoa-congelada-de-neumeyer\/\" \/>\n<meta property=\"og:locale\" content=\"pt_BR\" \/>\n<meta property=\"og:type\" content=\"article\" \/>\n<meta property=\"og:title\" content=\"Caminata a la Laguna Congelada: una aventura invernal accesible y para disfrutar en grupo\" \/>\n<meta property=\"og:description\" content=\"Excursi\u00f3n a la Laguna Congelada desde Bariloche. Caminata f\u00e1cil con raquetas, almuerzo en refugio y culipatines. Ideal para familias y grupos en temporada de invierno.\" \/>\n<meta property=\"og:url\" content=\"https:\/\/turismobariloche.ar\/pt\/product\/caminhada-na-lagoa-congelada-de-neumeyer\/\" \/>\n<meta property=\"og:site_name\" content=\"Turismo Bariloche\" \/>\n<meta property=\"article:modified_time\" content=\"2026-04-28T17:56:49+00:00\" \/>\n<meta property=\"og:image\" content=\"https:\/\/turismobariloche.ar\/wp-content\/uploads\/2025\/04\/Laguna-congelada-newmeyer-6-1-1.jpg\" \/>\n\t<meta property=\"og:image:width\" content=\"1133\" \/>\n\t<meta property=\"og:image:height\" content=\"850\" \/>\n\t<meta property=\"og:image:type\" content=\"image\/jpeg\" \/>\n<meta name=\"twitter:card\" content=\"summary_large_image\" \/>\n<meta name=\"twitter:label1\" content=\"Est. tempo de leitura\" \/>\n\t<meta name=\"twitter:data1\" content=\"2 minutos\" \/>\n<script type=\"application\/ld+json\" class=\"yoast-schema-graph\">{\"@context\":\"https:\/\/schema.org\",\"@graph\":[{\"@type\":\"WebPage\",\"@id\":\"https:\/\/turismobariloche.ar\/product\/caminata-laguna-congelada-neumeyer\/\",\"url\":\"https:\/\/turismobariloche.ar\/product\/caminata-laguna-congelada-neumeyer\/\",\"name\":\"Caminata a la Laguna Congelada: una aventura invernal accesible y para disfrutar en grupo - Turismo Bariloche\",\"isPartOf\":{\"@id\":\"https:\/\/turismobariloche.ar\/#website\"},\"primaryImageOfPage\":{\"@id\":\"https:\/\/turismobariloche.ar\/product\/caminata-laguna-congelada-neumeyer\/#primaryimage\"},\"image\":{\"@id\":\"https:\/\/turismobariloche.ar\/product\/caminata-laguna-congelada-neumeyer\/#primaryimage\"},\"thumbnailUrl\":\"https:\/\/turismobariloche.ar\/wp-content\/uploads\/2025\/04\/Laguna-congelada-newmeyer-6-1-1.jpg\",\"datePublished\":\"2025-04-17T20:12:09+00:00\",\"dateModified\":\"2026-04-28T17:56:49+00:00\",\"description\":\"Excursi\u00f3n a la Laguna Congelada desde Bariloche. Caminata f\u00e1cil con raquetas, almuerzo en refugio y culipatines. Ideal para familias y grupos en temporada de invierno.\",\"breadcrumb\":{\"@id\":\"https:\/\/turismobariloche.ar\/product\/caminata-laguna-congelada-neumeyer\/#breadcrumb\"},\"inLanguage\":\"pt-BR\",\"potentialAction\":[{\"@type\":\"ReadAction\",\"target\":[\"https:\/\/turismobariloche.ar\/product\/caminata-laguna-congelada-neumeyer\/\"]}]},{\"@type\":\"ImageObject\",\"inLanguage\":\"pt-BR\",\"@id\":\"https:\/\/turismobariloche.ar\/product\/caminata-laguna-congelada-neumeyer\/#primaryimage\",\"url\":\"https:\/\/turismobariloche.ar\/wp-content\/uploads\/2025\/04\/Laguna-congelada-newmeyer-6-1-1.jpg\",\"contentUrl\":\"https:\/\/turismobariloche.ar\/wp-content\/uploads\/2025\/04\/Laguna-congelada-newmeyer-6-1-1.jpg\",\"width\":1133,\"height\":850},{\"@type\":\"BreadcrumbList\",\"@id\":\"https:\/\/turismobariloche.ar\/product\/caminata-laguna-congelada-neumeyer\/#breadcrumb\",\"itemListElement\":[{\"@type\":\"ListItem\",\"position\":1,\"name\":\"Home\",\"item\":\"https:\/\/turismobariloche.ar\/\"},{\"@type\":\"ListItem\",\"position\":2,\"name\":\"Lista de excursiones\",\"item\":\"https:\/\/turismobariloche.ar\/shop\/\"},{\"@type\":\"ListItem\",\"position\":3,\"name\":\"Caminata a la Laguna Congelada: una aventura invernal accesible y para disfrutar en grupo\"}]},{\"@type\":\"WebSite\",\"@id\":\"https:\/\/turismobariloche.ar\/#website\",\"url\":\"https:\/\/turismobariloche.ar\/\",\"name\":\"Turismo Bariloche\",\"description\":\"Actividades recreativas en San Carlos de Bariloche\",\"publisher\":{\"@id\":\"https:\/\/turismobariloche.ar\/#organization\"},\"potentialAction\":[{\"@type\":\"SearchAction\",\"target\":{\"@type\":\"EntryPoint\",\"urlTemplate\":\"https:\/\/turismobariloche.ar\/?s={search_term_string}\"},\"query-input\":{\"@type\":\"PropertyValueSpecification\",\"valueRequired\":true,\"valueName\":\"search_term_string\"}}],\"inLanguage\":\"pt-BR\"},{\"@type\":\"Organization\",\"@id\":\"https:\/\/turismobariloche.ar\/#organization\",\"name\":\"Turismo Bariloche\",\"url\":\"https:\/\/turismobariloche.ar\/\",\"logo\":{\"@type\":\"ImageObject\",\"inLanguage\":\"pt-BR\",\"@id\":\"https:\/\/turismobariloche.ar\/#\/schema\/logo\/image\/\",\"url\":\"https:\/\/turismobariloche.ar\/wp-content\/uploads\/2025\/10\/LOGO-TURISMO-BARILOCHE-bco-SF-03-1-1.png\",\"contentUrl\":\"https:\/\/turismobariloche.ar\/wp-content\/uploads\/2025\/10\/LOGO-TURISMO-BARILOCHE-bco-SF-03-1-1.png\",\"width\":1735,\"height\":774,\"caption\":\"Turismo Bariloche\"},\"image\":{\"@id\":\"https:\/\/turismobariloche.ar\/#\/schema\/logo\/image\/\"}}]}<\/script>\n<!-- \/ Yoast SEO Premium plugin. -->","yoast_head_json":{"title":"Caminhada at\u00e9 a Laguna Congelada: uma aventura de inverno acess\u00edvel para ser desfrutada em grupo - Turismo em Bariloche","description":"Excurs\u00e3o \u00e0 Laguna Congelada saindo de Bariloche. Caminhada f\u00e1cil com raquetes de neve, almo\u00e7o no ref\u00fagio e culipatinas. Ideal para fam\u00edlias e grupos na temporada de inverno.","robots":{"index":"index","follow":"follow","max-snippet":"max-snippet:-1","max-image-preview":"max-image-preview:large","max-video-preview":"max-video-preview:-1"},"canonical":"https:\/\/turismobariloche.ar\/pt\/product\/caminhada-na-lagoa-congelada-de-neumeyer\/","og_locale":"pt_BR","og_type":"article","og_title":"Caminata a la Laguna Congelada: una aventura invernal accesible y para disfrutar en grupo","og_description":"Excursi\u00f3n a la Laguna Congelada desde Bariloche. Caminata f\u00e1cil con raquetas, almuerzo en refugio y culipatines. Ideal para familias y grupos en temporada de invierno.","og_url":"https:\/\/turismobariloche.ar\/pt\/product\/caminhada-na-lagoa-congelada-de-neumeyer\/","og_site_name":"Turismo Bariloche","article_modified_time":"2026-04-28T17:56:49+00:00","og_image":[{"width":1133,"height":850,"url":"https:\/\/turismobariloche.ar\/wp-content\/uploads\/2025\/04\/Laguna-congelada-newmeyer-6-1-1.jpg","type":"image\/jpeg"}],"twitter_card":"summary_large_image","twitter_misc":{"Est. tempo de leitura":"2 minutos"},"schema":{"@context":"https:\/\/schema.org","@graph":[{"@type":"WebPage","@id":"https:\/\/turismobariloche.ar\/product\/caminata-laguna-congelada-neumeyer\/","url":"https:\/\/turismobariloche.ar\/product\/caminata-laguna-congelada-neumeyer\/","name":"Caminhada at\u00e9 a Laguna Congelada: uma aventura de inverno acess\u00edvel para ser desfrutada em grupo - Turismo em Bariloche","isPartOf":{"@id":"https:\/\/turismobariloche.ar\/#website"},"primaryImageOfPage":{"@id":"https:\/\/turismobariloche.ar\/product\/caminata-laguna-congelada-neumeyer\/#primaryimage"},"image":{"@id":"https:\/\/turismobariloche.ar\/product\/caminata-laguna-congelada-neumeyer\/#primaryimage"},"thumbnailUrl":"https:\/\/turismobariloche.ar\/wp-content\/uploads\/2025\/04\/Laguna-congelada-newmeyer-6-1-1.jpg","datePublished":"2025-04-17T20:12:09+00:00","dateModified":"2026-04-28T17:56:49+00:00","description":"Excurs\u00e3o \u00e0 Laguna Congelada saindo de Bariloche. Caminhada f\u00e1cil com raquetes de neve, almo\u00e7o no ref\u00fagio e culipatinas. Ideal para fam\u00edlias e grupos na temporada de inverno.","breadcrumb":{"@id":"https:\/\/turismobariloche.ar\/product\/caminata-laguna-congelada-neumeyer\/#breadcrumb"},"inLanguage":"pt-BR","potentialAction":[{"@type":"ReadAction","target":["https:\/\/turismobariloche.ar\/product\/caminata-laguna-congelada-neumeyer\/"]}]},{"@type":"ImageObject","inLanguage":"pt-BR","@id":"https:\/\/turismobariloche.ar\/product\/caminata-laguna-congelada-neumeyer\/#primaryimage","url":"https:\/\/turismobariloche.ar\/wp-content\/uploads\/2025\/04\/Laguna-congelada-newmeyer-6-1-1.jpg","contentUrl":"https:\/\/turismobariloche.ar\/wp-content\/uploads\/2025\/04\/Laguna-congelada-newmeyer-6-1-1.jpg","width":1133,"height":850},{"@type":"BreadcrumbList","@id":"https:\/\/turismobariloche.ar\/product\/caminata-laguna-congelada-neumeyer\/#breadcrumb","itemListElement":[{"@type":"ListItem","position":1,"name":"Home","item":"https:\/\/turismobariloche.ar\/"},{"@type":"ListItem","position":2,"name":"Lista de excursiones","item":"https:\/\/turismobariloche.ar\/shop\/"},{"@type":"ListItem","position":3,"name":"Caminata a la Laguna Congelada: una aventura invernal accesible y para disfrutar en grupo"}]},{"@type":"WebSite","@id":"https:\/\/turismobariloche.ar\/#website","url":"https:\/\/turismobariloche.ar\/","name":"Turismo em Bariloche","description":"Atividades recreativas em San Carlos de Bariloche","publisher":{"@id":"https:\/\/turismobariloche.ar\/#organization"},"potentialAction":[{"@type":"SearchAction","target":{"@type":"EntryPoint","urlTemplate":"https:\/\/turismobariloche.ar\/?s={search_term_string}"},"query-input":{"@type":"PropertyValueSpecification","valueRequired":true,"valueName":"search_term_string"}}],"inLanguage":"pt-BR"},{"@type":"Organization","@id":"https:\/\/turismobariloche.ar\/#organization","name":"Turismo em Bariloche","url":"https:\/\/turismobariloche.ar\/","logo":{"@type":"ImageObject","inLanguage":"pt-BR","@id":"https:\/\/turismobariloche.ar\/#\/schema\/logo\/image\/","url":"https:\/\/turismobariloche.ar\/wp-content\/uploads\/2025\/10\/LOGO-TURISMO-BARILOCHE-bco-SF-03-1-1.png","contentUrl":"https:\/\/turismobariloche.ar\/wp-content\/uploads\/2025\/10\/LOGO-TURISMO-BARILOCHE-bco-SF-03-1-1.png","width":1735,"height":774,"caption":"Turismo Bariloche"},"image":{"@id":"https:\/\/turismobariloche.ar\/#\/schema\/logo\/image\/"}}]}},"_links":{"self":[{"href":"https:\/\/turismobariloche.ar\/pt\/wp-json\/wp\/v2\/product\/103","targetHints":{"allow":["GET"]}}],"collection":[{"href":"https:\/\/turismobariloche.ar\/pt\/wp-json\/wp\/v2\/product"}],"about":[{"href":"https:\/\/turismobariloche.ar\/pt\/wp-json\/wp\/v2\/types\/product"}],"replies":[{"embeddable":true,"href":"https:\/\/turismobariloche.ar\/pt\/wp-json\/wp\/v2\/comments?post=103"}],"wp:featuredmedia":[{"embeddable":true,"href":"https:\/\/turismobariloche.ar\/pt\/wp-json\/wp\/v2\/media\/3927"}],"wp:attachment":[{"href":"https:\/\/turismobariloche.ar\/pt\/wp-json\/wp\/v2\/media?parent=103"}],"wp:term":[{"taxonomy":"product_brand","embeddable":true,"href":"https:\/\/turismobariloche.ar\/pt\/wp-json\/wp\/v2\/product_brand?post=103"},{"taxonomy":"product_cat","embeddable":true,"href":"https:\/\/turismobariloche.ar\/pt\/wp-json\/wp\/v2\/product_cat?post=103"},{"taxonomy":"product_tag","embeddable":true,"href":"https:\/\/turismobariloche.ar\/pt\/wp-json\/wp\/v2\/product_tag?post=103"}],"curies":[{"name":"wp","href":"https:\/\/api.w.org\/{rel}","templated":true}]}}