{"id":101,"date":"2025-04-17T17:11:48","date_gmt":"2025-04-17T20:11:48","guid":{"rendered":"https:\/\/turismobariloche.ar\/?post_type=product&#038;p=101"},"modified":"2026-04-09T09:20:21","modified_gmt":"2026-04-09T12:20:21","slug":"puerto-blest-cascada-los-cantaros-lago-frias-sin-traslado","status":"publish","type":"product","link":"https:\/\/turismobariloche.ar\/pt\/product\/puerto-blest-cachoeira-los-cantaros-lago-frias-no-transfer\/","title":{"rendered":"Puerto Blest e Lago Frias sem traslado - Sa\u00edda de Puerto Pa\u00f1uelo"},"content":{"rendered":"<h3 data-start=\"521\" data-end=\"574\">Uma excurs\u00e3o completa para fazer por conta pr\u00f3pria<\/h3>\n<p data-start=\"575\" data-end=\"884\">Essa experi\u00eancia foi projetada para quem viaja de carro, em grupo ou se hospeda pr\u00f3ximo ao centro da cidade. <strong data-start=\"676\" data-end=\"694\">Puerto Pa\u00f1uelo<\/strong>, no km 25 da Avenida Bustillo. De l\u00e1, voc\u00ea embarca em um moderno catamar\u00e3 para desfrutar de um passeio de barco pelo <strong data-start=\"810\" data-end=\"825\">Bra\u00e7o aben\u00e7oado<\/strong>, um dos setores mais impressionantes do Lago Nahuel Huapi.<\/p>\n<p data-start=\"886\" data-end=\"1189\">Ao chegar em <strong data-start=\"898\" data-end=\"914\">Puerto Blest<\/strong>, A aventura continua com uma segunda navega\u00e7\u00e3o no <strong data-start=\"971\" data-end=\"985\">Lago Frias<\/strong>, O espelho d'\u00e1gua verde-esmeralda, alimentado pelas geleiras do <strong data-start=\"1060\" data-end=\"1078\">Serra do Tronador<\/strong>. O ambiente \u00e9 sereno, natural e pouco frequentado, ideal para se conectar com a Patag\u00f4nia em seu estado mais puro.<\/p>\n<p data-start=\"1191\" data-end=\"1424\">Al\u00e9m disso, voc\u00ea poder\u00e1 caminhar at\u00e9 o <strong data-start=\"1228\" data-end=\"1252\">Cachoeira Los C\u00e1ntaros<\/strong> seguindo trilhas marcadas no meio da floresta tropical de Vald\u00edvia. Todo o passeio \u00e9 guiado em espanhol e foi projetado para ser desfrutado sem pressa, com a fam\u00edlia ou amigos.<\/p>\n<p data-start=\"1426\" data-end=\"1629\">N\u00e3o inclui o traslado at\u00e9 o porto, mas inclui todos os servi\u00e7os de navega\u00e7\u00e3o e guia no destino. Uma op\u00e7\u00e3o econ\u00f4mica e altamente recomendada para aqueles que querem aproveitar ao m\u00e1ximo sua estadia em Bariloche.<\/p>\n<h3 data-start=\"1636\" data-end=\"1662\">Perguntas frequentes<\/h3>\n<p data-start=\"1663\" data-end=\"1789\"><strong data-start=\"1663\" data-end=\"1709\">Posso dirigir at\u00e9 Puerto Pa\u00f1uelo?<\/strong><br data-start=\"1709\" data-end=\"1712\" \/>Sim, h\u00e1 estacionamento na \u00e1rea. Tamb\u00e9m \u00e9 poss\u00edvel ir de \u00f4nibus ou t\u00e1xi.<\/p>\n<p data-start=\"1791\" data-end=\"1919\"><strong data-start=\"1791\" data-end=\"1821\">O que essa vers\u00e3o inclui?<\/strong><br data-start=\"1821\" data-end=\"1824\" \/>Duas navega\u00e7\u00f5es (Puerto Blest e Lago Frias), caminhada opcional at\u00e9 a cachoeira e guia em espanhol.<\/p>\n<p data-start=\"1921\" data-end=\"2046\"><strong data-start=\"1921\" data-end=\"1951\">Tenho que pagar mais alguma coisa?<\/strong><br data-start=\"1951\" data-end=\"1954\" \/>Sim, as taxas do Parque Nacional e de embarque s\u00e3o pagas separadamente. As refei\u00e7\u00f5es tamb\u00e9m.<\/p>\n<p data-start=\"2048\" data-end=\"2167\"><strong data-start=\"2048\" data-end=\"2097\">Isso pode ser feito com crian\u00e7as ou idosos?<\/strong><br data-start=\"2097\" data-end=\"2100\" \/>Sim, a caminhada \u00e9 segura, tranquila e adequada para todos.<\/p>","protected":false},"excerpt":{"rendered":"<p data-start=\"2406\" data-end=\"2580\">Excurs\u00e3o sem traslado de Puerto Pa\u00f1uelo. Navega\u00e7\u00e3o para Puerto Blest e Lago Frias com caminhada opcional at\u00e9 a cachoeira. Perfeito para grupos ou fam\u00edlias que viajam de carro.<\/p>","protected":false},"featured_media":1203,"comment_status":"open","ping_status":"closed","template":"","meta":[],"product_brand":[],"product_cat":[72,73,120,75,76,121,51],"product_tag":[],"class_list":{"0":"post-101","1":"product","2":"type-product","3":"status-publish","4":"has-post-thumbnail","6":"product_cat-adultos","7":"product_cat-familia","8":"product_cat-lacustre","9":"product_cat-ninos","10":"product_cat-sin-comida","11":"product_cat-sin-traslado","12":"product_cat-todo-el-ano","14":"first","15":"instock","16":"virtual","17":"sold-individually","18":"purchasable","19":"product-type-booking"},"booking_location":"","booking_location_type":"","booking_duration":60,"booking_duration_unit":"minute","booking_buffer":0,"booking_cost":0,"booking_resources":[],"exclude_global_add_ons":false,"addons":[{"name":"ADU: Adulto","type":"input_multiplier","position":0,"required":false,"title_format":"label","default":"","description_enable":false,"description":"","placeholder_enable":false,"placeholder":"","display":"select","restrictions_type":"any_text","adjust_price":true,"price":"190000","price_type":"quantity_based","restrictions":false,"min":"0","max":"0","options":[],"id":1773233364},{"name":"MEN512 | 5 a 12","type":"input_multiplier","position":1,"required":false,"title_format":"label","default":"","description_enable":false,"description":"","placeholder_enable":false,"placeholder":"","display":"select","restrictions_type":"any_text","adjust_price":true,"price":"97000","price_type":"quantity_based","restrictions":false,"min":"0","max":"0","options":[],"id":1773233365},{"name":"ADUJ : Aposentado","type":"input_multiplier","position":2,"required":false,"title_format":"label","default":"","description_enable":false,"description":"","placeholder_enable":false,"placeholder":"","display":"select","restrictions_type":"any_text","adjust_price":true,"price":"97000","price_type":"quantity_based","restrictions":false,"min":"0","max":"0","options":[],"id":1773233366}],"yoast_head":"<!-- This site is optimized with the Yoast SEO Premium plugin v26.4 (Yoast SEO v26.4) - https:\/\/yoast.com\/wordpress\/plugins\/seo\/ -->\n<title>Puerto Blest y Lago Fr\u00edas | Excursi\u00f3n sin traslado Bariloche - Turismo Bariloche<\/title>\n<meta name=\"description\" content=\"Excursi\u00f3n a Puerto Blest y Lago Fr\u00edas en Bariloche sin traslado. Paseo ideal para familias y viajeros en auto. Navegaci\u00f3n, paisajes patag\u00f3nicos y aire puro.\" \/>\n<meta name=\"robots\" content=\"index, follow, max-snippet:-1, max-image-preview:large, max-video-preview:-1\" \/>\n<link rel=\"canonical\" href=\"https:\/\/turismobariloche.ar\/pt\/product\/puerto-blest-cachoeira-los-cantaros-lago-frias-no-transfer\/\" \/>\n<meta property=\"og:locale\" content=\"pt_BR\" \/>\n<meta property=\"og:type\" content=\"article\" \/>\n<meta property=\"og:title\" content=\"Puerto Blest y Lago Fr\u00edas sin traslado \u2013 Salida desde Puerto Pa\u00f1uelo\" \/>\n<meta property=\"og:description\" content=\"Excursi\u00f3n a Puerto Blest y Lago Fr\u00edas en Bariloche sin traslado. Paseo ideal para familias y viajeros en auto. Navegaci\u00f3n, paisajes patag\u00f3nicos y aire puro.\" \/>\n<meta property=\"og:url\" content=\"https:\/\/turismobariloche.ar\/pt\/product\/puerto-blest-cachoeira-los-cantaros-lago-frias-no-transfer\/\" \/>\n<meta property=\"og:site_name\" content=\"Turismo Bariloche\" \/>\n<meta property=\"article:modified_time\" content=\"2026-04-09T12:20:21+00:00\" \/>\n<meta property=\"og:image\" content=\"https:\/\/turismobariloche.ar\/wp-content\/uploads\/2025\/04\/2-B-IMG_3247-scaled.jpg\" \/>\n\t<meta property=\"og:image:width\" content=\"1920\" \/>\n\t<meta property=\"og:image:height\" content=\"2560\" \/>\n\t<meta property=\"og:image:type\" content=\"image\/jpeg\" \/>\n<meta name=\"twitter:card\" content=\"summary_large_image\" \/>\n<meta name=\"twitter:label1\" content=\"Est. tempo de leitura\" \/>\n\t<meta name=\"twitter:data1\" content=\"2 minutos\" \/>\n<script type=\"application\/ld+json\" class=\"yoast-schema-graph\">{\"@context\":\"https:\/\/schema.org\",\"@graph\":[{\"@type\":\"WebPage\",\"@id\":\"https:\/\/turismobariloche.ar\/product\/puerto-blest-cascada-los-cantaros-lago-frias-sin-traslado\/\",\"url\":\"https:\/\/turismobariloche.ar\/product\/puerto-blest-cascada-los-cantaros-lago-frias-sin-traslado\/\",\"name\":\"Puerto Blest y Lago Fr\u00edas | Excursi\u00f3n sin traslado Bariloche - Turismo Bariloche\",\"isPartOf\":{\"@id\":\"https:\/\/turismobariloche.ar\/#website\"},\"primaryImageOfPage\":{\"@id\":\"https:\/\/turismobariloche.ar\/product\/puerto-blest-cascada-los-cantaros-lago-frias-sin-traslado\/#primaryimage\"},\"image\":{\"@id\":\"https:\/\/turismobariloche.ar\/product\/puerto-blest-cascada-los-cantaros-lago-frias-sin-traslado\/#primaryimage\"},\"thumbnailUrl\":\"https:\/\/turismobariloche.ar\/wp-content\/uploads\/2025\/04\/2-B-IMG_3247-scaled.jpg\",\"datePublished\":\"2025-04-17T20:11:48+00:00\",\"dateModified\":\"2026-04-09T12:20:21+00:00\",\"description\":\"Excursi\u00f3n a Puerto Blest y Lago Fr\u00edas en Bariloche sin traslado. Paseo ideal para familias y viajeros en auto. Navegaci\u00f3n, paisajes patag\u00f3nicos y aire puro.\",\"breadcrumb\":{\"@id\":\"https:\/\/turismobariloche.ar\/product\/puerto-blest-cascada-los-cantaros-lago-frias-sin-traslado\/#breadcrumb\"},\"inLanguage\":\"pt-BR\",\"potentialAction\":[{\"@type\":\"ReadAction\",\"target\":[\"https:\/\/turismobariloche.ar\/product\/puerto-blest-cascada-los-cantaros-lago-frias-sin-traslado\/\"]}]},{\"@type\":\"ImageObject\",\"inLanguage\":\"pt-BR\",\"@id\":\"https:\/\/turismobariloche.ar\/product\/puerto-blest-cascada-los-cantaros-lago-frias-sin-traslado\/#primaryimage\",\"url\":\"https:\/\/turismobariloche.ar\/wp-content\/uploads\/2025\/04\/2-B-IMG_3247-scaled.jpg\",\"contentUrl\":\"https:\/\/turismobariloche.ar\/wp-content\/uploads\/2025\/04\/2-B-IMG_3247-scaled.jpg\",\"width\":1920,\"height\":2560},{\"@type\":\"BreadcrumbList\",\"@id\":\"https:\/\/turismobariloche.ar\/product\/puerto-blest-cascada-los-cantaros-lago-frias-sin-traslado\/#breadcrumb\",\"itemListElement\":[{\"@type\":\"ListItem\",\"position\":1,\"name\":\"Home\",\"item\":\"https:\/\/turismobariloche.ar\/\"},{\"@type\":\"ListItem\",\"position\":2,\"name\":\"Lista de excursiones\",\"item\":\"https:\/\/turismobariloche.ar\/shop\/\"},{\"@type\":\"ListItem\",\"position\":3,\"name\":\"Puerto Blest y Lago Fr\u00edas sin traslado \u2013 Salida desde Puerto Pa\u00f1uelo\"}]},{\"@type\":\"WebSite\",\"@id\":\"https:\/\/turismobariloche.ar\/#website\",\"url\":\"https:\/\/turismobariloche.ar\/\",\"name\":\"Turismo Bariloche\",\"description\":\"Actividades recreativas en San Carlos de Bariloche\",\"publisher\":{\"@id\":\"https:\/\/turismobariloche.ar\/#organization\"},\"potentialAction\":[{\"@type\":\"SearchAction\",\"target\":{\"@type\":\"EntryPoint\",\"urlTemplate\":\"https:\/\/turismobariloche.ar\/?s={search_term_string}\"},\"query-input\":{\"@type\":\"PropertyValueSpecification\",\"valueRequired\":true,\"valueName\":\"search_term_string\"}}],\"inLanguage\":\"pt-BR\"},{\"@type\":\"Organization\",\"@id\":\"https:\/\/turismobariloche.ar\/#organization\",\"name\":\"Turismo Bariloche\",\"url\":\"https:\/\/turismobariloche.ar\/\",\"logo\":{\"@type\":\"ImageObject\",\"inLanguage\":\"pt-BR\",\"@id\":\"https:\/\/turismobariloche.ar\/#\/schema\/logo\/image\/\",\"url\":\"https:\/\/turismobariloche.ar\/wp-content\/uploads\/2025\/10\/LOGO-TURISMO-BARILOCHE-bco-SF-03-1-1.png\",\"contentUrl\":\"https:\/\/turismobariloche.ar\/wp-content\/uploads\/2025\/10\/LOGO-TURISMO-BARILOCHE-bco-SF-03-1-1.png\",\"width\":1735,\"height\":774,\"caption\":\"Turismo Bariloche\"},\"image\":{\"@id\":\"https:\/\/turismobariloche.ar\/#\/schema\/logo\/image\/\"}}]}<\/script>\n<!-- \/ Yoast SEO Premium plugin. -->","yoast_head_json":{"title":"Puerto Blest e Lago Fr\u00edas | Excurs\u00e3o sem traslado Bariloche - Turismo Bariloche","description":"Excurs\u00e3o a Puerto Blest e Lago Frias em Bariloche sem traslado. Viagem ideal para fam\u00edlias e viajantes de carro. Navega\u00e7\u00e3o, paisagens patag\u00f4nicas e ar puro.","robots":{"index":"index","follow":"follow","max-snippet":"max-snippet:-1","max-image-preview":"max-image-preview:large","max-video-preview":"max-video-preview:-1"},"canonical":"https:\/\/turismobariloche.ar\/pt\/product\/puerto-blest-cachoeira-los-cantaros-lago-frias-no-transfer\/","og_locale":"pt_BR","og_type":"article","og_title":"Puerto Blest y Lago Fr\u00edas sin traslado \u2013 Salida desde Puerto Pa\u00f1uelo","og_description":"Excursi\u00f3n a Puerto Blest y Lago Fr\u00edas en Bariloche sin traslado. Paseo ideal para familias y viajeros en auto. Navegaci\u00f3n, paisajes patag\u00f3nicos y aire puro.","og_url":"https:\/\/turismobariloche.ar\/pt\/product\/puerto-blest-cachoeira-los-cantaros-lago-frias-no-transfer\/","og_site_name":"Turismo Bariloche","article_modified_time":"2026-04-09T12:20:21+00:00","og_image":[{"width":1920,"height":2560,"url":"https:\/\/turismobariloche.ar\/wp-content\/uploads\/2025\/04\/2-B-IMG_3247-scaled.jpg","type":"image\/jpeg"}],"twitter_card":"summary_large_image","twitter_misc":{"Est. tempo de leitura":"2 minutos"},"schema":{"@context":"https:\/\/schema.org","@graph":[{"@type":"WebPage","@id":"https:\/\/turismobariloche.ar\/product\/puerto-blest-cascada-los-cantaros-lago-frias-sin-traslado\/","url":"https:\/\/turismobariloche.ar\/product\/puerto-blest-cascada-los-cantaros-lago-frias-sin-traslado\/","name":"Puerto Blest e Lago Fr\u00edas | Excurs\u00e3o sem traslado Bariloche - Turismo Bariloche","isPartOf":{"@id":"https:\/\/turismobariloche.ar\/#website"},"primaryImageOfPage":{"@id":"https:\/\/turismobariloche.ar\/product\/puerto-blest-cascada-los-cantaros-lago-frias-sin-traslado\/#primaryimage"},"image":{"@id":"https:\/\/turismobariloche.ar\/product\/puerto-blest-cascada-los-cantaros-lago-frias-sin-traslado\/#primaryimage"},"thumbnailUrl":"https:\/\/turismobariloche.ar\/wp-content\/uploads\/2025\/04\/2-B-IMG_3247-scaled.jpg","datePublished":"2025-04-17T20:11:48+00:00","dateModified":"2026-04-09T12:20:21+00:00","description":"Excurs\u00e3o a Puerto Blest e Lago Frias em Bariloche sem traslado. Viagem ideal para fam\u00edlias e viajantes de carro. Navega\u00e7\u00e3o, paisagens patag\u00f4nicas e ar puro.","breadcrumb":{"@id":"https:\/\/turismobariloche.ar\/product\/puerto-blest-cascada-los-cantaros-lago-frias-sin-traslado\/#breadcrumb"},"inLanguage":"pt-BR","potentialAction":[{"@type":"ReadAction","target":["https:\/\/turismobariloche.ar\/product\/puerto-blest-cascada-los-cantaros-lago-frias-sin-traslado\/"]}]},{"@type":"ImageObject","inLanguage":"pt-BR","@id":"https:\/\/turismobariloche.ar\/product\/puerto-blest-cascada-los-cantaros-lago-frias-sin-traslado\/#primaryimage","url":"https:\/\/turismobariloche.ar\/wp-content\/uploads\/2025\/04\/2-B-IMG_3247-scaled.jpg","contentUrl":"https:\/\/turismobariloche.ar\/wp-content\/uploads\/2025\/04\/2-B-IMG_3247-scaled.jpg","width":1920,"height":2560},{"@type":"BreadcrumbList","@id":"https:\/\/turismobariloche.ar\/product\/puerto-blest-cascada-los-cantaros-lago-frias-sin-traslado\/#breadcrumb","itemListElement":[{"@type":"ListItem","position":1,"name":"Home","item":"https:\/\/turismobariloche.ar\/"},{"@type":"ListItem","position":2,"name":"Lista de excursiones","item":"https:\/\/turismobariloche.ar\/shop\/"},{"@type":"ListItem","position":3,"name":"Puerto Blest y Lago Fr\u00edas sin traslado \u2013 Salida desde Puerto Pa\u00f1uelo"}]},{"@type":"WebSite","@id":"https:\/\/turismobariloche.ar\/#website","url":"https:\/\/turismobariloche.ar\/","name":"Turismo em Bariloche","description":"Atividades recreativas em San Carlos de Bariloche","publisher":{"@id":"https:\/\/turismobariloche.ar\/#organization"},"potentialAction":[{"@type":"SearchAction","target":{"@type":"EntryPoint","urlTemplate":"https:\/\/turismobariloche.ar\/?s={search_term_string}"},"query-input":{"@type":"PropertyValueSpecification","valueRequired":true,"valueName":"search_term_string"}}],"inLanguage":"pt-BR"},{"@type":"Organization","@id":"https:\/\/turismobariloche.ar\/#organization","name":"Turismo em Bariloche","url":"https:\/\/turismobariloche.ar\/","logo":{"@type":"ImageObject","inLanguage":"pt-BR","@id":"https:\/\/turismobariloche.ar\/#\/schema\/logo\/image\/","url":"https:\/\/turismobariloche.ar\/wp-content\/uploads\/2025\/10\/LOGO-TURISMO-BARILOCHE-bco-SF-03-1-1.png","contentUrl":"https:\/\/turismobariloche.ar\/wp-content\/uploads\/2025\/10\/LOGO-TURISMO-BARILOCHE-bco-SF-03-1-1.png","width":1735,"height":774,"caption":"Turismo Bariloche"},"image":{"@id":"https:\/\/turismobariloche.ar\/#\/schema\/logo\/image\/"}}]}},"_links":{"self":[{"href":"https:\/\/turismobariloche.ar\/pt\/wp-json\/wp\/v2\/product\/101","targetHints":{"allow":["GET"]}}],"collection":[{"href":"https:\/\/turismobariloche.ar\/pt\/wp-json\/wp\/v2\/product"}],"about":[{"href":"https:\/\/turismobariloche.ar\/pt\/wp-json\/wp\/v2\/types\/product"}],"replies":[{"embeddable":true,"href":"https:\/\/turismobariloche.ar\/pt\/wp-json\/wp\/v2\/comments?post=101"}],"wp:featuredmedia":[{"embeddable":true,"href":"https:\/\/turismobariloche.ar\/pt\/wp-json\/wp\/v2\/media\/1203"}],"wp:attachment":[{"href":"https:\/\/turismobariloche.ar\/pt\/wp-json\/wp\/v2\/media?parent=101"}],"wp:term":[{"taxonomy":"product_brand","embeddable":true,"href":"https:\/\/turismobariloche.ar\/pt\/wp-json\/wp\/v2\/product_brand?post=101"},{"taxonomy":"product_cat","embeddable":true,"href":"https:\/\/turismobariloche.ar\/pt\/wp-json\/wp\/v2\/product_cat?post=101"},{"taxonomy":"product_tag","embeddable":true,"href":"https:\/\/turismobariloche.ar\/pt\/wp-json\/wp\/v2\/product_tag?post=101"}],"curies":[{"name":"wp","href":"https:\/\/api.w.org\/{rel}","templated":true}]}}