{"id":100,"date":"2025-04-17T17:11:26","date_gmt":"2025-04-17T20:11:26","guid":{"rendered":"https:\/\/turismobariloche.ar\/?post_type=product&#038;p=100"},"modified":"2026-04-28T15:03:48","modified_gmt":"2026-04-28T18:03:48","slug":"puerto-blest-cascada-los-cantaros-sin-traslado","status":"publish","type":"product","link":"https:\/\/turismobariloche.ar\/pt\/product\/puerto-blest-waterfall-los-cantaros-no-transfer\/","title":{"rendered":"Passeio a Puerto Blest e Cachoeira Los C\u00e1ntaros sem traslado"},"content":{"rendered":"<h3 data-start=\"496\" data-end=\"559\">Uma caminhada completa, come\u00e7ando diretamente do porto<\/h3>\n<p data-start=\"560\" data-end=\"801\">Se voc\u00ea estiver em Bariloche com seu pr\u00f3prio ve\u00edculo ou se estiver hospedado na \u00e1rea de Llao Llao, essa excurs\u00e3o \u00e9 perfeita para voc\u00ea. Ela come\u00e7a diretamente em <strong data-start=\"702\" data-end=\"720\">Puerto Pa\u00f1uelo<\/strong>, no quil\u00f4metro 25 da Avenida Bustillo, sem a necessidade de transfer\u00eancias organizadas.<\/p>\n<p data-start=\"803\" data-end=\"1122\">De l\u00e1, voc\u00ea embarca em um catamar\u00e3 que navega pela <strong data-start=\"859\" data-end=\"896\">Bra\u00e7o aben\u00e7oado do Lago Nahuel Huapi<\/strong>, A rota o leva a um cen\u00e1rio espetacular de montanhas e florestas. Durante o passeio, voc\u00ea ver\u00e1 o <strong data-start=\"990\" data-end=\"1010\">Ilhota Sentinela<\/strong>, O local de descanso do Perito Moreno e desfrute de uma navega\u00e7\u00e3o tranquila, com um guia a bordo.<\/p>\n<p data-start=\"1124\" data-end=\"1517\">Ao chegar em <strong data-start=\"1136\" data-end=\"1152\">Puerto Blest<\/strong>, Voc\u00ea pode participar de uma caminhada guiada por passarelas de madeira pela floresta tropical de Vald\u00edvia at\u00e9 chegar ao <strong data-start=\"1267\" data-end=\"1291\">Cachoeira Los C\u00e1ntaros<\/strong>, O barco \u00e9 um dos mais impressionantes da regi\u00e3o. Se voc\u00ea quiser explorar mais, h\u00e1 tamb\u00e9m a possibilidade de adicionar no local uma navega\u00e7\u00e3o opcional at\u00e9 o <strong data-start=\"1454\" data-end=\"1468\">Lago Frias<\/strong>, com suas \u00e1guas verdes alimentadas por geleiras.<\/p>\n<p data-start=\"1519\" data-end=\"1811\">A excurs\u00e3o \u00e9 de um dia inteiro, com sa\u00edda pela manh\u00e3 e retorno por volta das 17h30. Inclui navega\u00e7\u00e3o e caminhadas guiadas, mas n\u00e3o inclui chegada ao porto, impostos ou refei\u00e7\u00f5es. \u00c9 uma proposta confort\u00e1vel, acess\u00edvel e flex\u00edvel para aqueles que desejam desfrutar em seu pr\u00f3prio ritmo.<\/p>\n<h3 data-start=\"1818\" data-end=\"1844\">Perguntas frequentes<\/h3>\n<p data-start=\"1845\" data-end=\"1970\"><strong data-start=\"1845\" data-end=\"1888\">Posso dirigir at\u00e9 Puerto Pa\u00f1uelo?<\/strong><br data-start=\"1888\" data-end=\"1891\" \/>Sim, h\u00e1 estacionamento no local. Tamb\u00e9m \u00e9 poss\u00edvel chegar l\u00e1 de \u00f4nibus ou t\u00e1xi.<\/p>\n<p data-start=\"1972\" data-end=\"2118\"><strong data-start=\"1972\" data-end=\"2019\">Qual \u00e9 o n\u00edvel de dificuldade da caminhada?<\/strong><br data-start=\"2019\" data-end=\"2022\" \/>\u00c9 f\u00e1cil. S\u00e3o passarelas de madeira com degraus e patamares, adequadas para crian\u00e7as e idosos.<\/p>\n<p data-start=\"2120\" data-end=\"2232\"><strong data-start=\"2120\" data-end=\"2151\">Isso pode ser feito com alimentos?<\/strong><br data-start=\"2151\" data-end=\"2154\" \/>Sim, voc\u00ea pode levar sua pr\u00f3pria comida ou compr\u00e1-la no restaurante em Puerto Blest.<\/p>\n<p data-start=\"2234\" data-end=\"2335\"><strong data-start=\"2234\" data-end=\"2274\">\u00c9 recomend\u00e1vel fazer a reserva com anteced\u00eancia?<\/strong><br data-start=\"2274\" data-end=\"2277\" \/>Sim, especialmente na alta temporada ou em finais de semana prolongados.<\/p>","protected":false},"excerpt":{"rendered":"<p data-start=\"2603\" data-end=\"2800\">Caminhada a partir de Puerto Pa\u00f1uelo sem traslado. Inclui navega\u00e7\u00e3o no Lago Nahuel Huapi e caminhada at\u00e9 a Cachoeira Los C\u00e1ntaros. Ideal para fam\u00edlias com carro ou grupos que preferem se deslocar por conta pr\u00f3pria.<\/p>","protected":false},"featured_media":3932,"comment_status":"open","ping_status":"closed","template":"","meta":[],"product_brand":[],"product_cat":[72,73,120,75,76,51],"product_tag":[],"class_list":{"0":"post-100","1":"product","2":"type-product","3":"status-publish","4":"has-post-thumbnail","6":"product_cat-adultos","7":"product_cat-familia","8":"product_cat-lacustre","9":"product_cat-ninos","10":"product_cat-sin-comida","11":"product_cat-todo-el-ano","13":"first","14":"instock","15":"virtual","16":"purchasable","17":"product-type-simple"},"_links":{"self":[{"href":"https:\/\/turismobariloche.ar\/pt\/wp-json\/wp\/v2\/product\/100","targetHints":{"allow":["GET"]}}],"collection":[{"href":"https:\/\/turismobariloche.ar\/pt\/wp-json\/wp\/v2\/product"}],"about":[{"href":"https:\/\/turismobariloche.ar\/pt\/wp-json\/wp\/v2\/types\/product"}],"replies":[{"embeddable":true,"href":"https:\/\/turismobariloche.ar\/pt\/wp-json\/wp\/v2\/comments?post=100"}],"wp:featuredmedia":[{"embeddable":true,"href":"https:\/\/turismobariloche.ar\/pt\/wp-json\/wp\/v2\/media\/3932"}],"wp:attachment":[{"href":"https:\/\/turismobariloche.ar\/pt\/wp-json\/wp\/v2\/media?parent=100"}],"wp:term":[{"taxonomy":"product_brand","embeddable":true,"href":"https:\/\/turismobariloche.ar\/pt\/wp-json\/wp\/v2\/product_brand?post=100"},{"taxonomy":"product_cat","embeddable":true,"href":"https:\/\/turismobariloche.ar\/pt\/wp-json\/wp\/v2\/product_cat?post=100"},{"taxonomy":"product_tag","embeddable":true,"href":"https:\/\/turismobariloche.ar\/pt\/wp-json\/wp\/v2\/product_tag?post=100"}],"curies":[{"name":"wp","href":"https:\/\/api.w.org\/{rel}","templated":true}]}}