{"id":90,"date":"2025-04-17T17:08:42","date_gmt":"2025-04-17T20:08:42","guid":{"rendered":"https:\/\/turismobariloche.ar\/?post_type=product&#038;p=90"},"modified":"2026-04-10T10:58:46","modified_gmt":"2026-04-10T13:58:46","slug":"de-bariloche-a-la-frontera-con-chile-aventura-al-limite-de-rafting","status":"publish","type":"product","link":"https:\/\/turismobariloche.ar\/en\/product\/from-bariloche-to-the-chilean-border-adventure-to-the-rafting-limit\/","title":{"rendered":"From Bariloche to the Chilean Border - Aventura Al L\u00edmite Rafting Adventure"},"content":{"rendered":"<h2>Experience a Unique Adventure on the Rafting to the Frontier<\/h2>\n<p>Immerse yourself in the vibrant experience of the <strong>rafting<\/strong> in the majestic setting of the <strong>Manso River<\/strong>, where each descent is an invitation to feel the emotion and nature in its purest state. This activity, rated between grades 3 and 4 of difficulty, combines action and safety to give you an unforgettable day in direct contact with landscapes that intimate the greatness of the border with Chile.<\/p>\n<h3>Itinerary<\/h3>\n<ul>\n<li><strong>Meeting Point:<\/strong> Meeting at 8:00 a.m. in downtown San Carlos de Bariloche, a few steps from the civic center.<\/li>\n<li><strong>Complete equipment:<\/strong> All the necessary equipment is provided: neoprene wetsuit, helmet and life jacket, guaranteeing maximum safety.<\/li>\n<li><strong>Adrenalizing tour:<\/strong> Navigate 11 km of rapids, where class III and IV sections will make you live an experience full of adrenaline and scenic beauty for approximately 2 hours.<\/li>\n<li><strong>Gastronomic Option:<\/strong> End the day with lunch alternatives, either a barbecue or fresh salads (options available for an additional cost).<\/li>\n<li><strong>Professional Advisory Services:<\/strong> A team of experts in kayaking and rafting accompanies you, supervising every moment of the activity so that you can enjoy in complete safety.<\/li>\n<\/ul>\n<h3>Practical Recommendations<\/h3>\n<ul>\n<li><strong>What to bring:<\/strong> Remember to bring a towel and a change of clothes for after the tour.<\/li>\n<li><strong>Minimum age:<\/strong> The experience is suitable for people over 14 years old.<\/li>\n<\/ul>\n<h3>Additional Information<\/h3>\n<p>The activity extends from 8:00 am to 6:00 pm, offering a full day of adventure. This tour is ideal for those who wish to immerse themselves in an exclusive and vibrant experience, where comfort, nature and adrenaline intertwine at every moment.<\/p>\n<h3>Frequently Asked Questions (FAQ's)<\/h3>\n<ul>\n<li>\n<h4>How can I get there if I choose not to use the included transportation?<\/h4>\n<p>It is possible to arrive on your own. You can find us at the Villegas Base, located on Route 83, Km 1, in San Carlos de Bariloche, R\u00edo Negro. <a class=\"theme markdown__link\" href=\"https:\/\/maps.app.goo.gl\/NqbsUN6VB5Fnt7hVA\" target=\"_blank\" rel=\"noopener noreferrer\">https:\/\/maps.app.goo.gl\/NqbsUN6VB5Fnt7hVA<\/a> this is the link to the location of the parador.<\/li>\n<li>\n<h4>Can I bring a non-rafting companion?<\/h4>\n<p>Yes, companions can enjoy the scenery and the tour experience by paying 50% of the tour cost and accompanying you on the journey.<\/li>\n<\/ul>\n<p><strong>Important Notice<\/strong>This tour is currently available and has departures until April 30, according to the operating calendar.<\/p>","protected":false},"excerpt":{"rendered":"<p>Enjoy an exciting tour of <strong>rafting to the limit<\/strong> in the <strong>Manso River<\/strong> while you explore unique landscapes on the border with Chile. You will have professional equipment to live an experience full of adrenaline and safety.<\/p>","protected":false},"featured_media":1319,"comment_status":"open","ping_status":"closed","template":"","meta":[],"product_brand":[],"product_cat":[72,118,79,73,67,68,76,69],"product_tag":[],"class_list":{"0":"post-90","1":"product","2":"type-product","3":"status-publish","4":"has-post-thumbnail","6":"product_cat-adultos","7":"product_cat-aventura-tipo-2","8":"product_cat-con-traslado","9":"product_cat-familia","10":"product_cat-otono","11":"product_cat-primavera","12":"product_cat-sin-comida","13":"product_cat-verano","15":"first","16":"instock","17":"virtual","18":"sold-individually","19":"purchasable","20":"product-type-booking"},"booking_location":"","booking_location_type":"","booking_duration":1,"booking_duration_unit":"hour","booking_buffer":0,"booking_cost":0,"booking_resources":[],"exclude_global_add_ons":false,"addons":[{"name":"ADU | Adult","type":"input_multiplier","position":0,"required":false,"title_format":"label","default":"","description_enable":false,"description":"","placeholder_enable":false,"placeholder":"","display":"select","restrictions_type":"any_text","adjust_price":true,"price":"155400","price_type":"quantity_based","restrictions":false,"min":"0","max":"0","options":[],"id":1773236614},{"name":"EXTRA | Companion","type":"input_multiplier","position":1,"required":false,"title_format":"label","default":"","description_enable":false,"description":"","placeholder_enable":false,"placeholder":"","display":"select","restrictions_type":"any_text","adjust_price":true,"price":"77700","price_type":"quantity_based","restrictions":false,"min":"0","max":"0","options":[],"id":1773236615},{"name":"MEN1418 | from 14 to 18","type":"input_multiplier","position":2,"required":false,"title_format":"label","default":"","description_enable":false,"description":"","placeholder_enable":false,"placeholder":"","display":"select","restrictions_type":"any_text","adjust_price":true,"price":"155400","price_type":"quantity_based","restrictions":false,"min":"0","max":"0","options":[],"id":1773236616}],"yoast_head":"<!-- This site is optimized with the Yoast SEO Premium plugin v26.4 (Yoast SEO v26.4) - https:\/\/yoast.com\/wordpress\/plugins\/seo\/ -->\n<title>Rafting en Bariloche | Aventura hasta la frontera con Chile - Turismo Bariloche<\/title>\n<meta name=\"description\" content=\"Viv\u00ed la experiencia de rafting en Bariloche hasta la frontera con Chile. R\u00e1pidos grado III y IV, gu\u00edas expertos y pura adrenalina en la Patagonia.\" \/>\n<meta name=\"robots\" content=\"index, follow, max-snippet:-1, max-image-preview:large, max-video-preview:-1\" \/>\n<link rel=\"canonical\" href=\"https:\/\/turismobariloche.ar\/en\/product\/from-bariloche-to-the-chilean-border-adventure-to-the-rafting-limit\/\" \/>\n<meta property=\"og:locale\" content=\"en_US\" \/>\n<meta property=\"og:type\" content=\"article\" \/>\n<meta property=\"og:title\" content=\"De Bariloche a la Frontera con Chile \u2013 Aventura Al L\u00edmite de Rafting\" \/>\n<meta property=\"og:description\" content=\"Viv\u00ed la experiencia de rafting en Bariloche hasta la frontera con Chile. R\u00e1pidos grado III y IV, gu\u00edas expertos y pura adrenalina en la Patagonia.\" \/>\n<meta property=\"og:url\" content=\"https:\/\/turismobariloche.ar\/en\/product\/from-bariloche-to-the-chilean-border-adventure-to-the-rafting-limit\/\" \/>\n<meta property=\"og:site_name\" content=\"Turismo Bariloche\" \/>\n<meta property=\"article:modified_time\" content=\"2026-04-10T13:58:46+00:00\" \/>\n<meta property=\"og:image\" content=\"https:\/\/turismobariloche.ar\/wp-content\/uploads\/2025\/04\/2-A-el-rafting-es-un-deporte-Pica-scaled.jpg\" \/>\n\t<meta property=\"og:image:width\" content=\"1920\" \/>\n\t<meta property=\"og:image:height\" content=\"2560\" \/>\n\t<meta property=\"og:image:type\" content=\"image\/jpeg\" \/>\n<meta name=\"twitter:card\" content=\"summary_large_image\" \/>\n<meta name=\"twitter:label1\" content=\"Est. reading time\" \/>\n\t<meta name=\"twitter:data1\" content=\"2 minutes\" \/>\n<script type=\"application\/ld+json\" class=\"yoast-schema-graph\">{\"@context\":\"https:\/\/schema.org\",\"@graph\":[{\"@type\":\"WebPage\",\"@id\":\"https:\/\/turismobariloche.ar\/product\/de-bariloche-a-la-frontera-con-chile-aventura-al-limite-de-rafting\/\",\"url\":\"https:\/\/turismobariloche.ar\/product\/de-bariloche-a-la-frontera-con-chile-aventura-al-limite-de-rafting\/\",\"name\":\"Rafting en Bariloche | Aventura hasta la frontera con Chile - Turismo Bariloche\",\"isPartOf\":{\"@id\":\"https:\/\/turismobariloche.ar\/#website\"},\"primaryImageOfPage\":{\"@id\":\"https:\/\/turismobariloche.ar\/product\/de-bariloche-a-la-frontera-con-chile-aventura-al-limite-de-rafting\/#primaryimage\"},\"image\":{\"@id\":\"https:\/\/turismobariloche.ar\/product\/de-bariloche-a-la-frontera-con-chile-aventura-al-limite-de-rafting\/#primaryimage\"},\"thumbnailUrl\":\"https:\/\/turismobariloche.ar\/wp-content\/uploads\/2025\/04\/2-A-el-rafting-es-un-deporte-Pica-scaled.jpg\",\"datePublished\":\"2025-04-17T20:08:42+00:00\",\"dateModified\":\"2026-04-10T13:58:46+00:00\",\"description\":\"Viv\u00ed la experiencia de rafting en Bariloche hasta la frontera con Chile. R\u00e1pidos grado III y IV, gu\u00edas expertos y pura adrenalina en la Patagonia.\",\"breadcrumb\":{\"@id\":\"https:\/\/turismobariloche.ar\/product\/de-bariloche-a-la-frontera-con-chile-aventura-al-limite-de-rafting\/#breadcrumb\"},\"inLanguage\":\"en-US\",\"potentialAction\":[{\"@type\":\"ReadAction\",\"target\":[\"https:\/\/turismobariloche.ar\/product\/de-bariloche-a-la-frontera-con-chile-aventura-al-limite-de-rafting\/\"]}]},{\"@type\":\"ImageObject\",\"inLanguage\":\"en-US\",\"@id\":\"https:\/\/turismobariloche.ar\/product\/de-bariloche-a-la-frontera-con-chile-aventura-al-limite-de-rafting\/#primaryimage\",\"url\":\"https:\/\/turismobariloche.ar\/wp-content\/uploads\/2025\/04\/2-A-el-rafting-es-un-deporte-Pica-scaled.jpg\",\"contentUrl\":\"https:\/\/turismobariloche.ar\/wp-content\/uploads\/2025\/04\/2-A-el-rafting-es-un-deporte-Pica-scaled.jpg\",\"width\":1920,\"height\":2560},{\"@type\":\"BreadcrumbList\",\"@id\":\"https:\/\/turismobariloche.ar\/product\/de-bariloche-a-la-frontera-con-chile-aventura-al-limite-de-rafting\/#breadcrumb\",\"itemListElement\":[{\"@type\":\"ListItem\",\"position\":1,\"name\":\"Home\",\"item\":\"https:\/\/turismobariloche.ar\/\"},{\"@type\":\"ListItem\",\"position\":2,\"name\":\"Lista de excursiones\",\"item\":\"https:\/\/turismobariloche.ar\/shop\/\"},{\"@type\":\"ListItem\",\"position\":3,\"name\":\"De Bariloche a la Frontera con Chile \u2013 Aventura Al L\u00edmite de Rafting\"}]},{\"@type\":\"WebSite\",\"@id\":\"https:\/\/turismobariloche.ar\/#website\",\"url\":\"https:\/\/turismobariloche.ar\/\",\"name\":\"Turismo Bariloche\",\"description\":\"Actividades recreativas en San Carlos de Bariloche\",\"publisher\":{\"@id\":\"https:\/\/turismobariloche.ar\/#organization\"},\"potentialAction\":[{\"@type\":\"SearchAction\",\"target\":{\"@type\":\"EntryPoint\",\"urlTemplate\":\"https:\/\/turismobariloche.ar\/?s={search_term_string}\"},\"query-input\":{\"@type\":\"PropertyValueSpecification\",\"valueRequired\":true,\"valueName\":\"search_term_string\"}}],\"inLanguage\":\"en-US\"},{\"@type\":\"Organization\",\"@id\":\"https:\/\/turismobariloche.ar\/#organization\",\"name\":\"Turismo Bariloche\",\"url\":\"https:\/\/turismobariloche.ar\/\",\"logo\":{\"@type\":\"ImageObject\",\"inLanguage\":\"en-US\",\"@id\":\"https:\/\/turismobariloche.ar\/#\/schema\/logo\/image\/\",\"url\":\"https:\/\/turismobariloche.ar\/wp-content\/uploads\/2025\/10\/LOGO-TURISMO-BARILOCHE-bco-SF-03-1-1.png\",\"contentUrl\":\"https:\/\/turismobariloche.ar\/wp-content\/uploads\/2025\/10\/LOGO-TURISMO-BARILOCHE-bco-SF-03-1-1.png\",\"width\":1735,\"height\":774,\"caption\":\"Turismo Bariloche\"},\"image\":{\"@id\":\"https:\/\/turismobariloche.ar\/#\/schema\/logo\/image\/\"}}]}<\/script>\n<!-- \/ Yoast SEO Premium plugin. -->","yoast_head_json":{"title":"Rafting in Bariloche | Adventure to the Chilean border - Turismo Bariloche","description":"Live the experience of rafting in Bariloche to the border with Chile. Grade III and IV rapids, expert guides and pure adrenaline in Patagonia.","robots":{"index":"index","follow":"follow","max-snippet":"max-snippet:-1","max-image-preview":"max-image-preview:large","max-video-preview":"max-video-preview:-1"},"canonical":"https:\/\/turismobariloche.ar\/en\/product\/from-bariloche-to-the-chilean-border-adventure-to-the-rafting-limit\/","og_locale":"en_US","og_type":"article","og_title":"De Bariloche a la Frontera con Chile \u2013 Aventura Al L\u00edmite de Rafting","og_description":"Viv\u00ed la experiencia de rafting en Bariloche hasta la frontera con Chile. R\u00e1pidos grado III y IV, gu\u00edas expertos y pura adrenalina en la Patagonia.","og_url":"https:\/\/turismobariloche.ar\/en\/product\/from-bariloche-to-the-chilean-border-adventure-to-the-rafting-limit\/","og_site_name":"Turismo Bariloche","article_modified_time":"2026-04-10T13:58:46+00:00","og_image":[{"width":1920,"height":2560,"url":"https:\/\/turismobariloche.ar\/wp-content\/uploads\/2025\/04\/2-A-el-rafting-es-un-deporte-Pica-scaled.jpg","type":"image\/jpeg"}],"twitter_card":"summary_large_image","twitter_misc":{"Est. reading time":"2 minutes"},"schema":{"@context":"https:\/\/schema.org","@graph":[{"@type":"WebPage","@id":"https:\/\/turismobariloche.ar\/product\/de-bariloche-a-la-frontera-con-chile-aventura-al-limite-de-rafting\/","url":"https:\/\/turismobariloche.ar\/product\/de-bariloche-a-la-frontera-con-chile-aventura-al-limite-de-rafting\/","name":"Rafting in Bariloche | Adventure to the Chilean border - Turismo Bariloche","isPartOf":{"@id":"https:\/\/turismobariloche.ar\/#website"},"primaryImageOfPage":{"@id":"https:\/\/turismobariloche.ar\/product\/de-bariloche-a-la-frontera-con-chile-aventura-al-limite-de-rafting\/#primaryimage"},"image":{"@id":"https:\/\/turismobariloche.ar\/product\/de-bariloche-a-la-frontera-con-chile-aventura-al-limite-de-rafting\/#primaryimage"},"thumbnailUrl":"https:\/\/turismobariloche.ar\/wp-content\/uploads\/2025\/04\/2-A-el-rafting-es-un-deporte-Pica-scaled.jpg","datePublished":"2025-04-17T20:08:42+00:00","dateModified":"2026-04-10T13:58:46+00:00","description":"Live the experience of rafting in Bariloche to the border with Chile. Grade III and IV rapids, expert guides and pure adrenaline in Patagonia.","breadcrumb":{"@id":"https:\/\/turismobariloche.ar\/product\/de-bariloche-a-la-frontera-con-chile-aventura-al-limite-de-rafting\/#breadcrumb"},"inLanguage":"en-US","potentialAction":[{"@type":"ReadAction","target":["https:\/\/turismobariloche.ar\/product\/de-bariloche-a-la-frontera-con-chile-aventura-al-limite-de-rafting\/"]}]},{"@type":"ImageObject","inLanguage":"en-US","@id":"https:\/\/turismobariloche.ar\/product\/de-bariloche-a-la-frontera-con-chile-aventura-al-limite-de-rafting\/#primaryimage","url":"https:\/\/turismobariloche.ar\/wp-content\/uploads\/2025\/04\/2-A-el-rafting-es-un-deporte-Pica-scaled.jpg","contentUrl":"https:\/\/turismobariloche.ar\/wp-content\/uploads\/2025\/04\/2-A-el-rafting-es-un-deporte-Pica-scaled.jpg","width":1920,"height":2560},{"@type":"BreadcrumbList","@id":"https:\/\/turismobariloche.ar\/product\/de-bariloche-a-la-frontera-con-chile-aventura-al-limite-de-rafting\/#breadcrumb","itemListElement":[{"@type":"ListItem","position":1,"name":"Home","item":"https:\/\/turismobariloche.ar\/"},{"@type":"ListItem","position":2,"name":"Lista de excursiones","item":"https:\/\/turismobariloche.ar\/shop\/"},{"@type":"ListItem","position":3,"name":"De Bariloche a la Frontera con Chile \u2013 Aventura Al L\u00edmite de Rafting"}]},{"@type":"WebSite","@id":"https:\/\/turismobariloche.ar\/#website","url":"https:\/\/turismobariloche.ar\/","name":"Bariloche Tourism","description":"Recreational activities in San Carlos de Bariloche","publisher":{"@id":"https:\/\/turismobariloche.ar\/#organization"},"potentialAction":[{"@type":"SearchAction","target":{"@type":"EntryPoint","urlTemplate":"https:\/\/turismobariloche.ar\/?s={search_term_string}"},"query-input":{"@type":"PropertyValueSpecification","valueRequired":true,"valueName":"search_term_string"}}],"inLanguage":"en-US"},{"@type":"Organization","@id":"https:\/\/turismobariloche.ar\/#organization","name":"Bariloche Tourism","url":"https:\/\/turismobariloche.ar\/","logo":{"@type":"ImageObject","inLanguage":"en-US","@id":"https:\/\/turismobariloche.ar\/#\/schema\/logo\/image\/","url":"https:\/\/turismobariloche.ar\/wp-content\/uploads\/2025\/10\/LOGO-TURISMO-BARILOCHE-bco-SF-03-1-1.png","contentUrl":"https:\/\/turismobariloche.ar\/wp-content\/uploads\/2025\/10\/LOGO-TURISMO-BARILOCHE-bco-SF-03-1-1.png","width":1735,"height":774,"caption":"Turismo Bariloche"},"image":{"@id":"https:\/\/turismobariloche.ar\/#\/schema\/logo\/image\/"}}]}},"_links":{"self":[{"href":"https:\/\/turismobariloche.ar\/en\/wp-json\/wp\/v2\/product\/90","targetHints":{"allow":["GET"]}}],"collection":[{"href":"https:\/\/turismobariloche.ar\/en\/wp-json\/wp\/v2\/product"}],"about":[{"href":"https:\/\/turismobariloche.ar\/en\/wp-json\/wp\/v2\/types\/product"}],"replies":[{"embeddable":true,"href":"https:\/\/turismobariloche.ar\/en\/wp-json\/wp\/v2\/comments?post=90"}],"wp:featuredmedia":[{"embeddable":true,"href":"https:\/\/turismobariloche.ar\/en\/wp-json\/wp\/v2\/media\/1319"}],"wp:attachment":[{"href":"https:\/\/turismobariloche.ar\/en\/wp-json\/wp\/v2\/media?parent=90"}],"wp:term":[{"taxonomy":"product_brand","embeddable":true,"href":"https:\/\/turismobariloche.ar\/en\/wp-json\/wp\/v2\/product_brand?post=90"},{"taxonomy":"product_cat","embeddable":true,"href":"https:\/\/turismobariloche.ar\/en\/wp-json\/wp\/v2\/product_cat?post=90"},{"taxonomy":"product_tag","embeddable":true,"href":"https:\/\/turismobariloche.ar\/en\/wp-json\/wp\/v2\/product_tag?post=90"}],"curies":[{"name":"wp","href":"https:\/\/api.w.org\/{rel}","templated":true}]}}