{"id":88,"date":"2025-04-17T17:08:16","date_gmt":"2025-04-17T20:08:16","guid":{"rendered":"https:\/\/turismobariloche.ar\/?post_type=product&#038;p=88"},"modified":"2026-04-10T10:59:39","modified_gmt":"2026-04-10T13:59:39","slug":"rafting-tranquilo-en-el-rio-manso","status":"publish","type":"product","link":"https:\/\/turismobariloche.ar\/en\/product\/rafting-light-manso-river-with-transfer\/","title":{"rendered":"Quiet Rafting on the Manso River"},"content":{"rendered":"<h2>A Family Nature Walk<\/h2>\n<h4 data-start=\"313\" data-end=\"350\">Reasons to enjoy it<\/h4>\n<ul data-start=\"351\" data-end=\"561\">\n<li data-start=\"351\" data-end=\"406\">\n<p data-start=\"353\" data-end=\"406\">Safe and fun activity for adults and children.<\/p>\n<\/li>\n<li data-start=\"407\" data-end=\"472\">\n<p data-start=\"409\" data-end=\"472\">Navigation in calm waters, surrounded by Patagonian landscapes.<\/p>\n<\/li>\n<li data-start=\"473\" data-end=\"561\">\n<p data-start=\"475\" data-end=\"561\">Ideal for groups, contingents and families looking to share a special moment.<\/p>\n<\/li>\n<\/ul>\n<p data-start=\"563\" data-end=\"900\"><strong data-start=\"4433\" data-end=\"4453\">Your day on the river<\/strong><br data-start=\"4453\" data-end=\"4456\" \/>If you are looking for an activity to enjoy with the whole family, rafting on the Manso River is the perfect option. With a 6-kilometer trip on grade I and II soft waters, this excursion allows everyone -from children to grandparents- to experience the thrill of being on the river while still feeling safe.<\/p>\n<p data-start=\"902\" data-end=\"1224\">The day starts at the meeting point, where our guides will welcome you with full equipment and a simple explanation to make the navigation comfortable and safe. For an hour and a half, you will paddle in an environment of forests, mountains and crystal clear water, with time to chat, take pictures and enjoy together.<\/p>\n<p data-start=\"1226\" data-end=\"1377\">At the end of the tour, the parador awaits you to rest, share something delicious and relive the experience with your group before returning to the city.<\/p>\n<p data-start=\"1379\" data-end=\"1405\"><strong data-start=\"1379\" data-end=\"1403\">Practical information<\/strong><\/p>\n<ul data-start=\"1406\" data-end=\"1728\">\n<li data-start=\"1406\" data-end=\"1435\">\n<p data-start=\"1408\" data-end=\"1435\">Schedule: Starting at 8:30 am.<\/p>\n<\/li>\n<li data-start=\"1436\" data-end=\"1492\">\n<p data-start=\"1438\" data-end=\"1492\">Duration: Half day (1h 30min navigation approx.).<\/p>\n<\/li>\n<li data-start=\"1493\" data-end=\"1580\">\n<p data-start=\"1495\" data-end=\"1580\">Meeting point: Downtown Bariloche or place to be arranged (transfers optional).<\/p>\n<\/li>\n<li data-start=\"1581\" data-end=\"1675\">\n<p data-start=\"1583\" data-end=\"1675\">Includes: Certified guides, complete equipment, activity insurance. Transportation.<\/p>\n<\/li>\n<li data-start=\"1676\" data-end=\"1728\">\n<p data-start=\"1678\" data-end=\"1728\">Not included: Meals, beverages, personal expenses.<\/p>\n<\/li>\n<\/ul>\n<p data-start=\"1730\" data-end=\"1756\"><strong data-start=\"1730\" data-end=\"1754\">Frequently Asked Questions<\/strong><\/p>\n<ul data-start=\"1757\" data-end=\"2013\">\n<li data-start=\"1757\" data-end=\"1810\">\n<p data-start=\"1759\" data-end=\"1810\">Is it safe for children? Yes, suitable from 5 years old.<\/p>\n<\/li>\n<li data-start=\"1811\" data-end=\"1868\">\n<p data-start=\"1813\" data-end=\"1868\">Do I need previous experience? No, it is suitable for everyone.<\/p>\n<\/li>\n<li data-start=\"1869\" data-end=\"1937\">\n<p data-start=\"1871\" data-end=\"1937\">What should I bring? Towel, dry clothes and shoes that can get wet.<\/p>\n<\/li>\n<li data-start=\"1938\" data-end=\"2013\">\n<p data-start=\"1940\" data-end=\"2013\">Is it suspended due to bad weather? Only in exceptional cases; it is rescheduled.<\/p>\n<\/li>\n<li data-start=\"1938\" data-end=\"2013\">Where is it? The rafting excursion takes place at our rafting stop, located at the Villegas Base, Route 83 Km 1. <a class=\"theme markdown__link\" href=\"https:\/\/maps.app.goo.gl\/NqbsUN6VB5Fnt7hVA\" target=\"_blank\" rel=\"noopener noreferrer\">https:\/\/maps.app.goo.gl\/NqbsUN6VB5Fnt7hVA<\/a> this is the link to the location of the parador.<\/li>\n<\/ul>\n<p><strong>Important Notice<\/strong>This tour is currently available and has departures until April 30, according to the operating calendar.<\/p>","protected":false},"excerpt":{"rendered":"<p>Experience an exceptional crossing of the Manso River with our light rafting. A safe experience, ideal for families and beginners, combining adventure, comfort and the beauty of Argentine nature.<\/p>","protected":false},"featured_media":1324,"comment_status":"open","ping_status":"closed","template":"","meta":[],"product_brand":[],"product_cat":[72,118,79,73,75,67,68,76,69],"product_tag":[],"class_list":{"0":"post-88","1":"product","2":"type-product","3":"status-publish","4":"has-post-thumbnail","6":"product_cat-adultos","7":"product_cat-aventura-tipo-2","8":"product_cat-con-traslado","9":"product_cat-familia","10":"product_cat-ninos","11":"product_cat-otono","12":"product_cat-primavera","13":"product_cat-sin-comida","14":"product_cat-verano","16":"first","17":"instock","18":"virtual","19":"sold-individually","20":"purchasable","21":"product-type-booking"},"booking_location":"","booking_location_type":"","booking_duration":1,"booking_duration_unit":"hour","booking_buffer":0,"booking_cost":0,"booking_resources":[],"exclude_global_add_ons":false,"addons":[{"name":"ADU | Adult","type":"input_multiplier","position":0,"required":false,"title_format":"label","default":"","description_enable":false,"description":"","placeholder_enable":false,"placeholder":"","display":"select","restrictions_type":"any_text","adjust_price":true,"price":"90000","price_type":"quantity_based","restrictions":false,"min":"0","max":"0","options":[],"id":1773236862},{"name":"EXTRA | Companion","type":"input_multiplier","position":1,"required":false,"title_format":"label","default":"","description_enable":false,"description":"","placeholder_enable":false,"placeholder":"","display":"select","restrictions_type":"any_text","adjust_price":true,"price":"45000","price_type":"quantity_based","restrictions":false,"min":"0","max":"0","options":[],"id":1773236863},{"name":"MEN512 | from 5 to 12","type":"input_multiplier","position":2,"required":false,"title_format":"label","default":"","description_enable":false,"description":"","placeholder_enable":false,"placeholder":"","display":"select","restrictions_type":"any_text","adjust_price":true,"price":"90000","price_type":"quantity_based","restrictions":false,"min":"0","max":"0","options":[],"id":1773236864}],"yoast_head":"<!-- This site is optimized with the Yoast SEO Premium plugin v26.4 (Yoast SEO v26.4) - https:\/\/yoast.com\/wordpress\/plugins\/seo\/ -->\n<title>Rafting Tranquilo en el R\u00edo Manso - Turismo Bariloche<\/title>\n<meta name=\"description\" content=\"Rafting en el R\u00edo Manso, ideal para familias y grupos. Aguas tranquilas, gu\u00edas profesionales y paisajes \u00fanicos de la Patagonia.\" \/>\n<meta name=\"robots\" content=\"index, follow, max-snippet:-1, max-image-preview:large, max-video-preview:-1\" \/>\n<link rel=\"canonical\" href=\"https:\/\/turismobariloche.ar\/en\/product\/rafting-light-manso-river-with-transfer\/\" \/>\n<meta property=\"og:locale\" content=\"en_US\" \/>\n<meta property=\"og:type\" content=\"article\" \/>\n<meta property=\"og:title\" content=\"Rafting Tranquilo en el R\u00edo Manso\" \/>\n<meta property=\"og:description\" content=\"Rafting en el R\u00edo Manso, ideal para familias y grupos. Aguas tranquilas, gu\u00edas profesionales y paisajes \u00fanicos de la Patagonia.\" \/>\n<meta property=\"og:url\" content=\"https:\/\/turismobariloche.ar\/en\/product\/rafting-light-manso-river-with-transfer\/\" \/>\n<meta property=\"og:site_name\" content=\"Turismo Bariloche\" \/>\n<meta property=\"article:modified_time\" content=\"2026-04-10T13:59:39+00:00\" \/>\n<meta property=\"og:image\" content=\"https:\/\/turismobariloche.ar\/wp-content\/uploads\/2025\/04\/2-B-rafting-1-scaled.jpg\" \/>\n\t<meta property=\"og:image:width\" content=\"1920\" \/>\n\t<meta property=\"og:image:height\" content=\"2560\" \/>\n\t<meta property=\"og:image:type\" content=\"image\/jpeg\" \/>\n<meta name=\"twitter:card\" content=\"summary_large_image\" \/>\n<meta name=\"twitter:label1\" content=\"Est. reading time\" \/>\n\t<meta name=\"twitter:data1\" content=\"2 minutes\" \/>\n<script type=\"application\/ld+json\" class=\"yoast-schema-graph\">{\"@context\":\"https:\/\/schema.org\",\"@graph\":[{\"@type\":\"WebPage\",\"@id\":\"https:\/\/turismobariloche.ar\/product\/rafting-tranquilo-en-el-rio-manso\/\",\"url\":\"https:\/\/turismobariloche.ar\/product\/rafting-tranquilo-en-el-rio-manso\/\",\"name\":\"Rafting Tranquilo en el R\u00edo Manso - Turismo Bariloche\",\"isPartOf\":{\"@id\":\"https:\/\/turismobariloche.ar\/#website\"},\"primaryImageOfPage\":{\"@id\":\"https:\/\/turismobariloche.ar\/product\/rafting-tranquilo-en-el-rio-manso\/#primaryimage\"},\"image\":{\"@id\":\"https:\/\/turismobariloche.ar\/product\/rafting-tranquilo-en-el-rio-manso\/#primaryimage\"},\"thumbnailUrl\":\"https:\/\/turismobariloche.ar\/wp-content\/uploads\/2025\/04\/2-B-rafting-1-scaled.jpg\",\"datePublished\":\"2025-04-17T20:08:16+00:00\",\"dateModified\":\"2026-04-10T13:59:39+00:00\",\"description\":\"Rafting en el R\u00edo Manso, ideal para familias y grupos. Aguas tranquilas, gu\u00edas profesionales y paisajes \u00fanicos de la Patagonia.\",\"breadcrumb\":{\"@id\":\"https:\/\/turismobariloche.ar\/product\/rafting-tranquilo-en-el-rio-manso\/#breadcrumb\"},\"inLanguage\":\"en-US\",\"potentialAction\":[{\"@type\":\"ReadAction\",\"target\":[\"https:\/\/turismobariloche.ar\/product\/rafting-tranquilo-en-el-rio-manso\/\"]}]},{\"@type\":\"ImageObject\",\"inLanguage\":\"en-US\",\"@id\":\"https:\/\/turismobariloche.ar\/product\/rafting-tranquilo-en-el-rio-manso\/#primaryimage\",\"url\":\"https:\/\/turismobariloche.ar\/wp-content\/uploads\/2025\/04\/2-B-rafting-1-scaled.jpg\",\"contentUrl\":\"https:\/\/turismobariloche.ar\/wp-content\/uploads\/2025\/04\/2-B-rafting-1-scaled.jpg\",\"width\":1920,\"height\":2560},{\"@type\":\"BreadcrumbList\",\"@id\":\"https:\/\/turismobariloche.ar\/product\/rafting-tranquilo-en-el-rio-manso\/#breadcrumb\",\"itemListElement\":[{\"@type\":\"ListItem\",\"position\":1,\"name\":\"Home\",\"item\":\"https:\/\/turismobariloche.ar\/\"},{\"@type\":\"ListItem\",\"position\":2,\"name\":\"Lista de excursiones\",\"item\":\"https:\/\/turismobariloche.ar\/shop\/\"},{\"@type\":\"ListItem\",\"position\":3,\"name\":\"Rafting Tranquilo en el R\u00edo Manso\"}]},{\"@type\":\"WebSite\",\"@id\":\"https:\/\/turismobariloche.ar\/#website\",\"url\":\"https:\/\/turismobariloche.ar\/\",\"name\":\"Turismo Bariloche\",\"description\":\"Actividades recreativas en San Carlos de Bariloche\",\"publisher\":{\"@id\":\"https:\/\/turismobariloche.ar\/#organization\"},\"potentialAction\":[{\"@type\":\"SearchAction\",\"target\":{\"@type\":\"EntryPoint\",\"urlTemplate\":\"https:\/\/turismobariloche.ar\/?s={search_term_string}\"},\"query-input\":{\"@type\":\"PropertyValueSpecification\",\"valueRequired\":true,\"valueName\":\"search_term_string\"}}],\"inLanguage\":\"en-US\"},{\"@type\":\"Organization\",\"@id\":\"https:\/\/turismobariloche.ar\/#organization\",\"name\":\"Turismo Bariloche\",\"url\":\"https:\/\/turismobariloche.ar\/\",\"logo\":{\"@type\":\"ImageObject\",\"inLanguage\":\"en-US\",\"@id\":\"https:\/\/turismobariloche.ar\/#\/schema\/logo\/image\/\",\"url\":\"https:\/\/turismobariloche.ar\/wp-content\/uploads\/2025\/10\/LOGO-TURISMO-BARILOCHE-bco-SF-03-1-1.png\",\"contentUrl\":\"https:\/\/turismobariloche.ar\/wp-content\/uploads\/2025\/10\/LOGO-TURISMO-BARILOCHE-bco-SF-03-1-1.png\",\"width\":1735,\"height\":774,\"caption\":\"Turismo Bariloche\"},\"image\":{\"@id\":\"https:\/\/turismobariloche.ar\/#\/schema\/logo\/image\/\"}}]}<\/script>\n<!-- \/ Yoast SEO Premium plugin. -->","yoast_head_json":{"title":"Quiet Rafting in the Manso River - Turismo Bariloche","description":"Rafting on the Manso River, ideal for families and groups. Calm waters, professional guides and unique landscapes of Patagonia.","robots":{"index":"index","follow":"follow","max-snippet":"max-snippet:-1","max-image-preview":"max-image-preview:large","max-video-preview":"max-video-preview:-1"},"canonical":"https:\/\/turismobariloche.ar\/en\/product\/rafting-light-manso-river-with-transfer\/","og_locale":"en_US","og_type":"article","og_title":"Rafting Tranquilo en el R\u00edo Manso","og_description":"Rafting en el R\u00edo Manso, ideal para familias y grupos. Aguas tranquilas, gu\u00edas profesionales y paisajes \u00fanicos de la Patagonia.","og_url":"https:\/\/turismobariloche.ar\/en\/product\/rafting-light-manso-river-with-transfer\/","og_site_name":"Turismo Bariloche","article_modified_time":"2026-04-10T13:59:39+00:00","og_image":[{"width":1920,"height":2560,"url":"https:\/\/turismobariloche.ar\/wp-content\/uploads\/2025\/04\/2-B-rafting-1-scaled.jpg","type":"image\/jpeg"}],"twitter_card":"summary_large_image","twitter_misc":{"Est. reading time":"2 minutes"},"schema":{"@context":"https:\/\/schema.org","@graph":[{"@type":"WebPage","@id":"https:\/\/turismobariloche.ar\/product\/rafting-tranquilo-en-el-rio-manso\/","url":"https:\/\/turismobariloche.ar\/product\/rafting-tranquilo-en-el-rio-manso\/","name":"Quiet Rafting in the Manso River - Turismo Bariloche","isPartOf":{"@id":"https:\/\/turismobariloche.ar\/#website"},"primaryImageOfPage":{"@id":"https:\/\/turismobariloche.ar\/product\/rafting-tranquilo-en-el-rio-manso\/#primaryimage"},"image":{"@id":"https:\/\/turismobariloche.ar\/product\/rafting-tranquilo-en-el-rio-manso\/#primaryimage"},"thumbnailUrl":"https:\/\/turismobariloche.ar\/wp-content\/uploads\/2025\/04\/2-B-rafting-1-scaled.jpg","datePublished":"2025-04-17T20:08:16+00:00","dateModified":"2026-04-10T13:59:39+00:00","description":"Rafting on the Manso River, ideal for families and groups. Calm waters, professional guides and unique landscapes of Patagonia.","breadcrumb":{"@id":"https:\/\/turismobariloche.ar\/product\/rafting-tranquilo-en-el-rio-manso\/#breadcrumb"},"inLanguage":"en-US","potentialAction":[{"@type":"ReadAction","target":["https:\/\/turismobariloche.ar\/product\/rafting-tranquilo-en-el-rio-manso\/"]}]},{"@type":"ImageObject","inLanguage":"en-US","@id":"https:\/\/turismobariloche.ar\/product\/rafting-tranquilo-en-el-rio-manso\/#primaryimage","url":"https:\/\/turismobariloche.ar\/wp-content\/uploads\/2025\/04\/2-B-rafting-1-scaled.jpg","contentUrl":"https:\/\/turismobariloche.ar\/wp-content\/uploads\/2025\/04\/2-B-rafting-1-scaled.jpg","width":1920,"height":2560},{"@type":"BreadcrumbList","@id":"https:\/\/turismobariloche.ar\/product\/rafting-tranquilo-en-el-rio-manso\/#breadcrumb","itemListElement":[{"@type":"ListItem","position":1,"name":"Home","item":"https:\/\/turismobariloche.ar\/"},{"@type":"ListItem","position":2,"name":"Lista de excursiones","item":"https:\/\/turismobariloche.ar\/shop\/"},{"@type":"ListItem","position":3,"name":"Rafting Tranquilo en el R\u00edo Manso"}]},{"@type":"WebSite","@id":"https:\/\/turismobariloche.ar\/#website","url":"https:\/\/turismobariloche.ar\/","name":"Bariloche Tourism","description":"Recreational activities in San Carlos de Bariloche","publisher":{"@id":"https:\/\/turismobariloche.ar\/#organization"},"potentialAction":[{"@type":"SearchAction","target":{"@type":"EntryPoint","urlTemplate":"https:\/\/turismobariloche.ar\/?s={search_term_string}"},"query-input":{"@type":"PropertyValueSpecification","valueRequired":true,"valueName":"search_term_string"}}],"inLanguage":"en-US"},{"@type":"Organization","@id":"https:\/\/turismobariloche.ar\/#organization","name":"Bariloche Tourism","url":"https:\/\/turismobariloche.ar\/","logo":{"@type":"ImageObject","inLanguage":"en-US","@id":"https:\/\/turismobariloche.ar\/#\/schema\/logo\/image\/","url":"https:\/\/turismobariloche.ar\/wp-content\/uploads\/2025\/10\/LOGO-TURISMO-BARILOCHE-bco-SF-03-1-1.png","contentUrl":"https:\/\/turismobariloche.ar\/wp-content\/uploads\/2025\/10\/LOGO-TURISMO-BARILOCHE-bco-SF-03-1-1.png","width":1735,"height":774,"caption":"Turismo Bariloche"},"image":{"@id":"https:\/\/turismobariloche.ar\/#\/schema\/logo\/image\/"}}]}},"_links":{"self":[{"href":"https:\/\/turismobariloche.ar\/en\/wp-json\/wp\/v2\/product\/88","targetHints":{"allow":["GET"]}}],"collection":[{"href":"https:\/\/turismobariloche.ar\/en\/wp-json\/wp\/v2\/product"}],"about":[{"href":"https:\/\/turismobariloche.ar\/en\/wp-json\/wp\/v2\/types\/product"}],"replies":[{"embeddable":true,"href":"https:\/\/turismobariloche.ar\/en\/wp-json\/wp\/v2\/comments?post=88"}],"wp:featuredmedia":[{"embeddable":true,"href":"https:\/\/turismobariloche.ar\/en\/wp-json\/wp\/v2\/media\/1324"}],"wp:attachment":[{"href":"https:\/\/turismobariloche.ar\/en\/wp-json\/wp\/v2\/media?parent=88"}],"wp:term":[{"taxonomy":"product_brand","embeddable":true,"href":"https:\/\/turismobariloche.ar\/en\/wp-json\/wp\/v2\/product_brand?post=88"},{"taxonomy":"product_cat","embeddable":true,"href":"https:\/\/turismobariloche.ar\/en\/wp-json\/wp\/v2\/product_cat?post=88"},{"taxonomy":"product_tag","embeddable":true,"href":"https:\/\/turismobariloche.ar\/en\/wp-json\/wp\/v2\/product_tag?post=88"}],"curies":[{"name":"wp","href":"https:\/\/api.w.org\/{rel}","templated":true}]}}