{"id":87,"date":"2025-04-17T17:08:05","date_gmt":"2025-04-17T20:08:05","guid":{"rendered":"https:\/\/turismobariloche.ar\/?post_type=product&#038;p=87"},"modified":"2026-04-09T09:20:21","modified_gmt":"2026-04-09T12:20:21","slug":"circuito-chico-y-cerro-campanario","status":"publish","type":"product","link":"https:\/\/turismobariloche.ar\/en\/product\/circuito-chico-and-cerro-campanario\/","title":{"rendered":"Circuito Chico and Cerro Campanario: discover the best of our city in half a day"},"content":{"rendered":"<h3 data-start=\"444\" data-end=\"526\"><strong data-start=\"448\" data-end=\"526\">A classic ride for the whole family, with landscapes that will thrill you.<\/strong><\/h3>\n<p data-start=\"528\" data-end=\"750\">This excursion is an excellent way to get to know Bariloche. Ideal for groups, families, or first time visitors, the <strong data-start=\"668\" data-end=\"686\">Small Circuit<\/strong> combines history, nature and unforgettable panoramic views.<\/p>\n<p data-start=\"752\" data-end=\"1082\">We leave from accessible meeting points between downtown and km 8 of Bustillo or Pioneros avenues. From there, we start to border the <strong data-start=\"909\" data-end=\"930\">Nahuel Huapi Lake<\/strong>, passing by emblematic places such as the <strong data-start=\"973\" data-end=\"992\">Hotel Llao Llao<\/strong>, the <strong data-start=\"997\" data-end=\"1020\">St. Edward's Chapel<\/strong>, the <strong data-start=\"1025\" data-end=\"1043\">Puerto Pa\u00f1uelo<\/strong> and viewpoints with breathtaking views.<\/p>\n<p data-start=\"1084\" data-end=\"1303\">During the tour you can also appreciate the <strong data-start=\"1134\" data-end=\"1152\">Hidden Lake<\/strong>, <strong data-start=\"1154\" data-end=\"1169\">Villa Tacul<\/strong> and the majestic <strong data-start=\"1186\" data-end=\"1201\">Cerro Lopez<\/strong>, All of them with stops to take pictures, enjoy the fresh air and learn a little more about our region.<\/p>\n<p data-start=\"1305\" data-end=\"1541\">At the end of the tour, those who wish to do so can climb the <strong data-start=\"1363\" data-end=\"1383\">Cerro Campanario<\/strong>, where a chairlift takes you to the most famous viewpoint in Bariloche. From there you can see a complete view of the city, the lakes and the surrounding mountains.<\/p>\n<p data-start=\"1543\" data-end=\"1713\">The excursion takes place in two shifts: from 8:30 am to 12:30 pm or from 2:30 pm to 7:00 pm. It includes transfer and guide in Spanish. It does not include meals or the chairlift ticket (optional).<\/p>\n<h3 data-start=\"1720\" data-end=\"1748\"><strong data-start=\"1724\" data-end=\"1748\">Frequently Asked Questions<\/strong><\/h3>\n<p data-start=\"1750\" data-end=\"1871\"><strong data-start=\"1750\" data-end=\"1773\">What is included?<\/strong><br data-start=\"1773\" data-end=\"1776\" \/>The transfer from the meeting points and the accompaniment of a guide throughout the tour.<\/p>\n<p data-start=\"1873\" data-end=\"1989\"><strong data-start=\"1873\" data-end=\"1922\">Can it be done with children or older adults?<\/strong><br data-start=\"1922\" data-end=\"1925\" \/>Yes, it is a quiet excursion, designed for everyone.<\/p>\n<p data-start=\"1991\" data-end=\"2107\"><strong data-start=\"1991\" data-end=\"2038\">Is it necessary to climb Cerro Campanario?<\/strong><br data-start=\"2038\" data-end=\"2041\" \/>No. The ascent is optional and is paid on site if you want to go up.<\/p>\n<p data-start=\"2109\" data-end=\"2271\"><strong data-start=\"2109\" data-end=\"2150\">Can I combine it with another activity?<\/strong><br data-start=\"2150\" data-end=\"2153\" \/>Yes, many people combine it with the visit to the <strong data-start=\"2202\" data-end=\"2220\">Cerro Catedral<\/strong> or with a navigation through the <strong data-start=\"2249\" data-end=\"2270\">Nahuel Huapi Lake<\/strong>.<\/p>","protected":false},"excerpt":{"rendered":"<p>Live an exclusive experience touring the natural and architectural charms of Bariloche. The Circuito Chico and Cerro Campanario offers you a trip where tradition and adventure merge, allowing you to enjoy incomparable landscapes and comfort in every kilometer.<\/p>","protected":false},"featured_media":1235,"comment_status":"open","ping_status":"closed","template":"","meta":[],"product_brand":[],"product_cat":[72,79,73,74,78,75,76,22,32,51],"product_tag":[],"class_list":{"0":"post-87","1":"product","2":"type-product","3":"status-publish","4":"has-post-thumbnail","6":"product_cat-adultos","7":"product_cat-con-traslado","8":"product_cat-familia","9":"product_cat-incluido","10":"product_cat-movilidad","11":"product_cat-ninos","12":"product_cat-sin-comida","13":"product_cat-temporada","14":"product_cat-terrestre","15":"product_cat-todo-el-ano","17":"first","18":"instock","19":"virtual","20":"sold-individually","21":"purchasable","22":"product-type-booking"},"booking_location":"","booking_location_type":"","booking_duration":1,"booking_duration_unit":"hour","booking_buffer":0,"booking_cost":0,"booking_resources":[],"exclude_global_add_ons":false,"addons":[{"name":"STD | Passengers","type":"input_multiplier","position":0,"required":false,"title_format":"label","default":"","description_enable":false,"description":"","placeholder_enable":false,"placeholder":"","display":"select","restrictions_type":"any_text","adjust_price":true,"price":"23400","price_type":"flat_fee","restrictions":false,"min":"0","max":"0","options":[],"id":1773236982}],"yoast_head":"<!-- This site is optimized with the Yoast SEO Premium plugin v26.4 (Yoast SEO v26.4) - https:\/\/yoast.com\/wordpress\/plugins\/seo\/ -->\n<title>Circuito Chico y Cerro Campanario | Excursi\u00f3n en Bariloche - Turismo Bariloche<\/title>\n<meta name=\"description\" content=\"Descubr\u00ed el Circuito Chico y Cerro Campanario en Bariloche. Naturaleza, historia y miradores \u00fanicos con traslado y gu\u00eda incluido.\" \/>\n<meta name=\"robots\" content=\"index, follow, max-snippet:-1, max-image-preview:large, max-video-preview:-1\" \/>\n<link rel=\"canonical\" href=\"https:\/\/turismobariloche.ar\/en\/product\/circuito-chico-and-cerro-campanario\/\" \/>\n<meta property=\"og:locale\" content=\"en_US\" \/>\n<meta property=\"og:type\" content=\"article\" \/>\n<meta property=\"og:title\" content=\"Circuito Chico y Cerro Campanario: descubr\u00ed lo mejor de nuestra ciudad en medio d\u00eda\" \/>\n<meta property=\"og:description\" content=\"Descubr\u00ed el Circuito Chico y Cerro Campanario en Bariloche. Naturaleza, historia y miradores \u00fanicos con traslado y gu\u00eda incluido.\" \/>\n<meta property=\"og:url\" content=\"https:\/\/turismobariloche.ar\/en\/product\/circuito-chico-and-cerro-campanario\/\" \/>\n<meta property=\"og:site_name\" content=\"Turismo Bariloche\" \/>\n<meta property=\"article:modified_time\" content=\"2026-04-09T12:20:21+00:00\" \/>\n<meta property=\"og:image\" content=\"https:\/\/turismobariloche.ar\/wp-content\/uploads\/2025\/04\/2-B-DSC_0045-scaled.jpg\" \/>\n\t<meta property=\"og:image:width\" content=\"1920\" \/>\n\t<meta property=\"og:image:height\" content=\"2560\" \/>\n\t<meta property=\"og:image:type\" content=\"image\/jpeg\" \/>\n<meta name=\"twitter:card\" content=\"summary_large_image\" \/>\n<meta name=\"twitter:label1\" content=\"Est. reading time\" \/>\n\t<meta name=\"twitter:data1\" content=\"2 minutes\" \/>\n<script type=\"application\/ld+json\" class=\"yoast-schema-graph\">{\"@context\":\"https:\/\/schema.org\",\"@graph\":[{\"@type\":\"WebPage\",\"@id\":\"https:\/\/turismobariloche.ar\/product\/circuito-chico-y-cerro-campanario\/\",\"url\":\"https:\/\/turismobariloche.ar\/product\/circuito-chico-y-cerro-campanario\/\",\"name\":\"Circuito Chico y Cerro Campanario | Excursi\u00f3n en Bariloche - Turismo Bariloche\",\"isPartOf\":{\"@id\":\"https:\/\/turismobariloche.ar\/#website\"},\"primaryImageOfPage\":{\"@id\":\"https:\/\/turismobariloche.ar\/product\/circuito-chico-y-cerro-campanario\/#primaryimage\"},\"image\":{\"@id\":\"https:\/\/turismobariloche.ar\/product\/circuito-chico-y-cerro-campanario\/#primaryimage\"},\"thumbnailUrl\":\"https:\/\/turismobariloche.ar\/wp-content\/uploads\/2025\/04\/2-B-DSC_0045-scaled.jpg\",\"datePublished\":\"2025-04-17T20:08:05+00:00\",\"dateModified\":\"2026-04-09T12:20:21+00:00\",\"description\":\"Descubr\u00ed el Circuito Chico y Cerro Campanario en Bariloche. Naturaleza, historia y miradores \u00fanicos con traslado y gu\u00eda incluido.\",\"breadcrumb\":{\"@id\":\"https:\/\/turismobariloche.ar\/product\/circuito-chico-y-cerro-campanario\/#breadcrumb\"},\"inLanguage\":\"en-US\",\"potentialAction\":[{\"@type\":\"ReadAction\",\"target\":[\"https:\/\/turismobariloche.ar\/product\/circuito-chico-y-cerro-campanario\/\"]}]},{\"@type\":\"ImageObject\",\"inLanguage\":\"en-US\",\"@id\":\"https:\/\/turismobariloche.ar\/product\/circuito-chico-y-cerro-campanario\/#primaryimage\",\"url\":\"https:\/\/turismobariloche.ar\/wp-content\/uploads\/2025\/04\/2-B-DSC_0045-scaled.jpg\",\"contentUrl\":\"https:\/\/turismobariloche.ar\/wp-content\/uploads\/2025\/04\/2-B-DSC_0045-scaled.jpg\",\"width\":1920,\"height\":2560},{\"@type\":\"BreadcrumbList\",\"@id\":\"https:\/\/turismobariloche.ar\/product\/circuito-chico-y-cerro-campanario\/#breadcrumb\",\"itemListElement\":[{\"@type\":\"ListItem\",\"position\":1,\"name\":\"Home\",\"item\":\"https:\/\/turismobariloche.ar\/\"},{\"@type\":\"ListItem\",\"position\":2,\"name\":\"Lista de excursiones\",\"item\":\"https:\/\/turismobariloche.ar\/shop\/\"},{\"@type\":\"ListItem\",\"position\":3,\"name\":\"Circuito Chico y Cerro Campanario: descubr\u00ed lo mejor de nuestra ciudad en medio d\u00eda\"}]},{\"@type\":\"WebSite\",\"@id\":\"https:\/\/turismobariloche.ar\/#website\",\"url\":\"https:\/\/turismobariloche.ar\/\",\"name\":\"Turismo Bariloche\",\"description\":\"Actividades recreativas en San Carlos de Bariloche\",\"publisher\":{\"@id\":\"https:\/\/turismobariloche.ar\/#organization\"},\"potentialAction\":[{\"@type\":\"SearchAction\",\"target\":{\"@type\":\"EntryPoint\",\"urlTemplate\":\"https:\/\/turismobariloche.ar\/?s={search_term_string}\"},\"query-input\":{\"@type\":\"PropertyValueSpecification\",\"valueRequired\":true,\"valueName\":\"search_term_string\"}}],\"inLanguage\":\"en-US\"},{\"@type\":\"Organization\",\"@id\":\"https:\/\/turismobariloche.ar\/#organization\",\"name\":\"Turismo Bariloche\",\"url\":\"https:\/\/turismobariloche.ar\/\",\"logo\":{\"@type\":\"ImageObject\",\"inLanguage\":\"en-US\",\"@id\":\"https:\/\/turismobariloche.ar\/#\/schema\/logo\/image\/\",\"url\":\"https:\/\/turismobariloche.ar\/wp-content\/uploads\/2025\/10\/LOGO-TURISMO-BARILOCHE-bco-SF-03-1-1.png\",\"contentUrl\":\"https:\/\/turismobariloche.ar\/wp-content\/uploads\/2025\/10\/LOGO-TURISMO-BARILOCHE-bco-SF-03-1-1.png\",\"width\":1735,\"height\":774,\"caption\":\"Turismo Bariloche\"},\"image\":{\"@id\":\"https:\/\/turismobariloche.ar\/#\/schema\/logo\/image\/\"}}]}<\/script>\n<!-- \/ Yoast SEO Premium plugin. -->","yoast_head_json":{"title":"Circuito Chico and Cerro Campanario | Excursion in Bariloche - Turismo Bariloche","description":"Discover the Circuito Chico and Cerro Campanario in Bariloche. Nature, history and unique viewpoints with transfer and guide included.","robots":{"index":"index","follow":"follow","max-snippet":"max-snippet:-1","max-image-preview":"max-image-preview:large","max-video-preview":"max-video-preview:-1"},"canonical":"https:\/\/turismobariloche.ar\/en\/product\/circuito-chico-and-cerro-campanario\/","og_locale":"en_US","og_type":"article","og_title":"Circuito Chico y Cerro Campanario: descubr\u00ed lo mejor de nuestra ciudad en medio d\u00eda","og_description":"Descubr\u00ed el Circuito Chico y Cerro Campanario en Bariloche. Naturaleza, historia y miradores \u00fanicos con traslado y gu\u00eda incluido.","og_url":"https:\/\/turismobariloche.ar\/en\/product\/circuito-chico-and-cerro-campanario\/","og_site_name":"Turismo Bariloche","article_modified_time":"2026-04-09T12:20:21+00:00","og_image":[{"width":1920,"height":2560,"url":"https:\/\/turismobariloche.ar\/wp-content\/uploads\/2025\/04\/2-B-DSC_0045-scaled.jpg","type":"image\/jpeg"}],"twitter_card":"summary_large_image","twitter_misc":{"Est. reading time":"2 minutes"},"schema":{"@context":"https:\/\/schema.org","@graph":[{"@type":"WebPage","@id":"https:\/\/turismobariloche.ar\/product\/circuito-chico-y-cerro-campanario\/","url":"https:\/\/turismobariloche.ar\/product\/circuito-chico-y-cerro-campanario\/","name":"Circuito Chico and Cerro Campanario | Excursion in Bariloche - Turismo Bariloche","isPartOf":{"@id":"https:\/\/turismobariloche.ar\/#website"},"primaryImageOfPage":{"@id":"https:\/\/turismobariloche.ar\/product\/circuito-chico-y-cerro-campanario\/#primaryimage"},"image":{"@id":"https:\/\/turismobariloche.ar\/product\/circuito-chico-y-cerro-campanario\/#primaryimage"},"thumbnailUrl":"https:\/\/turismobariloche.ar\/wp-content\/uploads\/2025\/04\/2-B-DSC_0045-scaled.jpg","datePublished":"2025-04-17T20:08:05+00:00","dateModified":"2026-04-09T12:20:21+00:00","description":"Discover the Circuito Chico and Cerro Campanario in Bariloche. Nature, history and unique viewpoints with transfer and guide included.","breadcrumb":{"@id":"https:\/\/turismobariloche.ar\/product\/circuito-chico-y-cerro-campanario\/#breadcrumb"},"inLanguage":"en-US","potentialAction":[{"@type":"ReadAction","target":["https:\/\/turismobariloche.ar\/product\/circuito-chico-y-cerro-campanario\/"]}]},{"@type":"ImageObject","inLanguage":"en-US","@id":"https:\/\/turismobariloche.ar\/product\/circuito-chico-y-cerro-campanario\/#primaryimage","url":"https:\/\/turismobariloche.ar\/wp-content\/uploads\/2025\/04\/2-B-DSC_0045-scaled.jpg","contentUrl":"https:\/\/turismobariloche.ar\/wp-content\/uploads\/2025\/04\/2-B-DSC_0045-scaled.jpg","width":1920,"height":2560},{"@type":"BreadcrumbList","@id":"https:\/\/turismobariloche.ar\/product\/circuito-chico-y-cerro-campanario\/#breadcrumb","itemListElement":[{"@type":"ListItem","position":1,"name":"Home","item":"https:\/\/turismobariloche.ar\/"},{"@type":"ListItem","position":2,"name":"Lista de excursiones","item":"https:\/\/turismobariloche.ar\/shop\/"},{"@type":"ListItem","position":3,"name":"Circuito Chico y Cerro Campanario: descubr\u00ed lo mejor de nuestra ciudad en medio d\u00eda"}]},{"@type":"WebSite","@id":"https:\/\/turismobariloche.ar\/#website","url":"https:\/\/turismobariloche.ar\/","name":"Bariloche Tourism","description":"Recreational activities in San Carlos de Bariloche","publisher":{"@id":"https:\/\/turismobariloche.ar\/#organization"},"potentialAction":[{"@type":"SearchAction","target":{"@type":"EntryPoint","urlTemplate":"https:\/\/turismobariloche.ar\/?s={search_term_string}"},"query-input":{"@type":"PropertyValueSpecification","valueRequired":true,"valueName":"search_term_string"}}],"inLanguage":"en-US"},{"@type":"Organization","@id":"https:\/\/turismobariloche.ar\/#organization","name":"Bariloche Tourism","url":"https:\/\/turismobariloche.ar\/","logo":{"@type":"ImageObject","inLanguage":"en-US","@id":"https:\/\/turismobariloche.ar\/#\/schema\/logo\/image\/","url":"https:\/\/turismobariloche.ar\/wp-content\/uploads\/2025\/10\/LOGO-TURISMO-BARILOCHE-bco-SF-03-1-1.png","contentUrl":"https:\/\/turismobariloche.ar\/wp-content\/uploads\/2025\/10\/LOGO-TURISMO-BARILOCHE-bco-SF-03-1-1.png","width":1735,"height":774,"caption":"Turismo Bariloche"},"image":{"@id":"https:\/\/turismobariloche.ar\/#\/schema\/logo\/image\/"}}]}},"_links":{"self":[{"href":"https:\/\/turismobariloche.ar\/en\/wp-json\/wp\/v2\/product\/87","targetHints":{"allow":["GET"]}}],"collection":[{"href":"https:\/\/turismobariloche.ar\/en\/wp-json\/wp\/v2\/product"}],"about":[{"href":"https:\/\/turismobariloche.ar\/en\/wp-json\/wp\/v2\/types\/product"}],"replies":[{"embeddable":true,"href":"https:\/\/turismobariloche.ar\/en\/wp-json\/wp\/v2\/comments?post=87"}],"wp:featuredmedia":[{"embeddable":true,"href":"https:\/\/turismobariloche.ar\/en\/wp-json\/wp\/v2\/media\/1235"}],"wp:attachment":[{"href":"https:\/\/turismobariloche.ar\/en\/wp-json\/wp\/v2\/media?parent=87"}],"wp:term":[{"taxonomy":"product_brand","embeddable":true,"href":"https:\/\/turismobariloche.ar\/en\/wp-json\/wp\/v2\/product_brand?post=87"},{"taxonomy":"product_cat","embeddable":true,"href":"https:\/\/turismobariloche.ar\/en\/wp-json\/wp\/v2\/product_cat?post=87"},{"taxonomy":"product_tag","embeddable":true,"href":"https:\/\/turismobariloche.ar\/en\/wp-json\/wp\/v2\/product_tag?post=87"}],"curies":[{"name":"wp","href":"https:\/\/api.w.org\/{rel}","templated":true}]}}