{"id":601,"date":"2025-05-05T16:28:24","date_gmt":"2025-05-05T19:28:24","guid":{"rendered":"https:\/\/turismobariloche.ar\/?post_type=product&#038;p=601"},"modified":"2026-02-02T16:35:28","modified_gmt":"2026-02-02T19:35:28","slug":"seguro-de-reprogramacion","status":"publish","type":"product","link":"https:\/\/turismobariloche.ar\/en\/product\/reprogramming-insurance\/","title":{"rendered":"Reprogramming Insurance"},"content":{"rendered":"<p>Your plan has changed, don't worry! With the Rescheduling Insurance you can change the date of your excursion without penalty.<\/p>\n<ul>\n<li>You can make the modification until 7:00 p.m. the day before the activity.<\/li>\n<li>\u2705 Reprogramming is subject to availability.<\/li>\n<li>Applies exclusively to the same contracted activity.<\/li>\n<\/ul>\n<p>This insurance is valid for one (1) passenger for one (1) excursion. It can be purchased up to 30 minutes after issuing your voucher. If you do not contract this benefit, the company will not be responsible for rescheduling or changes.<\/p>","protected":false},"excerpt":{"rendered":"<p>Change the date of your excursion at no additional cost. Peace of mind guaranteed for your plans.<\/p>","protected":false},"featured_media":3024,"comment_status":"closed","ping_status":"closed","template":"","meta":[],"product_brand":[],"product_cat":[70],"product_tag":[],"class_list":{"0":"post-601","1":"product","2":"type-product","3":"status-publish","4":"has-post-thumbnail","6":"product_cat-otros","8":"first","9":"instock","10":"virtual","11":"purchasable","12":"product-type-simple"},"booking_location":null,"booking_location_type":null,"booking_duration":null,"booking_duration_unit":null,"booking_buffer":null,"booking_cost":null,"booking_resources":null,"exclude_global_add_ons":[],"addons":[],"yoast_head":"<!-- This site is optimized with the Yoast SEO Premium plugin v26.4 (Yoast SEO v26.4) - https:\/\/yoast.com\/wordpress\/plugins\/seo\/ -->\n<title>Seguro de Reprogramaci\u00f3n - Turismo Bariloche<\/title>\n<meta name=\"robots\" content=\"index, follow, max-snippet:-1, max-image-preview:large, max-video-preview:-1\" \/>\n<link rel=\"canonical\" href=\"https:\/\/turismobariloche.ar\/en\/product\/reprogramming-insurance\/\" \/>\n<meta property=\"og:locale\" content=\"en_US\" \/>\n<meta property=\"og:type\" content=\"article\" \/>\n<meta property=\"og:title\" content=\"Seguro de Reprogramaci\u00f3n\" \/>\n<meta property=\"og:description\" content=\"Modific\u00e1 la fecha de tu excursi\u00f3n sin costo adicional. Tranquilidad garantizada para tus planes.\" \/>\n<meta property=\"og:url\" content=\"https:\/\/turismobariloche.ar\/en\/product\/reprogramming-insurance\/\" \/>\n<meta property=\"og:site_name\" content=\"Turismo Bariloche\" \/>\n<meta property=\"article:modified_time\" content=\"2026-02-02T19:35:28+00:00\" \/>\n<meta property=\"og:image\" content=\"https:\/\/turismobariloche.ar\/wp-content\/uploads\/2025\/05\/Sin-titulo-1513-scaled.jpg\" \/>\n\t<meta property=\"og:image:width\" content=\"2560\" \/>\n\t<meta property=\"og:image:height\" content=\"1707\" \/>\n\t<meta property=\"og:image:type\" content=\"image\/jpeg\" \/>\n<meta name=\"twitter:card\" content=\"summary_large_image\" \/>\n<meta name=\"twitter:label1\" content=\"Est. reading time\" \/>\n\t<meta name=\"twitter:data1\" content=\"1 minute\" \/>\n<script type=\"application\/ld+json\" class=\"yoast-schema-graph\">{\"@context\":\"https:\/\/schema.org\",\"@graph\":[{\"@type\":\"WebPage\",\"@id\":\"https:\/\/turismobariloche.ar\/product\/seguro-de-reprogramacion\/\",\"url\":\"https:\/\/turismobariloche.ar\/product\/seguro-de-reprogramacion\/\",\"name\":\"Seguro de Reprogramaci\u00f3n - Turismo Bariloche\",\"isPartOf\":{\"@id\":\"https:\/\/turismobariloche.ar\/#website\"},\"primaryImageOfPage\":{\"@id\":\"https:\/\/turismobariloche.ar\/product\/seguro-de-reprogramacion\/#primaryimage\"},\"image\":{\"@id\":\"https:\/\/turismobariloche.ar\/product\/seguro-de-reprogramacion\/#primaryimage\"},\"thumbnailUrl\":\"https:\/\/turismobariloche.ar\/wp-content\/uploads\/2025\/05\/Sin-titulo-1513-scaled.jpg\",\"datePublished\":\"2025-05-05T19:28:24+00:00\",\"dateModified\":\"2026-02-02T19:35:28+00:00\",\"breadcrumb\":{\"@id\":\"https:\/\/turismobariloche.ar\/product\/seguro-de-reprogramacion\/#breadcrumb\"},\"inLanguage\":\"en-US\",\"potentialAction\":[{\"@type\":\"ReadAction\",\"target\":[\"https:\/\/turismobariloche.ar\/product\/seguro-de-reprogramacion\/\"]}]},{\"@type\":\"ImageObject\",\"inLanguage\":\"en-US\",\"@id\":\"https:\/\/turismobariloche.ar\/product\/seguro-de-reprogramacion\/#primaryimage\",\"url\":\"https:\/\/turismobariloche.ar\/wp-content\/uploads\/2025\/05\/Sin-titulo-1513-scaled.jpg\",\"contentUrl\":\"https:\/\/turismobariloche.ar\/wp-content\/uploads\/2025\/05\/Sin-titulo-1513-scaled.jpg\",\"width\":2560,\"height\":1707},{\"@type\":\"BreadcrumbList\",\"@id\":\"https:\/\/turismobariloche.ar\/product\/seguro-de-reprogramacion\/#breadcrumb\",\"itemListElement\":[{\"@type\":\"ListItem\",\"position\":1,\"name\":\"Home\",\"item\":\"https:\/\/turismobariloche.ar\/\"},{\"@type\":\"ListItem\",\"position\":2,\"name\":\"Lista de excursiones\",\"item\":\"https:\/\/turismobariloche.ar\/shop\/\"},{\"@type\":\"ListItem\",\"position\":3,\"name\":\"Seguro de Reprogramaci\u00f3n\"}]},{\"@type\":\"WebSite\",\"@id\":\"https:\/\/turismobariloche.ar\/#website\",\"url\":\"https:\/\/turismobariloche.ar\/\",\"name\":\"Turismo Bariloche\",\"description\":\"Actividades recreativas en San Carlos de Bariloche\",\"publisher\":{\"@id\":\"https:\/\/turismobariloche.ar\/#organization\"},\"potentialAction\":[{\"@type\":\"SearchAction\",\"target\":{\"@type\":\"EntryPoint\",\"urlTemplate\":\"https:\/\/turismobariloche.ar\/?s={search_term_string}\"},\"query-input\":{\"@type\":\"PropertyValueSpecification\",\"valueRequired\":true,\"valueName\":\"search_term_string\"}}],\"inLanguage\":\"en-US\"},{\"@type\":\"Organization\",\"@id\":\"https:\/\/turismobariloche.ar\/#organization\",\"name\":\"Turismo Bariloche\",\"url\":\"https:\/\/turismobariloche.ar\/\",\"logo\":{\"@type\":\"ImageObject\",\"inLanguage\":\"en-US\",\"@id\":\"https:\/\/turismobariloche.ar\/#\/schema\/logo\/image\/\",\"url\":\"https:\/\/turismobariloche.ar\/wp-content\/uploads\/2025\/10\/LOGO-TURISMO-BARILOCHE-bco-SF-03-1-1.png\",\"contentUrl\":\"https:\/\/turismobariloche.ar\/wp-content\/uploads\/2025\/10\/LOGO-TURISMO-BARILOCHE-bco-SF-03-1-1.png\",\"width\":1735,\"height\":774,\"caption\":\"Turismo Bariloche\"},\"image\":{\"@id\":\"https:\/\/turismobariloche.ar\/#\/schema\/logo\/image\/\"}}]}<\/script>\n<!-- \/ Yoast SEO Premium plugin. -->","yoast_head_json":{"title":"Reprogramming Insurance - Turismo Bariloche","robots":{"index":"index","follow":"follow","max-snippet":"max-snippet:-1","max-image-preview":"max-image-preview:large","max-video-preview":"max-video-preview:-1"},"canonical":"https:\/\/turismobariloche.ar\/en\/product\/reprogramming-insurance\/","og_locale":"en_US","og_type":"article","og_title":"Seguro de Reprogramaci\u00f3n","og_description":"Modific\u00e1 la fecha de tu excursi\u00f3n sin costo adicional. Tranquilidad garantizada para tus planes.","og_url":"https:\/\/turismobariloche.ar\/en\/product\/reprogramming-insurance\/","og_site_name":"Turismo Bariloche","article_modified_time":"2026-02-02T19:35:28+00:00","og_image":[{"width":2560,"height":1707,"url":"https:\/\/turismobariloche.ar\/wp-content\/uploads\/2025\/05\/Sin-titulo-1513-scaled.jpg","type":"image\/jpeg"}],"twitter_card":"summary_large_image","twitter_misc":{"Est. reading time":"1 minute"},"schema":{"@context":"https:\/\/schema.org","@graph":[{"@type":"WebPage","@id":"https:\/\/turismobariloche.ar\/product\/seguro-de-reprogramacion\/","url":"https:\/\/turismobariloche.ar\/product\/seguro-de-reprogramacion\/","name":"Reprogramming Insurance - Turismo Bariloche","isPartOf":{"@id":"https:\/\/turismobariloche.ar\/#website"},"primaryImageOfPage":{"@id":"https:\/\/turismobariloche.ar\/product\/seguro-de-reprogramacion\/#primaryimage"},"image":{"@id":"https:\/\/turismobariloche.ar\/product\/seguro-de-reprogramacion\/#primaryimage"},"thumbnailUrl":"https:\/\/turismobariloche.ar\/wp-content\/uploads\/2025\/05\/Sin-titulo-1513-scaled.jpg","datePublished":"2025-05-05T19:28:24+00:00","dateModified":"2026-02-02T19:35:28+00:00","breadcrumb":{"@id":"https:\/\/turismobariloche.ar\/product\/seguro-de-reprogramacion\/#breadcrumb"},"inLanguage":"en-US","potentialAction":[{"@type":"ReadAction","target":["https:\/\/turismobariloche.ar\/product\/seguro-de-reprogramacion\/"]}]},{"@type":"ImageObject","inLanguage":"en-US","@id":"https:\/\/turismobariloche.ar\/product\/seguro-de-reprogramacion\/#primaryimage","url":"https:\/\/turismobariloche.ar\/wp-content\/uploads\/2025\/05\/Sin-titulo-1513-scaled.jpg","contentUrl":"https:\/\/turismobariloche.ar\/wp-content\/uploads\/2025\/05\/Sin-titulo-1513-scaled.jpg","width":2560,"height":1707},{"@type":"BreadcrumbList","@id":"https:\/\/turismobariloche.ar\/product\/seguro-de-reprogramacion\/#breadcrumb","itemListElement":[{"@type":"ListItem","position":1,"name":"Home","item":"https:\/\/turismobariloche.ar\/"},{"@type":"ListItem","position":2,"name":"Lista de excursiones","item":"https:\/\/turismobariloche.ar\/shop\/"},{"@type":"ListItem","position":3,"name":"Seguro de Reprogramaci\u00f3n"}]},{"@type":"WebSite","@id":"https:\/\/turismobariloche.ar\/#website","url":"https:\/\/turismobariloche.ar\/","name":"Bariloche Tourism","description":"Recreational activities in San Carlos de Bariloche","publisher":{"@id":"https:\/\/turismobariloche.ar\/#organization"},"potentialAction":[{"@type":"SearchAction","target":{"@type":"EntryPoint","urlTemplate":"https:\/\/turismobariloche.ar\/?s={search_term_string}"},"query-input":{"@type":"PropertyValueSpecification","valueRequired":true,"valueName":"search_term_string"}}],"inLanguage":"en-US"},{"@type":"Organization","@id":"https:\/\/turismobariloche.ar\/#organization","name":"Bariloche Tourism","url":"https:\/\/turismobariloche.ar\/","logo":{"@type":"ImageObject","inLanguage":"en-US","@id":"https:\/\/turismobariloche.ar\/#\/schema\/logo\/image\/","url":"https:\/\/turismobariloche.ar\/wp-content\/uploads\/2025\/10\/LOGO-TURISMO-BARILOCHE-bco-SF-03-1-1.png","contentUrl":"https:\/\/turismobariloche.ar\/wp-content\/uploads\/2025\/10\/LOGO-TURISMO-BARILOCHE-bco-SF-03-1-1.png","width":1735,"height":774,"caption":"Turismo Bariloche"},"image":{"@id":"https:\/\/turismobariloche.ar\/#\/schema\/logo\/image\/"}}]}},"_links":{"self":[{"href":"https:\/\/turismobariloche.ar\/en\/wp-json\/wp\/v2\/product\/601","targetHints":{"allow":["GET"]}}],"collection":[{"href":"https:\/\/turismobariloche.ar\/en\/wp-json\/wp\/v2\/product"}],"about":[{"href":"https:\/\/turismobariloche.ar\/en\/wp-json\/wp\/v2\/types\/product"}],"replies":[{"embeddable":true,"href":"https:\/\/turismobariloche.ar\/en\/wp-json\/wp\/v2\/comments?post=601"}],"wp:featuredmedia":[{"embeddable":true,"href":"https:\/\/turismobariloche.ar\/en\/wp-json\/wp\/v2\/media\/3024"}],"wp:attachment":[{"href":"https:\/\/turismobariloche.ar\/en\/wp-json\/wp\/v2\/media?parent=601"}],"wp:term":[{"taxonomy":"product_brand","embeddable":true,"href":"https:\/\/turismobariloche.ar\/en\/wp-json\/wp\/v2\/product_brand?post=601"},{"taxonomy":"product_cat","embeddable":true,"href":"https:\/\/turismobariloche.ar\/en\/wp-json\/wp\/v2\/product_cat?post=601"},{"taxonomy":"product_tag","embeddable":true,"href":"https:\/\/turismobariloche.ar\/en\/wp-json\/wp\/v2\/product_tag?post=601"}],"curies":[{"name":"wp","href":"https:\/\/api.w.org\/{rel}","templated":true}]}}