{"id":108,"date":"2025-04-17T17:13:28","date_gmt":"2025-04-17T20:13:28","guid":{"rendered":"https:\/\/turismobariloche.ar\/?post_type=product&#038;p=108"},"modified":"2026-04-10T11:09:44","modified_gmt":"2026-04-10T14:09:44","slug":"alquiler-ropa-nieve-equipo-completo","status":"publish","type":"product","link":"https:\/\/turismobariloche.ar\/en\/product\/rental-of-complete-snow-clothing-and-equipment\/","title":{"rendered":"Snowwear rental: comfort and warmth for the whole family"},"content":{"rendered":"<h3 data-start=\"354\" data-end=\"425\"><strong data-start=\"358\" data-end=\"425\">Practical solution to enjoy the winter without overspending<\/strong><\/h3>\n<p data-start=\"427\" data-end=\"689\">With this service, you don't need to bring your technical clothing from home. You can rent what you need for you or for your whole group and enjoy the snow without complications. Ideal for those who come as a family, for the first time, or want to avoid unnecessary purchases.<\/p>\n<h3 data-start=\"696\" data-end=\"791\"><strong data-start=\"700\" data-end=\"791\">Main description: Equip yourself easily, quickly and with everything you need for the snow.<\/strong><\/h3>\n<p data-start=\"793\" data-end=\"1063\">Turismo Bariloche's proposal is designed to solve the needs of those who visit the city in winter and do not have technical clothing. Through a simple and accessible rental system, we offer comfortable, thermal and waterproof garments, ready to wear.<\/p>\n<p data-start=\"1065\" data-end=\"1337\">The service is available between June 15 and August 20, 2026, and is open daily from 8:00 am to 9:00 pm. The pick-up and drop-off points are located in key places in San Carlos de Bariloche, facilitating access to those staying in different areas.<\/p>\n<p data-start=\"1339\" data-end=\"1562\">You can rent the complete equipment (jacket, pants, boots and gloves) or add helmet and goggles as additional equipment. The clothing is adapted for adults and children, making it an ideal option for families and groups.<\/p>\n<p data-start=\"1564\" data-end=\"1645\">It does not include insurance for breakage, loss or damage, nor does it include delivery to hotels or homes.<\/p>\n<h3 data-start=\"1652\" data-end=\"1680\"><strong data-start=\"1656\" data-end=\"1680\">Frequently asked questions<\/strong><\/h3>\n<p data-start=\"1682\" data-end=\"1805\"><strong data-start=\"1682\" data-end=\"1711\">What is included in the rent?<\/strong><br data-start=\"1711\" data-end=\"1714\" \/>Jacket, pants, boots and gloves. Helmet and goggles can also be added as an extra.<\/p>\n<p data-start=\"1807\" data-end=\"1925\"><strong data-start=\"1807\" data-end=\"1841\">Since when is it available?<\/strong><br data-start=\"1841\" data-end=\"1844\" \/>Between June 15 and August 20, 2026, from 8:00 a.m. to 9:00 p.m. daily.<\/p>\n<p data-start=\"1927\" data-end=\"2064\"><strong data-start=\"1927\" data-end=\"1955\">Where do I pick up the equipment?<\/strong><br data-start=\"1955\" data-end=\"1958\" \/>In central and strategic points of Bariloche. We will inform you about the most convenient when you confirm your reservation.<\/p>\n<p data-start=\"2066\" data-end=\"2202\"><strong data-start=\"2066\" data-end=\"2095\">What is not covered?<\/strong><br data-start=\"2095\" data-end=\"2098\" \/>The service does not cover damage, loss or breakage. Neither is it delivered to or picked up from hotels or lodgings.<\/p>\n<p data-start=\"2066\" data-end=\"2202\"><strong>Important Notice<\/strong>This tour is now available for pre-booking. Departures operate from June 15 to August 20, subject to seasonal calendar.<\/p>","protected":false},"excerpt":{"rendered":"<p><strong>Premium Winter Rental Service<\/strong> in San Carlos de Bariloche. Take advantage of our integral and high quality equipment to enjoy the snow with the safety and elegance you deserve. Experience a winter full of adventure and comfort!<\/p>","protected":false},"featured_media":1178,"comment_status":"open","ping_status":"closed","template":"","meta":[],"product_brand":[],"product_cat":[72,73,23,75,70],"product_tag":[],"class_list":{"0":"post-108","1":"product","2":"type-product","3":"status-publish","4":"has-post-thumbnail","6":"product_cat-adultos","7":"product_cat-familia","8":"product_cat-invierno","9":"product_cat-ninos","10":"product_cat-otros","12":"first","13":"instock","14":"virtual","15":"sold-individually","16":"purchasable","17":"product-type-booking"},"booking_location":"","booking_location_type":"","booking_duration":1,"booking_duration_unit":"hour","booking_buffer":0,"booking_cost":0,"booking_resources":[],"exclude_global_add_ons":false,"addons":[{"name":"ADU | Adult","type":"input_multiplier","position":0,"required":false,"title_format":"label","default":"","description_enable":false,"description":"","placeholder_enable":false,"placeholder":"","display":"select","restrictions_type":"any_text","adjust_price":true,"price":"36000","price_type":"quantity_based","restrictions":false,"min":"0","max":"0","options":[],"id":1775730464}],"yoast_head":"<!-- This site is optimized with the Yoast SEO Premium plugin v26.4 (Yoast SEO v26.4) - https:\/\/yoast.com\/wordpress\/plugins\/seo\/ -->\n<title>Alquiler de ropa de nieve: comodidad y abrigo para toda la familia - Turismo Bariloche<\/title>\n<meta name=\"description\" content=\"Alquiler de ropa de nieve en Bariloche. Equipos completos para grandes y chicos, listos para usar. Una opci\u00f3n pr\u00e1ctica y econ\u00f3mica para familias y grupos.\" \/>\n<meta name=\"robots\" content=\"index, follow, max-snippet:-1, max-image-preview:large, max-video-preview:-1\" \/>\n<link rel=\"canonical\" href=\"https:\/\/turismobariloche.ar\/en\/product\/rental-of-complete-snow-clothing-and-equipment\/\" \/>\n<meta property=\"og:locale\" content=\"en_US\" \/>\n<meta property=\"og:type\" content=\"article\" \/>\n<meta property=\"og:title\" content=\"Alquiler de ropa de nieve: comodidad y abrigo para toda la familia\" \/>\n<meta property=\"og:description\" content=\"Alquiler de ropa de nieve en Bariloche. Equipos completos para grandes y chicos, listos para usar. Una opci\u00f3n pr\u00e1ctica y econ\u00f3mica para familias y grupos.\" \/>\n<meta property=\"og:url\" content=\"https:\/\/turismobariloche.ar\/en\/product\/rental-of-complete-snow-clothing-and-equipment\/\" \/>\n<meta property=\"og:site_name\" content=\"Turismo Bariloche\" \/>\n<meta property=\"article:modified_time\" content=\"2026-04-10T14:09:44+00:00\" \/>\n<meta property=\"og:image\" content=\"https:\/\/turismobariloche.ar\/wp-content\/uploads\/2025\/04\/2-A-equipo-de-esqui-en-manos-de-chicas-colores-brillantes-en-la-ropa-de-esqui-las-chicas-se-divierten-juntas-scaled.jpg\" \/>\n\t<meta property=\"og:image:width\" content=\"1920\" \/>\n\t<meta property=\"og:image:height\" content=\"2560\" \/>\n\t<meta property=\"og:image:type\" content=\"image\/jpeg\" \/>\n<meta name=\"twitter:card\" content=\"summary_large_image\" \/>\n<meta name=\"twitter:label1\" content=\"Est. reading time\" \/>\n\t<meta name=\"twitter:data1\" content=\"2 minutes\" \/>\n<script type=\"application\/ld+json\" class=\"yoast-schema-graph\">{\"@context\":\"https:\/\/schema.org\",\"@graph\":[{\"@type\":\"WebPage\",\"@id\":\"https:\/\/turismobariloche.ar\/product\/alquiler-ropa-nieve-equipo-completo\/\",\"url\":\"https:\/\/turismobariloche.ar\/product\/alquiler-ropa-nieve-equipo-completo\/\",\"name\":\"Alquiler de ropa de nieve: comodidad y abrigo para toda la familia - Turismo Bariloche\",\"isPartOf\":{\"@id\":\"https:\/\/turismobariloche.ar\/#website\"},\"primaryImageOfPage\":{\"@id\":\"https:\/\/turismobariloche.ar\/product\/alquiler-ropa-nieve-equipo-completo\/#primaryimage\"},\"image\":{\"@id\":\"https:\/\/turismobariloche.ar\/product\/alquiler-ropa-nieve-equipo-completo\/#primaryimage\"},\"thumbnailUrl\":\"https:\/\/turismobariloche.ar\/wp-content\/uploads\/2025\/04\/2-A-equipo-de-esqui-en-manos-de-chicas-colores-brillantes-en-la-ropa-de-esqui-las-chicas-se-divierten-juntas-scaled.jpg\",\"datePublished\":\"2025-04-17T20:13:28+00:00\",\"dateModified\":\"2026-04-10T14:09:44+00:00\",\"description\":\"Alquiler de ropa de nieve en Bariloche. Equipos completos para grandes y chicos, listos para usar. Una opci\u00f3n pr\u00e1ctica y econ\u00f3mica para familias y grupos.\",\"breadcrumb\":{\"@id\":\"https:\/\/turismobariloche.ar\/product\/alquiler-ropa-nieve-equipo-completo\/#breadcrumb\"},\"inLanguage\":\"en-US\",\"potentialAction\":[{\"@type\":\"ReadAction\",\"target\":[\"https:\/\/turismobariloche.ar\/product\/alquiler-ropa-nieve-equipo-completo\/\"]}]},{\"@type\":\"ImageObject\",\"inLanguage\":\"en-US\",\"@id\":\"https:\/\/turismobariloche.ar\/product\/alquiler-ropa-nieve-equipo-completo\/#primaryimage\",\"url\":\"https:\/\/turismobariloche.ar\/wp-content\/uploads\/2025\/04\/2-A-equipo-de-esqui-en-manos-de-chicas-colores-brillantes-en-la-ropa-de-esqui-las-chicas-se-divierten-juntas-scaled.jpg\",\"contentUrl\":\"https:\/\/turismobariloche.ar\/wp-content\/uploads\/2025\/04\/2-A-equipo-de-esqui-en-manos-de-chicas-colores-brillantes-en-la-ropa-de-esqui-las-chicas-se-divierten-juntas-scaled.jpg\",\"width\":1920,\"height\":2560,\"caption\":\"Ski equipment in hands of girls. Bright colors on ski clothes. Girls have a good time together.\"},{\"@type\":\"BreadcrumbList\",\"@id\":\"https:\/\/turismobariloche.ar\/product\/alquiler-ropa-nieve-equipo-completo\/#breadcrumb\",\"itemListElement\":[{\"@type\":\"ListItem\",\"position\":1,\"name\":\"Home\",\"item\":\"https:\/\/turismobariloche.ar\/\"},{\"@type\":\"ListItem\",\"position\":2,\"name\":\"Lista de excursiones\",\"item\":\"https:\/\/turismobariloche.ar\/shop\/\"},{\"@type\":\"ListItem\",\"position\":3,\"name\":\"Alquiler de ropa de nieve: comodidad y abrigo para toda la familia\"}]},{\"@type\":\"WebSite\",\"@id\":\"https:\/\/turismobariloche.ar\/#website\",\"url\":\"https:\/\/turismobariloche.ar\/\",\"name\":\"Turismo Bariloche\",\"description\":\"Actividades recreativas en San Carlos de Bariloche\",\"publisher\":{\"@id\":\"https:\/\/turismobariloche.ar\/#organization\"},\"potentialAction\":[{\"@type\":\"SearchAction\",\"target\":{\"@type\":\"EntryPoint\",\"urlTemplate\":\"https:\/\/turismobariloche.ar\/?s={search_term_string}\"},\"query-input\":{\"@type\":\"PropertyValueSpecification\",\"valueRequired\":true,\"valueName\":\"search_term_string\"}}],\"inLanguage\":\"en-US\"},{\"@type\":\"Organization\",\"@id\":\"https:\/\/turismobariloche.ar\/#organization\",\"name\":\"Turismo Bariloche\",\"url\":\"https:\/\/turismobariloche.ar\/\",\"logo\":{\"@type\":\"ImageObject\",\"inLanguage\":\"en-US\",\"@id\":\"https:\/\/turismobariloche.ar\/#\/schema\/logo\/image\/\",\"url\":\"https:\/\/turismobariloche.ar\/wp-content\/uploads\/2025\/10\/LOGO-TURISMO-BARILOCHE-bco-SF-03-1-1.png\",\"contentUrl\":\"https:\/\/turismobariloche.ar\/wp-content\/uploads\/2025\/10\/LOGO-TURISMO-BARILOCHE-bco-SF-03-1-1.png\",\"width\":1735,\"height\":774,\"caption\":\"Turismo Bariloche\"},\"image\":{\"@id\":\"https:\/\/turismobariloche.ar\/#\/schema\/logo\/image\/\"}}]}<\/script>\n<!-- \/ Yoast SEO Premium plugin. -->","yoast_head_json":{"title":"Snow clothing rental: comfort and warmth for the whole family - Turismo Bariloche","description":"Snow clothing rental in Bariloche. Complete equipment for adults and children, ready to use. A practical and economical option for families and groups.","robots":{"index":"index","follow":"follow","max-snippet":"max-snippet:-1","max-image-preview":"max-image-preview:large","max-video-preview":"max-video-preview:-1"},"canonical":"https:\/\/turismobariloche.ar\/en\/product\/rental-of-complete-snow-clothing-and-equipment\/","og_locale":"en_US","og_type":"article","og_title":"Alquiler de ropa de nieve: comodidad y abrigo para toda la familia","og_description":"Alquiler de ropa de nieve en Bariloche. Equipos completos para grandes y chicos, listos para usar. Una opci\u00f3n pr\u00e1ctica y econ\u00f3mica para familias y grupos.","og_url":"https:\/\/turismobariloche.ar\/en\/product\/rental-of-complete-snow-clothing-and-equipment\/","og_site_name":"Turismo Bariloche","article_modified_time":"2026-04-10T14:09:44+00:00","og_image":[{"width":1920,"height":2560,"url":"https:\/\/turismobariloche.ar\/wp-content\/uploads\/2025\/04\/2-A-equipo-de-esqui-en-manos-de-chicas-colores-brillantes-en-la-ropa-de-esqui-las-chicas-se-divierten-juntas-scaled.jpg","type":"image\/jpeg"}],"twitter_card":"summary_large_image","twitter_misc":{"Est. reading time":"2 minutes"},"schema":{"@context":"https:\/\/schema.org","@graph":[{"@type":"WebPage","@id":"https:\/\/turismobariloche.ar\/product\/alquiler-ropa-nieve-equipo-completo\/","url":"https:\/\/turismobariloche.ar\/product\/alquiler-ropa-nieve-equipo-completo\/","name":"Snow clothing rental: comfort and warmth for the whole family - Turismo Bariloche","isPartOf":{"@id":"https:\/\/turismobariloche.ar\/#website"},"primaryImageOfPage":{"@id":"https:\/\/turismobariloche.ar\/product\/alquiler-ropa-nieve-equipo-completo\/#primaryimage"},"image":{"@id":"https:\/\/turismobariloche.ar\/product\/alquiler-ropa-nieve-equipo-completo\/#primaryimage"},"thumbnailUrl":"https:\/\/turismobariloche.ar\/wp-content\/uploads\/2025\/04\/2-A-equipo-de-esqui-en-manos-de-chicas-colores-brillantes-en-la-ropa-de-esqui-las-chicas-se-divierten-juntas-scaled.jpg","datePublished":"2025-04-17T20:13:28+00:00","dateModified":"2026-04-10T14:09:44+00:00","description":"Snow clothing rental in Bariloche. Complete equipment for adults and children, ready to use. A practical and economical option for families and groups.","breadcrumb":{"@id":"https:\/\/turismobariloche.ar\/product\/alquiler-ropa-nieve-equipo-completo\/#breadcrumb"},"inLanguage":"en-US","potentialAction":[{"@type":"ReadAction","target":["https:\/\/turismobariloche.ar\/product\/alquiler-ropa-nieve-equipo-completo\/"]}]},{"@type":"ImageObject","inLanguage":"en-US","@id":"https:\/\/turismobariloche.ar\/product\/alquiler-ropa-nieve-equipo-completo\/#primaryimage","url":"https:\/\/turismobariloche.ar\/wp-content\/uploads\/2025\/04\/2-A-equipo-de-esqui-en-manos-de-chicas-colores-brillantes-en-la-ropa-de-esqui-las-chicas-se-divierten-juntas-scaled.jpg","contentUrl":"https:\/\/turismobariloche.ar\/wp-content\/uploads\/2025\/04\/2-A-equipo-de-esqui-en-manos-de-chicas-colores-brillantes-en-la-ropa-de-esqui-las-chicas-se-divierten-juntas-scaled.jpg","width":1920,"height":2560,"caption":"Ski equipment in hands of girls. Bright colors on ski clothes. Girls have a good time together."},{"@type":"BreadcrumbList","@id":"https:\/\/turismobariloche.ar\/product\/alquiler-ropa-nieve-equipo-completo\/#breadcrumb","itemListElement":[{"@type":"ListItem","position":1,"name":"Home","item":"https:\/\/turismobariloche.ar\/"},{"@type":"ListItem","position":2,"name":"Lista de excursiones","item":"https:\/\/turismobariloche.ar\/shop\/"},{"@type":"ListItem","position":3,"name":"Alquiler de ropa de nieve: comodidad y abrigo para toda la familia"}]},{"@type":"WebSite","@id":"https:\/\/turismobariloche.ar\/#website","url":"https:\/\/turismobariloche.ar\/","name":"Bariloche Tourism","description":"Recreational activities in San Carlos de Bariloche","publisher":{"@id":"https:\/\/turismobariloche.ar\/#organization"},"potentialAction":[{"@type":"SearchAction","target":{"@type":"EntryPoint","urlTemplate":"https:\/\/turismobariloche.ar\/?s={search_term_string}"},"query-input":{"@type":"PropertyValueSpecification","valueRequired":true,"valueName":"search_term_string"}}],"inLanguage":"en-US"},{"@type":"Organization","@id":"https:\/\/turismobariloche.ar\/#organization","name":"Bariloche Tourism","url":"https:\/\/turismobariloche.ar\/","logo":{"@type":"ImageObject","inLanguage":"en-US","@id":"https:\/\/turismobariloche.ar\/#\/schema\/logo\/image\/","url":"https:\/\/turismobariloche.ar\/wp-content\/uploads\/2025\/10\/LOGO-TURISMO-BARILOCHE-bco-SF-03-1-1.png","contentUrl":"https:\/\/turismobariloche.ar\/wp-content\/uploads\/2025\/10\/LOGO-TURISMO-BARILOCHE-bco-SF-03-1-1.png","width":1735,"height":774,"caption":"Turismo Bariloche"},"image":{"@id":"https:\/\/turismobariloche.ar\/#\/schema\/logo\/image\/"}}]}},"_links":{"self":[{"href":"https:\/\/turismobariloche.ar\/en\/wp-json\/wp\/v2\/product\/108","targetHints":{"allow":["GET"]}}],"collection":[{"href":"https:\/\/turismobariloche.ar\/en\/wp-json\/wp\/v2\/product"}],"about":[{"href":"https:\/\/turismobariloche.ar\/en\/wp-json\/wp\/v2\/types\/product"}],"replies":[{"embeddable":true,"href":"https:\/\/turismobariloche.ar\/en\/wp-json\/wp\/v2\/comments?post=108"}],"wp:featuredmedia":[{"embeddable":true,"href":"https:\/\/turismobariloche.ar\/en\/wp-json\/wp\/v2\/media\/1178"}],"wp:attachment":[{"href":"https:\/\/turismobariloche.ar\/en\/wp-json\/wp\/v2\/media?parent=108"}],"wp:term":[{"taxonomy":"product_brand","embeddable":true,"href":"https:\/\/turismobariloche.ar\/en\/wp-json\/wp\/v2\/product_brand?post=108"},{"taxonomy":"product_cat","embeddable":true,"href":"https:\/\/turismobariloche.ar\/en\/wp-json\/wp\/v2\/product_cat?post=108"},{"taxonomy":"product_tag","embeddable":true,"href":"https:\/\/turismobariloche.ar\/en\/wp-json\/wp\/v2\/product_tag?post=108"}],"curies":[{"name":"wp","href":"https:\/\/api.w.org\/{rel}","templated":true}]}}