{"id":101,"date":"2025-04-17T17:11:48","date_gmt":"2025-04-17T20:11:48","guid":{"rendered":"https:\/\/turismobariloche.ar\/?post_type=product&#038;p=101"},"modified":"2026-04-09T09:20:21","modified_gmt":"2026-04-09T12:20:21","slug":"puerto-blest-cascada-los-cantaros-lago-frias-sin-traslado","status":"publish","type":"product","link":"https:\/\/turismobariloche.ar\/en\/product\/puerto-blest-waterfall-los-cantaros-lake-frias-without-transfer\/","title":{"rendered":"Puerto Blest and Lago Frias without transfer - Departure from Puerto Pa\u00f1uelo"},"content":{"rendered":"<h3 data-start=\"521\" data-end=\"574\">A complete excursion to do on your own<\/h3>\n<p data-start=\"575\" data-end=\"884\">This experience is designed for those who travel by car, travel in a group or stay close to <strong data-start=\"676\" data-end=\"694\">Puerto Pa\u00f1uelo<\/strong>, at km 25 of Bustillo Avenue. From there you embark on a modern catamaran to enjoy a navigation through the <strong data-start=\"810\" data-end=\"825\">Blest Arm<\/strong>, one of the most imposing sectors of Lake Nahuel Huapi.<\/p>\n<p data-start=\"886\" data-end=\"1189\">Arriving at <strong data-start=\"898\" data-end=\"914\">Puerto Blest<\/strong>, the adventure continues with a second voyage on the <strong data-start=\"971\" data-end=\"985\">Lake Frias<\/strong>, an emerald green mirror of water, fed by glaciers from the <strong data-start=\"1060\" data-end=\"1078\">Cerro Tronador<\/strong>. The environment is serene, natural and unfrequented, ideal to connect with Patagonia in its purest state.<\/p>\n<p data-start=\"1191\" data-end=\"1424\">In addition, you will be able to walk to the <strong data-start=\"1228\" data-end=\"1252\">Los C\u00e1ntaros Waterfall<\/strong> following marked trails in the middle of the Valdivian rainforest. The entire tour is guided in Spanish and is designed to be enjoyed without haste, with family or friends.<\/p>\n<p data-start=\"1426\" data-end=\"1629\">It does not include the transfer to the port, but it does include all the navigation and guide services at destination. An affordable and highly recommended option for those who want to make the most of their stay in Bariloche.<\/p>\n<h3 data-start=\"1636\" data-end=\"1662\">Frequently Asked Questions<\/h3>\n<p data-start=\"1663\" data-end=\"1789\"><strong data-start=\"1663\" data-end=\"1709\">Can I drive to Puerto Pa\u00f1uelo?<\/strong><br data-start=\"1709\" data-end=\"1712\" \/>Yes, there is parking in the area. You can also go by bus or taxi.<\/p>\n<p data-start=\"1791\" data-end=\"1919\"><strong data-start=\"1791\" data-end=\"1821\">What does this version include?<\/strong><br data-start=\"1821\" data-end=\"1824\" \/>Two navigations (Puerto Blest and Lago Frias), optional hike to the waterfall and guide in Spanish.<\/p>\n<p data-start=\"1921\" data-end=\"2046\"><strong data-start=\"1921\" data-end=\"1951\">Do I have to pay anything else?<\/strong><br data-start=\"1951\" data-end=\"1954\" \/>Yes, National Park and boarding fees are paid separately. Meals as well.<\/p>\n<p data-start=\"2048\" data-end=\"2167\"><strong data-start=\"2048\" data-end=\"2097\">Can it be done with children or older adults?<\/strong><br data-start=\"2097\" data-end=\"2100\" \/>Yes, the ride is safe, quiet and suitable for all audiences.<\/p>","protected":false},"excerpt":{"rendered":"<p data-start=\"2406\" data-end=\"2580\">Excursion without transfer from Puerto Pa\u00f1uelo. Navigation to Puerto Blest and Lago Frias with optional hike to the waterfall. Perfect for groups or families moving by car.<\/p>","protected":false},"featured_media":1203,"comment_status":"open","ping_status":"closed","template":"","meta":[],"product_brand":[],"product_cat":[72,73,120,75,76,121,51],"product_tag":[],"class_list":{"0":"post-101","1":"product","2":"type-product","3":"status-publish","4":"has-post-thumbnail","6":"product_cat-adultos","7":"product_cat-familia","8":"product_cat-lacustre","9":"product_cat-ninos","10":"product_cat-sin-comida","11":"product_cat-sin-traslado","12":"product_cat-todo-el-ano","14":"first","15":"instock","16":"virtual","17":"sold-individually","18":"purchasable","19":"product-type-booking"},"booking_location":"","booking_location_type":"","booking_duration":60,"booking_duration_unit":"minute","booking_buffer":0,"booking_cost":0,"booking_resources":[],"exclude_global_add_ons":false,"addons":[{"name":"ADU | Adult","type":"input_multiplier","position":0,"required":false,"title_format":"label","default":"","description_enable":false,"description":"","placeholder_enable":false,"placeholder":"","display":"select","restrictions_type":"any_text","adjust_price":true,"price":"190000","price_type":"quantity_based","restrictions":false,"min":"0","max":"0","options":[],"id":1773233364},{"name":"MEN512 | from 5 to 12","type":"input_multiplier","position":1,"required":false,"title_format":"label","default":"","description_enable":false,"description":"","placeholder_enable":false,"placeholder":"","display":"select","restrictions_type":"any_text","adjust_price":true,"price":"97000","price_type":"quantity_based","restrictions":false,"min":"0","max":"0","options":[],"id":1773233365},{"name":"ADUJ : Retired","type":"input_multiplier","position":2,"required":false,"title_format":"label","default":"","description_enable":false,"description":"","placeholder_enable":false,"placeholder":"","display":"select","restrictions_type":"any_text","adjust_price":true,"price":"97000","price_type":"quantity_based","restrictions":false,"min":"0","max":"0","options":[],"id":1773233366}],"yoast_head":"<!-- This site is optimized with the Yoast SEO Premium plugin v26.4 (Yoast SEO v26.4) - https:\/\/yoast.com\/wordpress\/plugins\/seo\/ -->\n<title>Puerto Blest y Lago Fr\u00edas | Excursi\u00f3n sin traslado Bariloche - Turismo Bariloche<\/title>\n<meta name=\"description\" content=\"Excursi\u00f3n a Puerto Blest y Lago Fr\u00edas en Bariloche sin traslado. Paseo ideal para familias y viajeros en auto. Navegaci\u00f3n, paisajes patag\u00f3nicos y aire puro.\" \/>\n<meta name=\"robots\" content=\"index, follow, max-snippet:-1, max-image-preview:large, max-video-preview:-1\" \/>\n<link rel=\"canonical\" href=\"https:\/\/turismobariloche.ar\/en\/product\/puerto-blest-waterfall-los-cantaros-lake-frias-without-transfer\/\" \/>\n<meta property=\"og:locale\" content=\"en_US\" \/>\n<meta property=\"og:type\" content=\"article\" \/>\n<meta property=\"og:title\" content=\"Puerto Blest y Lago Fr\u00edas sin traslado \u2013 Salida desde Puerto Pa\u00f1uelo\" \/>\n<meta property=\"og:description\" content=\"Excursi\u00f3n a Puerto Blest y Lago Fr\u00edas en Bariloche sin traslado. Paseo ideal para familias y viajeros en auto. Navegaci\u00f3n, paisajes patag\u00f3nicos y aire puro.\" \/>\n<meta property=\"og:url\" content=\"https:\/\/turismobariloche.ar\/en\/product\/puerto-blest-waterfall-los-cantaros-lake-frias-without-transfer\/\" \/>\n<meta property=\"og:site_name\" content=\"Turismo Bariloche\" \/>\n<meta property=\"article:modified_time\" content=\"2026-04-09T12:20:21+00:00\" \/>\n<meta property=\"og:image\" content=\"https:\/\/turismobariloche.ar\/wp-content\/uploads\/2025\/04\/2-B-IMG_3247-scaled.jpg\" \/>\n\t<meta property=\"og:image:width\" content=\"1920\" \/>\n\t<meta property=\"og:image:height\" content=\"2560\" \/>\n\t<meta property=\"og:image:type\" content=\"image\/jpeg\" \/>\n<meta name=\"twitter:card\" content=\"summary_large_image\" \/>\n<meta name=\"twitter:label1\" content=\"Est. reading time\" \/>\n\t<meta name=\"twitter:data1\" content=\"2 minutes\" \/>\n<script type=\"application\/ld+json\" class=\"yoast-schema-graph\">{\"@context\":\"https:\/\/schema.org\",\"@graph\":[{\"@type\":\"WebPage\",\"@id\":\"https:\/\/turismobariloche.ar\/product\/puerto-blest-cascada-los-cantaros-lago-frias-sin-traslado\/\",\"url\":\"https:\/\/turismobariloche.ar\/product\/puerto-blest-cascada-los-cantaros-lago-frias-sin-traslado\/\",\"name\":\"Puerto Blest y Lago Fr\u00edas | Excursi\u00f3n sin traslado Bariloche - Turismo Bariloche\",\"isPartOf\":{\"@id\":\"https:\/\/turismobariloche.ar\/#website\"},\"primaryImageOfPage\":{\"@id\":\"https:\/\/turismobariloche.ar\/product\/puerto-blest-cascada-los-cantaros-lago-frias-sin-traslado\/#primaryimage\"},\"image\":{\"@id\":\"https:\/\/turismobariloche.ar\/product\/puerto-blest-cascada-los-cantaros-lago-frias-sin-traslado\/#primaryimage\"},\"thumbnailUrl\":\"https:\/\/turismobariloche.ar\/wp-content\/uploads\/2025\/04\/2-B-IMG_3247-scaled.jpg\",\"datePublished\":\"2025-04-17T20:11:48+00:00\",\"dateModified\":\"2026-04-09T12:20:21+00:00\",\"description\":\"Excursi\u00f3n a Puerto Blest y Lago Fr\u00edas en Bariloche sin traslado. Paseo ideal para familias y viajeros en auto. Navegaci\u00f3n, paisajes patag\u00f3nicos y aire puro.\",\"breadcrumb\":{\"@id\":\"https:\/\/turismobariloche.ar\/product\/puerto-blest-cascada-los-cantaros-lago-frias-sin-traslado\/#breadcrumb\"},\"inLanguage\":\"en-US\",\"potentialAction\":[{\"@type\":\"ReadAction\",\"target\":[\"https:\/\/turismobariloche.ar\/product\/puerto-blest-cascada-los-cantaros-lago-frias-sin-traslado\/\"]}]},{\"@type\":\"ImageObject\",\"inLanguage\":\"en-US\",\"@id\":\"https:\/\/turismobariloche.ar\/product\/puerto-blest-cascada-los-cantaros-lago-frias-sin-traslado\/#primaryimage\",\"url\":\"https:\/\/turismobariloche.ar\/wp-content\/uploads\/2025\/04\/2-B-IMG_3247-scaled.jpg\",\"contentUrl\":\"https:\/\/turismobariloche.ar\/wp-content\/uploads\/2025\/04\/2-B-IMG_3247-scaled.jpg\",\"width\":1920,\"height\":2560},{\"@type\":\"BreadcrumbList\",\"@id\":\"https:\/\/turismobariloche.ar\/product\/puerto-blest-cascada-los-cantaros-lago-frias-sin-traslado\/#breadcrumb\",\"itemListElement\":[{\"@type\":\"ListItem\",\"position\":1,\"name\":\"Home\",\"item\":\"https:\/\/turismobariloche.ar\/\"},{\"@type\":\"ListItem\",\"position\":2,\"name\":\"Lista de excursiones\",\"item\":\"https:\/\/turismobariloche.ar\/shop\/\"},{\"@type\":\"ListItem\",\"position\":3,\"name\":\"Puerto Blest y Lago Fr\u00edas sin traslado \u2013 Salida desde Puerto Pa\u00f1uelo\"}]},{\"@type\":\"WebSite\",\"@id\":\"https:\/\/turismobariloche.ar\/#website\",\"url\":\"https:\/\/turismobariloche.ar\/\",\"name\":\"Turismo Bariloche\",\"description\":\"Actividades recreativas en San Carlos de Bariloche\",\"publisher\":{\"@id\":\"https:\/\/turismobariloche.ar\/#organization\"},\"potentialAction\":[{\"@type\":\"SearchAction\",\"target\":{\"@type\":\"EntryPoint\",\"urlTemplate\":\"https:\/\/turismobariloche.ar\/?s={search_term_string}\"},\"query-input\":{\"@type\":\"PropertyValueSpecification\",\"valueRequired\":true,\"valueName\":\"search_term_string\"}}],\"inLanguage\":\"en-US\"},{\"@type\":\"Organization\",\"@id\":\"https:\/\/turismobariloche.ar\/#organization\",\"name\":\"Turismo Bariloche\",\"url\":\"https:\/\/turismobariloche.ar\/\",\"logo\":{\"@type\":\"ImageObject\",\"inLanguage\":\"en-US\",\"@id\":\"https:\/\/turismobariloche.ar\/#\/schema\/logo\/image\/\",\"url\":\"https:\/\/turismobariloche.ar\/wp-content\/uploads\/2025\/10\/LOGO-TURISMO-BARILOCHE-bco-SF-03-1-1.png\",\"contentUrl\":\"https:\/\/turismobariloche.ar\/wp-content\/uploads\/2025\/10\/LOGO-TURISMO-BARILOCHE-bco-SF-03-1-1.png\",\"width\":1735,\"height\":774,\"caption\":\"Turismo Bariloche\"},\"image\":{\"@id\":\"https:\/\/turismobariloche.ar\/#\/schema\/logo\/image\/\"}}]}<\/script>\n<!-- \/ Yoast SEO Premium plugin. -->","yoast_head_json":{"title":"Puerto Blest and Lake Frias | Excursion without transfer Bariloche - Turismo Bariloche","description":"Excursion to Puerto Blest and Lago Frias in Bariloche without transfer. Ideal trip for families and car travelers. Navigation, Patagonian landscapes and fresh air.","robots":{"index":"index","follow":"follow","max-snippet":"max-snippet:-1","max-image-preview":"max-image-preview:large","max-video-preview":"max-video-preview:-1"},"canonical":"https:\/\/turismobariloche.ar\/en\/product\/puerto-blest-waterfall-los-cantaros-lake-frias-without-transfer\/","og_locale":"en_US","og_type":"article","og_title":"Puerto Blest y Lago Fr\u00edas sin traslado \u2013 Salida desde Puerto Pa\u00f1uelo","og_description":"Excursi\u00f3n a Puerto Blest y Lago Fr\u00edas en Bariloche sin traslado. Paseo ideal para familias y viajeros en auto. Navegaci\u00f3n, paisajes patag\u00f3nicos y aire puro.","og_url":"https:\/\/turismobariloche.ar\/en\/product\/puerto-blest-waterfall-los-cantaros-lake-frias-without-transfer\/","og_site_name":"Turismo Bariloche","article_modified_time":"2026-04-09T12:20:21+00:00","og_image":[{"width":1920,"height":2560,"url":"https:\/\/turismobariloche.ar\/wp-content\/uploads\/2025\/04\/2-B-IMG_3247-scaled.jpg","type":"image\/jpeg"}],"twitter_card":"summary_large_image","twitter_misc":{"Est. reading time":"2 minutes"},"schema":{"@context":"https:\/\/schema.org","@graph":[{"@type":"WebPage","@id":"https:\/\/turismobariloche.ar\/product\/puerto-blest-cascada-los-cantaros-lago-frias-sin-traslado\/","url":"https:\/\/turismobariloche.ar\/product\/puerto-blest-cascada-los-cantaros-lago-frias-sin-traslado\/","name":"Puerto Blest and Lake Frias | Excursion without transfer Bariloche - Turismo Bariloche","isPartOf":{"@id":"https:\/\/turismobariloche.ar\/#website"},"primaryImageOfPage":{"@id":"https:\/\/turismobariloche.ar\/product\/puerto-blest-cascada-los-cantaros-lago-frias-sin-traslado\/#primaryimage"},"image":{"@id":"https:\/\/turismobariloche.ar\/product\/puerto-blest-cascada-los-cantaros-lago-frias-sin-traslado\/#primaryimage"},"thumbnailUrl":"https:\/\/turismobariloche.ar\/wp-content\/uploads\/2025\/04\/2-B-IMG_3247-scaled.jpg","datePublished":"2025-04-17T20:11:48+00:00","dateModified":"2026-04-09T12:20:21+00:00","description":"Excursion to Puerto Blest and Lago Frias in Bariloche without transfer. Ideal trip for families and car travelers. Navigation, Patagonian landscapes and fresh air.","breadcrumb":{"@id":"https:\/\/turismobariloche.ar\/product\/puerto-blest-cascada-los-cantaros-lago-frias-sin-traslado\/#breadcrumb"},"inLanguage":"en-US","potentialAction":[{"@type":"ReadAction","target":["https:\/\/turismobariloche.ar\/product\/puerto-blest-cascada-los-cantaros-lago-frias-sin-traslado\/"]}]},{"@type":"ImageObject","inLanguage":"en-US","@id":"https:\/\/turismobariloche.ar\/product\/puerto-blest-cascada-los-cantaros-lago-frias-sin-traslado\/#primaryimage","url":"https:\/\/turismobariloche.ar\/wp-content\/uploads\/2025\/04\/2-B-IMG_3247-scaled.jpg","contentUrl":"https:\/\/turismobariloche.ar\/wp-content\/uploads\/2025\/04\/2-B-IMG_3247-scaled.jpg","width":1920,"height":2560},{"@type":"BreadcrumbList","@id":"https:\/\/turismobariloche.ar\/product\/puerto-blest-cascada-los-cantaros-lago-frias-sin-traslado\/#breadcrumb","itemListElement":[{"@type":"ListItem","position":1,"name":"Home","item":"https:\/\/turismobariloche.ar\/"},{"@type":"ListItem","position":2,"name":"Lista de excursiones","item":"https:\/\/turismobariloche.ar\/shop\/"},{"@type":"ListItem","position":3,"name":"Puerto Blest y Lago Fr\u00edas sin traslado \u2013 Salida desde Puerto Pa\u00f1uelo"}]},{"@type":"WebSite","@id":"https:\/\/turismobariloche.ar\/#website","url":"https:\/\/turismobariloche.ar\/","name":"Bariloche Tourism","description":"Recreational activities in San Carlos de Bariloche","publisher":{"@id":"https:\/\/turismobariloche.ar\/#organization"},"potentialAction":[{"@type":"SearchAction","target":{"@type":"EntryPoint","urlTemplate":"https:\/\/turismobariloche.ar\/?s={search_term_string}"},"query-input":{"@type":"PropertyValueSpecification","valueRequired":true,"valueName":"search_term_string"}}],"inLanguage":"en-US"},{"@type":"Organization","@id":"https:\/\/turismobariloche.ar\/#organization","name":"Bariloche Tourism","url":"https:\/\/turismobariloche.ar\/","logo":{"@type":"ImageObject","inLanguage":"en-US","@id":"https:\/\/turismobariloche.ar\/#\/schema\/logo\/image\/","url":"https:\/\/turismobariloche.ar\/wp-content\/uploads\/2025\/10\/LOGO-TURISMO-BARILOCHE-bco-SF-03-1-1.png","contentUrl":"https:\/\/turismobariloche.ar\/wp-content\/uploads\/2025\/10\/LOGO-TURISMO-BARILOCHE-bco-SF-03-1-1.png","width":1735,"height":774,"caption":"Turismo Bariloche"},"image":{"@id":"https:\/\/turismobariloche.ar\/#\/schema\/logo\/image\/"}}]}},"_links":{"self":[{"href":"https:\/\/turismobariloche.ar\/en\/wp-json\/wp\/v2\/product\/101","targetHints":{"allow":["GET"]}}],"collection":[{"href":"https:\/\/turismobariloche.ar\/en\/wp-json\/wp\/v2\/product"}],"about":[{"href":"https:\/\/turismobariloche.ar\/en\/wp-json\/wp\/v2\/types\/product"}],"replies":[{"embeddable":true,"href":"https:\/\/turismobariloche.ar\/en\/wp-json\/wp\/v2\/comments?post=101"}],"wp:featuredmedia":[{"embeddable":true,"href":"https:\/\/turismobariloche.ar\/en\/wp-json\/wp\/v2\/media\/1203"}],"wp:attachment":[{"href":"https:\/\/turismobariloche.ar\/en\/wp-json\/wp\/v2\/media?parent=101"}],"wp:term":[{"taxonomy":"product_brand","embeddable":true,"href":"https:\/\/turismobariloche.ar\/en\/wp-json\/wp\/v2\/product_brand?post=101"},{"taxonomy":"product_cat","embeddable":true,"href":"https:\/\/turismobariloche.ar\/en\/wp-json\/wp\/v2\/product_cat?post=101"},{"taxonomy":"product_tag","embeddable":true,"href":"https:\/\/turismobariloche.ar\/en\/wp-json\/wp\/v2\/product_tag?post=101"}],"curies":[{"name":"wp","href":"https:\/\/api.w.org\/{rel}","templated":true}]}}